{"id":9117,"date":"2025-04-01T11:26:47","date_gmt":"2025-04-01T03:26:47","guid":{"rendered":"https:\/\/zojopackaging.com\/?post_type=product&#038;p=9117"},"modified":"2025-04-01T11:51:50","modified_gmt":"2025-04-01T03:51:50","slug":"custom-made-business-playing-cards-games-boxes-wholesale","status":"publish","type":"product","link":"https:\/\/zojopackaging.com\/de\/product\/custom-made-business-playing-cards-games-boxes-wholesale\/","title":{"rendered":"Custom Made Business Spielkarten Spiele Boxen Gro\u00dfhandel"},"content":{"rendered":"<h2 id=\"-high-end-customized-business-poker-game-box-product-description-\"><strong>Hochwertige ma\u00dfgeschneiderte Business-Poker-Spiel-Box Produktbeschreibung<\/strong><\/h2>\n<h2 id=\"-i-core-product-features-\"><strong>1. Wesentliche Produktmerkmale<\/strong><\/h2>\n<ol>\n<li><strong>Professionelles Schutzdesign<\/strong><\/li>\n<li>Basis aus Verbundmaterial in Milit\u00e4rqualit\u00e4t, kratzfeste mattschwarze Beschichtung auf der Oberfl\u00e4che, keine Kratzer nach 5.000 Reibungstests. Das Geh\u00e4use ist mit einer pr\u00e4zisen Kartenschlitzstruktur ausgestattet, und die Toleranzkontrolle von \u00b10,1 mm wird durch 3D-Lasermapping-Technologie erreicht, die perfekt f\u00fcr 52 Standardkarten (kompatibel mit 63<em>88 mm internationale Gr\u00f6\u00dfe und 57<\/em>87 mm chinesische Gr\u00f6\u00dfe).<\/li>\n<li>Die an vier Ecken verst\u00e4rkte Kante und das magnetische Schnappverschlusssystem bieten Schutz vor Staub und Wasser nach IP54, und der Falltest f\u00fcr den Transport \u00fcbertrifft die Norm f\u00fcr 1,5 Meter H\u00f6he.<\/li>\n<li><strong>Service zur Markenanpassung<\/strong><\/li>\n<li>Unterst\u00fctzt drei Verfahrenskombinationen von Lasergravur, UV-Pr\u00e4gung und Hei\u00dfpr\u00e4gung (optional 18K\/24K Goldfolie) und kann das LOGO des Unternehmens mit einer Mindestgenauigkeit von 0,3 mm darstellen. Die Seitenwand unterst\u00fctzt das hohle perspektivische Design und kann mit der VI-Farbkarte des Unternehmens eingebettet werden (die Pantone-Farbnummer wird genau wiederhergestellt).<\/li>\n<li>12 Grundtypen von Schachteln (Klapp-\/Schubladen-\/Buchseitenschachteln usw.) und spezielle Materialien zur Unterst\u00fctzung gemischter Splei\u00dfungen.<\/li>\n<\/ol>\n<h2 id=\"-second-value-added-customized-module-\"><strong>2. Individuelles Mehrwertmodul<\/strong><\/h2>\n<ol>\n<li><strong>System zur Raumoptimierung<\/strong><\/li>\n<li>Entwickeln Sie eine variable Liner-Struktur und verwenden Sie modulare F\u00e4cher, um eine flexible Umwandlung einer einzigen Schachtel zu erreichen, die 1-4 Spielkartendecks aufnehmen kann (Dickenanpassungsbereich 3-12 cm). Unterst\u00fctzen Sie die Entwicklung von faltbaren Au\u00dfenboxen und erh\u00f6hen Sie die Raumnutzung durch 40%.<\/li>\n<li><strong>Emotionale Marketingkomponenten<\/strong><\/li>\n<li>Eingebauter abnehmbarer Gru\u00dfkartenschlitz, Unterst\u00fctzung von Hei\u00dfpr\u00e4gesegen, QR-Code f\u00fcr Unternehmensgeschichte (scannen Sie den Code, um zur H5-Seite der Marke zu springen). Original-Duft-Chip-Implantationstechnologie, die 6 kundenspezifische D\u00fcfte wie Sandelholz \/ Zeder bietet.<\/li>\n<li>Entwicklung von Verpackungen in limitierter Auflage f\u00fcr den Urlaub, wie z. B. die Hei\u00dfpr\u00e4ge-Schachtel f\u00fcr das Fr\u00fchlingsfest, die filigrane Emaille-Schachtel f\u00fcr die Herbstmitte und andere Serien mit 8 Themen.<\/li>\n<\/ol>\n<h2 id=\"-iii-production-guarantee-system-\"><strong>3. System der Produktionsgarantie<\/strong><\/h2>\n<ol>\n<li><strong>Vorteile der Quellenfabrik<\/strong><\/li>\n<li>Die drei gro\u00dfen Produktionsstandorte in Shenzhen\/Ningbo\/Yangzhou sind ISO9001- und FSC-zertifiziert und mit deutschen Heidelberger Druckmaschinen und vollautomatischen Stanzlinien ausgestattet, die eine t\u00e4gliche Produktionskapazit\u00e4t von 100.000 St\u00fcck haben.<\/li>\n<li>Kostenlose Entwurfskorrektur (Lieferung innerhalb von 3 Werktagen), Unterst\u00fctzung der ersten Bestellung von 500 St\u00fcck und Verk\u00fcrzung der Lieferzeit f\u00fcr gro\u00dfe Waren auf 15 Tage. Bei Gro\u00dfbestellungen gelten gestaffelte Preise (der St\u00fcckpreis von mehr als 5.000 St\u00fcck ist um 22% reduziert).<\/li>\n<\/ol>","protected":false},"excerpt":{"rendered":"<p>\u2705 Verst\u00e4rkung der Marke - Verwandeln Sie Decks mit vollfl\u00e4chigem Druck in Marketingmittel.<br \/>\n\u2705 Pro Durability - \u00dcbersteht den Einsatz auf Casinoniveau mit verst\u00e4rkten Ecken.<br \/>\n\u2705 Instant Elegance - das Branding vermittelt ein erstklassiges Spielerlebnis.<br \/>\n\u2705 Vielseitig einsetzbar - Ideal f\u00fcr Turniere, Geschenke oder Auslagen im Einzelhandel.<\/p>","protected":false},"featured_media":9121,"template":"","meta":[],"product_brand":[],"product_cat":[30,413,424,31],"product_tag":[1076,1074,1075],"class_list":{"0":"post-9117","1":"product","2":"type-product","3":"status-publish","4":"has-post-thumbnail","6":"product_cat-by-industry","7":"product_cat-consumer-electronics-boxes","8":"product_cat-magnetic-closure-boxes","9":"product_cat-paper-box-style","10":"product_tag-cards-games-boxes-wholesale","11":"product_tag-custom-made-business-boxes","12":"product_tag-playing-cards-boxes","14":"first","15":"instock","16":"shipping-taxable","17":"product-type-simple"},"_links":{"self":[{"href":"https:\/\/zojopackaging.com\/de\/wp-json\/wp\/v2\/product\/9117","targetHints":{"allow":["GET"]}}],"collection":[{"href":"https:\/\/zojopackaging.com\/de\/wp-json\/wp\/v2\/product"}],"about":[{"href":"https:\/\/zojopackaging.com\/de\/wp-json\/wp\/v2\/types\/product"}],"version-history":[{"count":1,"href":"https:\/\/zojopackaging.com\/de\/wp-json\/wp\/v2\/product\/9117\/revisions"}],"predecessor-version":[{"id":9125,"href":"https:\/\/zojopackaging.com\/de\/wp-json\/wp\/v2\/product\/9117\/revisions\/9125"}],"wp:featuredmedia":[{"embeddable":true,"href":"https:\/\/zojopackaging.com\/de\/wp-json\/wp\/v2\/media\/9121"}],"wp:attachment":[{"href":"https:\/\/zojopackaging.com\/de\/wp-json\/wp\/v2\/media?parent=9117"}],"wp:term":[{"taxonomy":"product_brand","embeddable":true,"href":"https:\/\/zojopackaging.com\/de\/wp-json\/wp\/v2\/product_brand?post=9117"},{"taxonomy":"product_cat","embeddable":true,"href":"https:\/\/zojopackaging.com\/de\/wp-json\/wp\/v2\/product_cat?post=9117"},{"taxonomy":"product_tag","embeddable":true,"href":"https:\/\/zojopackaging.com\/de\/wp-json\/wp\/v2\/product_tag?post=9117"}],"curies":[{"name":"wp","href":"https:\/\/api.w.org\/{rel}","templated":true}]}}