{"id":9124,"date":"2025-04-01T11:50:04","date_gmt":"2025-04-01T03:50:04","guid":{"rendered":"https:\/\/zojopackaging.com\/?post_type=product&#038;p=9124"},"modified":"2025-04-01T15:05:13","modified_gmt":"2025-04-01T07:05:13","slug":"wholesale-cardboard-paper-packaging-boxes-for-perfume-box-maker","status":"publish","type":"product","link":"https:\/\/zojopackaging.com\/de\/product\/wholesale-cardboard-paper-packaging-boxes-for-perfume-box-maker\/","title":{"rendered":"Gro\u00dfhandel Karton Papier Verpackung Boxen f\u00fcr Parf\u00fcm Box Maker"},"content":{"rendered":"<h3 id=\"1-environmentally-friendly-material-selection-the-perfect-combination-of-single-powder-card-and-special-paper-\">1.\u00a0<strong>Umweltfreundliche Materialauswahl: die perfekte Kombination aus Single Powder Card und Spezialpapier<\/strong><\/h3>\n<p>Hersteller von Parf\u00fcmschachteln bieten einfaches Pulverkartonmaterial (\u00fcber 250 g\/m\u00b2) als Basismaterial an. Seine dicken und knackigen Eigenschaften k\u00f6nnen die Verpackungstextur verbessern und gleichzeitig die Umweltstandards erf\u00fcllen. Dar\u00fcber hinaus kann Spezialpapier je nach Bedarf angepasst werden.<\/p>\n<h3 id=\"2-warm-color-design-the-first-choice-for-gentle-ladies-\">2.\u00a0<strong>Warmes Farbdesign: die erste Wahl f\u00fcr zarte Damen<\/strong><\/h3>\n<p>Die Verpackungen sind haupts\u00e4chlich in warmen Farben gehalten (z. B. Pfirsichrosa, Ros\u00e9gold), mit einfachen Linien oder floralen Mustern, was den \u00e4sthetischen Vorlieben der Verbraucherinnen entspricht. Die Cherish-Parf\u00fcmverpackung von Lancome beispielsweise verwendet warmes Rosa als Hauptfarbe, um ein sanftes Temperament zu vermitteln; die Green Perfume Box von Chanel kombiniert helles Gr\u00fcn mit Champagnergold, um eine frische Waldatmosph\u00e4re zu schaffen. Warme Farben wirken im Licht weicher und verst\u00e4rken die Affinit\u00e4t des Produkts.<\/p>\n<h3 id=\"3-hot-silver-technology-metallic-texture-and-visual-focus-\">3.\u00a0<strong>Hot-Silver-Technologie: metallische Textur und visueller Fokus<\/strong><\/h3>\n<p>Durch das Hinzuf\u00fcgen von Markenlogos, Mustern und anderen Elementen auf dem Schachtelk\u00f6rper oder der Auskleidung durch die Hei\u00dfsilbertechnologie kann der Effekt der Reflexion und des Glanzes in der Sonne erzielt werden. Bei der Lianxiang-Parf\u00fcmschachtel beispielsweise werden der Verschluss und der Schachteldeckel mit der Hei\u00dfsilbertechnologie versehen und mit einem modernen und einfachen Hohlk\u00f6rperdesign kombiniert. Die Kosten f\u00fcr diese Technologie sind kontrollierbar und k\u00f6nnen die Qualit\u00e4t des Produkts erheblich verbessern.<\/p>\n<h3 id=\"4-full-page-uv-superposition-design-level-and-three-dimensional-sense-\">4.\u00a0<strong>Ganzseitige UV-\u00dcberlagerung: Gestaltungsebene und dreidimensionaler Sinn<\/strong><\/h3>\n<p>Die ganzseitige UV-Technologie kann das dreidimensionale Gef\u00fchl und den Glanz des Musters verst\u00e4rken, was f\u00fcr komplexe Illustrationen oder Markenlogos geeignet ist. Die Gucci-Parf\u00fcmschachtel beispielsweise hebt die florale Textur durch UV-Lackierung hervor und vermittelt mit der Hei\u00dfpr\u00e4getechnik ein Gef\u00fchl von Luxus. Diese Technologie kann auch die Verschlei\u00dffestigkeit und Wasserdichtigkeit der Verpackung verbessern.<\/p>\n<h3 id=\"5-card-box-type-economical-and-functional-balance-\">5.\u00a0<strong>Kartontyp: wirtschaftliches und funktionelles Gleichgewicht<\/strong><\/h3>\n<p>F\u00fcr die Pappschachtel wird 350 g einfaches Kupferpapier verwendet, das sowohl die Festigkeit als auch die Kosten ber\u00fccksichtigt. Im Vergleich zu Holzkisten oder Metallkisten sind Pappkartons leicht und recycelbar und eignen sich f\u00fcr den Online-Verkauf und die grenz\u00fcberschreitende Logistik.<\/p>\n<h3 id=\"6-zojo-print-quality-assurance-of-leading-manufacturers-\">6.\u00a0<strong>ZOJO Druck: Qualit\u00e4tssicherung der f\u00fchrenden Hersteller<\/strong><\/h3>\n<p>Als f\u00fchrendes Unternehmen der chinesischen Verpackungsindustrie verf\u00fcgt ZOJO Print \u00fcber eine 6.000 Quadratmeter gro\u00dfe Fabrik und ein ERP-Managementsystem mit einem t\u00e4glichen Aussto\u00df von 60.000 Kartons und unterst\u00fctzt die Produktion nach Ma\u00df. Der strenge Qualit\u00e4tskontrollprozess umfasst Rohstoffe, Druck, Stanzung und andere Verbindungen, um sicherzustellen, dass jede Produktcharge internationalen Standards (wie ISO 9001) entspricht, und bietet nach dem Verkauf einen sorgenfreien R\u00fcckgabe- und Umtauschservice.<\/p>\n<h3 id=\"7-high-production-capacity-matches-brand-needs-\">7.\u00a0<strong>Hohe Produktionskapazit\u00e4t entspricht den Anforderungen der Marke<\/strong><\/h3>\n<p>Bei mittleren und gro\u00dfen Auftr\u00e4gen erreicht ZOJO Print eine flexible Produktionsplanung durch automatisierte Produktionslinien und liefert in nur 7 Tagen. Ein Beispiel: Eine Kosmetikmarke hat 50.000 Sets von Parf\u00fcm-Geschenkboxen im chinesischen Stil mit Hilfe der Hot-Silver-Technologie und ganzseitigem UV-Design durch die Fabrik individualisieren lassen, und der Umsatz stieg nach der Listung um 40%. Die Produktionskapazit\u00e4t des Unternehmens kann den gesamten Lebenszyklus von neu gegr\u00fcndeten Marken bis hin zu internationalen Marken abdecken.<\/p>","protected":false},"excerpt":{"rendered":"<p>Kartonverpackungen sind aufgrund ihres Umweltschutzes, ihrer Kostenvorteile und ihrer Designvielfalt zur ersten Wahl f\u00fcr Parf\u00fcmmarken geworden. Durch die Verbesserung von Hei\u00dfpr\u00e4ge-, UV- und anderen Verfahren und die Unterst\u00fctzung der Produktionskapazit\u00e4ten f\u00fchrender Hersteller k\u00f6nnen Parf\u00fcmverpackungen nicht nur den Markenton vermitteln, sondern auch eine differenzierte Wettbewerbsf\u00e4higkeit auf dem Endverbrauchermarkt bilden.<\/p>","protected":false},"featured_media":9150,"template":"","meta":[],"product_brand":[],"product_cat":[30,417,430,31],"product_tag":[1088,1089,1087],"class_list":{"0":"post-9124","1":"product","2":"type-product","3":"status-publish","4":"has-post-thumbnail","6":"product_cat-by-industry","7":"product_cat-custom-perfume-boxes-by-industry","8":"product_cat-folding-cartons","9":"product_cat-paper-box-style","10":"product_tag-paper-packaging-boxes-for-perfume","11":"product_tag-perfume-box-maker","12":"product_tag-wholesale-cardboard-paper-boxes","14":"first","15":"instock","16":"shipping-taxable","17":"product-type-grouped"},"_links":{"self":[{"href":"https:\/\/zojopackaging.com\/de\/wp-json\/wp\/v2\/product\/9124","targetHints":{"allow":["GET"]}}],"collection":[{"href":"https:\/\/zojopackaging.com\/de\/wp-json\/wp\/v2\/product"}],"about":[{"href":"https:\/\/zojopackaging.com\/de\/wp-json\/wp\/v2\/types\/product"}],"version-history":[{"count":1,"href":"https:\/\/zojopackaging.com\/de\/wp-json\/wp\/v2\/product\/9124\/revisions"}],"predecessor-version":[{"id":9172,"href":"https:\/\/zojopackaging.com\/de\/wp-json\/wp\/v2\/product\/9124\/revisions\/9172"}],"wp:featuredmedia":[{"embeddable":true,"href":"https:\/\/zojopackaging.com\/de\/wp-json\/wp\/v2\/media\/9150"}],"wp:attachment":[{"href":"https:\/\/zojopackaging.com\/de\/wp-json\/wp\/v2\/media?parent=9124"}],"wp:term":[{"taxonomy":"product_brand","embeddable":true,"href":"https:\/\/zojopackaging.com\/de\/wp-json\/wp\/v2\/product_brand?post=9124"},{"taxonomy":"product_cat","embeddable":true,"href":"https:\/\/zojopackaging.com\/de\/wp-json\/wp\/v2\/product_cat?post=9124"},{"taxonomy":"product_tag","embeddable":true,"href":"https:\/\/zojopackaging.com\/de\/wp-json\/wp\/v2\/product_tag?post=9124"}],"curies":[{"name":"wp","href":"https:\/\/api.w.org\/{rel}","templated":true}]}}