{"id":9134,"date":"2025-04-01T12:11:38","date_gmt":"2025-04-01T04:11:38","guid":{"rendered":"https:\/\/zojopackaging.com\/?post_type=product&#038;p=9134"},"modified":"2025-04-01T14:04:39","modified_gmt":"2025-04-01T06:04:39","slug":"custom-exquisite-sculpture-figure-statue-ceramic-gift-box","status":"publish","type":"product","link":"https:\/\/zojopackaging.com\/de\/product\/custom-exquisite-sculpture-figure-statue-ceramic-gift-box\/","title":{"rendered":"Custom Exquisite Skulptur Figur Statue Keramik Geschenkbox"},"content":{"rendered":"<h2 id=\"-core-advantages-\"><strong>Wesentliche Vorteile<\/strong><\/h2>\n<h2 id=\"1-magnetic-closure-design-no-damage-to-surface-aesthetics-\">1.\u00a0<strong>Magnetischer Verschluss, keine Beeintr\u00e4chtigung der Oberfl\u00e4chen\u00e4sthetik<\/strong><\/h2>\n<ul>\n<li>Die patentierte magnetische Struktur (Magnetblock + versteckte magnetische Teile) kommt zum Einsatz. Es ist kein herk\u00f6mmliches Kleben oder Knicken erforderlich, das \u00d6ffnen und Schlie\u00dfen erfolgt reibungslos und der Verschluss ist fest, ohne die Oberfl\u00e4che der Box zu zerkratzen. Der eingebaute Anti-R\u00fcckprall-D\u00e4mpfungsprozess passt sich an die Zerbrechlichkeit von Keramikskulpturen an, um sicherzustellen, dass sie sich w\u00e4hrend des Transports nicht lockern.<\/li>\n<li>Der magnetische Bereich ist pr\u00e4zise in den Schachtelk\u00f6rper eingebettet, und es gibt keinen Vorsprung an der Au\u00dfenseite, wodurch die einfache und glatte visuelle Sch\u00f6nheit der Verpackungsschachtel insgesamt erhalten bleibt.<\/li>\n<\/ul>\n<h2 id=\"2-foldable-transportation-packaging-efficient-space-saving-\">2.\u00a0<strong>Zusammenklappbare Transportverpackung, effizienter Platzgewinn<\/strong><\/h2>\n<ul>\n<li>Das Volumen ist nach dem Falten um mehr als 60% reduziert, was f\u00fcr die Standard-Logistikpalettengr\u00f6\u00dfe geeignet ist und die Lager- und Transportkosten reduziert.<\/li>\n<li>Das Geh\u00e4use besteht aus hochfester Wellpappe und Bambusfaser-Verbundmaterial mit einer Druckfestigkeit von 10 kg\/cm\u00b2 und hat den Falltest und die Pr\u00fcfung der Feuchtigkeitstoleranz bestanden.<\/li>\n<\/ul>\n<h2 id=\"3-precise-lining-customization-zero-displacement-protection-\">3.\u00a0<strong>Pr\u00e4zise Anpassung der Auskleidung, Nullverschiebungsschutz<\/strong><\/h2>\n<ul>\n<li>F\u00fcr das Futter wird EVA-Polsterwatte oder abbaubares Wabenpapier verwendet, das nach dem 3D-Scan der Statuenkontur zugeschnitten wird, um eine \"Vollumh\u00fcllung\" zu erreichen.<\/li>\n<li>Unterst\u00fctzt den mehrschichtigen Aufbau, eignet sich f\u00fcr komplexe Skulpturen und verbessert die seismische Leistung um 50%.<\/li>\n<\/ul>\n<h2 id=\"4-highly-customized-service-\">4.\u00a0<strong>Hochgradig ma\u00dfgeschneiderter Service<\/strong><\/h2>\n<ul>\n<li><strong>Gr\u00f6\u00dfe<\/strong>: Unterst\u00fctzt 10cm bis 150cm Skulptur Verpackung, und speziell geformte Boxen (z.B. Buchform, obere und untere Abdeckung) k\u00f6nnen angepasst werden.<\/li>\n<li><strong>Visuelle Gestaltung<\/strong>: Die Hauptfarbe ist mattes Gold, mit Hei\u00dfpr\u00e4getechnik, und es k\u00f6nnen traditionelle Muster wie gl\u00fccksverhei\u00dfende Wolken und Huiwen oder minimalistische geometrische Linien gew\u00e4hlt werden.<\/li>\n<li><strong>Material<\/strong>: Bieten Sie umweltfreundliche Optionen wie Papier aus Bambuszellstoff (abbaubar), Zuckerrohrfaserplatten (leicht) und Recycling-Graupappe (hochfest) an.<\/li>\n<li><strong>Druckverfahren<\/strong>: Lokale UV, Lasergravur, temperaturwechselnde f\u00e4lschungssichere Tinte usw., Unterst\u00fctzung von Markenlogos und kulturellen Slogans Personalisierte Pr\u00e4sentation.<\/li>\n<\/ul>\n<h2 id=\"5-fusion-of-oriental-aesthetics-and-minimalism-\">5.\u00a0<strong>Fusion von orientalischer \u00c4sthetik und Minimalismus<\/strong><\/h2>\n<ul>\n<li>Der goldene Hauptton symbolisiert Wohlstand und Adel, und die matte Textur vermeidet \u00dcbertreibungen. Er passt zu hohlen Fenstergittern oder leeren Mustern, um die k\u00fcnstlerische Spannung von Keramikskulpturen hervorzuheben.<\/li>\n<li>Die Box-Linie ist einfach und ordentlich, geeignet f\u00fcr moderne Wohn- und Gesch\u00e4ftsszenen, unter Ber\u00fccksichtigung des kulturellen Erbes und des Sinns f\u00fcr Mode.<\/li>\n<\/ul>\n<h2 id=\"6-sustainable-environmental-protection-concept-\">6.\u00a0<strong>Nachhaltiges Umweltschutzkonzept<\/strong><\/h2>\n<ul>\n<li>Das Material ist FSC-zertifiziert, das Innenfutter ist herausnehmbar und recycelbar, und der Druck erfolgt mit Tinte auf Wasserbasis.<\/li>\n<li>Nach dem Lebenszyklus der Verpackung kann sie 100% abgebaut oder zur Wiederverwendung in eine Aufbewahrungsbox umgewandelt werden, wodurch der Kohlenstoff-Fu\u00dfabdruck um 30% reduziert wird.<\/li>\n<\/ul>\n<h3 id=\"-craftsmanship-and-guarantee-\"><strong>Handwerkskunst und Garantie<\/strong><\/h3>\n<ul>\n<li><strong>16 Jahre Berufsniederschlag<\/strong>: Das Werk verf\u00fcgt \u00fcber vollautomatische Stanzmaschinen, Lasergravuranlagen und ein ISO-Qualit\u00e4tskontrollsystem mit einer t\u00e4glichen Produktionskapazit\u00e4t von mehr als 2 Millionen St\u00fcck.<\/li>\n<li><strong>Service aus einer Hand<\/strong>: Von der 3D-Modellierung, dem Proofing und der Pr\u00fcfung bis zur Massenproduktion, Lieferung innerhalb von 7-15 Tagen, Unterst\u00fctzung bei der globalen Logistikverfolgung und bei Schadensf\u00e4llen.<\/li>\n<\/ul>\n<h2 id=\"-application-scenarios-\"><strong>Anwendungsszenarien<\/strong><\/h2>\n<ul>\n<li><strong>Kunstsammlung<\/strong>: Schutz auf Museumsniveau, geeignet f\u00fcr zerbrechliche Gegenst\u00e4nde wie Buddha-Statuen und menschliche Skulpturen.<\/li>\n<li><strong>Gesch\u00e4ftsgeschenk<\/strong>: Anpassung von Firmenlogos und Gru\u00dfbotschaften, um den kulturellen Wert der Marke zu steigern.<\/li>\n<li><strong>Grenz\u00fcberschreitender elektronischer Handel<\/strong>: Erf\u00fcllung der EU-Umweltnormen und Anpassung an internationale Transportanforderungen.<\/li>\n<\/ul>","protected":false},"excerpt":{"rendered":"<p>Diese Geschenkbox wurde f\u00fcr hochwertige Keramikskulpturen entwickelt und verbindet orientalische \u00c4sthetik mit moderner Handwerkskunst. Sie basiert auf einer magnetischen Faltstruktur, umweltfreundlichen Materialien und hochgradig kundenspezifischen Dienstleistungen und bietet eine umfassende Palette an Schutzl\u00f6sungen f\u00fcr zerbrechliche Keramikstatuen vom Transport bis zur Ausstellung. Die von einer seit 16 Jahren bestehenden Fabrik f\u00fcr Verpackungskartons entwickelte L\u00f6sung erf\u00fcllt die Anforderungen von Kunstsammlungen, Gesch\u00e4ftsgeschenken, kultureller Kommunikation und anderen Szenarien in einem einzigen Schritt.<\/p>","protected":false},"featured_media":9136,"template":"","meta":[],"product_brand":[],"product_cat":[30,427,423,31],"product_tag":[1082,1080,1081],"class_list":{"0":"post-9134","1":"product","2":"type-product","3":"status-publish","4":"has-post-thumbnail","6":"product_cat-by-industry","7":"product_cat-collapsible-gift-boxes","8":"product_cat-custom-presentation-boxes-by-industry","9":"product_cat-paper-box-style","10":"product_tag-ceramic-gift-box","11":"product_tag-custom-sculpture-gift-box","12":"product_tag-figure-statue-gift-box","14":"first","15":"instock","16":"shipping-taxable","17":"product-type-simple"},"_links":{"self":[{"href":"https:\/\/zojopackaging.com\/de\/wp-json\/wp\/v2\/product\/9134","targetHints":{"allow":["GET"]}}],"collection":[{"href":"https:\/\/zojopackaging.com\/de\/wp-json\/wp\/v2\/product"}],"about":[{"href":"https:\/\/zojopackaging.com\/de\/wp-json\/wp\/v2\/types\/product"}],"version-history":[{"count":1,"href":"https:\/\/zojopackaging.com\/de\/wp-json\/wp\/v2\/product\/9134\/revisions"}],"predecessor-version":[{"id":9140,"href":"https:\/\/zojopackaging.com\/de\/wp-json\/wp\/v2\/product\/9134\/revisions\/9140"}],"wp:featuredmedia":[{"embeddable":true,"href":"https:\/\/zojopackaging.com\/de\/wp-json\/wp\/v2\/media\/9136"}],"wp:attachment":[{"href":"https:\/\/zojopackaging.com\/de\/wp-json\/wp\/v2\/media?parent=9134"}],"wp:term":[{"taxonomy":"product_brand","embeddable":true,"href":"https:\/\/zojopackaging.com\/de\/wp-json\/wp\/v2\/product_brand?post=9134"},{"taxonomy":"product_cat","embeddable":true,"href":"https:\/\/zojopackaging.com\/de\/wp-json\/wp\/v2\/product_cat?post=9134"},{"taxonomy":"product_tag","embeddable":true,"href":"https:\/\/zojopackaging.com\/de\/wp-json\/wp\/v2\/product_tag?post=9134"}],"curies":[{"name":"wp","href":"https:\/\/api.w.org\/{rel}","templated":true}]}}