{"id":9141,"date":"2025-04-01T14:05:03","date_gmt":"2025-04-01T06:05:03","guid":{"rendered":"https:\/\/zojopackaging.com\/?post_type=product&#038;p=9141"},"modified":"2025-04-01T14:27:26","modified_gmt":"2025-04-01T06:27:26","slug":"custom-magnetic-essential-oil-cosmetic-packaging-gift-box","status":"publish","type":"product","link":"https:\/\/zojopackaging.com\/de\/product\/custom-magnetic-essential-oil-cosmetic-packaging-gift-box\/","title":{"rendered":"Benutzerdefinierte magnetische \u00e4therisches \u00d6l kosmetische Verpackung Geschenkbox"},"content":{"rendered":"<h2 id=\"-1-magnetic-embedded-design-upgraded-safety-protection-\"><strong>1. Magnetisch eingebettetes Design, verbesserter Sicherheitsschutz<\/strong><\/h2>\n<p>Mit der patentierten magnetischen Flip-Cover-Struktur wird der Magnet durch die Eisenschale und das verzinkte Eisenblech eingebettet, um zu verhindern, dass der Magnet freigelegt und abgenutzt wird, und gleichzeitig die einseitige Adsorptionskraft zu erh\u00f6hen. Er wurde f\u00fcr zerbrechliche Flaschen mit \u00e4therischen \u00d6len entwickelt, l\u00e4sst sich leicht \u00f6ffnen und schlie\u00dfen und schlie\u00dft fest, wodurch der durch h\u00e4ufiges \u00d6ffnen verursachte Verlust von Magneten verringert und die Lebensdauer der Verpackung verl\u00e4ngert wird. Die Auskleidung besteht aus hochdichtem EVA-Beflockungsmaterial, kombiniert mit magnetischer Pufferungstechnologie, um die Auswirkungen des Transports zu zerstreuen und die Glasflasche mit \u00e4therischem \u00d6l vor Vibrationssch\u00e4den in alle Richtungen zu sch\u00fctzen.<\/p>\n<h2 id=\"-2-double-sided-visual-enhancement-accurate-communication-of-brand-and-ingredients-\"><strong>2. Beidseitige optische Aufwertung, pr\u00e4zise Kommunikation von Marke und Inhaltsstoffen<\/strong><\/h2>\n<ul>\n<li><strong>Frontgestaltung<\/strong>: Verwenden Sie die hochpr\u00e4zise Offsetdrucktechnik, um das Markenlogo und die wichtigsten visuellen Elemente darzustellen, und passen Sie das Hei\u00dfpr\u00e4ge\/UV-Verfahren an, um die luxuri\u00f6se Textur hervorzuheben.<\/li>\n<li><strong>Design der R\u00fcckseite<\/strong>: Die Zutatenliste, die Gebrauchsanweisung und das Logo der Umweltzertifizierung werden in einem minimalistischen Stil dargestellt, und der Text wird in Sonderfarben gedruckt, damit er klar und wischfest ist. Das doppelseitige, differenzierte Design ber\u00fccksichtigt sowohl die Informationsaufnahme des Verbrauchers als auch die Erinnerung an das Markenimage und steigert die Attraktivit\u00e4t der Regalpr\u00e4sentation.<\/li>\n<\/ul>\n<h2 id=\"-3-red-and-black-contrast-aesthetics-classic-and-tense-\"><strong>3. Rot und schwarz Kontrast \u00c4sthetik, klassisch und angespannt<\/strong><\/h2>\n<ul>\n<li><strong>Farbliche Anpassung<\/strong>: Die Hauptfarbe ist Chinesisch-Rot-Matt-Schwarz, mit Matt-Schwarz als Farbe der Verzierungen, die einen starken visuellen Kontrast bilden.<\/li>\n<li><strong>Leistung des Materials<\/strong>: F\u00fcr den schwarzen Teil wird 157g C2S gestrichenes Papier mit matter Folie verwendet, und im roten Bereich werden Siebdruck und lokaler Lack eingesetzt, um das Gef\u00fchl von Schichtung und haptischen Unterschieden zu verst\u00e4rken, was dem Streben der Kosmetikindustrie nach Exquisitem entspricht.<\/li>\n<\/ul>\n<h2 id=\"-4-precise-printing-process-rigorous-quality-endorsement-\"><strong>4. Pr\u00e4ziser Druckprozess, strenge Qualit\u00e4tskontrolle<\/strong><\/h2>\n<p>Die deutsche Heidelberg 6-Farben-Druckmaschine, die Farbdifferenzkontrolle \u0394E\u22641,5 (weit niedriger als der Industriestandard \u0394E\u22643), unterst\u00fctzt Pantone-Schmuckfarben und Vier-Farben-Mischmodi. Alle Druckverbindungen werden kalibriert und dreimal vollst\u00e4ndig \u00fcberpr\u00fcft, um sicherzustellen, dass die Musterkanten scharf sind und die Farbs\u00e4ttigung konsistent ist, was die strenge Kontrolle der Details durch die Marke vermittelt und das Vertrauen der Verbraucher st\u00e4rkt.<\/p>\n<h2 id=\"-5-highly-flexible-customization-to-meet-diverse-needs-\"><strong>5. \u00c4u\u00dferst flexible Anpassung an unterschiedliche Bed\u00fcrfnisse<\/strong><\/h2>\n<ul>\n<li><strong>Auswahl des Boxentyps<\/strong>: Es werden 12 Grundtypen von Boxen angeboten, darunter Flipboxen, Buchboxen, Schubladenboxen usw., und die Anpassung von Sonderformen wird unterst\u00fctzt (z. B. bogenf\u00f6rmige magnetische Ansaug\u00f6ffnung oder Hohlfenster).<\/li>\n<li><strong>Materialkombination<\/strong>: Der \u00e4u\u00dfere Karton ist eine 1200g schwere Graupappe (Druckfestigkeit \u2265800N), die Auskleidung besteht aus abbaubarer EPE-Perlenbaumwolle, und die Oberfl\u00e4che ist mit einer umweltfreundlichen Beschichtung auf Wasserbasis versehen, die den EU-ReACH-Normen entspricht.<\/li>\n<li><strong>Erweiterung des Prozesses<\/strong>: Mehr als 20 Oberfl\u00e4chenbehandlungsverfahren wie Hei\u00dfpr\u00e4gung, Pr\u00e4gung und Lasergravur sind optional, und Materialien wie mattes\/gl\u00e4nzendes\/strukturiertes Papier werden unterst\u00fctzt, um sich an verschiedene Produktt\u00f6ne anzupassen.<\/li>\n<\/ul>\n<h2 id=\"-6-precision-lining-cutting-zero-displacement-protection-\"><strong>6. Pr\u00e4zises Schneiden der Auskleidung, Nullverschiebungsschutz<\/strong><\/h2>\n<p>Auf der Grundlage von 3D-Modellierung und Laserschneidetechnik wird die Auskleidung 1:1 entsprechend der Form der Flasche f\u00fcr \u00e4therische \u00d6le geformt, wobei eine Toleranz von \u00b10,1 mm eingehalten wird, um eine \"eingebettete Fixierung\" zu erreichen. F\u00fcr Kombinations-Sets mit mehreren Flaschen k\u00f6nnen unabh\u00e4ngige Kartenschlitze in Schichten entworfen werden, und das Layout kann mit magnetischen Trennw\u00e4nden frei angepasst werden, um zu gew\u00e4hrleisten, dass beim Transport nichts wackelt.<\/p>\n<h2 id=\"-7-environmentally-friendly-and-sustainable-packaging-practicing-green-responsibility-\"><strong>7. Umweltvertr\u00e4gliche und nachhaltige Verpackungen, die gr\u00fcne Verantwortung praktizieren<\/strong><\/h2>\n<ul>\n<li><strong>Hauptmaterial<\/strong>: 157g gestrichenes C2S-Papier (FSC-zertifiziert) + 1200g recycelte Graupappe (Recyclingquote \u226585%), die gesamte Verpackung ist vollst\u00e4ndig abbaubar.<\/li>\n<li><strong>Tinte<\/strong>: Es wird umweltfreundliche Tinte auf Sojabasis verwendet, die keine Schwermetalle und VOC-Emissionen enth\u00e4lt und von SGS gepr\u00fcft und zertifiziert wurde.<\/li>\n<li><strong>Design zur Kunststoffreduzierung<\/strong>: Die magnetische Ansaugung auf Papierbasis ersetzt herk\u00f6mmliche Kunststoffschnallen und reduziert den CO2-Fu\u00dfabdruck um 40%.<\/li>\n<\/ul>\n<h2 id=\"-8-direct-supply-from-the-source-factory-efficient-service-guarantee-\"><strong>8. Direkte Lieferung von der Quelle Fabrik, effiziente Service-Garantie<\/strong><\/h2>\n<ul>\n<li><strong>Vorteile der Dienstleistung<\/strong>: Direkte Verbindung mit der Ausgangsfabrik in China, Unterst\u00fctzung f\u00fcr kostenloses Design, 3-Tage-Musterproduktion,<\/li>\n<li><strong>Vollst\u00e4ndige Prozessunterst\u00fctzung<\/strong>: Von der Bedarfskommunikation \u00fcber die Materialauswahl bis hin zur Massenproduktion, ausgestattet mit exklusiven Projektmanagern und Qualit\u00e4tskontrollteams, mit 15-t\u00e4giger R\u00fcckgabe- und Umtauschfrist und echter Garantie.<\/li>\n<\/ul>","protected":false},"excerpt":{"rendered":"<p>\ud83d\udfe0 Brand Amplifier - Verwandeln Sie Verpackungen in haptisches Storytelling mit abgestimmtem Luxus.<br \/>\n\ud83e\uddf2 Funktionelle Eleganz - Der sichere Magnetverschluss verhindert das Auslaufen von Fl\u00fcssigkeiten w\u00e4hrend der Transportlagerung.<br \/>\n\ud83c\udf3f Duftorientiertes Design - Das Samtfutter sch\u00fctzt die empfindlichen \u00d6le und erg\u00e4nzt die Aromatherapie-Reisen.<br \/>\n\ud83d\udce6 B2B Ready - Vorkonfiguriert f\u00fcr Gro\u00dfbestellungen (MOQ 500 Einheiten) mit schneller 14-t\u00e4giger Bearbeitungszeit.<br \/>\n\u267b\ufe0f Green Prestige - FSC-zertifizierte Materialien erf\u00fcllen weltweit die Standards des Gro\u00dfhandels.<\/p>","protected":false},"featured_media":9142,"template":"","meta":[],"product_brand":[],"product_cat":[30,390,424,31],"product_tag":[1083,775,616],"class_list":{"0":"post-9141","1":"product","2":"type-product","3":"status-publish","4":"has-post-thumbnail","6":"product_cat-by-industry","7":"product_cat-custom-cosmetics-boxes","8":"product_cat-magnetic-closure-boxes","9":"product_cat-paper-box-style","10":"product_tag-cosmetic-packaging-gift-box","11":"product_tag-custom-cosmetic-packaging","12":"product_tag-essential-oil-packaging","14":"first","15":"instock","16":"shipping-taxable","17":"product-type-simple"},"_links":{"self":[{"href":"https:\/\/zojopackaging.com\/de\/wp-json\/wp\/v2\/product\/9141","targetHints":{"allow":["GET"]}}],"collection":[{"href":"https:\/\/zojopackaging.com\/de\/wp-json\/wp\/v2\/product"}],"about":[{"href":"https:\/\/zojopackaging.com\/de\/wp-json\/wp\/v2\/types\/product"}],"version-history":[{"count":1,"href":"https:\/\/zojopackaging.com\/de\/wp-json\/wp\/v2\/product\/9141\/revisions"}],"predecessor-version":[{"id":9155,"href":"https:\/\/zojopackaging.com\/de\/wp-json\/wp\/v2\/product\/9141\/revisions\/9155"}],"wp:featuredmedia":[{"embeddable":true,"href":"https:\/\/zojopackaging.com\/de\/wp-json\/wp\/v2\/media\/9142"}],"wp:attachment":[{"href":"https:\/\/zojopackaging.com\/de\/wp-json\/wp\/v2\/media?parent=9141"}],"wp:term":[{"taxonomy":"product_brand","embeddable":true,"href":"https:\/\/zojopackaging.com\/de\/wp-json\/wp\/v2\/product_brand?post=9141"},{"taxonomy":"product_cat","embeddable":true,"href":"https:\/\/zojopackaging.com\/de\/wp-json\/wp\/v2\/product_cat?post=9141"},{"taxonomy":"product_tag","embeddable":true,"href":"https:\/\/zojopackaging.com\/de\/wp-json\/wp\/v2\/product_tag?post=9141"}],"curies":[{"name":"wp","href":"https:\/\/api.w.org\/{rel}","templated":true}]}}