{"id":9156,"date":"2025-04-01T14:28:09","date_gmt":"2025-04-01T06:28:09","guid":{"rendered":"https:\/\/zojopackaging.com\/?post_type=product&#038;p=9156"},"modified":"2025-04-01T14:51:48","modified_gmt":"2025-04-01T06:51:48","slug":"custom-logo-empty-cuticle-oil-pen-packaging-boxes-wholesale","status":"publish","type":"product","link":"https:\/\/zojopackaging.com\/de\/product\/custom-logo-empty-cuticle-oil-pen-packaging-boxes-wholesale\/","title":{"rendered":"Benutzerdefinierte Logo leere Nagelhaut \u00d6l Stift Verpackung Boxen Gro\u00dfhandel"},"content":{"rendered":"<h2 id=\"-designed-for-high-end-skincare-brands-a-packaging-solution-that-combines-environmental-protection-and-luxury-\"><strong>Eine f\u00fcr hochwertige Hautpflegemarken entwickelte Verpackungsl\u00f6sung, die Umweltschutz und Luxus vereint<\/strong><\/h2>\n<p>Als Fabrik mit 16 Jahren Erfahrung in der Herstellung von Nagelhaut\u00f6l-Stiftverpackungen haben wir uns verpflichtet, globalen Hautpflegemarken ma\u00dfgeschneiderte Dienstleistungen aus einer Hand anzubieten, vom Design bis zum fertigen Produkt, und hochwertige Verpackungen zu verwenden, um den Markenwert zu steigern. Die folgenden sind die wichtigsten Vorteile des Produkts:<\/p>\n<h2 id=\"-1-high-density-environmentally-friendly-materials-to-protect-product-safety-\"><strong>1. Umweltfreundliche Materialien mit hoher Dichte zum Schutz der Produktsicherheit<\/strong><\/h2>\n<p>Der Verpackungskarton besteht aus umweltfreundlicher Pappe mit hoher Dichte und abbaubaren Materialien, die stabil, druck- und sto\u00dffest sind und gew\u00e4hrleisten, dass fl\u00fcssige oder zerbrechliche Produkte wie Essenzen, Toner, \u00e4therische \u00d6le usw. w\u00e4hrend des Transports und der Lagerung vor Quetschungen, Auslaufen oder Besch\u00e4digung gesch\u00fctzt sind, und gleichzeitig das Umweltschutzkonzept der Marke vermitteln.<\/p>\n<h2 id=\"-2-double-sided-creative-design-to-enhance-brand-communication-\"><strong>2. Beidseitige kreative Gestaltung zur Verbesserung der Markenkommunikation<\/strong><\/h2>\n<p>-\u00a0<strong>Seite der Zutatenanzeige<\/strong>: Das wissenschaftliche Layout pr\u00e4sentiert Produktformeln, Wirksamkeit und Gebrauchsanweisungen, um die Professionalit\u00e4t und das Vertrauen der Verbraucher zu st\u00e4rken. -\u00a0<strong>Markenimage Seite<\/strong>: Durch die k\u00fcnstlerische Gestaltung von LOGO, Slogans oder Markengeschichte werden hochwertige visuelle Erinnerungspunkte geschaffen, die den Kundeneindruck vertiefen. Das doppelseitige Design maximiert die Nutzung des Verpackungsraums und ber\u00fccksichtigt dabei sowohl die Praktikabilit\u00e4t als auch den Marketingwert.<\/p>\n<h2 id=\"-3-magnetic-opening-and-closing-structure-to-create-a-light-luxury-experience-\"><strong>3. Magnetische \u00d6ffnungs- und Schlie\u00dfstruktur f\u00fcr ein leichtes Luxus-Erlebnis<\/strong><\/h2>\n<p>- Die Box ist mit einer starken Magnetschnalle ausgestattet, die sich sanft und leise \u00f6ffnen und schlie\u00dfen l\u00e4sst. Sie ist wiederverwendbar, ohne zu verschlei\u00dfen, und erf\u00fcllt die Anforderungen an hochwertige Hautpflegeprodukte und Geschenkverpackungen f\u00fcr ein Gef\u00fchl von Ritual. - Die Oberfl\u00e4che ist mit einer zarten Touch-Folie \u00fcberzogen, die pr\u00e4zise geschnittene Ecken aufweist und den exquisiten Stil der Marke unterstreicht.<\/p>\n<h2 id=\"-4-natural-warm-brown-tone-conveying-organic-concept-\"><strong>4. Nat\u00fcrlicher warmer Braunton, der ein organisches Konzept vermittelt<\/strong><\/h2>\n<p>Bei der Hauptfarbe der Verpackung werden Erdt\u00f6ne wie warmes Braun und Khaki verwendet, die mit einer matten oder partiellen Textur kombiniert werden, um das nat\u00fcrliche, reine und nachhaltige Markenimage intuitiv zu vermitteln und umweltfreundliche Verbrauchergruppen anzusprechen.<\/p>\n<h2 id=\"-5-spot-uv-technology-efficient-production-and-visual-upgrade-\"><strong>5. Spot-UV-Technologie, effiziente Produktion und optische Aufwertung<\/strong><\/h2>\n<p>Die lokale UV-Drucktechnologie wird eingesetzt, um den hochgl\u00e4nzenden\/matten dreidimensionalen Effekt von LOGO, Mustern oder Text zu erzielen, mit schneller Aush\u00e4rtungsgeschwindigkeit und starker Haftung, was den Lieferzyklus erheblich verk\u00fcrzt. Das Verfahren ist mit dem kontinuierlichen Druck komplexer Muster kompatibel und hilft bei der effizienten Abwicklung gro\u00dfvolumiger Auftr\u00e4ge.<\/p>\n<h2 id=\"-6-all-round-customization-precise-adaptation-to-product-needs-\"><strong>6. Umfassende Individualisierung, pr\u00e4zise Anpassung an die Produktanforderungen<\/strong><\/h2>\n<p>-\u00a0<strong>Art und Gr\u00f6\u00dfe der Box<\/strong>: Unterst\u00fctzt verschiedene Strukturen wie Flipboxen, Schubladenboxen, buchf\u00f6rmige Boxen usw. und kann je nach Produktgr\u00f6\u00dfe flexibel angepasst werden, um den Platzverlust zu minimieren. -\u00a0<strong>Prozess der Innenauskleidung<\/strong>: Pr\u00e4zise Form nach der Form der Nagelhaut \u00d6l Stift oder \u00e4therisches \u00d6l Flasche, verwenden EVA-Schwamm oder Beflockung Futter, um das Produkt zu fixieren, erreichen \"Null-Bewegung\" Schutz, und beseitigen Sch\u00e4den, die durch den Transport St\u00f6\u00dfe. -\u00a0<strong>Druck und Material<\/strong>: Individuell anpassbare Oberfl\u00e4cheneffekte wie Hei\u00dfpr\u00e4gung, Pr\u00e4gung, Laser, usw., bieten mattes Papier, Kunstdruckpapier, Wellpappe und andere Materialoptionen.<\/p>\n<h2 id=\"-7-16-years-of-one-stop-service-quality-and-efficiency-double-guarantee-\"><strong>7. 16 Jahre One-Stop-Service, doppelte Garantie f\u00fcr Qualit\u00e4t und Effizienz<\/strong><\/h2>\n<p>Vom Designvorschlag \u00fcber die Materialpr\u00fcfung und die Best\u00e4tigung des Proofs bis hin zur Massenproduktion wird der gesamte Prozess von einem erfahrenen Team professionell begleitet, um sicherzustellen, dass die Verpackungsschachtel das beste Gleichgewicht zwischen Funktion, Sch\u00f6nheit und Kosten erreicht und der Marke hilft, den Markt schnell zu erobern.<\/p>\n<p><strong>Prozess der Zusammenarbeit<\/strong>Kommunikation der Nachfrage \u2192 Entwurfsvorschlag \u2192 Best\u00e4tigung des 3D-Proofs \u2192 Lieferung der Massenproduktion\u00a0<strong>Flexible Mindestbestellmenge<\/strong>: Unterst\u00fctzung von Probebestellungen in kleinen und mittleren Mengen sowie Gro\u00dfhandel, um den Bed\u00fcrfnissen von Marken in verschiedenen Entwicklungsstadien gerecht zu werden.<\/p>\n<p>Wir freuen uns darauf, mit Ihnen zusammenzuarbeiten, um ein unvergessliches Hautpflegeerlebnis zu schaffen - durch professionelle Verpackungen, die den Markenwert st\u00e4rken!<\/p>","protected":false},"excerpt":{"rendered":"<ul>\n<li>\ud83d\udee1\ufe0f Protective Design\uff1aSch\u00fctzt \u00d6le vor UV-Licht, Leckagen und physischen Sch\u00e4den w\u00e4hrend des Transports.<\/li>\n<li>\ud83d\udcc8 Verst\u00e4rkung der Marke\uff1aProminente Logoplatzierung und individuelle Veredelung erh\u00f6hen die Autorit\u00e4t der Marke.<\/li>\n<li>\u26a1 Skalierbare L\u00f6sungen\uff1aGro\u00dfhandelspreise und schnelle Durchlaufzeiten f\u00fcr Gro\u00dfh\u00e4ndler; flexibles Branding f\u00fcr Start-ups.<\/li>\n<li>\u267b\ufe0f Umweltbewusst\uff1aRecycelbare Materialien erf\u00fcllen die Anforderungen an nachhaltige Verpackungen.<\/li>\n<\/ul>","protected":false},"featured_media":9157,"template":"","meta":[],"product_brand":[],"product_cat":[30,390,424,31],"product_tag":[1084,1086,1085],"class_list":{"0":"post-9156","1":"product","2":"type-product","3":"status-publish","4":"has-post-thumbnail","6":"product_cat-by-industry","7":"product_cat-custom-cosmetics-boxes","8":"product_cat-magnetic-closure-boxes","9":"product_cat-paper-box-style","10":"product_tag-custom-cuticle-oil-packaging","11":"product_tag-cuticle-oil-packaging-wholesale","12":"product_tag-cuticle-oil-pen-packaging-boxes","14":"first","15":"instock","16":"shipping-taxable","17":"product-type-simple"},"_links":{"self":[{"href":"https:\/\/zojopackaging.com\/de\/wp-json\/wp\/v2\/product\/9156","targetHints":{"allow":["GET"]}}],"collection":[{"href":"https:\/\/zojopackaging.com\/de\/wp-json\/wp\/v2\/product"}],"about":[{"href":"https:\/\/zojopackaging.com\/de\/wp-json\/wp\/v2\/types\/product"}],"version-history":[{"count":1,"href":"https:\/\/zojopackaging.com\/de\/wp-json\/wp\/v2\/product\/9156\/revisions"}],"predecessor-version":[{"id":9163,"href":"https:\/\/zojopackaging.com\/de\/wp-json\/wp\/v2\/product\/9156\/revisions\/9163"}],"wp:featuredmedia":[{"embeddable":true,"href":"https:\/\/zojopackaging.com\/de\/wp-json\/wp\/v2\/media\/9157"}],"wp:attachment":[{"href":"https:\/\/zojopackaging.com\/de\/wp-json\/wp\/v2\/media?parent=9156"}],"wp:term":[{"taxonomy":"product_brand","embeddable":true,"href":"https:\/\/zojopackaging.com\/de\/wp-json\/wp\/v2\/product_brand?post=9156"},{"taxonomy":"product_cat","embeddable":true,"href":"https:\/\/zojopackaging.com\/de\/wp-json\/wp\/v2\/product_cat?post=9156"},{"taxonomy":"product_tag","embeddable":true,"href":"https:\/\/zojopackaging.com\/de\/wp-json\/wp\/v2\/product_tag?post=9156"}],"curies":[{"name":"wp","href":"https:\/\/api.w.org\/{rel}","templated":true}]}}