{"id":9164,"date":"2025-04-01T14:52:06","date_gmt":"2025-04-01T06:52:06","guid":{"rendered":"https:\/\/zojopackaging.com\/?post_type=product&#038;p=9164"},"modified":"2025-04-01T16:12:18","modified_gmt":"2025-04-01T08:12:18","slug":"custom-printed-jewelry-rigid-gift-box-wholesale-with-window","status":"publish","type":"product","link":"https:\/\/zojopackaging.com\/de\/product\/custom-printed-jewelry-rigid-gift-box-wholesale-with-window\/","title":{"rendered":"Benutzerdefinierte bedruckte Schmuck starren Geschenk-Box Gro\u00dfhandel mit Fenster"},"content":{"rendered":"<h2 id=\"-exclusive-custom-jewelry-hard-pull-out-gift-box-create-a-high-end-display-and-protection-experience-for-your-jewelry-\"><strong>Exklusive benutzerdefinierte Schmuck starren Schublade Papier Geschenkbox\u00a0<\/strong><\/h2>\n<h2 id=\"1-convenient-pull-out-design-clear-at-a-glance-\">1.\u00a0<strong>Praktisches Design der Schubladenbox, \u00fcbersichtlich auf einen Blick<\/strong><\/h2>\n<p>Mit einer glatten Ausziehstruktur k\u00f6nnen alle Schmuckst\u00fccke in der Box mit einem leichten Zug angezeigt werden, was bequem f\u00fcr die Lagerung ist und h\u00e4ufiges \u00d6ffnen und Schlie\u00dfen vermeidet. Die Box K\u00f6rper ist stabil und langlebig, mit den Bed\u00fcrfnissen der Schmuck Aufbewahrung kombiniert, um kostbaren Schmuck vor St\u00f6\u00dfen und Oxidation zu sch\u00fctzen.<\/p>\n<h2 id=\"2-transparent-window-quick-product-positioning-\">2.\u00a0<strong>Transparentes Fenster, schnelle Produktpositionierung<\/strong><\/h2>\n<p>Die Oberfl\u00e4che der Schachtel ist mit einem hochtransparenten Acryl- bzw. umweltfreundlichen PVC-Fenster versehen, das eine klare Vorschau auf den Schmuck im Inneren erm\u00f6glicht, ohne dass die Schachtel ge\u00f6ffnet werden muss, was den Kunden Zeit bei der Auswahl spart und gleichzeitig die Attraktivit\u00e4t der Pr\u00e4sentation erh\u00f6ht.<\/p>\n<h2 id=\"3-exquisite-ribbon-details-showing-luxurious-texture-\">3.\u00a0<strong>Exquisite Banddetails, die eine luxuri\u00f6se Textur aufweisen<\/strong><\/h2>\n<p>Der Schachtelk\u00f6rper ist mit einem matten\/gl\u00e4nzenden Satinband versehen (die Farbe kann individuell angepasst werden), das als ausziehbares Hilfs- oder Dekorationselement verwendet werden kann und der Geschenkschachtel einen eleganten Touch und ein visuelles Niveau verleiht und das Gef\u00fchl der Zeremonie beim \u00d6ffnen der Schachtel verst\u00e4rkt.<\/p>\n<h2 id=\"4-classic-black-box-body-highlighting-the-brand-style-\">4.\u00a0<strong>Klassisches schwarzes Geh\u00e4use, das den Stil der Marke unterstreicht<\/strong><\/h2>\n<p>Der Schachtelk\u00f6rper besteht aus hochwertigem schwarzem Hartkarton\/Spezialmaterial, wahlweise mit matter, gl\u00e4nzender oder strukturierter Oberfl\u00e4chenbehandlung (z. B. Hei\u00dfpr\u00e4gung, Pr\u00e4gung, UV-Verfahren), die die hochwertige Positionierung des Schmucks auf unaufdringliche Weise unterstreicht.<\/p>\n<h2 id=\"5-three-dimensional-pillow-lining-professional-jewelry-display-\">5.\u00a0<strong>Dreidimensionales Pillow-Futter, professionelles Schmuckdisplay<\/strong><\/h2>\n<p>Eingebauter hochdichter Schwamm + PVC\/PU Flanellfutter, individuelles Rillen- oder konvexes Design entsprechend der Schmuckkontur, stabile Unterst\u00fctzung und dreidimensionale Pr\u00e4sentation der Produkte, Vermeidung von Ersch\u00fctterungen und Abnutzung und Verbesserung der Sch\u00f6nheit der Pr\u00e4sentation.<\/p>\n<h2 id=\"-exclusive-customization-service-deep-matching-brand-needs-\"><strong>Exklusive Anpassungsdienste, die genau auf die Bed\u00fcrfnisse der Marke abgestimmt sind<\/strong><\/h2>\n<ul>\n<li><strong>Flexible Anpassungsm\u00f6glichkeiten<\/strong>Die Art der Schachtel (Auszug\/Buchform\/Boden und Boden), die Gr\u00f6\u00dfe, das Material (umweltfreundliche Pappe\/Holz\/Metallumrandung), die Farbe (Pantone-Farbnummern-genaue Restaurierung) und das Druckverfahren (LOGO-Hei\u00dfpr\u00e4gung\/Siebdruck\/Pr\u00e4gung) k\u00f6nnen auf Anfrage gestaltet werden.<\/li>\n<li><strong>Personalisiertes Futterdesign<\/strong>: Je nach Schmuckkategorie (Halsketten, Ringe, Ohrringe usw.) und Markenton bieten wir L\u00f6sungen wie Gitter, speziell geformte Rillen, Einlagen in Markenfarben, gesticktes LOGO usw. an, um den Wiedererkennungswert des Produkts zu erh\u00f6hen.<\/li>\n<li><strong>Anpassung der Marktpositionierung<\/strong>: Von leichtem, luxuri\u00f6sem Minimalismus bis hin zu Retro-Luxus - wir kombinieren Ihren Kundenstamm und Ihre Markengeschichte, um eine ganzheitliche Verpackungsl\u00f6sung von der Au\u00dfenverpackung bis zum Innenfutter zu schaffen, die das Unboxing-Erlebnis und die Markenpr\u00e4mie verbessert.<\/li>\n<\/ul>\n<h3 id=\"-16-years-of-production-experience-quality-assurance-worry-free-service-\"><strong>16 Jahre Produktionserfahrung - Qualit\u00e4tssicherung, sorgenfreier Service<\/strong><\/h3>\n<p>Als leistungsf\u00e4hige Fabrik mit 16 Jahren Erfahrung in der Schmuckverpackungsindustrie bieten wir: \u2705\u00a0<strong>Service aus einer Hand<\/strong>: Entwurf, Korrekturlesen, Produktion, Qualit\u00e4tskontrolle, vollst\u00e4ndige Kontrolle der Logistik, 15 Tage schnelle Lieferung. \u2705\u00a0<strong>Streng ausgew\u00e4hlte Materialien<\/strong>: Umweltfreundliche, SGS-zertifizierte Materialien, die den internationalen Transportstandards entsprechen, langlebig und feuchtigkeitsbest\u00e4ndig. \u2705\u00a0<strong>Vorteile der Massenanpassung<\/strong>: Unterst\u00fctzung von Versuchsauftr\u00e4gen in kleinen Mengen bis hin zur Gro\u00dfserienproduktion, und zwar sowohl kosteneffizient als auch qualitativ.<\/p>","protected":false},"excerpt":{"rendered":"<p>\u2705 Service aus einer Hand: Design, Proofing, Produktion, Qualit\u00e4tskontrolle, Logistik volle Kontrolle, 15 Tage schnelle Lieferung. \u2705 Streng ausgew\u00e4hlte Materialien: Umweltfreundliche, SGS-zertifizierte Materialien, im Einklang mit internationalen Transportstandards, langlebig und feuchtigkeitsbest\u00e4ndig.<br \/>\n\u2705 Vorteile der Massenanpassung: Unterst\u00fctzung von Kleinserien-Probeauftr\u00e4gen bis hin zur Gro\u00dfserienproduktion, sowohl in Bezug auf Kosteneffizienz als auch Qualit\u00e4t.<\/p>","protected":false},"featured_media":9166,"template":"","meta":[],"product_brand":[],"product_cat":[30,415,31,426],"product_tag":[1093,1094,1092],"class_list":{"0":"post-9164","1":"product","2":"type-product","3":"status-publish","4":"has-post-thumbnail","6":"product_cat-by-industry","7":"product_cat-custom-jewelry-boxes-by-industry","8":"product_cat-paper-box-style","9":"product_cat-paper-drawer-boxes","10":"product_tag-custom-jewelry-gift-box","11":"product_tag-jewelry-gift-box-wholesale","12":"product_tag-jewelry-rigid-box","14":"first","15":"instock","16":"shipping-taxable","17":"product-type-simple"},"_links":{"self":[{"href":"https:\/\/zojopackaging.com\/de\/wp-json\/wp\/v2\/product\/9164","targetHints":{"allow":["GET"]}}],"collection":[{"href":"https:\/\/zojopackaging.com\/de\/wp-json\/wp\/v2\/product"}],"about":[{"href":"https:\/\/zojopackaging.com\/de\/wp-json\/wp\/v2\/types\/product"}],"version-history":[{"count":1,"href":"https:\/\/zojopackaging.com\/de\/wp-json\/wp\/v2\/product\/9164\/revisions"}],"predecessor-version":[{"id":9173,"href":"https:\/\/zojopackaging.com\/de\/wp-json\/wp\/v2\/product\/9164\/revisions\/9173"}],"wp:featuredmedia":[{"embeddable":true,"href":"https:\/\/zojopackaging.com\/de\/wp-json\/wp\/v2\/media\/9166"}],"wp:attachment":[{"href":"https:\/\/zojopackaging.com\/de\/wp-json\/wp\/v2\/media?parent=9164"}],"wp:term":[{"taxonomy":"product_brand","embeddable":true,"href":"https:\/\/zojopackaging.com\/de\/wp-json\/wp\/v2\/product_brand?post=9164"},{"taxonomy":"product_cat","embeddable":true,"href":"https:\/\/zojopackaging.com\/de\/wp-json\/wp\/v2\/product_cat?post=9164"},{"taxonomy":"product_tag","embeddable":true,"href":"https:\/\/zojopackaging.com\/de\/wp-json\/wp\/v2\/product_tag?post=9164"}],"curies":[{"name":"wp","href":"https:\/\/api.w.org\/{rel}","templated":true}]}}