{"id":9174,"date":"2025-04-01T15:31:41","date_gmt":"2025-04-01T07:31:41","guid":{"rendered":"https:\/\/zojopackaging.com\/?post_type=product&#038;p=9174"},"modified":"2025-04-01T16:13:25","modified_gmt":"2025-04-01T08:13:25","slug":"custom-sun-sunscreen-protection-cream-packaging-box-wholesale","status":"publish","type":"product","link":"https:\/\/zojopackaging.com\/de\/product\/custom-sun-sunscreen-protection-cream-packaging-box-wholesale\/","title":{"rendered":"Benutzerdefinierte Sonne Sonnenschutz Schutz Creme Verpackung Box Gro\u00dfhandel"},"content":{"rendered":"<h2 id=\"-professional-customized-sunscreen-magnetic-packaging-box-protecting-quality-and-highlighting-brand-value-\"><strong>Professionelle magnetische Verpackung f\u00fcr Sonnenschutzmittel - Schutz der Qualit\u00e4t und Hervorhebung des Markenwerts<\/strong><\/h2>\n<p>Als die f\u00fchrende Fabrik f\u00fcr Sonnenschutzmittelverpackungen in China konzentrieren wir uns darauf, unseren Kunden weltweit\u00a0<strong>hoch kosteneffizient und hochgradig kundenspezifisch<\/strong>\u00a0L\u00f6sungen f\u00fcr Sonnenschutzmittelverpackungen. Im Folgenden finden Sie die wichtigsten Vorteile und Produktbeschreibungen unserer Sonnencreme-Verpackungsboxen f\u00fcr den Gro\u00dfhandel, die Ihnen helfen werden, Ihr Markenimage zu verbessern, die Sicherheit des Produkttransports zu gew\u00e4hrleisten und Marktchancen zu ergreifen!<\/p>\n<h2 id=\"-product-highlights-humanized-design-all-round-protection-\"><strong>Produkt-Highlights: humanisiertes Design + Rundumschutz<\/strong><\/h2>\n<h3 id=\"1-magnetic-opening-and-closing-design-easy-operation-with-one-hand-\">1.\u00a0<strong>Magnetisches \u00d6ffnen und Schlie\u00dfen, einfache Bedienung mit einer Hand<\/strong><\/h3>\n<ul>\n<li>Innovative magnetische Deckelstruktur, die sich mit einer Hand schnell \u00f6ffnen und schlie\u00dfen l\u00e4sst, was die Bequemlichkeit der Verbraucher erh\u00f6ht;<\/li>\n<li>Automatisches Ausrichten und Adsorbieren beim Schlie\u00dfen, mit starker Versiegelung, um zu verhindern, dass Sonnenschutzmittel versch\u00fcttet oder durch versehentliches \u00d6ffnen des Deckels verunreinigt wird;<\/li>\n<li>Pr\u00e4zise magnetische Steuerung, langlebig, wiederholtes \u00d6ffnen und Schlie\u00dfen beeintr\u00e4chtigt die Schlie\u00dfwirkung nicht<\/li>\n<li><strong>Beidseitiger Druck st\u00e4rkt Marke und Informationsvermittlung<\/strong><\/li>\n<li><strong>Seite A: Visuelle Wirkung der Marke<\/strong>\u00a0Verwenden Sie die hochaufl\u00f6sende Drucktechnologie, um das Markenlogo, die Hauptvision und die wichtigsten Verkaufsargumente zu pr\u00e4sentieren und die Erinnerung der Kunden an die Marke zu st\u00e4rken;<\/li>\n<li><strong>Seite B: Parametrische professionelle Anzeige<\/strong>\u00a0Kennzeichnen Sie wichtige Informationen wie Lichtschutzfaktor, PA-Grad, Inhaltsstoffe und Anwendungsmethoden deutlich, um die Professionalit\u00e4t des Produkts und das Vertrauen der Verbraucher zu st\u00e4rken.<\/li>\n<li><strong>Umweltfreundlicher blauer Oberfl\u00e4chendruck, der nachhaltige Konzepte vermittelt<\/strong>\u00a0-Durch die Verwendung umweltfreundlicher Druckfarben und recycelbarer Materialien weist die Oberfl\u00e4che einen hochwertigen matten\/gl\u00e4nzenden blauen Effekt auf, der zum Thema Meeresumweltschutz passt. Unterst\u00fctzt kundenspezifische Pantone-Farbnummern, um die visuelle Einheitlichkeit der Marke zu gew\u00e4hrleisten und das Image der sozialen Verantwortung des Unternehmens zu unterstreichen.<\/li>\n<li><strong>EVA-Antiseismik-Auskleidung, 360\u00b0-Transportschutz<\/strong>\u00a0-Hochdichte EVA-Materialauskleidung, pr\u00e4zise Form\u00f6ffnung, die sich der Produktform anpasst und externe Aufprallkr\u00e4fte effektiv ableitet; - Ausgezeichnete Sto\u00dfd\u00e4mpfung und Pufferleistung, die Transportst\u00f6\u00dfen und Sturzrisiken standh\u00e4lt und sicherstellt, dass die Sonnenschutzflasche unversehrt am Terminal ankommt.<\/li>\n<\/ul>\n<h2 id=\"-core-advantages-precise-customization-cost-reduction-and-efficiency-improvement-\"><strong>Hauptvorteile: pr\u00e4zise Anpassung, Kostensenkung und Effizienzsteigerung<\/strong><\/h2>\n<ol>\n<li><strong>\u00c4u\u00dferst flexibler Anpassungsdienst aus einer Hand<\/strong><\/li>\n<li><strong>Anpassung des Kastentyps<\/strong>: Es gibt eine Vielzahl von Schachteltypen wie Deckel und Boden, Schubladenboxen und buchf\u00f6rmige Boxen;<\/li>\n<li><strong>Pr\u00e4zise Gr\u00f6\u00dfenanpassung<\/strong>: Passen Sie die Auskleidung und den Beh\u00e4lterk\u00f6rper an die Gr\u00f6\u00dfe der Sonnencremeflasche (Tube\/Dose\/Spray) an, um eine verschiebungsfreie Fixierung zu erreichen;<\/li>\n<li><strong>Material-Upgrade<\/strong>: Wei\u00dfer Karton, Wellpappe, spezielles Kunstdruckpapier usw. stehen zur Verf\u00fcgung, um unterschiedlichen Anforderungen an Kosten und Beschaffenheit gerecht zu werden;<\/li>\n<li><strong>Unterst\u00fctzung des Handwerks<\/strong>: Hei\u00dfpr\u00e4gung, lokaler UV-Lack, Pr\u00e4gung, Relief und andere Oberfl\u00e4chenverfahren zur Schaffung eines differenzierten Verpackungserlebnisses<\/li>\n<li><strong>Direkte Belieferung aus dem Ursprungswerk, 3 Tage schnelle Reaktion<\/strong><\/li>\n<li><strong>Kostenloser Entwurfsservice<\/strong>: Ein professionelles Team unterst\u00fctzt Sie bei der Verpackungsstruktur und dem Grafikdesign und optimiert den Plan, bis Sie zufrieden sind;<\/li>\n<li><strong>Kostenlose Musterbest\u00e4tigung<\/strong>: Vollst\u00e4ndiger Korrekturabzug innerhalb von 3 Arbeitstagen und Massenproduktion nach physischer \u00dcberpr\u00fcfung der Qualit\u00e4t;<\/li>\n<li><strong>Bestes Kostenangebot<\/strong>: Durch den Direktvertrieb ab Werk entf\u00e4llt der Preisunterschied zwischen den Zwischenh\u00e4ndlern, und bei Gro\u00dfbestellungen erhalten Sie einen Stufenrabatt, der Ihnen hilft, die Verpackungskosten zu senken.<\/li>\n<\/ol>\n<h2 id=\"-service-commitment-quality-based-worry-free-cooperation-\"><strong>Verpflichtung zum Service: Qualit\u00e4tsorientierte, sorgenfreie Zusammenarbeit<\/strong><\/h2>\n<ul>\n<li><strong>Umfassende Qualit\u00e4tskontrolle des Prozesses<\/strong>: Von der Materialauswahl bis zur Produktion: Zertifizierung des Qualit\u00e4tsmanagementsystems ISO9001;<\/li>\n<li><strong>Garantiert sorgenfreier Transport<\/strong>: Strenge Qualit\u00e4tskontrolle vor Verlassen des Werks, unterst\u00fctzende Logistik, weltweite Direktlieferung;<\/li>\n<li><strong>Schnelle Reaktion nach dem Verkauf<\/strong>: Ein professionelles Kundendienstteam ist 7\u00d724 Stunden am Tag online, um Ihre Probleme zu l\u00f6sen.<\/li>\n<\/ul>\n<p><strong>Handeln Sie jetzt und nutzen Sie die Marktchance!\u00a0<\/strong>Wenden Sie sich an uns, um kostenlose Designpl\u00e4ne und Muster zu erhalten, und lassen Sie Ihr Sonnenschutzmittel die Verbraucher mit einer sichereren und auff\u00e4lligeren Verpackung erobern!\u00a0<strong>Made in China, globale Qualit\u00e4t - wir sch\u00fctzen Ihre Sonnenschutzmittelverpackung bis zum Schluss!<\/strong><\/p>","protected":false},"excerpt":{"rendered":"<p>100% Recycelbare Materialien: Erf\u00fcllt die globalen Nachhaltigkeitsstandards f\u00fcr umweltbewusste Marken.<br \/>\nIndividuelles Branding: Unterst\u00fctzt Pantone-Farben, Pr\u00e4gung und QR-Code-Integration.<\/p>","protected":false},"featured_media":9175,"template":"","meta":[],"product_brand":[],"product_cat":[30,390,424,31],"product_tag":[1096,1095,1097],"class_list":{"0":"post-9174","1":"product","2":"type-product","3":"status-publish","4":"has-post-thumbnail","6":"product_cat-by-industry","7":"product_cat-custom-cosmetics-boxes","8":"product_cat-magnetic-closure-boxes","9":"product_cat-paper-box-style","10":"product_tag-custom-sun-cream-packaging","11":"product_tag-custom-sunscreen-packaging","12":"product_tag-sun-protection-box","14":"first","15":"instock","16":"shipping-taxable","17":"product-type-simple"},"_links":{"self":[{"href":"https:\/\/zojopackaging.com\/de\/wp-json\/wp\/v2\/product\/9174","targetHints":{"allow":["GET"]}}],"collection":[{"href":"https:\/\/zojopackaging.com\/de\/wp-json\/wp\/v2\/product"}],"about":[{"href":"https:\/\/zojopackaging.com\/de\/wp-json\/wp\/v2\/types\/product"}],"version-history":[{"count":1,"href":"https:\/\/zojopackaging.com\/de\/wp-json\/wp\/v2\/product\/9174\/revisions"}],"predecessor-version":[{"id":9181,"href":"https:\/\/zojopackaging.com\/de\/wp-json\/wp\/v2\/product\/9174\/revisions\/9181"}],"wp:featuredmedia":[{"embeddable":true,"href":"https:\/\/zojopackaging.com\/de\/wp-json\/wp\/v2\/media\/9175"}],"wp:attachment":[{"href":"https:\/\/zojopackaging.com\/de\/wp-json\/wp\/v2\/media?parent=9174"}],"wp:term":[{"taxonomy":"product_brand","embeddable":true,"href":"https:\/\/zojopackaging.com\/de\/wp-json\/wp\/v2\/product_brand?post=9174"},{"taxonomy":"product_cat","embeddable":true,"href":"https:\/\/zojopackaging.com\/de\/wp-json\/wp\/v2\/product_cat?post=9174"},{"taxonomy":"product_tag","embeddable":true,"href":"https:\/\/zojopackaging.com\/de\/wp-json\/wp\/v2\/product_tag?post=9174"}],"curies":[{"name":"wp","href":"https:\/\/api.w.org\/{rel}","templated":true}]}}