{"id":9182,"date":"2025-04-01T15:52:07","date_gmt":"2025-04-01T07:52:07","guid":{"rendered":"https:\/\/zojopackaging.com\/?post_type=product&#038;p=9182"},"modified":"2025-04-01T16:10:43","modified_gmt":"2025-04-01T08:10:43","slug":"quality-custom-children-newborn-baby-clothing-packaging-box","status":"publish","type":"product","link":"https:\/\/zojopackaging.com\/de\/product\/quality-custom-children-newborn-baby-clothing-packaging-box\/","title":{"rendered":"Qualit\u00e4t Benutzerdefinierte Kinder Neugeborenes Baby Kleidung Verpackung Box"},"content":{"rendered":"<h2 id=\"-1-magnetic-opening-and-closing-system-convenience-and-quality-\"><strong>1. Magnetisches \u00d6ffnungs- und Schlie\u00dfsystem - Komfort und Qualit\u00e4t<\/strong><\/h2>\n<p>- Die hochpr\u00e4zise Magnetvorrichtung wird verwendet, und der Deckel wird automatisch ausgerichtet und befestigt. Er l\u00e4sst sich leicht mit einer Hand \u00f6ffnen und schlie\u00dfen, wodurch die umst\u00e4ndliche Bedienung herk\u00f6mmlicher Verpackungen entf\u00e4llt. Er ist besonders f\u00fcr Eltern von Neugeborenen geeignet, um schnell Kleidung zu entnehmen. - Die magnetische Saugkraft kann eingestellt werden, um auch nach mehrmaligem Gebrauch ein reibungsloses Erlebnis zu gew\u00e4hrleisten, was das ultimative Streben der Marke nach Details unterstreicht.<\/p>\n<h2 id=\"-2-healing-macaron-color-system-conveying-a-gentle-first-impression-\"><strong>2. Heilendes Macaron-Farbsystem - Vermittlung eines sanften ersten Eindrucks<\/strong><\/h2>\n<p>- Ausgew\u00e4hlte Macaron-Farben mit geringer S\u00e4ttigung (Rosa-Blau, G\u00e4nsegelb, Mintgr\u00fcn usw.), die durch Farbpsychologie die visuelle Unterdr\u00fcckung reduzieren und eine reine und warme Markenatmosph\u00e4re schaffen. - Unterst\u00fctzung der Pantone-Farbnummernanpassung, genaue \u00dcbereinstimmung mit dem VI-System der Marke und Verbesserung der visuellen Einheitlichkeit.<\/p>\n<h2 id=\"-3-aesthetic-upgrade-exquisite-balance-of-ribbon-and-window-\"><strong>3. \u00c4sthetische Aufwertung - exquisite Balance von Band und Fenster<\/strong><\/h2>\n<p>- Der Schachtelk\u00f6rper ist mit einem matten, strukturierten Band versehen, das mit markeneigenen Farben und Texturen individuell gestaltet werden kann. Die Hei\u00dfpr\u00e4geposition des Logos ist f\u00fcr die Schnalle reserviert, um das Gef\u00fchl der Auspackzeremonie und die Markenerkennung zu verbessern. - Transparentes Fenster aus lebensmittelechtem PET, 360\u00b0-Anzeige der Kleidungsdetails, w\u00e4hrend Staub und Handkontakt isoliert werden, um die Sicherheit und Hygiene der Neugeborenenbekleidung zu gew\u00e4hrleisten.<\/p>\n<h2 id=\"-4-deep-customized-service-comprehensive-empowerment-from-function-to-emotion-\"><strong>4. Ma\u00dfgeschneiderter Service - umfassende Bef\u00e4higung von der Funktion bis zur Emotion<\/strong><\/h2>\n<ul>\n<li><strong>Art und Aufbau der Box<\/strong>: Bietet 10+ Schachtelarten wie Deckel und Boden, buchf\u00f6rmige Schachtel, Schubladenschachtel usw., unterst\u00fctzt spezielle Formschnitte und mehrschichtige Innenschachtel-Designs, um die Bed\u00fcrfnisse von Geschenkschachtel-Sets zu erf\u00fcllen.<\/li>\n<li><strong>Handwerkliche Verarbeitung des Innenfutters<\/strong>: Verwenden Sie EVA-Schwamm oder Flanell innere Unterst\u00fctzung, genau \u00f6ffnen Sie die Form nach der Gr\u00f6\u00dfe der Kleidung, fixieren Sie die Kleidung und verhindern, dass es von Verschiebung, und die Futterfl\u00e4che kann mit dem Markenlogo bestickt werden.<\/li>\n<li><strong>Druck und Handwerkskunst<\/strong>: Unterst\u00fctzt UV-Pr\u00e4gung, Hei\u00dfpr\u00e4gung, Pr\u00e4gung und andere Oberfl\u00e4chenbehandlungen. Die Oberfl\u00e4che der Box kann mit Illustrationen der Markengeschichte oder kundenspezifischen Segnungen bedruckt werden, um eine einzigartige Erinnerungsgeschenkbox zu schaffen.<\/li>\n<\/ul>\n<h2 id=\"-5-emotional-value-added-design-let-the-packaging-become-a-carrier-of-thoughts-\"><strong>5. Emotionales Mehrwertdesign - lassen Sie die Verpackung zum Gedankentr\u00e4ger werden<\/strong><\/h2>\n<p>- Mit abnehmbarem Gru\u00dfkartenschlitz, passenden Gru\u00dfkarten mit Kunstpapierpr\u00e4gung, Unterst\u00fctzung von QR-Code-Link-Marken-Applets oder individuellen Sprachsegnungen und F\u00f6rderung der Benutzerinteraktion und sozialen Kommunikation. - Die innere Schicht der Geschenkbox kann mit versteckten Segensspr\u00fcchen oder Pflegetipps f\u00fcr Neugeborene gestaltet werden, um die W\u00e4rme und Professionalit\u00e4t der Marke zu vermitteln.<\/p>\n<h2 id=\"-supply-chain-advantages-\"><strong>Vorteile der Lieferkette<\/strong><\/h2>\n<p>\u2705\u00a0<strong>Shenzhen Smart Manufacturing-Global Standard<\/strong>: Selbst gebaute 20.000\u33a1 intelligente Fabrik, bestanden ISO9001 und FSC Umweltzertifizierung, Materialien k\u00f6nnen wei\u00dfer Karton, Wellpappe, abbaubare PLA, unter Ber\u00fccksichtigung sowohl Textur und Umweltschutz sein. \u2705\u00a0<strong>Hohe Kostenleistung - schnelle Reaktion<\/strong>: Der Preis ist 15% niedriger als in der Branche, da wir uns auf das Lieferkettencluster der Greater Bay Area st\u00fctzen. Wir unterst\u00fctzen eine 48-Stunden-Korrektur, eine 7-Tage-Expresslieferung und einen exklusiven 24-Stunden-Kundenservice, um Anpassungsprobleme zu l\u00f6sen. \u2705\u00a0<strong>Sorgenfreier Service<\/strong>: Wir bieten eine L\u00f6sung aus einer Hand: Design-Proofing-Massenproduktion-Logistik, freie Lagerhaltung und Vertrieb, damit Sie ohne Lagerbestand arbeiten k\u00f6nnen.<\/p>\n<h2 id=\"-application-scenarios-\"><strong>Anwendungsszenarien<\/strong><\/h2>\n<p>\u2728 Hochwertige Marken-Geschenkbox f\u00fcr Neugeborenenbekleidung \u2728 Vollmond-Geschenk, Hundert-Tage-Bankett und andere Festtagsgeschenke \u2728 Gemeinsame, individuelle Modelle f\u00fcr Mutter und Baby<\/p>","protected":false},"excerpt":{"rendered":"<p>Wir entwerfen hochwertige, ma\u00dfgeschneiderte Geschenkverpackungen f\u00fcr Marken im Bereich der Neugeborenenbekleidung, die praktische Funktionen und \u00e4sthetische Werte mit einem ausgekl\u00fcgelten Design verbinden, um das Markenimage und das Benutzererlebnis in jeder Hinsicht zu verbessern. Von umweltfreundlichen Materialien bis hin zu emotionalen Details vermittelt jedes Design sanfte F\u00fcrsorge f\u00fcr das Leben von Neugeborenen und schafft eine unvergessliche \"Auspackzeremonie\" f\u00fcr Ihre Kunden.<\/p>","protected":false},"featured_media":9184,"template":"","meta":[],"product_brand":[],"product_cat":[30,414,424,31],"product_tag":[1091,477,1090],"class_list":{"0":"post-9182","1":"product","2":"type-product","3":"status-publish","4":"has-post-thumbnail","6":"product_cat-by-industry","7":"product_cat-custom-apparel-boxes","8":"product_cat-magnetic-closure-boxes","9":"product_cat-paper-box-style","10":"product_tag-baby-clothing-packaging-box","11":"product_tag-custom-clothing-packaging","12":"product_tag-newborn-clothing-packaging-box","14":"first","15":"instock","16":"shipping-taxable","17":"product-type-simple"},"_links":{"self":[{"href":"https:\/\/zojopackaging.com\/de\/wp-json\/wp\/v2\/product\/9182","targetHints":{"allow":["GET"]}}],"collection":[{"href":"https:\/\/zojopackaging.com\/de\/wp-json\/wp\/v2\/product"}],"about":[{"href":"https:\/\/zojopackaging.com\/de\/wp-json\/wp\/v2\/types\/product"}],"version-history":[{"count":1,"href":"https:\/\/zojopackaging.com\/de\/wp-json\/wp\/v2\/product\/9182\/revisions"}],"predecessor-version":[{"id":9189,"href":"https:\/\/zojopackaging.com\/de\/wp-json\/wp\/v2\/product\/9182\/revisions\/9189"}],"wp:featuredmedia":[{"embeddable":true,"href":"https:\/\/zojopackaging.com\/de\/wp-json\/wp\/v2\/media\/9184"}],"wp:attachment":[{"href":"https:\/\/zojopackaging.com\/de\/wp-json\/wp\/v2\/media?parent=9182"}],"wp:term":[{"taxonomy":"product_brand","embeddable":true,"href":"https:\/\/zojopackaging.com\/de\/wp-json\/wp\/v2\/product_brand?post=9182"},{"taxonomy":"product_cat","embeddable":true,"href":"https:\/\/zojopackaging.com\/de\/wp-json\/wp\/v2\/product_cat?post=9182"},{"taxonomy":"product_tag","embeddable":true,"href":"https:\/\/zojopackaging.com\/de\/wp-json\/wp\/v2\/product_tag?post=9182"}],"curies":[{"name":"wp","href":"https:\/\/api.w.org\/{rel}","templated":true}]}}