{"id":9190,"date":"2025-04-01T16:13:49","date_gmt":"2025-04-01T08:13:49","guid":{"rendered":"https:\/\/zojopackaging.com\/?post_type=product&#038;p=9190"},"modified":"2025-04-01T16:44:15","modified_gmt":"2025-04-01T08:44:15","slug":"wholesale-order-makeup-brush-cosmetic-set-packaging-boxes","status":"publish","type":"product","link":"https:\/\/zojopackaging.com\/de\/product\/wholesale-order-makeup-brush-cosmetic-set-packaging-boxes\/","title":{"rendered":"Gro\u00dfhandel Bestellung Makeup Pinsel Kosmetik Set Verpackung Boxen"},"content":{"rendered":"<h2 id=\"-product-highlights-ingenious-design-quality-first-\"><strong>Produkt-Highlights: geniales Design, Qualit\u00e4t an erster Stelle<\/strong><\/h2>\n<h3 id=\"1-magnetic-box-design-high-end-opening-and-closing-experience-\">1.\u00a0<strong>Box mit Magnetverschluss, hochwertiges \u00d6ffnen und Schlie\u00dfen<\/strong><\/h3>\n<p>Die in den Magneten eingebettete Struktur und das versteckte Magnetverschlussdesign verhindern die Abnutzung des Magneten, und der Verschluss ist stabil und glatt, was ein elegantes Gef\u00fchl von Ritual zwischen \u00d6ffnen und Schlie\u00dfen vermittelt. Die matte Textur in Kombination mit glatten Linien verleiht der Verpackungsbox ein zur\u00fcckhaltendes und luxuri\u00f6ses High-End-Temperament.<\/p>\n<h3 id=\"2-deep-black-box-body-interpreting-the-brand-style-\">2.\u00a0<strong>Tiefschwarzes Geh\u00e4use, das den Stil der Marke interpretiert<\/strong><\/h3>\n<p>Der Korpus der Schachtel ist in klassischen, reinen Schwarzt\u00f6nen gehalten und mit einer zarten Beschichtung versehen, die optisch ruhig und geheimnisvoll wirkt und einen hochwertigen und zarten Touch hat. Schwarz, als symbolische Farbe von Luxusverpackungen, kann die hochwertige Positionierung der Marke st\u00e4rken, Kunstfertigkeit und Qualit\u00e4t vermitteln und ein \"\u00dcberraschungserlebnis beim \u00d6ffnen der Schachtel\" f\u00fcr die Verbraucher schaffen.<\/p>\n<h3 id=\"3-environmentally-friendly-materials-both-sturdy-and-sustainable-\">3.\u00a0<strong>Umweltfreundliche, robuste und nachhaltige Materialien<\/strong><\/h3>\n<p>Das Hauptmaterial ist\u00a0<strong>157g C2S gestrichenes Kunstdruckpapier + 1200g harter Karton<\/strong>das sowohl eine hohe Steifigkeit als auch umweltschonende Eigenschaften aufweist. Das Papier ist FSC-zertifiziert, recycelbar und abbaubar und entspricht den internationalen Umweltstandards. Es hilft den Marken, ihrer sozialen Verantwortung gerecht zu werden, und gew\u00e4hrleistet gleichzeitig, dass die Verpackungen eine hohe Tragf\u00e4higkeit aufweisen, druckfest sind und sich nicht verformen.<\/p>\n<h3 id=\"4-eva-lining-protection-comprehensive-product-protection-\">4.\u00a0<strong>EVA-Futterschutz, umfassender Produktschutz<\/strong><\/h3>\n<p>Die ma\u00dfgeschneiderte, weiche und hochelastische EVA-Auskleidung passt sich der Form von Make-up-Pinseln und Kosmetika an, d\u00e4mpft effektiv Vibrationen und Extrusion w\u00e4hrend des Transports und verhindert eine Verschiebung, Verformung oder Abnutzung der Produkte. Die Auskleidung kann flexibel als eine geschichtete Struktur entworfen werden, geeignet f\u00fcr eine Kombination von B\u00fcrsten von mehreren Spezifikationen, und verbessert das Gef\u00fchl der Ordnung in der Produktpr\u00e4sentation.<\/p>\n<h2 id=\"-core-advantage-deep-customization-empowering-brand-value-\"><strong>Hauptvorteil: starke Individualisierung, St\u00e4rkung des Markenwerts<\/strong><\/h2>\n<h3 id=\"5-all-round-customization-service-to-meet-personalized-needs-\">5.\u00a0<strong>Umfassender Anpassungsservice zur Erf\u00fcllung pers\u00f6nlicher Bed\u00fcrfnisse<\/strong><\/h3>\n<ul>\n<li><strong>Box-Typ<\/strong>Unterst\u00fctzung der Anpassung verschiedener Schachteltypen wie Flipbox, Buchbox, Schubladenbox, etc;<\/li>\n<li><strong>Gr\u00f6\u00dfe<\/strong>: Genaue Planung entsprechend der Produktmenge und den Spezifikationen, um die Raumnutzung zu optimieren;<\/li>\n<li><strong>Kunsthandwerk<\/strong>: bieten Oberfl\u00e4chenbehandlungen wie Hei\u00dfpr\u00e4gung, Pr\u00e4gung, UV, Siebdruck usw., wahlweise mit Matt-\/Glanzeffekten;<\/li>\n<li><strong>Farbe und Material<\/strong>Zus\u00e4tzlich zum Standard-Schwarz unterst\u00fctzen sie Pantone-Spot-Farben, die auf Spezialpapier wie Lederstruktur und Metallstruktur aufger\u00fcstet werden k\u00f6nnen.<\/li>\n<\/ul>\n<h3 id=\"6-precise-adaptation-of-lining-to-strengthen-brand-memory-\">6.\u00a0<strong>Pr\u00e4zise Anpassung des Futters zur St\u00e4rkung des Markenged\u00e4chtnisses<\/strong><\/h3>\n<p>Je nach L\u00e4nge, Durchmesser und Anordnung des Make-up-Pinselsets wird das Layout der Futterrillen angepasst, und das Markenlogo oder Sloganrelief kann eingebettet werden. Durch eine einheitliche visuelle Sprache und ein detailliertes Design wird die Wiedererkennung der Markenprofessionalit\u00e4t durch die Verbraucher verbessert und die Wiederkaufsloyalit\u00e4t erh\u00f6ht.<\/p>","protected":false},"excerpt":{"rendered":"<ul>\n<li><strong>Kostenloses Proofing<\/strong>: Lieferung von Mustern innerhalb von 3-5 Arbeitstagen, intuitives Erleben der Qualit\u00e4t;<\/li>\n<li><strong>Freie Gestaltung<\/strong>: Ein professionelles Team unterst\u00fctzt 3D-Strukturdiagramme und grafische Anpassungen;<\/li>\n<li><strong>Hohe Kostenleistung<\/strong>: Large-Scale-Produktion + Quelle Lieferkette, der Preis ist 15% niedriger als die Industrie;<\/li>\n<li><strong>24-Stunden-Reaktion<\/strong>: Eins-zu-eins-Kundendienst w\u00e4hrend des gesamten Prozesses, Betreuung vom Entwurf bis zur Auslieferung, Unterst\u00fctzung von Eilauftr\u00e4gen.<\/li>\n<\/ul>","protected":false},"featured_media":9191,"template":"","meta":[],"product_brand":[],"product_cat":[30,390,424,31],"product_tag":[1099,1098,1100],"class_list":{"0":"post-9190","1":"product","2":"type-product","3":"status-publish","4":"has-post-thumbnail","6":"product_cat-by-industry","7":"product_cat-custom-cosmetics-boxes","8":"product_cat-magnetic-closure-boxes","9":"product_cat-paper-box-style","10":"product_tag-cosmetic-brush-set-packaging","11":"product_tag-makeup-brush-packaging","12":"product_tag-wholesale-makeup-brush-boxes","14":"first","15":"instock","16":"shipping-taxable","17":"product-type-simple"},"_links":{"self":[{"href":"https:\/\/zojopackaging.com\/de\/wp-json\/wp\/v2\/product\/9190","targetHints":{"allow":["GET"]}}],"collection":[{"href":"https:\/\/zojopackaging.com\/de\/wp-json\/wp\/v2\/product"}],"about":[{"href":"https:\/\/zojopackaging.com\/de\/wp-json\/wp\/v2\/types\/product"}],"version-history":[{"count":2,"href":"https:\/\/zojopackaging.com\/de\/wp-json\/wp\/v2\/product\/9190\/revisions"}],"predecessor-version":[{"id":9197,"href":"https:\/\/zojopackaging.com\/de\/wp-json\/wp\/v2\/product\/9190\/revisions\/9197"}],"wp:featuredmedia":[{"embeddable":true,"href":"https:\/\/zojopackaging.com\/de\/wp-json\/wp\/v2\/media\/9191"}],"wp:attachment":[{"href":"https:\/\/zojopackaging.com\/de\/wp-json\/wp\/v2\/media?parent=9190"}],"wp:term":[{"taxonomy":"product_brand","embeddable":true,"href":"https:\/\/zojopackaging.com\/de\/wp-json\/wp\/v2\/product_brand?post=9190"},{"taxonomy":"product_cat","embeddable":true,"href":"https:\/\/zojopackaging.com\/de\/wp-json\/wp\/v2\/product_cat?post=9190"},{"taxonomy":"product_tag","embeddable":true,"href":"https:\/\/zojopackaging.com\/de\/wp-json\/wp\/v2\/product_tag?post=9190"}],"curies":[{"name":"wp","href":"https:\/\/api.w.org\/{rel}","templated":true}]}}