{"id":9198,"date":"2025-04-01T16:44:23","date_gmt":"2025-04-01T08:44:23","guid":{"rendered":"https:\/\/zojopackaging.com\/?post_type=product&#038;p=9198"},"modified":"2025-04-01T17:04:27","modified_gmt":"2025-04-01T09:04:27","slug":"custom-stereo-earphone-bluetooth-earbuds-gift-box-packaging","status":"publish","type":"product","link":"https:\/\/zojopackaging.com\/de\/product\/custom-stereo-earphone-bluetooth-earbuds-gift-box-packaging\/","title":{"rendered":"Benutzerdefinierte Stereo-Kopfh\u00f6rer Bluetooth Ohrh\u00f6rer Geschenk Box Verpackung"},"content":{"rendered":"<h2 id=\"-i-design-concept-luxury-experience-all-in-the-moment-of-unboxing-\"><strong>1. Design-Konzept: Luxuri\u00f6ses Erlebnis, alles im Moment des Auspackens<\/strong><\/h2>\n<p>Dieses Produkt wurde f\u00fcr hochwertige Stereo-Bluetooth-Headsets entwickelt, wobei der Grundsatz \"Unboxing ist ein Ritual\" im Mittelpunkt steht. Die oberen und unteren Abdeckungen sind durch den\u00a0<strong>kastenf\u00f6rmige Struktur des oberen und unteren Deckels<\/strong>und l\u00e4sst sich mit einem einzigen Handgriff elegant \u00f6ffnen. Die Linien des Kartons sind einfach und sauber, und das Gef\u00fchl f\u00fcr das \u00d6ffnen und Schlie\u00dfen wurde genau angepasst, um sicherzustellen, dass jedes Auspacken voller Erwartungen ist, und so ein eindringliches Erlebnis vom Sehen bis zum Ber\u00fchren f\u00fcr die Kunden zu schaffen.<\/p>\n<h2 id=\"-ii-materials-and-craftsmanship-the-ultimate-balance-between-environmental-protection-and-quality-\"><strong>2. Materialien und Handwerkskunst: Das ultimative Gleichgewicht zwischen Umweltschutz und Qualit\u00e4t<\/strong><\/h2>\n<ol>\n<li><strong>Umweltfreundliches Substrat<\/strong><\/li>\n<li><strong>\u00c4u\u00dferer Kasten<\/strong>: Es wird 1200 g hochfester Karton verwendet, der druck- und sto\u00dffest ist, um die Transportsicherheit zu gew\u00e4hrleisten.<\/li>\n<li><strong>Landfahrzeuge<\/strong>: 157g C2S hochgl\u00e4nzend gestrichenes Papier, mit zartem Griff, mit\u00a0<strong>Hei\u00dfpr\u00e4gung rot gold Handwerk<\/strong>\u00a0(Teil-\/Vollversion optional), durch den starken Kontrast zwischen dem Metallglanz und dem komplett schwarzen Geh\u00e4use, um einen visuellen Fokus zu schaffen und die High-End-Positionierung der Marke zu vermitteln.<\/li>\n<li><strong>Ganz in Schwarz gehaltener Kofferaufbau<\/strong>: Mattschwarzer Sockel mit Mikro-Perlglanz-Beschichtung, zur\u00fcckhaltende und moderne Technologie, kombiniert mit Hei\u00dfpr\u00e4getechnik, interpretiert perfekt die Design-Philosophie von \"Luxus ohne Werbung\".<\/li>\n<li><strong>Umweltfreundliches Futter<\/strong><\/li>\n<li>Abbaubare, gestanzte Pappeinlage, die genau an die Gr\u00f6\u00dfe der Kopfh\u00f6rer angepasst ist und einen stabilen Halt bietet;<\/li>\n<li>Unterst\u00fctzung\u00a0<strong>markenspezifische Aush\u00f6hlung<\/strong>\u00a0(z. B. Logo, Slogan-Pr\u00e4gung), die das exklusive Gef\u00fchl des Produkts verst\u00e4rken;<\/li>\n<li>Die Oberfl\u00e4che des Futters ist mit einer umweltfreundlichen Beschichtung auf Wasserbasis versehen, die verschlei\u00dffest und leicht zu reinigen ist.<\/li>\n<\/ol>\n<h2 id=\"-three-highly-customized-services-empowering-brands-\"><strong>3. Hochgradig ma\u00dfgeschneiderte Dienstleistungen: St\u00e4rkung der Marken<\/strong><\/h2>\n<ol>\n<li><strong>Art und Gr\u00f6\u00dfe der Box<\/strong><\/li>\n<li>Unterst\u00fctzt eine Vielzahl von Strukturen wie obere und untere Abdeckungen, buchf\u00f6rmige Boxen, Schubladenboxen usw., die zu TWS-Ohrh\u00f6rern, Kopfh\u00f6rern und anderen Produkten passen;<\/li>\n<li>Flexible Gr\u00f6\u00dfeneinstellung, Fehlergenauigkeit \u22640,5 mm, perfekte Passform f\u00fcr das Produkt.<\/li>\n<li><strong>Visuelle und taktile Anpassung<\/strong><\/li>\n<li><strong>Farbe<\/strong>: Neben dem klassischen Schwarz bieten wir kundenspezifische L\u00f6sungen wie Pantone-Sonderfarben, UV-Gradienten und Perlglanzbeschichtung;<\/li>\n<li><strong>Oberfl\u00e4cheneffekt<\/strong>: Freie Kombination von Hei\u00dfpr\u00e4gung\/Silber\/Laser, Pr\u00e4gung, Siebdruck, lokaler Lackierung und anderen Verfahren;<\/li>\n<li><strong>Funktion des Innenfutters<\/strong>: Aufr\u00fcstbar auf EVA-Schwamm, beflocktes Innenfach und kompatibel mit Zubeh\u00f6r wie z. B. einem kabellosen Ladefach.<\/li>\n<li><strong>Vertiefung der Markeneinf\u00fchrung<\/strong><\/li>\n<li>Die Innenseite der Schachtel kann mit Markengeschichten oder Gebrauchsanweisungen bedruckt werden, und auf der Unterseite der \u00e4u\u00dferen Schachtel wird ein Code zur R\u00fcckverfolgbarkeit zum Schutz vor F\u00e4lschungen angebracht;<\/li>\n<li>Unterst\u00fctzung des Designs \"eine Box f\u00fcr mehrere Verwendungszwecke\", z. B. mit Steckpl\u00e4tzen f\u00fcr Ersatzohrst\u00f6psel und Zubeh\u00f6raufbewahrungsschichten, um die Benutzerfreundlichkeit zu erh\u00f6hen.<\/li>\n<\/ol>\n<h2 id=\"-fourth-supply-chain-advantages-one-stop-service-in-shenzhen-factory-\"><strong>4. Vorteile der Lieferkette: Service aus einer Hand in der Fabrik in Shenzhen<\/strong><\/h2>\n<ul>\n<li><strong>Kostenloses Proofing<\/strong>: Bieten Probe Lieferung innerhalb von 3-5 Werktagen, was Sie sehen, ist was Sie bekommen;<\/li>\n<li><strong>Preisvorteil<\/strong>: Die Gro\u00dfserienproduktion senkt die Kosten, und die Mindestbestellmenge pro Schachtel liegt bei nur 500 St\u00fcck;<\/li>\n<li><strong>Sicherung der Qualit\u00e4t<\/strong>: Zertifizierung nach ISO 9001, SGS-Umweltschutztestbericht;<\/li>\n<li><strong>Schnelle Antwort<\/strong>24-Stunden-Kundenservice, Design, Produktion und Logistik mit vollst\u00e4ndiger Prozessverfolgung.<\/li>\n<\/ul>","protected":false},"excerpt":{"rendered":"<p>\u2705\u00a0<strong>Ritual des einh\u00e4ndigen \u00d6ffnens der Schachtel<\/strong> \u2192 Verbesserung der Benutzerfreundlichkeit<br \/>\n\u2705\u00a0<strong>Umweltfreundliche Materialien + pr\u00e4zises Futter<\/strong>\u00a0\u2192 Unterst\u00fctzung der sozialen Verantwortung der Marke<br \/>\n\u2705\u00a0<strong>Tiefe Anpassung + schnelle Reaktion<\/strong>\u00a0\u2192 Senkung der Kosten f\u00fcr die Markenentwicklung<\/p>","protected":false},"featured_media":9199,"template":"","meta":[],"product_brand":[],"product_cat":[30,413,425,31],"product_tag":[1102,1103,1101],"class_list":{"0":"post-9198","1":"product","2":"type-product","3":"status-publish","4":"has-post-thumbnail","6":"product_cat-by-industry","7":"product_cat-consumer-electronics-boxes","8":"product_cat-lid-and-base-gift-box","9":"product_cat-paper-box-style","10":"product_tag-cable-earphone-box-paper-packaging","11":"product_tag-custom-earbuds-lid-and-base-box","12":"product_tag-stereo-earphones-packaging-boxes","14":"first","15":"instock","16":"shipping-taxable","17":"product-type-simple"},"_links":{"self":[{"href":"https:\/\/zojopackaging.com\/de\/wp-json\/wp\/v2\/product\/9198","targetHints":{"allow":["GET"]}}],"collection":[{"href":"https:\/\/zojopackaging.com\/de\/wp-json\/wp\/v2\/product"}],"about":[{"href":"https:\/\/zojopackaging.com\/de\/wp-json\/wp\/v2\/types\/product"}],"version-history":[{"count":1,"href":"https:\/\/zojopackaging.com\/de\/wp-json\/wp\/v2\/product\/9198\/revisions"}],"predecessor-version":[{"id":9213,"href":"https:\/\/zojopackaging.com\/de\/wp-json\/wp\/v2\/product\/9198\/revisions\/9213"}],"wp:featuredmedia":[{"embeddable":true,"href":"https:\/\/zojopackaging.com\/de\/wp-json\/wp\/v2\/media\/9199"}],"wp:attachment":[{"href":"https:\/\/zojopackaging.com\/de\/wp-json\/wp\/v2\/media?parent=9198"}],"wp:term":[{"taxonomy":"product_brand","embeddable":true,"href":"https:\/\/zojopackaging.com\/de\/wp-json\/wp\/v2\/product_brand?post=9198"},{"taxonomy":"product_cat","embeddable":true,"href":"https:\/\/zojopackaging.com\/de\/wp-json\/wp\/v2\/product_cat?post=9198"},{"taxonomy":"product_tag","embeddable":true,"href":"https:\/\/zojopackaging.com\/de\/wp-json\/wp\/v2\/product_tag?post=9198"}],"curies":[{"name":"wp","href":"https:\/\/api.w.org\/{rel}","templated":true}]}}