{"id":9205,"date":"2025-04-01T16:52:52","date_gmt":"2025-04-01T08:52:52","guid":{"rendered":"https:\/\/zojopackaging.com\/?post_type=product&#038;p=9205"},"modified":"2025-04-01T17:28:33","modified_gmt":"2025-04-01T09:28:33","slug":"customization-logo-perfume-foil-folding-carton-boxes-manufacturer","status":"publish","type":"product","link":"https:\/\/zojopackaging.com\/de\/product\/customization-logo-perfume-foil-folding-carton-boxes-manufacturer\/","title":{"rendered":"Customization Logo Parf\u00fcm Folie Faltkarton Boxen Hersteller"},"content":{"rendered":"<p>Als f\u00fchrendes Unternehmen in der chinesischen Verpackungsindustrie konzentriert sich ZOJO Print auf ma\u00dfgeschneiderte Kartonl\u00f6sungen f\u00fcr hochwertige Marken. Im Folgenden finden Sie die 7 wichtigsten Vorteile der Parf\u00fcm-Aluminiumfolien-Faltschachtel, kombiniert mit technischen Industriestandards und Designkonzepten:<\/p>\n<h3 id=\"1-four-color-printing-hot-stamping-process-visual-expression-of-high-end-image-\">1.\u00a0<strong>Vierfarbendruck + Hei\u00dfpr\u00e4geverfahren: visueller Ausdruck eines hochwertigen Images<\/strong><\/h3>\n<p>Das Vierfarbendruckverfahren wird eingesetzt, um eine genaue CMYK-Farbwiedergabe zu erzielen, und das Hei\u00dfpr\u00e4geverfahren wird verwendet, um Markenlogos, Muster und andere Elemente auf den Kartonk\u00f6rper oder die Auskleidung aufzubringen, wobei die Metallstruktur im Licht gl\u00e4nzt. Die Oberfl\u00e4che des wei\u00dfen Kartons ist glatt und die Farbe haftet gut, so dass das Muster fein und ohne Grate ist. Eine internationale Parf\u00fcmmarke hat beispielsweise den Aufschlag ihrer Produkte um 25% erh\u00f6ht, nachdem sie mit diesem Verfahren gelistet wurde.<\/p>\n<h3 id=\"2-application-of-color-psychology-emotional-visual-experience-\">2.\u00a0<strong>Anwendung der Farbpsychologie: emotionale visuelle Erfahrung<\/strong><\/h3>\n<p>Schaffen Sie eine warme Atmosph\u00e4re durch warme T\u00f6ne mit geringer S\u00e4ttigung (z. B. Bernsteingold und Kirschbl\u00fctenrosa) und ein Design mit Farb\u00fcberg\u00e4ngen. Die Farbhierarchie folgt den farbpsychologischen Grunds\u00e4tzen der FPA, was nicht nur den Markenton vermittelt, sondern auch den \u00e4sthetischen Vorlieben der weiblichen Verbraucher entspricht. Experimentelle Daten zeigen, dass weich get\u00f6nte Verpackungen die Verweildauer der Verbraucher um 37% erh\u00f6hen.<\/p>\n<h3 id=\"3-innovation-of-card-insertion-structure-interactive-opening-and-closing-experience-\">3.\u00a0<strong>Innovation der Karteneinschubstruktur: interaktives Erlebnis beim \u00d6ffnen und Schlie\u00dfen<\/strong><\/h3>\n<p>Sie durchbricht die traditionelle Flip-Top-Box und verwendet eine Struktur mit doppeltem Karteneinschub: Die \u00e4u\u00dfere Box wird durch magnetische Ansaugung oder eine versteckte Schnalle befestigt, und die Methode zum \u00d6ffnen der inneren Box durch Karteneinschub bewahrt den Sinn f\u00fcr Zeremonien und ist einfach zu zeigen. Der Deckel der Box ist ergonomisch mit der R\u00fcckwand verbunden, und der \u00d6ffnungswinkel der rechten Hand ist auf 110\u00b0 optimiert, was f\u00fcr die 90% der Benutzer geeignet ist.<\/p>\n<h3 id=\"4-350g-white-card-material-the-golden-balance-of-strength-and-cost-\">4.\u00a0<strong>350g wei\u00dfes Kartonmaterial: die goldene Balance zwischen St\u00e4rke und Kosten<\/strong><\/h3>\n<p>Es wird 350g\/m\u00b2 importiertes wei\u00dfes Kartonpapier mit einer Ringdruckfestigkeit von 800N\/m gew\u00e4hlt, das dem vertikalen Falltest von Parf\u00fcmflaschen (mit einem Gewicht von etwa 100g) standh\u00e4lt. Im Vergleich zu Metallboxen reduziert sich das Gewicht um 60%, die Logistikkosten um 35%, und die FSC-Zertifizierung erf\u00fcllt die EU-Umweltstandards.<\/p>\n<h3 id=\"5-modular-size-customization-precise-adaptation-to-product-characteristics-\">5.\u00a0<strong>Modulare Gr\u00f6\u00dfenanpassung: pr\u00e4zise Anpassung an die Produkteigenschaften<\/strong><\/h3>\n<p>Unterst\u00fctzt die Anpassung der Gr\u00f6\u00dfentoleranz von \u00b10,5 mm und erstellt schnell Konstruktionszeichnungen durch digitale Modellierungssysteme. Die f\u00fcr eine Nischenparf\u00fcmmarke ma\u00dfgeschneiderte 15ml-Mini-Flaschenbox hat beispielsweise eine kompakte Gr\u00f6\u00dfe von 175\u00d780\u00d745mm, und die Raumnutzungsrate wird um 40% erh\u00f6ht.<\/p>\n<h3 id=\"6-box-design-language-visual-carrier-of-brand-assets-\">6.\u00a0<strong>Box-Designsprache: visueller Tr\u00e4ger von Markenwerten<\/strong><\/h3>\n<p>Innovativ ist der Typ der \"schwebenden Flasche\": Das innere Tablett ist aufgeh\u00e4ngt, um Kollisionen zu vermeiden, und das \u00e4u\u00dfere Tablett bietet durch die UV-Beschichtung einen Licht- und Schatteneffekt mit Farbverlauf. Eine Luxusmarke wurde f\u00fcr dieses Design mit dem Red Dot Award ausgezeichnet, und die Wiederkaufsrate der Nutzer stieg um 22%.<\/p>\n<h3 id=\"7-multi-functional-inner-tray-system-double-guarantee-of-safety-and-aesthetics-\">7.\u00a0<strong>Multifunktionales Innenschalensystem: doppelte Garantie f\u00fcr Sicherheit und \u00c4sthetik<\/strong><\/h3>\n<p>Die Innenschale aus Wellpapier, die das Produkt an sechs Seiten umh\u00fcllt, hat eine polsternde Wirkung und gew\u00e4hrleistet eine Falltest-Durchgangsrate von 99,7%.<\/p>","protected":false},"excerpt":{"rendered":"<p>ZOJO Print bietet Parf\u00fcmmarken eine Komplettl\u00f6sung vom Konzept bis zur Massenproduktion durch eine tiefgreifende Kombination von Materialwissenschaft, Ergonomie und Marken\u00e4sthetik. Mit einer t\u00e4glichen Produktionskapazit\u00e4t von mehr als 60.000 St\u00fcck und einem ISO 9001-zertifizierten System kann ZOJO Print die individuellen Anforderungen von Start-up-Marken bis hin zu internationalen Marken erf\u00fcllen und seinen Kunden helfen, sich auf dem Endkundenmarkt zu differenzieren.<\/p>","protected":false},"featured_media":9212,"template":"","meta":[],"product_brand":[],"product_cat":[30,417,430,31],"product_tag":[1104,1105,1106],"class_list":{"0":"post-9205","1":"product","2":"type-product","3":"status-publish","4":"has-post-thumbnail","6":"product_cat-by-industry","7":"product_cat-custom-perfume-boxes-by-industry","8":"product_cat-folding-cartons","9":"product_cat-paper-box-style","10":"product_tag-customization-logo-boxes","11":"product_tag-folding-carton-boxes-manufacturer","12":"product_tag-perfume-foil-folding-carton-boxes","14":"first","15":"instock","16":"shipping-taxable","17":"product-type-grouped"},"_links":{"self":[{"href":"https:\/\/zojopackaging.com\/de\/wp-json\/wp\/v2\/product\/9205","targetHints":{"allow":["GET"]}}],"collection":[{"href":"https:\/\/zojopackaging.com\/de\/wp-json\/wp\/v2\/product"}],"about":[{"href":"https:\/\/zojopackaging.com\/de\/wp-json\/wp\/v2\/types\/product"}],"version-history":[{"count":1,"href":"https:\/\/zojopackaging.com\/de\/wp-json\/wp\/v2\/product\/9205\/revisions"}],"predecessor-version":[{"id":9220,"href":"https:\/\/zojopackaging.com\/de\/wp-json\/wp\/v2\/product\/9205\/revisions\/9220"}],"wp:featuredmedia":[{"embeddable":true,"href":"https:\/\/zojopackaging.com\/de\/wp-json\/wp\/v2\/media\/9212"}],"wp:attachment":[{"href":"https:\/\/zojopackaging.com\/de\/wp-json\/wp\/v2\/media?parent=9205"}],"wp:term":[{"taxonomy":"product_brand","embeddable":true,"href":"https:\/\/zojopackaging.com\/de\/wp-json\/wp\/v2\/product_brand?post=9205"},{"taxonomy":"product_cat","embeddable":true,"href":"https:\/\/zojopackaging.com\/de\/wp-json\/wp\/v2\/product_cat?post=9205"},{"taxonomy":"product_tag","embeddable":true,"href":"https:\/\/zojopackaging.com\/de\/wp-json\/wp\/v2\/product_tag?post=9205"}],"curies":[{"name":"wp","href":"https:\/\/api.w.org\/{rel}","templated":true}]}}