{"id":9214,"date":"2025-04-01T17:04:56","date_gmt":"2025-04-01T09:04:56","guid":{"rendered":"https:\/\/zojopackaging.com\/?post_type=product&#038;p=9214"},"modified":"2025-04-01T17:31:32","modified_gmt":"2025-04-01T09:31:32","slug":"custom-whisky-champagne-packaging-boxes-wholesale","status":"publish","type":"product","link":"https:\/\/zojopackaging.com\/de\/product\/custom-whisky-champagne-packaging-boxes-wholesale\/","title":{"rendered":"Benutzerdefinierte Whisky Champagner Verpackung Boxen Gro\u00dfhandel"},"content":{"rendered":"<h2 id=\"-i-core-advantages-of-the-product-\"><strong>1. Hauptvorteile des Produkts<\/strong><\/h2>\n<h3 id=\"1-magnetic-opening-and-closing-design-\">1.\u00a0<strong>Magnetisches \u00d6ffnen und Schlie\u00dfen<\/strong><\/h3>\n<p>Die eingebaute Magnetadsorptionstechnologie sorgt f\u00fcr ein sanftes, leises und dauerhaftes \u00d6ffnen und Schlie\u00dfen der Verpackungsbox. Sie nutzt sich nach wiederholtem Gebrauch nicht so leicht ab und verleiht hochwertigen Weinprodukten ein Gef\u00fchl von edlem Ritual und praktischer Bequemlichkeit und eignet sich f\u00fcr die Verpackungsanforderungen von edlen Weinen wie Whiskey und Champagner.<\/p>\n<h3 id=\"2-double-sided-printing-process-\">2.\u00a0<strong>Beidseitiges Druckverfahren<\/strong><\/h3>\n<p>Unterst\u00fctzt den hochaufl\u00f6senden Druck auf beiden Seiten des Schachtelk\u00f6rpers, wodurch das Markenlogo und die visuellen Hauptelemente auf der Vorderseite hervorgehoben werden. Auf der R\u00fcckseite werden erweiterte Informationen wie Produktgeschichten, Prozessdetails oder QR-Codes angezeigt, was die Effizienz des Transports von Verpackungsinformationen verbessert und ein eindrucksvolles Markenkommunikationserlebnis schafft.<\/p>\n<h3 id=\"3-brand-exclusive-blue-tone-\">3.\u00a0<strong>Markenexklusiver Blauton<\/strong><\/h3>\n<p>Die Hauptfarbe des Geh\u00e4uses ist ein tiefes Blau, das das Vertrauen und die Technologie der Marke symbolisiert und ein stabiles, professionelles und hochwertiges Image vermittelt. Unterst\u00fctzt Pantone-Spot-Farbkalibrierung, um genaue und konsistente Farben zu gew\u00e4hrleisten und die visuelle Wiedererkennung der Marke zu verbessern.<\/p>\n<h3 id=\"4-precise-eva-lining-customization-\">4.\u00a0<strong>Pr\u00e4zise EVA-Futteranpassung<\/strong><\/h3>\n<p>Entsprechend den vom Kunden angegebenen Gr\u00f6\u00dfenangaben f\u00fcr Weinflaschen wird die Auskleidung aus hochdichtem EVA-Material pr\u00e4zise zugeschnitten, das sich eng an die Flasche anschmiegt, sto\u00dffest und druckbest\u00e4ndig ist und die Transportsicherheit gew\u00e4hrleistet; gleichzeitig wird die Raumaufteilung optimiert, \u00fcberfl\u00fcssige L\u00fccken werden reduziert und die Kompaktheit und der Umweltschutz der Verpackung werden verbessert.<\/p>\n<h2 id=\"-second-highly-customized-service-\"><strong>2. \u00c4u\u00dferst individueller Service<\/strong><\/h2>\n<ul>\n<li><strong>Flexible Anpassung der Box<\/strong>: Neben der Standard-Magnetsaugerbox unterst\u00fctzt er eine Vielzahl von Boxenanpassungen, wie z.B. Daumenk\u00e4sten und Schubladenboxen, um den Anforderungen der unterschiedlichen Produktpositionierung gerecht zu werden.<\/li>\n<li><strong>Pr\u00e4zise Gr\u00f6\u00dfenanpassung<\/strong>: F\u00fcr speziell geformte Flaschen und Weine in limitierter Auflage kann ein 1:1-Modellierungsservice angeboten werden, um eine perfekte \u00dcbereinstimmung zwischen Verpackung und Produkt zu erreichen.<\/li>\n<li><strong>Vielf\u00e4ltige Materialauswahl<\/strong>: Bieten Sie hochwertige Materialien wie Spezialpapier, Kunstdruckpapier, Papier mit Lederstruktur, Metallverbundkarton usw. an und ber\u00fccksichtigen Sie dabei Textur und Funktionalit\u00e4t.<\/li>\n<li><strong>Upgrade des Oberfl\u00e4chenprozesses<\/strong>: Optionale Hei\u00dfpr\u00e4gung\/Silber, UV-Pr\u00e4gung, Pr\u00e4gung, Siebdruck und andere Verfahren zur Verbesserung des haptischen und visuellen Niveaus und zur Hervorhebung des hochwertigen Charakters der Marke.<\/li>\n<\/ul>\n<h2 id=\"-iii-professional-support-\"><strong>3. Professionelle Unterst\u00fctzung<\/strong><\/h2>\n<ul>\n<li><strong>16 Jahre Erfahrung im Verpackungsbereich<\/strong>: 16 Jahre Erfahrung in der Verpackungs- und Druckbranche, mehr als 500 globale Weinmarken, vertraut mit Industriestandards und Innovationstrends, bietet L\u00f6sungen aus einer Hand, vom Design \u00fcber das Proofing bis zur Massenproduktion.<\/li>\n<li><strong>Kleinserienbestellung + schnelle Lieferung<\/strong>: Unterst\u00fctzung von 50 St\u00fcck Mindestbestellmenge, 15-20 Tage Lieferfrist, flexible Reaktion auf dringende Kundenw\u00fcnsche.<\/li>\n<li><strong>Vollst\u00e4ndige Qualit\u00e4tskontrolle des Prozesses garantiert<\/strong>: Zertifizierung nach ISO 9001 f\u00fcr das Qualit\u00e4tsmanagementsystem, strenge Kontrolle der wichtigsten Faktoren wie Rohstoffe, Farbunterschiede beim Druck, St\u00e4rke des Endprodukts usw., um die Konsistenz der Massenproduktion zu gew\u00e4hrleisten.<\/li>\n<\/ul>\n<h2 id=\"-iv-application-scenarios-\"><strong>4. Anwendungsszenarien<\/strong><\/h2>\n<p>Anwendbar auf High-End-Szenarien wie Whiskey-\/Champagner-Geschenkboxen, limitierte Feiertagsausgaben, Co-Branding-Editionen, Sammlerweine usw., um Marken dabei zu helfen, den Mehrwert zu erh\u00f6hen und die Erinnerungspunkte der Verbraucher beim Auspacken zu st\u00e4rken.<\/p>","protected":false},"excerpt":{"rendered":"<ol>\n<li>\u00dcbermitteln Sie Ihre Anforderungen (Produktgr\u00f6\u00dfe, Anpassungsrichtung, Menge);<\/li>\n<li>Kostenloser Entwurf und Korrekturabzug (3-5 Arbeitstage);<\/li>\n<li>Massenproduktion nach Best\u00e4tigung des Plans;<\/li>\n<li>Logistiklieferung nach Qualit\u00e4tspr\u00fcfung.<\/li>\n<\/ol>","protected":false},"featured_media":9218,"template":"","meta":[],"product_brand":[],"product_cat":[30,419,424,31],"product_tag":[1108,1107,1109],"class_list":{"0":"post-9214","1":"product","2":"type-product","3":"status-publish","4":"has-post-thumbnail","6":"product_cat-by-industry","7":"product_cat-custom-wines-spirits-boxes","8":"product_cat-magnetic-closure-boxes","9":"product_cat-paper-box-style","10":"product_tag-champagne-packaging-boxes","11":"product_tag-custom-whisky-packaging","12":"product_tag-whisky-champagne-boxes-wholesale","14":"first","15":"instock","16":"shipping-taxable","17":"product-type-simple"},"_links":{"self":[{"href":"https:\/\/zojopackaging.com\/de\/wp-json\/wp\/v2\/product\/9214","targetHints":{"allow":["GET"]}}],"collection":[{"href":"https:\/\/zojopackaging.com\/de\/wp-json\/wp\/v2\/product"}],"about":[{"href":"https:\/\/zojopackaging.com\/de\/wp-json\/wp\/v2\/types\/product"}],"version-history":[{"count":2,"href":"https:\/\/zojopackaging.com\/de\/wp-json\/wp\/v2\/product\/9214\/revisions"}],"predecessor-version":[{"id":9229,"href":"https:\/\/zojopackaging.com\/de\/wp-json\/wp\/v2\/product\/9214\/revisions\/9229"}],"wp:featuredmedia":[{"embeddable":true,"href":"https:\/\/zojopackaging.com\/de\/wp-json\/wp\/v2\/media\/9218"}],"wp:attachment":[{"href":"https:\/\/zojopackaging.com\/de\/wp-json\/wp\/v2\/media?parent=9214"}],"wp:term":[{"taxonomy":"product_brand","embeddable":true,"href":"https:\/\/zojopackaging.com\/de\/wp-json\/wp\/v2\/product_brand?post=9214"},{"taxonomy":"product_cat","embeddable":true,"href":"https:\/\/zojopackaging.com\/de\/wp-json\/wp\/v2\/product_cat?post=9214"},{"taxonomy":"product_tag","embeddable":true,"href":"https:\/\/zojopackaging.com\/de\/wp-json\/wp\/v2\/product_tag?post=9214"}],"curies":[{"name":"wp","href":"https:\/\/api.w.org\/{rel}","templated":true}]}}