{"id":9221,"date":"2025-04-01T17:28:52","date_gmt":"2025-04-01T09:28:52","guid":{"rendered":"https:\/\/zojopackaging.com\/?post_type=product&#038;p=9221"},"modified":"2025-04-01T17:47:19","modified_gmt":"2025-04-01T09:47:19","slug":"soft-touch-custom-printing-folding-cartons-perfume-box-supplier","status":"publish","type":"product","link":"https:\/\/zojopackaging.com\/de\/product\/soft-touch-custom-printing-folding-cartons-perfume-box-supplier\/","title":{"rendered":"Soft Touch Custom Printing Faltschachteln Parf\u00fcm Box Lieferant"},"content":{"rendered":"<h3 id=\"1-clear-green-tone-and-luxurious-craftsmanship-\">1.\u00a0<strong>Klarer Gr\u00fcnton und luxuri\u00f6se Handwerkskunst<\/strong><\/h3>\n<p>Die Hauptfarbe des Schachtelk\u00f6rpers ist ein klares Gr\u00fcn, und der Vierfarbendruck sorgt f\u00fcr eine genaue CMYK-Farbwiedergabe. Der Oberfl\u00e4chenglanz wird durch die PET-Folienlaminierungstechnologie verbessert, und das Markenlogo wird durch die lokale Hei\u00dfsilbertechnologie versch\u00f6nert. Die Metalltextur zeigt im Licht einen zarten dreidimensionalen Effekt. Experimentelle Daten zeigen, dass diese Art von Technologie die Produktpr\u00e4mienrate um 28% erh\u00f6ht.<\/p>\n<h3 id=\"2-dual-card-structure-is-sturdy-\">2.\u00a0<strong>Robuste Doppelkartenstruktur<\/strong><\/h3>\n<p>Durch das einzigartige Doppelkartendesign ist der Kastendeckel auf beiden Seiten eng mit der Karte verbunden, die Struktur ist stabil und das Produkt kann in alle Richtungen befestigt werden.<\/p>\n<h3 id=\"3-400g-white-card-material-graded-customization-\">3.\u00a0<strong>400g wei\u00dfes Kartonmaterial, abgestufte Personalisierung<\/strong><\/h3>\n<p>Es wird importiertes 400g\/m\u00b2 wei\u00dfes Kartonpapier ausgew\u00e4hlt, das eine Ringdruckfestigkeit von 1000N\/m erreicht, FSC-zertifiziert ist und den EU-Umweltstandards entspricht. Bieten Sie L\u00f6sungen zur Gewichtsanpassung je nach Produktgewicht: - 100-200g Duft: 400g Basisversion - 200-300g Starker Duft: 450g erweiterte Version - 300g+ kundenspezifischer Duft: 500g Sonderausf\u00fchrung<\/p>\n<h3 id=\"4-different-structural-lining-adaptation-system-\">4.\u00a0<strong>Unterschiedliches System zur Anpassung der Strukturverkleidung<\/strong><\/h3>\n<p>Die Auskleidung kann entsprechend der spezifischen Form des Produkts gew\u00e4hlt werden, so dass die Schachtel eng anliegen kann. Verhindern Sie Sch\u00fcttelbesch\u00e4digungen w\u00e4hrend des Transports.<\/p>\n<h3 id=\"5-high-end-brand-empowerment-design-\">5.\u00a0<strong>Hochwertiges Design zur St\u00e4rkung der Marke<\/strong><\/h3>\n<p>Die Kartonschachtel mit doppeltem Einsatz passt sich den Anforderungen an Luxusverpackungen an: -\u00a0<strong>Optische Aufwertung<\/strong>: Das Design des H\u00e4ngekastens vergr\u00f6\u00dfert die Ausstellungsfl\u00e4che der Produkte um 40%.\u00a0<strong>Touch-Upgrade<\/strong>: Der Geh\u00e4usedeckel ist mit einer 0,3 mm dicken Hochglanzfolie \u00fcberzogen, und der D\u00e4mpfungskoeffizient beim \u00d6ffnen und Schlie\u00dfen wird mit 0,5-0,8 N-m kontrolliert.\u00a0<strong>Kulturelle Erz\u00e4hlung<\/strong>: Unterst\u00fctzung der Lasergravur von Geschichten aus der Markengeschichte und Wiedergabe von orientalischen \u00e4sthetischen Elementen wie \"The Tale of Genji\".<\/p>\n<h3 id=\"6-full-link-service-guarantee-\">6.\u00a0<strong>Full-Link-Service-Garantie<\/strong><\/h3>\n<p>Die Ausgangsfabrik mit 16 Jahren Erfahrung in der Verpackungsindustrie kann professionelle Dienstleistungen aus einer Hand anbieten. Vom Rendering bis zur Formung des Endprodukts und dem Versand sind engagierte Mitarbeiter verantwortlich. .<\/p>\n<h3 id=\"7-global-transportation-solution-\">7.\u00a0<strong>Globale Transportl\u00f6sung<\/strong><\/h3>\n<p>Auf der Grundlage von 15 Jahren Exporterfahrung wurden drei gro\u00dfe Logistiksysteme aufgebaut: -\u00a0<strong>Standleitung Luftverkehr<\/strong>: Mit EPE-Puffer-Lufts\u00e4ulenbeutel + Vakuumk\u00f6rper-Technologie (Druckfestigkeit um 60% erh\u00f6ht) -\u00a0<strong>Seefracht voller Schrank<\/strong>: Kundenspezifischer wasserdichter Wellpapp-Au\u00dfenbeh\u00e4lter + Temperatur- und Feuchtigkeits\u00fcberwachungschip -\u00a0<strong>Grenz\u00fcberschreitende Direktwerbung<\/strong>: Unabh\u00e4ngiges Verpackungsdesign in \u00dcbereinstimmung mit der CE\/FDA-Zertifizierung Die Transportbesch\u00e4digungsrate wird unter 0,03% kontrolliert.<\/p>","protected":false},"excerpt":{"rendered":"<p>ZOJO Print bietet Parf\u00fcmmarken eine Komplettl\u00f6sung vom Konzept bis zum Terminal durch die dreidimensionale Aufwertung von Materialinnovation (400g wei\u00dfe Karte + intelligentes Futter), Strukturtechnik (Doppelkarten-Kompressionssystem) und Markenservice (Full-Link-Anpassung). Die t\u00e4gliche Produktionskapazit\u00e4t von mehr als 60.000 Einheiten und das ISO 9001-Zertifizierungssystem erf\u00fcllen die individuellen Anforderungen von Start-up-Marken bis hin zu internationalen Marken und helfen den Kunden, sich auf dem Terminalmarkt zu behaupten.<\/p>","protected":false},"featured_media":9222,"template":"","meta":[],"product_brand":[],"product_cat":[30,417,430,31],"product_tag":[1111,913,1110],"class_list":{"0":"post-9221","1":"product","2":"type-product","3":"status-publish","4":"has-post-thumbnail","6":"product_cat-by-industry","7":"product_cat-custom-perfume-boxes-by-industry","8":"product_cat-folding-cartons","9":"product_cat-paper-box-style","10":"product_tag-custom-printing-folding-cartons","11":"product_tag-perfume-box-supplier","12":"product_tag-soft-touch-box","14":"first","15":"instock","16":"shipping-taxable","17":"product-type-grouped"},"_links":{"self":[{"href":"https:\/\/zojopackaging.com\/de\/wp-json\/wp\/v2\/product\/9221","targetHints":{"allow":["GET"]}}],"collection":[{"href":"https:\/\/zojopackaging.com\/de\/wp-json\/wp\/v2\/product"}],"about":[{"href":"https:\/\/zojopackaging.com\/de\/wp-json\/wp\/v2\/types\/product"}],"version-history":[{"count":1,"href":"https:\/\/zojopackaging.com\/de\/wp-json\/wp\/v2\/product\/9221\/revisions"}],"predecessor-version":[{"id":9237,"href":"https:\/\/zojopackaging.com\/de\/wp-json\/wp\/v2\/product\/9221\/revisions\/9237"}],"wp:featuredmedia":[{"embeddable":true,"href":"https:\/\/zojopackaging.com\/de\/wp-json\/wp\/v2\/media\/9222"}],"wp:attachment":[{"href":"https:\/\/zojopackaging.com\/de\/wp-json\/wp\/v2\/media?parent=9221"}],"wp:term":[{"taxonomy":"product_brand","embeddable":true,"href":"https:\/\/zojopackaging.com\/de\/wp-json\/wp\/v2\/product_brand?post=9221"},{"taxonomy":"product_cat","embeddable":true,"href":"https:\/\/zojopackaging.com\/de\/wp-json\/wp\/v2\/product_cat?post=9221"},{"taxonomy":"product_tag","embeddable":true,"href":"https:\/\/zojopackaging.com\/de\/wp-json\/wp\/v2\/product_tag?post=9221"}],"curies":[{"name":"wp","href":"https:\/\/api.w.org\/{rel}","templated":true}]}}