{"id":9231,"date":"2025-04-01T17:31:48","date_gmt":"2025-04-01T09:31:48","guid":{"rendered":"https:\/\/zojopackaging.com\/?post_type=product&#038;p=9231"},"modified":"2025-04-01T17:48:14","modified_gmt":"2025-04-01T09:48:14","slug":"custom-printed-scented-hair-growth-oil-packaging-box-factory","status":"publish","type":"product","link":"https:\/\/zojopackaging.com\/de\/product\/custom-printed-scented-hair-growth-oil-packaging-box-factory\/","title":{"rendered":"Benutzerdefinierte gedruckt duftende Haarwachstum \u00d6l Verpackung Box Fabrik"},"content":{"rendered":"<h2 id=\"-1-humanized-magnetic-box-design-taking-into-account-convenience-and-display-\"><strong>1. Humanisierte Magnetverschluss Box Design, unter Ber\u00fccksichtigung der Bequemlichkeit und Display<\/strong><\/h2>\n<p>Dank der innovativen magnetischen \u00d6ffnungs- und Verschlussstruktur l\u00e4sst sich die Flasche mit einer leichten Ber\u00fchrung \u00f6ffnen, und die Bedienung ist reibungslos. Eingebaute hochdichte EVA-Futterform, pr\u00e4zise Positionierung und Fixierung des Flaschenk\u00f6rpers, sto\u00dffest und druckfest, Gew\u00e4hrleistung der Transport- und Ausstellungssicherheit.<\/p>\n<h2 id=\"-2-high-strength-composite-material-double-protection-guarantee-\"><strong>2. Hochfestes Verbundmaterial, doppelte Schutzgarantie<\/strong><\/h2>\n<p>Das Grundmaterial wird ausgew\u00e4hlt als\u00a0<strong>157g C2S gestrichenes Papier + 1200g harter Karton<\/strong>\u00a0Kombination ist die Oberfl\u00e4che empfindlich und glatt, die untere Schicht hat eine hohe Sto\u00dffestigkeit und verformt sich nicht, nachdem sie den statischen Drucktest von 10 kg bestanden hat. Das Verbundverfahren verleiht dem Kartonk\u00f6rper eine ausgezeichnete Steifigkeit, widersteht effektiv der Extrusion durch \u00e4u\u00dfere Kr\u00e4fte und bietet einen Rundumschutz f\u00fcr hochwertige fl\u00fcssige Produkte.<\/p>\n<h2 id=\"-3-double-sided-high-precision-printing-technology-to-enhance-brand-penetration-\"><strong>3. Beidseitige Pr\u00e4zisionsdrucktechnik zur Verbesserung der Markendurchdringung<\/strong><\/h2>\n<p>Beidseitiger Vollfarb-UV-Druck, unterst\u00fctzt 4 Farben + Schmuckfarben + Pantone-Farbraum, mit einer Aufl\u00f6sung von 300 dpi und scharfen Mustern ohne Verschmierungen. Es kann mehrdimensionale Informationen wie Produktwirksamkeit, Beschreibung der Inhaltsstoffe, Markengeschichte usw. flexibel anordnen, den Wert der Kontaktpunkte mit dem Verbraucher erh\u00f6hen und sekund\u00e4re Marketingkosten reduzieren.<\/p>\n<h2 id=\"-4-customization-of-brand-visual-system-optimization-of-blue-tone-aesthetics-\"><strong>4. Anpassung des visuellen Systems der Marke, Optimierung der Blauton\u00e4sthetik<\/strong><\/h2>\n<p>Die Hauptfarbe ist Pantone 2945C Standardblau, und der Farbunterschied zwischen den Chargen betr\u00e4gt \u22640,5\u0394E nach 6 Farbkalibrierungsprozessen. Durch das partielle Hei\u00dfsilber-\/Pr\u00e4geverfahren wird der metallische Glanz in der matten Textur hervorgehoben, wodurch ein Gef\u00fchl von Technologie und High-End-Tonalit\u00e4t vermittelt wird, und der Wiedererkennungswert im Regal wird um 40% erh\u00f6ht.<\/p>\n<h2 id=\"-5-modular-compatible-structure-cross-category-adaptation-solution-\"><strong>5. Modularer kompatibler Aufbau, kategorie\u00fcbergreifende Anpassungsl\u00f6sung<\/strong><\/h2>\n<p>Der Innenraum unterst\u00fctzt die Anpassung von 30ml-150ml-Flaschen, die f\u00fcr Kosmetika wie Haarwuchs\u00f6l, Essenz und Creme geeignet sind. Das Zubeh\u00f6r wie Parf\u00fcm Schnallen und B\u00e4nder k\u00f6nnen erweitert werden, um die Bed\u00fcrfnisse der verschiedenen Szenarien wie Hautpflegeprodukte und leichte Luxus-Geschenk-Boxen zu erf\u00fcllen und reduzieren Kunden SKU Entwicklungskosten.<\/p>\n<h2 id=\"-6-precision-die-cutting-process-details-create-high-end-experience-\"><strong>6. Pr\u00e4zisions-Stanzprozess, Details schaffen High-End-Erlebnis<\/strong><\/h2>\n<p>Deutsches Heidelberger Laser-Stanzsystem, Schnitttoleranz \u00b10,15 mm, die R-Ecken sind abgerundet und gratfrei. Mit der leimfreien Einkerbungstechnologie \u00fcbersteigt die Lebensdauer der Schachtel 500 Mal, die Gl\u00e4tte der Ber\u00fchrung entspricht der europ\u00e4ischen Norm EN13432, und der Premium-Raum ist um 25% erh\u00f6ht.<\/p>\n<h2 id=\"-7-16-years-of-smart-manufacturing-experience-full-link-service-guarantee-\"><strong>7. 16 Jahre Erfahrung in der intelligenten Fertigung, Full-Link-Service-Garantie<\/strong><\/h2>\n<p>Als zweifach ISO9001\/14001-zertifiziertes Unternehmen in der chinesischen Verpackungsindustrie integrieren wir den gesamten Prozess von Design-Proofing-Produktion-Qualit\u00e4tskontrolle-Logistik, 7 Tage Schnellproofing, 15 Tage Chargenlieferung und eine Mindestbestellmenge von 500 St\u00fcck. Wir bieten eine 1-zu-1-Optimierung der Lieferkette an, und die Gesamtkosten sind 18% niedriger als auf dem Markt.<\/p>\n<h2 id=\"-technical-parameters-\"><strong>Technische Parameter<\/strong><\/h2>\n<table>\n<thead>\n<tr>\n<th>Projekt<\/th>\n<th>Spezifikation<\/th>\n<\/tr>\n<\/thead>\n<tbody>\n<tr>\n<td>Material<\/td>\n<td>157g gestrichenes Papier + 1200g Karton<\/td>\n<\/tr>\n<tr>\n<td>Druckverfahren<\/td>\n<td>Beidseitiger Druck<\/td>\n<\/tr>\n<tr>\n<td>Lieferzyklus<\/td>\n<td>7-14 Arbeitstage (je nach Auftragsvolumen)<\/td>\n<\/tr>\n<tr>\n<td>Umweltstandards<\/td>\n<td>FSC-zertifizierte, biologisch abbaubare Tinte<\/td>\n<\/tr>\n<\/tbody>\n<\/table>","protected":false},"excerpt":{"rendered":"<ul>\n<li><strong>Beherrschbare Kosten<\/strong>: selbst hergestellte Papierbasis + vollautomatische Produktionslinie, Preistransparenz Industrie TOP3<\/li>\n<li><strong>Verpflichtung zur Qualit\u00e4t<\/strong>Erstes St\u00fcck Vollinspektion + Chargenproben, Ausbeute 99,2%<\/li>\n<li><strong>Flexible Anpassung<\/strong>Unterst\u00fctzung von AR QR-Code, Duftmikrokapseln und anderen intelligenten Verpackungstechnologien<\/li>\n<\/ul>","protected":false},"featured_media":9232,"template":"","meta":[],"product_brand":[],"product_cat":[30,390,424,31],"product_tag":[1112,1114,1113],"class_list":{"0":"post-9231","1":"product","2":"type-product","3":"status-publish","4":"has-post-thumbnail","6":"product_cat-by-industry","7":"product_cat-custom-cosmetics-boxes","8":"product_cat-magnetic-closure-boxes","9":"product_cat-paper-box-style","10":"product_tag-custom-scented-packaging","11":"product_tag-growth-oil-packaging-box","12":"product_tag-hair-oil-packaging","14":"first","15":"instock","16":"shipping-taxable","17":"product-type-simple"},"_links":{"self":[{"href":"https:\/\/zojopackaging.com\/de\/wp-json\/wp\/v2\/product\/9231","targetHints":{"allow":["GET"]}}],"collection":[{"href":"https:\/\/zojopackaging.com\/de\/wp-json\/wp\/v2\/product"}],"about":[{"href":"https:\/\/zojopackaging.com\/de\/wp-json\/wp\/v2\/types\/product"}],"version-history":[{"count":1,"href":"https:\/\/zojopackaging.com\/de\/wp-json\/wp\/v2\/product\/9231\/revisions"}],"predecessor-version":[{"id":9238,"href":"https:\/\/zojopackaging.com\/de\/wp-json\/wp\/v2\/product\/9231\/revisions\/9238"}],"wp:featuredmedia":[{"embeddable":true,"href":"https:\/\/zojopackaging.com\/de\/wp-json\/wp\/v2\/media\/9232"}],"wp:attachment":[{"href":"https:\/\/zojopackaging.com\/de\/wp-json\/wp\/v2\/media?parent=9231"}],"wp:term":[{"taxonomy":"product_brand","embeddable":true,"href":"https:\/\/zojopackaging.com\/de\/wp-json\/wp\/v2\/product_brand?post=9231"},{"taxonomy":"product_cat","embeddable":true,"href":"https:\/\/zojopackaging.com\/de\/wp-json\/wp\/v2\/product_cat?post=9231"},{"taxonomy":"product_tag","embeddable":true,"href":"https:\/\/zojopackaging.com\/de\/wp-json\/wp\/v2\/product_tag?post=9231"}],"curies":[{"name":"wp","href":"https:\/\/api.w.org\/{rel}","templated":true}]}}