{"id":9246,"date":"2025-04-01T18:03:26","date_gmt":"2025-04-01T10:03:26","guid":{"rendered":"https:\/\/zojopackaging.com\/?post_type=product&#038;p=9246"},"modified":"2025-04-01T18:17:59","modified_gmt":"2025-04-01T10:17:59","slug":"manufacture-black-perfume-folding-cardboard-box-fast-delievery","status":"publish","type":"product","link":"https:\/\/zojopackaging.com\/de\/product\/manufacture-black-perfume-folding-cardboard-box-fast-delievery\/","title":{"rendered":"Herstellung Schwarzer Parf\u00fcm-Klappkarton Schnelle Lieferung"},"content":{"rendered":"<h3 id=\"1-350g-400g-white-card-material-smooth-touch-and-long-term-preservation-\">1.\u00a0<strong>350g-400g wei\u00dfes Kartonmaterial: weicher Griff und lange Haltbarkeit<\/strong><\/h3>\n<p>Ausgew\u00e4hlt wird importiertes wei\u00dfes Kartonpapier (350g Basisversion\/400g verbesserte Version) mit einer Oberfl\u00e4chengl\u00e4tte von 85\u00b0 und einem seidigen Griff. Der Feuchtigkeitsgehalt des Papiers, das nach ISO 9001 zertifiziert ist, wird streng auf 5%\u00b11% kontrolliert, um eine langfristige Haltbarkeit ohne Verformung zu gew\u00e4hrleisten. Im Vergleich zu gew\u00f6hnlichem Graukarton ist die Tintenhaftung von wei\u00dfem Kartonpapier um 40% erh\u00f6ht, und die gedruckte Farbe ist haltbarer.<\/p>\n<h3 id=\"2-minimalist-double-insert-card-box-shape-classic-design-and-multi-functional-adaptation-\">2.\u00a0<strong>Minimalistische Form der Kartenschachtel mit doppeltem Einschub: klassisches Design und multifunktionale Anpassung<\/strong><\/h3>\n<p>Die Schachtel hat eine Scheibenstruktur (selbstverriegelnder Boden an der Unterseite), der Schachteldeckel ist ergonomisch mit der R\u00fcckwand verbunden, und der rechte \u00d6ffnungswinkel ist auf 115\u00b0 optimiert. Durch das modulare Faltlinien-Design ist er f\u00fcr die gesamte Palette von Parf\u00fcmflaschen von 30 ml bis 100 ml geeignet, und der Flaschenk\u00f6rper ist in der Mitte aufgeh\u00e4ngt, um das Risiko von Transportkollisionen zu verringern. Die gemessene Druckfestigkeit betr\u00e4gt 1500N\/m\u00b2, und sie h\u00e4lt einem Falltest aus einer H\u00f6he von 1,2 Metern stand.<\/p>\n<h3 id=\"3-black-and-gold-contrasting-technology-visual-impact-and-light-luxury-aesthetics-\">3.\u00a0<strong>Schwarz-goldene Kontrasttechnik: visuelle Wirkung und leichte Luxus\u00e4sthetik<\/strong><\/h3>\n<p>Der partielle UV-Druck in Kombination mit der dreidimensionalen Relieftechnologie bildet auf dem schwarzen Substrat eine Textur mit 0,1 mm H\u00f6henunterschied, und die Metalltextur zeigt dynamische Licht- und Schatteneffekte wie der Sternenhimmel. Die Farbabstimmung von Schwarz und Gold hat den FPA-Farbpsychologietest bestanden, vermittelt ein Gef\u00fchl von geheimnisvollem Luxus und erh\u00f6ht den Premiumwert des Produkts um 32%.<\/p>\n<h3 id=\"4-heidelberg-four-color-printing-accurate-color-reproduction-\">4.\u00a0<strong>Heidelberg Vierfarbdruck: pr\u00e4zise Farbwiedergabe<\/strong><\/h3>\n<p>Mit der CMYK-Vierfarbdrucktechnologie wird das ICC-Farbmanagement verwendet, um sicherzustellen, dass der Farbunterschied \u0394E&lt;0,5 betr\u00e4gt, und die Tintenabdeckungsrate wird speziell f\u00fcr schwarze Substrate optimiert, um Probleme beim Eindringen der Tinte zu vermeiden. Unterst\u00fctzt die Pantone-Farbkartenanpassung, um eine genaue Wiederherstellung der VI-Markenfarbe zu erreichen.<\/p>\n<h3 id=\"5-customized-brand-logo-strengthen-user-memory-points-\">5.\u00a0<strong>Individuelles Markenlogo: Verst\u00e4rken Sie die Erinnerungspunkte der Benutzer<\/strong><\/h3>\n<p>Bietet Optionen f\u00fcr Hei\u00dfpr\u00e4gung\/Hei\u00dfsilber in zwei Verfahren, und die LOGO-Position unterst\u00fctzt das Design der Vorder-\/R\u00fcckwand mit zwei Anzeigepositionen. Eine Luxusmarke konnte mit dieser L\u00f6sung die Markenbekanntheit um 45% und die Wiederkaufsrate um 28% steigern.<\/p>\n<h3 id=\"6-replaceable-lining-system-smart-packaging-upgrade-\">6.\u00a0<strong>Auswechselbares Auskleidungssystem: intelligentes Verpackungs-Upgrade<\/strong><\/h3>\n<p>F\u00fcr die Auskleidung wird umweltfreundliches Wellpapier als Innenkarte verwendet, das eine schnelle Demontage und einen schnellen Austausch erm\u00f6glicht. Es werden 5 Anpassungsl\u00f6sungen angeboten: -\u00a0<strong>Sto\u00dffestes Basismodell<\/strong>Bestehen der ISTA 2A-Pr\u00fcfung -\u00a0<strong>Modell anzeigen<\/strong>: Transparentes Acrylfenster - Design\u00a0<strong>Umweltfreundliches und recycelbares Modell<\/strong>: Baumwollfutter aus Pflanzenfasern -\u00a0<strong>Kundenspezifisches LOGO-Modell<\/strong>: Markengeschichte der Lasergravur<\/p>\n<h3 id=\"7-fast-delivery-system-full-link-production-guarantee-\">7.\u00a0<strong>Schnelles Liefersystem: Produktionsgarantie bei voller Verkettung<\/strong><\/h3>\n<p>Verlassen Sie sich auf standardisierte Produktionsprozesse, um dies zu erreichen:<\/p>\n<ol>\n<li>3D-Modellierung und Struktursimulation (Fehler &lt;0,1 mm)<\/li>\n<li>8 Proofs pro Woche (Unterst\u00fctzung der Blindtestoptimierung)<\/li>\n<li>Heidelberger Druckmaschine mit eigener Produktionslinie<\/li>\n<li>ISO 9001-Qualit\u00e4tskontrollsystem Der gesamte Prozess vom Rendering bis zur Massenproduktion kann in nur 7 Tagen abgeschlossen werden, mit einer durchschnittlichen t\u00e4glichen Produktionskapazit\u00e4t von 120.000+, die die Amazon FBA\/EURAMID-Logistikstandards unterst\u00fctzt.<\/li>\n<\/ol>","protected":false},"excerpt":{"rendered":"<p>ZOJO Print bietet Parf\u00fcmmarken eine Komplettl\u00f6sung vom Konzept bis zum Terminal durch dreidimensionale Upgrades in den Bereichen Materialinnovation (white card touch + black gold technology), Strukturtechnik (doppelte Kartendruckfestigkeit) und intelligente Produktion (schnelles Proofing). Die t\u00e4gliche Produktionskapazit\u00e4t von mehr als 120.000 St\u00fcck und das Umweltzertifizierungssystem nach ISO 14001 erf\u00fcllen die individuellen Anforderungen von Start-up-Marken bis hin zu internationalen Marken und helfen den Kunden, sich auf dem Terminalmarkt zu differenzieren.<\/p>","protected":false},"featured_media":9260,"template":"","meta":[],"product_brand":[],"product_cat":[30,417,430,31],"product_tag":[1117,1118,1119],"class_list":{"0":"post-9246","1":"product","2":"type-product","3":"status-publish","4":"has-post-thumbnail","6":"product_cat-by-industry","7":"product_cat-custom-perfume-boxes-by-industry","8":"product_cat-folding-cartons","9":"product_cat-paper-box-style","10":"product_tag-black-perfume-folding-cardboard-box","11":"product_tag-folding-cardboard-box-fast-delievery","12":"product_tag-manufacture-box","14":"first","15":"instock","16":"shipping-taxable","17":"product-type-grouped"},"_links":{"self":[{"href":"https:\/\/zojopackaging.com\/de\/wp-json\/wp\/v2\/product\/9246","targetHints":{"allow":["GET"]}}],"collection":[{"href":"https:\/\/zojopackaging.com\/de\/wp-json\/wp\/v2\/product"}],"about":[{"href":"https:\/\/zojopackaging.com\/de\/wp-json\/wp\/v2\/types\/product"}],"version-history":[{"count":1,"href":"https:\/\/zojopackaging.com\/de\/wp-json\/wp\/v2\/product\/9246\/revisions"}],"predecessor-version":[{"id":9261,"href":"https:\/\/zojopackaging.com\/de\/wp-json\/wp\/v2\/product\/9246\/revisions\/9261"}],"wp:featuredmedia":[{"embeddable":true,"href":"https:\/\/zojopackaging.com\/de\/wp-json\/wp\/v2\/media\/9260"}],"wp:attachment":[{"href":"https:\/\/zojopackaging.com\/de\/wp-json\/wp\/v2\/media?parent=9246"}],"wp:term":[{"taxonomy":"product_brand","embeddable":true,"href":"https:\/\/zojopackaging.com\/de\/wp-json\/wp\/v2\/product_brand?post=9246"},{"taxonomy":"product_cat","embeddable":true,"href":"https:\/\/zojopackaging.com\/de\/wp-json\/wp\/v2\/product_cat?post=9246"},{"taxonomy":"product_tag","embeddable":true,"href":"https:\/\/zojopackaging.com\/de\/wp-json\/wp\/v2\/product_tag?post=9246"}],"curies":[{"name":"wp","href":"https:\/\/api.w.org\/{rel}","templated":true}]}}