{"id":9248,"date":"2025-04-01T18:03:53","date_gmt":"2025-04-01T10:03:53","guid":{"rendered":"https:\/\/zojopackaging.com\/?post_type=product&#038;p=9248"},"modified":"2025-04-01T18:19:04","modified_gmt":"2025-04-01T10:19:04","slug":"custom-printed-keyboard-packaging-rigid-boxes-wholesale","status":"publish","type":"product","link":"https:\/\/zojopackaging.com\/de\/product\/custom-printed-keyboard-packaging-rigid-boxes-wholesale\/","title":{"rendered":"Benutzerdefinierte bedruckte Tastatur Verpackung Starre Boxen Gro\u00dfhandel"},"content":{"rendered":"<h2 id=\"-i-design-concept-and-core-advantages-\"><strong>1. Designkonzept und Kernvorteile<\/strong><\/h2>\n<ol>\n<li><strong>Einfaches \u00e4sthetisches Design<\/strong>\u00a0Diese Tastatur-Verpackungsschachtel hat ein minimalistisches Design mit einer reinen Farbbasis (wie Schwarz, Wei\u00df und Grau) und einfachen Linien, was dem Mainstream-Verpackungstrend f\u00fcr elektronische Produkte entspricht. Die visuellen Elemente der Box-Oberfl\u00e4che folgen dem Prinzip \"weniger ist mehr\" und vermitteln durch serifenlose Schriftarten und geometrische Figuren ein Gef\u00fchl von Technologie, was mit der hochwertigen Verpackungsdesignsprache von Marken wie Apple und Dyson \u00fcbereinstimmt.<\/li>\n<li><strong>Pr\u00e4zise angepasste Auskleidungsstruktur<\/strong>\u00a0Die Auskleidung ist an die Kontur der Tastatur angepasst und verwendet hochdichtes EVA oder die Blisterschalen-Technologie, die sich an verschiedene Formen wie mechanische Tastaturen und Membrantastaturen anpasst und Transportschwingungen effektiv d\u00e4mpft. Die interne Trennwand kann die Tastenkappen und Kabel fixieren, um Kratzer zu vermeiden, und die Anpassungsf\u00e4higkeit ist besser als bei allgemeinen Verpackungen.<\/li>\n<li><strong>Hochpr\u00e4ziser Druck und Markendarstellung<\/strong>\u00a0Die Oberfl\u00e4che der Schachtel besteht aus 157 GSM gestrichenem Papier, kombiniert mit Offsetdrucktechnik, um hochaufl\u00f6sende Tastaturbilder und das Markenlogo zu pr\u00e4sentieren. Textinformationen (z. B. Produktparameter, Markenslogans) werden durch Hei\u00dfpr\u00e4gung\/UV-Lackierung hervorgehoben, um die Werbewirkung zu verbessern. Unterst\u00fctzt Vollfarbdruck, Farbunterschiedskontrolle \u22645%, gew\u00e4hrleistet visuelle Konsistenz.<\/li>\n<\/ol>\n<h2 id=\"-second-structure-and-material-details-\"><strong>2. Aufbau und Materialangaben<\/strong><\/h2>\n<ol>\n<li><strong>Humanisiertes Design des oberen und unteren Deckels<\/strong>\u00a0Die Verpackung hat eine obere und untere Deckelstruktur, und der Rand des Deckels ist mit einer bogenf\u00f6rmigen Fingerpositionierungsrille versehen. Die \u00d6ffnungs- und Schlie\u00dfd\u00e4mpfung ist m\u00e4\u00dfig, und das Produkt kann leicht mit einer Hand entnommen und platziert werden, w\u00e4hrend es den Anforderungen der Auslage entspricht. Der Tiefenfehler der Innenbox betr\u00e4gt \u22640,2 mm, um die Dichtigkeit des Verschlusses zu gew\u00e4hrleisten.<\/li>\n<li><strong>Hochfeste Materialkombination<\/strong><\/li>\n<li><strong>\u00c4u\u00dferer Kasten<\/strong>: 1200 GSM Graupappe, Druckfestigkeit \u226550kg, die Tragf\u00e4higkeit ist 3 mal besser als bei gew\u00f6hnlichen Wellpappkartons.<\/li>\n<li><strong>Oberfl\u00e4che<\/strong>: 157 GSM beschichtetes Papier mit mattem Film, zartes Gef\u00fchl und Anti-Fingerabdruck, Druck Farbskala Abdeckung erreicht 98%.<\/li>\n<li><strong>Schutz der Umwelt<\/strong>: Das Material ist FSC-zertifiziert, unterst\u00fctzt abbaubare Optionen und entspricht den europ\u00e4ischen und amerikanischen Umweltvorschriften.<\/li>\n<\/ol>\n<h2 id=\"-iii-production-and-service-guarantee-\"><strong>3. Produktions- und Servicegarantie<\/strong><\/h2>\n<ol>\n<li><strong>16-Jahres-Quelle Werksfestigkeit<\/strong>\u00a0Gest\u00fctzt auf 15 Jahre Erfahrung in der professionellen Verpackungsherstellung in Guangdong, China, ist das Werk mit vollautomatischen Stanzmaschinen, CNC-Pr\u00e4zisionsgravuranlagen und einem ISO-Qualit\u00e4tsmanagementsystem ausgestattet und verf\u00fcgt \u00fcber eine j\u00e4hrliche Produktionskapazit\u00e4t von \u00fcber 5 Millionen St\u00fcck, wobei der St\u00fcckpreis 20%-30% niedriger ist als bei \u00e4hnlichen Produkten auf dem Markt. Unterst\u00fctzt eine Mindestbestellung von 1.000 St\u00fcck, 7-10 Tage Lieferzeit und eine Ausbeute von \u226599%.<\/li>\n<li><strong>One-Stop-L\u00f6sung f\u00fcr den Au\u00dfenhandel<\/strong><\/li>\n<li><strong>Unterst\u00fctzung bei der Gestaltung<\/strong>: Kostenlose 3D-Rendering-Pr\u00fcfung, vollst\u00e4ndige Design\u00e4nderungen innerhalb von 72 Stunden und Kompatibilit\u00e4t mit den visuellen Spezifikationen von Plattformen wie Amazon und eBay.<\/li>\n<li><strong>Produktion bis Logistik<\/strong>: Integration der Lieferkette in Shenzhen und Dongguan, Unterst\u00fctzung des internationalen DDP\/DAP-Transports und Bereitstellung von CE- und RoHS-Zertifizierungsdokumenten.<\/li>\n<li><strong>Ma\u00dfgeschneiderter Service<\/strong>: LOGO-Hei\u00dfpr\u00e4gung, mehrsprachige manuelle Einbettung, f\u00e4lschungssichere Etiketten und andere Mehrwertdienste sind optional, um den differenzierten Anforderungen des grenz\u00fcberschreitenden E-Commerce gerecht zu werden.<\/li>\n<\/ol>\n<h2 id=\"-cooperation-process-\"><strong>Prozess der Zusammenarbeit<\/strong>:<\/h2>\n<ol>\n<li><strong>Kommunikation nachfragen<\/strong>: Legen Sie ein Diagramm mit den Abmessungen der Tastatur vor oder senden Sie Muster, um die Struktur der Auskleidung und den Typ der Box zu best\u00e4tigen.<\/li>\n<li><strong>Best\u00e4tigung des Entwurfs<\/strong>: Ausgabe des gedruckten Entwurfs innerhalb von 3 Arbeitstagen, Unterst\u00fctzung von 5 kostenlosen \u00c4nderungen.<\/li>\n<li><strong>Massenproduktion<\/strong>: Deutsche Heidelberger Druckmaschine, vollst\u00e4ndige Qualit\u00e4tskontrolle und -steuerung.<\/li>\n<li><strong>Globale Zustellung<\/strong>: Unser eigenes Logistikteam arbeitet mit FedEx\/DHL zusammen und erreicht die wichtigsten H\u00e4fen in Europa und den Vereinigten Staaten direkt innerhalb von 15 Tagen.<\/li>\n<\/ol>\n<h2 id=\"-consult-now-\"><strong>Jetzt konsultieren<\/strong>:<\/h2>\n<ul>\n<li><strong>Vorteile<\/strong>: 16 Jahre Qualit\u00e4tsgarantie, spezielle Lieferung f\u00fcr den Au\u00dfenhandel, keine Mindestbestellmenge.<\/li>\n<li><strong>Selbstverpflichtung<\/strong>: Bei M\u00e4ngeln, die durch Material- oder Prozessprobleme verursacht werden, ist eine vollst\u00e4ndige Nachbesserung oder R\u00fcckerstattung m\u00f6glich.<\/li>\n<\/ul>\n<h2 id=\"-applicable-scenarios-\"><strong>Anwendbare Szenarien<\/strong>:<\/h2>\n<ul>\n<li>Mechanische Tastatur, E-Sport-Peripherieger\u00e4te - Markenanpassung<\/li>\n<li>Grenz\u00fcberschreitender E-Commerce (Amazon FBA-konforme Verpackung)<\/li>\n<li>Geschenksets, Produkte in limitierter Auflage und hochwertige Geschenkboxen<\/li>\n<\/ul>\n<h2 id=\"-technical-parameters-\"><strong>Technische Parameter<\/strong>:<\/h2>\n<table>\n<thead>\n<tr>\n<th>Projekt<\/th>\n<th>Spezifikationen<\/th>\n<\/tr>\n<\/thead>\n<tbody>\n<tr>\n<td>Material<\/td>\n<td>1200 GSM Graukarton + 157 GSM gestrichenes Papier<\/td>\n<\/tr>\n<tr>\n<td>Druckverfahren<\/td>\n<td>Offsetdruck\/Siebdruck, optional Hei\u00dfpr\u00e4gung\/UV\/Pr\u00e4gung<\/td>\n<\/tr>\n<tr>\n<td>Art der Auskleidung<\/td>\n<td>EVA-Anpassung\/Blisterschale\/Perlenwatte<\/td>\n<\/tr>\n<tr>\n<td>Mindestbestellmenge<\/td>\n<td>500 St\u00fcck<\/td>\n<\/tr>\n<tr>\n<td>Lieferzyklus<\/td>\n<td>7-15 Tage (je nach Komplexit\u00e4t)<\/td>\n<\/tr>\n<\/tbody>\n<\/table>","protected":false},"excerpt":{"rendered":"<p><strong>Premium-Schutz<\/strong>: Der robuste Karton sch\u00fctzt die Tastaturen vor St\u00f6\u00dfen beim Transport.<br \/>\n<strong>Branding-f\u00e4higes Design<\/strong>: Individuelle Logos, Farben und Texte erh\u00f6hen die Sichtbarkeit der Produkte.<br \/>\n<strong>Effizienz bei Gro\u00dfauftr\u00e4gen<\/strong>: Ideal f\u00fcr Gro\u00dfhandelspartnerschaften und Marken mit hohem Volumen.<\/p>","protected":false},"featured_media":9249,"template":"","meta":[],"product_brand":[],"product_cat":[30,413,425,31],"product_tag":[1120,1121,1122],"class_list":{"0":"post-9248","1":"product","2":"type-product","3":"status-publish","4":"has-post-thumbnail","6":"product_cat-by-industry","7":"product_cat-consumer-electronics-boxes","8":"product_cat-lid-and-base-gift-box","9":"product_cat-paper-box-style","10":"product_tag-custom-keyboard-boxes","11":"product_tag-keyboard-packaging-rigid-boxes","12":"product_tag-keyboard-packaging-wholesale","14":"first","15":"instock","16":"shipping-taxable","17":"product-type-simple"},"_links":{"self":[{"href":"https:\/\/zojopackaging.com\/de\/wp-json\/wp\/v2\/product\/9248","targetHints":{"allow":["GET"]}}],"collection":[{"href":"https:\/\/zojopackaging.com\/de\/wp-json\/wp\/v2\/product"}],"about":[{"href":"https:\/\/zojopackaging.com\/de\/wp-json\/wp\/v2\/types\/product"}],"version-history":[{"count":1,"href":"https:\/\/zojopackaging.com\/de\/wp-json\/wp\/v2\/product\/9248\/revisions"}],"predecessor-version":[{"id":9263,"href":"https:\/\/zojopackaging.com\/de\/wp-json\/wp\/v2\/product\/9248\/revisions\/9263"}],"wp:featuredmedia":[{"embeddable":true,"href":"https:\/\/zojopackaging.com\/de\/wp-json\/wp\/v2\/media\/9249"}],"wp:attachment":[{"href":"https:\/\/zojopackaging.com\/de\/wp-json\/wp\/v2\/media?parent=9248"}],"wp:term":[{"taxonomy":"product_brand","embeddable":true,"href":"https:\/\/zojopackaging.com\/de\/wp-json\/wp\/v2\/product_brand?post=9248"},{"taxonomy":"product_cat","embeddable":true,"href":"https:\/\/zojopackaging.com\/de\/wp-json\/wp\/v2\/product_cat?post=9248"},{"taxonomy":"product_tag","embeddable":true,"href":"https:\/\/zojopackaging.com\/de\/wp-json\/wp\/v2\/product_tag?post=9248"}],"curies":[{"name":"wp","href":"https:\/\/api.w.org\/{rel}","templated":true}]}}