{"id":9262,"date":"2025-04-01T18:18:10","date_gmt":"2025-04-01T10:18:10","guid":{"rendered":"https:\/\/zojopackaging.com\/?post_type=product&#038;p=9262"},"modified":"2025-04-01T18:35:59","modified_gmt":"2025-04-01T10:35:59","slug":"custom-logo-cardboard-box-50ml-perfume-packaging-boxes-manufacturer","status":"publish","type":"product","link":"https:\/\/zojopackaging.com\/de\/product\/custom-logo-cardboard-box-50ml-perfume-packaging-boxes-manufacturer\/","title":{"rendered":"Benutzerdefinierte Logo Karton Box 50ML Parf\u00fcm Verpackung Boxen Hersteller"},"content":{"rendered":"<h3 id=\"1-350g-400g-high-quality-white-card-material-high-end-and-easy-to-store-\">1.\u00a0<strong>350g-400g hochwertiges wei\u00dfes Kartonmaterial: hochwertig und leicht zu lagern<\/strong><\/h3>\n<p>F\u00fcr die Parf\u00fcmkartonage wird hochwertiges Kartonpapier verwendet. Durch die Heidelberger Druckmaschine ist die Gesamtfarbe der Karte Box schillernd und schillernd, die den Luxus Charme und Stil der Produkte des Kunden besser hervorheben kann.<\/p>\n<h3 id=\"2-minimalist-double-insert-card-box-shape-convenient-operation-and-protection-function-coexist-\">2.\u00a0<strong>Minimalistische Form der Kartenbox mit doppeltem Einschub: bequeme Bedienung und Schutzfunktion koexistieren<\/strong><\/h3>\n<p>Durch das praktische Design mit doppeltem Karteneinschub ist die Bedienung einfach und frei, und das exquisite Layout des internen Parf\u00fcms wird sofort angezeigt.<\/p>\n<h3 id=\"3-customizable-size-design-exclusivity-and-light-luxury-aesthetics-\">3.\u00a0<strong>Anpassbare Gr\u00f6\u00dfe: Design-Exklusivit\u00e4t und leichte Luxus-\u00c4sthetik<\/strong><\/h3>\n<p>Unterst\u00fctzt eine Vielzahl von Gr\u00f6\u00dfen und Prozessanpassungen und integriert perfekt Ihre Produktmarkenmerkmale und Designkonzepte.<\/p>\n<h3 id=\"4-perfect-structure-protect-perfume-\">4.\u00a0<strong>Perfekte Struktur: Schutz des Parf\u00fcms<\/strong><\/h3>\n<p>Die Parf\u00fcmkartenbox hat eine Schnallenstruktur, um die Stabilit\u00e4t und Sicherheit der Parf\u00fcmflasche zu gew\u00e4hrleisten und ein versehentliches Verrutschen w\u00e4hrend der Entnahme zu verhindern.<\/p>\n<h3 id=\"5-customized-brand-logo-strengthen-user-memory-points-\">5.\u00a0<strong>Individuelles Markenlogo: Verst\u00e4rken Sie die Erinnerungspunkte der Benutzer<\/strong><\/h3>\n<p>Bieten Sie Hei\u00dfpr\u00e4ge-\/Hei\u00dfsilber-Optionen f\u00fcr zwei Verfahren, und die LOGO-Position unterst\u00fctzt das Design mit zwei Anzeigepositionen auf der Vorder- und R\u00fcckseite. Eine Luxusmarke hat mit dieser L\u00f6sung ihre Markenbekanntheit um 45% und die Wiederkaufsrate um 28% gesteigert.<\/p>\n<h3 id=\"6-replaceable-lining-system-smart-packaging-upgrade-\">6.\u00a0<strong>Auswechselbares Auskleidungssystem: intelligentes Verpackungs-Upgrade<\/strong><\/h3>\n<p>Das Futter kann individuell angepasst werden, und Sie k\u00f6nnen das Material w\u00e4hlen, das zu Ihrem Parf\u00fcmstil passt.<\/p>\n<h3 id=\"7-professional-self-owned-factory-double-guarantee-of-quality-and-service-\">7.\u00a0<strong>Professionelle, eigene Fabrik: doppelte Garantie f\u00fcr Qualit\u00e4t und Service<\/strong><\/h3>\n<p>Die 16 Jahre alte Druck- und Verpackungsfabrik erstreckt sich \u00fcber eine Fl\u00e4che von 5.320 Quadratmetern. Mit ausgezeichneter Qualit\u00e4t und erschwinglichen Preisen hat sie auf dem Verpackungsmarkt in \u00dcbersee gro\u00dfes Vertrauen und Lob gewonnen.<\/p>","protected":false},"excerpt":{"rendered":"<p>ZOJO Print bietet Parf\u00fcmmarken eine Komplettl\u00f6sung vom Konzept bis zum Terminal durch dreidimensionale Aufwertung von Materialinnovation (White Card Touch + Black Gold Prozess), Strukturtechnik (doppelte Kartendruckfestigkeit) und intelligenter Produktion (schnelles Proofing).<\/p>","protected":false},"featured_media":9273,"template":"","meta":[],"product_brand":[],"product_cat":[30,417,430,31],"product_tag":[1124,1123],"class_list":{"0":"post-9262","1":"product","2":"type-product","3":"status-publish","4":"has-post-thumbnail","6":"product_cat-by-industry","7":"product_cat-custom-perfume-boxes-by-industry","8":"product_cat-folding-cartons","9":"product_cat-paper-box-style","10":"product_tag-box-50ml-perfume","11":"product_tag-custom-logo-cardboard-box","13":"first","14":"instock","15":"shipping-taxable","16":"product-type-grouped"},"_links":{"self":[{"href":"https:\/\/zojopackaging.com\/de\/wp-json\/wp\/v2\/product\/9262","targetHints":{"allow":["GET"]}}],"collection":[{"href":"https:\/\/zojopackaging.com\/de\/wp-json\/wp\/v2\/product"}],"about":[{"href":"https:\/\/zojopackaging.com\/de\/wp-json\/wp\/v2\/types\/product"}],"version-history":[{"count":1,"href":"https:\/\/zojopackaging.com\/de\/wp-json\/wp\/v2\/product\/9262\/revisions"}],"predecessor-version":[{"id":9277,"href":"https:\/\/zojopackaging.com\/de\/wp-json\/wp\/v2\/product\/9262\/revisions\/9277"}],"wp:featuredmedia":[{"embeddable":true,"href":"https:\/\/zojopackaging.com\/de\/wp-json\/wp\/v2\/media\/9273"}],"wp:attachment":[{"href":"https:\/\/zojopackaging.com\/de\/wp-json\/wp\/v2\/media?parent=9262"}],"wp:term":[{"taxonomy":"product_brand","embeddable":true,"href":"https:\/\/zojopackaging.com\/de\/wp-json\/wp\/v2\/product_brand?post=9262"},{"taxonomy":"product_cat","embeddable":true,"href":"https:\/\/zojopackaging.com\/de\/wp-json\/wp\/v2\/product_cat?post=9262"},{"taxonomy":"product_tag","embeddable":true,"href":"https:\/\/zojopackaging.com\/de\/wp-json\/wp\/v2\/product_tag?post=9262"}],"curies":[{"name":"wp","href":"https:\/\/api.w.org\/{rel}","templated":true}]}}