{"id":9264,"date":"2025-04-01T18:19:44","date_gmt":"2025-04-01T10:19:44","guid":{"rendered":"https:\/\/zojopackaging.com\/?post_type=product&#038;p=9264"},"modified":"2025-04-01T19:45:19","modified_gmt":"2025-04-01T11:45:19","slug":"get-quality-custom-cosmetic-skincare-beauty-boxes-wholesale","status":"publish","type":"product","link":"https:\/\/zojopackaging.com\/de\/product\/get-quality-custom-cosmetic-skincare-beauty-boxes-wholesale\/","title":{"rendered":"Holen Sie sich Qualit\u00e4t benutzerdefinierte Kosmetik Hautpflege Beauty Boxen Gro\u00dfhandel"},"content":{"rendered":"<h2 id=\"-i-ingenious-design-dual-interpretation-of-aesthetics-and-function-\"><strong>1. Geniales Design: doppelte Interpretation von \u00c4sthetik und Funktion<\/strong><\/h2>\n<ol>\n<li><strong>Aufwertung des visuellen Stils<\/strong><\/li>\n<li>Das Markenlogo wurde erstellt von\u00a0<strong>wei\u00dfe Zierstreifen und goldene Hei\u00dfpr\u00e4getechnik<\/strong>und die minimalistischen Linien und die Metalltextur kollidieren, um das Konzept der leichten Luxus\u00e4sthetik zu vermitteln. Die Oberfl\u00e4che der Schachtel besteht aus umweltfreundlichen Materialien auf Papierbasis mit einer matten Laminierungstechnologie, die zart und verschlei\u00dffest ist und zum \"reinen und nat\u00fcrlichen\" Ton der hochwertigen Hautpflegeprodukte passt.<\/li>\n<li><strong>Goldgepr\u00e4gte Muster und Texte<\/strong>\u00a0kann je nach den Bed\u00fcrfnissen der Marke angepasst werden und unterst\u00fctzt Pr\u00e4gung, lokale UV-Bestrahlung und andere Verfahren zur Verbesserung der visuellen Schichtung. So eignet sich beispielsweise die florale Hei\u00dfpr\u00e4gung f\u00fcr nat\u00fcrliche Hautpflegemarken, w\u00e4hrend geometrische Linien f\u00fcr technologische Produktlinien geeignet sind.<\/li>\n<li><strong>Innovativer Schachteltyp mit Deckel und Boden<\/strong><\/li>\n<li>Die\u00a0<strong>bodenbedeckende obere und untere Deckelstruktur<\/strong>\u00a0Der Deckel und der Schachtelk\u00f6rper sind pr\u00e4zise voneinander getrennt, das \u00d6ffnen und Schlie\u00dfen erfolgt reibungslos und die Auslage ist stabil. Die Kante des Kastenk\u00f6rpers beh\u00e4lt eine 3mm Taille-exposed Design, das bequem f\u00fcr die \u00d6ffnung ist und f\u00fcgt eine dreidimensionale Sch\u00f6nheit, geeignet f\u00fcr Ausstellung Display und Terminal Einzelhandel Szenen.<\/li>\n<li>Unterst\u00fctzung\u00a0<strong>kreisf\u00f6rmige, polygonale und spezialgeformte Anpassungen<\/strong>Die sechseckigen Geschenkschachteln eignen sich f\u00fcr Parf\u00fcmsets, und die kreisf\u00f6rmige Form passt zu den chinesischen Hautpflegeprodukten.<\/li>\n<\/ol>\n<h2 id=\"-second-lining-process-safety-protection-and-display-aesthetics-\"><strong>2. Auskleidungsprozess: Sicherheitsschutz und \u00c4sthetik der Auslage<\/strong><\/h2>\n<ol>\n<li><strong>Schwarzes EVA-Futter zur Anpassung<\/strong><\/li>\n<li>Das Futter besteht aus\u00a0<strong>1,5 mm hochdichtes schwarzes EVA-Material<\/strong>die durch pr\u00e4zises Stanzen geformt wird, um abgef\u00fcllte Essenzen, Cremes, Parfums und andere speziell geformte Produkte perfekt zu fixieren und Besch\u00e4digungen durch Transportvibrationen zu vermeiden.<\/li>\n<li>Die Oberfl\u00e4che des Innenfutters kann mit Samt oder Seide \u00fcberzogen werden, um das Gef\u00fchl von Luxus zu verst\u00e4rken; es kann ein mehrschichtiges Design unterst\u00fctzt werden, z. B. die Platzierung von Hautpflegeprodukten auf der oberen Schicht und die Einbettung von Proben oder Anweisungskarten auf der unteren Schicht.<\/li>\n<li><strong>Modulare Funktionserweiterung<\/strong><\/li>\n<li>Optional\u00a0<strong>abnehmbare transparente Acrylschicht<\/strong>\u00a0um die Beschaffenheit des Produkts zu zeigen;<\/li>\n<li>Eingebauter Magnetverschluss oder Bandbefestigung, um den rituellen Sinn der Geschenkschachtel zu verst\u00e4rken, geeignet f\u00fcr limitierte Urlaubsschachteln.<\/li>\n<\/ol>\n<h2 id=\"-three-supply-chain-advantages-one-stop-foreign-trade-service-guarantee-\"><strong>3. Vorteile der Lieferkette: Garantie f\u00fcr Au\u00dfenhandelsdienstleistungen aus einer Hand<\/strong><\/h2>\n<ol>\n<li><strong>16 Jahre direkte Belieferung aus der Ursprungsfabrik<\/strong><\/li>\n<li>Dank der gro\u00dfen Produktionskapazit\u00e4ten kann ein einzelner Auftrag bis zu einer H\u00f6he von\u00a0<strong>500 S\u00e4tze<\/strong>und der Preis ist 30%-50% niedriger als bei \u00e4hnlichen Produkten auf dem Markt. Die vollautomatische Hei\u00dfpr\u00e4gemaschine und die Stanzausr\u00fcstung gew\u00e4hrleisten Prozessgenauigkeit und p\u00fcnktliche Lieferung (herk\u00f6mmliche Bestellungen werden innerhalb von 15 Tagen geliefert).<\/li>\n<li><strong>Umfassende Unterst\u00fctzung bei Prozessdienstleistungen<\/strong><\/li>\n<li><strong>Entwurf Ende<\/strong>: Bereitstellung von L\u00f6sungen zur Anpassung der Marke VI, von der strukturellen Gestaltung bis hin zur Implantation von interaktiven AR-QR-Codes;<\/li>\n<li><strong>Ende der Produktion<\/strong>: Bestehen Sie die ISO-Qualit\u00e4tszertifizierung System, streng kontrollieren die Details wie Papier Gewicht und Hei\u00dfpr\u00e4gung Gold Unterschied;<\/li>\n<li><strong>Logistik Ende<\/strong>: Ein spezielles Verpackungsteam f\u00fcr den Au\u00dfenhandel sorgt f\u00fcr eine feuchtigkeitssichere Vakuumverpackung und die Anpassung von internationalen Standard-Transportkisten, um die Verlustrate bei grenz\u00fcberschreitenden Lieferungen zu verringern.<\/li>\n<\/ol>","protected":false},"excerpt":{"rendered":"<ul>\n<li><strong>Sch\u00f6nheitssalon-Box-Set<\/strong>: Geeignet f\u00fcr \"leichte medizinische Sch\u00f6nheit\" gefriergetrocknete Essenz Set, EVA-Futter kann Ampullen und Anwendung Werkzeuge zu fixieren;<\/li>\n<li><strong>Grenz\u00fcberschreitender elektronischer Handel<\/strong>: Entworfene wiederverwertbare Verpackungsboxen f\u00fcr europ\u00e4ische und amerikanische Kunden, wobei der Boxenk\u00f6rper in ein Lagerregal umgewandelt wird, was dem Trend zum umweltfreundlichen Konsum entspricht<\/li>\n<\/ul>","protected":false},"featured_media":9288,"template":"","meta":[],"product_brand":[],"product_cat":[30,390,425,31],"product_tag":[1130,1129,1128],"class_list":{"0":"post-9264","1":"product","2":"type-product","3":"status-publish","4":"has-post-thumbnail","6":"product_cat-by-industry","7":"product_cat-custom-cosmetics-boxes","8":"product_cat-lid-and-base-gift-box","9":"product_cat-paper-box-style","10":"product_tag-cosmetics-packaging","11":"product_tag-paper-cosmetic-packaging-boxes","12":"product_tag-paper-gift-box-for-cosmetics","14":"first","15":"instock","16":"shipping-taxable","17":"product-type-simple"},"_links":{"self":[{"href":"https:\/\/zojopackaging.com\/de\/wp-json\/wp\/v2\/product\/9264","targetHints":{"allow":["GET"]}}],"collection":[{"href":"https:\/\/zojopackaging.com\/de\/wp-json\/wp\/v2\/product"}],"about":[{"href":"https:\/\/zojopackaging.com\/de\/wp-json\/wp\/v2\/types\/product"}],"version-history":[{"count":1,"href":"https:\/\/zojopackaging.com\/de\/wp-json\/wp\/v2\/product\/9264\/revisions"}],"predecessor-version":[{"id":9291,"href":"https:\/\/zojopackaging.com\/de\/wp-json\/wp\/v2\/product\/9264\/revisions\/9291"}],"wp:featuredmedia":[{"embeddable":true,"href":"https:\/\/zojopackaging.com\/de\/wp-json\/wp\/v2\/media\/9288"}],"wp:attachment":[{"href":"https:\/\/zojopackaging.com\/de\/wp-json\/wp\/v2\/media?parent=9264"}],"wp:term":[{"taxonomy":"product_brand","embeddable":true,"href":"https:\/\/zojopackaging.com\/de\/wp-json\/wp\/v2\/product_brand?post=9264"},{"taxonomy":"product_cat","embeddable":true,"href":"https:\/\/zojopackaging.com\/de\/wp-json\/wp\/v2\/product_cat?post=9264"},{"taxonomy":"product_tag","embeddable":true,"href":"https:\/\/zojopackaging.com\/de\/wp-json\/wp\/v2\/product_tag?post=9264"}],"curies":[{"name":"wp","href":"https:\/\/api.w.org\/{rel}","templated":true}]}}