{"id":9278,"date":"2025-04-01T18:37:17","date_gmt":"2025-04-01T10:37:17","guid":{"rendered":"https:\/\/zojopackaging.com\/?post_type=product&#038;p=9278"},"modified":"2025-04-01T18:54:47","modified_gmt":"2025-04-01T10:54:47","slug":"branded-custom-gift-perfume-packaging-cardboard-box-wholesale","status":"publish","type":"product","link":"https:\/\/zojopackaging.com\/de\/product\/branded-custom-gift-perfume-packaging-cardboard-box-wholesale\/","title":{"rendered":"Branded Custom Geschenk Parf\u00fcm Verpackung Karton Box Gro\u00dfhandel"},"content":{"rendered":"<h3 id=\"1-matte-paper-easy-to-print-excellent-performance-\">1.\u00a0<strong>Mattes Papier, leicht zu bedrucken, hervorragende Leistung<\/strong><\/h3>\n<p>Verwenden Sie 400g mattes Papier als Material f\u00fcr die Parf\u00fcmkartonage, ruhig und elegant, stabil f\u00fcr den Transport von Parf\u00fcm und sto\u00dffest.<\/p>\n<h3 id=\"2-multiple-processes-superimposed-to-highlight-brand-design-\">2.\u00a0<strong>Mehrere Prozesse \u00fcberlagern sich, um das Markendesign hervorzuheben<\/strong><\/h3>\n<p>Die Parf\u00fcmkartenbox verwendet Vierfarbendruck und Hei\u00dfpr\u00e4getechnik, das Muster ist einzigartig und strukturiert und unterstreicht den Charme von Luxusmarken.<\/p>\n<h3 id=\"3-double-insert-card-structure-innovation-convenience-and-stability-coexist-\">3.\u00a0<strong>Neuartige Kartenstruktur mit doppeltem Einschub: Bequemlichkeit und Stabilit\u00e4t koexistieren<\/strong><\/h3>\n<p>Die Parf\u00fcmkartenbox hat verschiedene Gr\u00f6\u00dfen und kann je nach Kundenwunsch individuell gestaltet werden, um pers\u00f6nliche Bed\u00fcrfnisse zu erf\u00fcllen.<\/p>\n<h3 id=\"4-flat-packaging-design-efficient-logistics-and-cost-optimization-\">4.\u00a0<strong>Flaches Verpackungsdesign: effiziente Logistik und Kostenoptimierung<\/strong><\/h3>\n<p>Die Schachtel ist mit einem doppelten Einschub versehen, der f\u00fcr die Verbraucher bequem zu handhaben ist.<\/p>\n<h3 id=\"5-modular-size-and-process-customization-\">5.\u00a0<strong>Modulare Gr\u00f6\u00dfe und Prozessanpassung<\/strong><\/h3>\n<p>Wir bieten ein vielf\u00e4ltiges Design f\u00fcr Au\u00dfenverpackungen, das sich an verschiedene Produktspezifikationen anpasst und Stabilit\u00e4t und attraktives Aussehen gew\u00e4hrleistet.<\/p>\n<h3 id=\"6-professional-design-team-professional-packaging-solution-\">6.\u00a0<strong>Professionelles Designteam, professionelle Verpackungsl\u00f6sung<\/strong><\/h3>\n<p>Schaffen Sie mit einem innovativen Verpackungsdesignteam eine einzigartige Druck- und Verpackungsl\u00f6sung.<\/p>\n<h3 id=\"7-strength-of-the-source-factory-\">7.\u00a0<strong>St\u00e4rke der Quellenfabrik<\/strong><\/h3>\n<p>Die Fabrik erstreckt sich \u00fcber eine Fl\u00e4che von 5.320 Quadratmetern, ist mit einer speziellen Heidelberger Druckmaschinenlinie und einem ISO 9001-Zertifizierungssystem ausgestattet und verf\u00fcgt \u00fcber eine durchschnittliche t\u00e4gliche Produktionskapazit\u00e4t von mehr als 120.000 St\u00fcck. 16 Jahre Exporterfahrung f\u00fcr den Aufbau von drei gro\u00dfen Logistiksystemen: Luftfrachtlinie (EPE-Polster-Lufts\u00e4ulenbeutel), Seefracht-Vollcontainer (wasserdichte Wellpappe), grenz\u00fcberschreitende Direktpost (CE\/FDA-zertifizierte Verpackung), Transportschadenquote &lt;0,03%.<\/p>","protected":false},"excerpt":{"rendered":"<p>Marke ma\u00dfgeschneiderte Geschenk Parf\u00fcm Verpackung Karton Gro\u00dfhandel, ZOJO Print haben 1200 Marken helfen, die geeignete Box-L\u00f6sungen!<\/p>\n<p>Personalisierung: Kann benutzerdefinierte Gr\u00f6\u00dfe \/ Druck \/ Material \/ Verarbeitung \/ Form etc.<br \/>\nMaterialtyp: Umweltfreundlich, mit FSC\/ISO\/BSCI-Zertifizierung<br \/>\nProduktionszeit: Muster 1-3 Tage; Gro\u00dfserie 7-9 Tage<br \/>\nVersandzeit: Express 3-7 Tage; Luft 12-16 Tage; Boot 25-30 Tage\uff08Die verschiedenen L\u00e4nder haben unterschiedliche Zeiten)<\/p>\n<p>Preis:Kontaktieren Sie uns, um eine Anfrage zu senden!<\/p>","protected":false},"featured_media":9285,"template":"","meta":[],"product_brand":[],"product_cat":[30,417,430,31],"product_tag":[1127,1126,1125],"class_list":{"0":"post-9278","1":"product","2":"type-product","3":"status-publish","4":"has-post-thumbnail","6":"product_cat-by-industry","7":"product_cat-custom-perfume-boxes-by-industry","8":"product_cat-folding-cartons","9":"product_cat-paper-box-style","10":"product_tag-branded-box","11":"product_tag-cardboard-box-wholesale","12":"product_tag-gift-perfume-packaging","14":"first","15":"instock","16":"shipping-taxable","17":"product-type-grouped"},"_links":{"self":[{"href":"https:\/\/zojopackaging.com\/de\/wp-json\/wp\/v2\/product\/9278","targetHints":{"allow":["GET"]}}],"collection":[{"href":"https:\/\/zojopackaging.com\/de\/wp-json\/wp\/v2\/product"}],"about":[{"href":"https:\/\/zojopackaging.com\/de\/wp-json\/wp\/v2\/types\/product"}],"version-history":[{"count":1,"href":"https:\/\/zojopackaging.com\/de\/wp-json\/wp\/v2\/product\/9278\/revisions"}],"predecessor-version":[{"id":9279,"href":"https:\/\/zojopackaging.com\/de\/wp-json\/wp\/v2\/product\/9278\/revisions\/9279"}],"wp:featuredmedia":[{"embeddable":true,"href":"https:\/\/zojopackaging.com\/de\/wp-json\/wp\/v2\/media\/9285"}],"wp:attachment":[{"href":"https:\/\/zojopackaging.com\/de\/wp-json\/wp\/v2\/media?parent=9278"}],"wp:term":[{"taxonomy":"product_brand","embeddable":true,"href":"https:\/\/zojopackaging.com\/de\/wp-json\/wp\/v2\/product_brand?post=9278"},{"taxonomy":"product_cat","embeddable":true,"href":"https:\/\/zojopackaging.com\/de\/wp-json\/wp\/v2\/product_cat?post=9278"},{"taxonomy":"product_tag","embeddable":true,"href":"https:\/\/zojopackaging.com\/de\/wp-json\/wp\/v2\/product_tag?post=9278"}],"curies":[{"name":"wp","href":"https:\/\/api.w.org\/{rel}","templated":true}]}}