{"id":9292,"date":"2025-04-01T19:45:43","date_gmt":"2025-04-01T11:45:43","guid":{"rendered":"https:\/\/zojopackaging.com\/?post_type=product&#038;p=9292"},"modified":"2025-04-01T20:03:38","modified_gmt":"2025-04-01T12:03:38","slug":"custom-hijab-scarf-scarves-shawl-packaging-gift-box-wholesale","status":"publish","type":"product","link":"https:\/\/zojopackaging.com\/de\/product\/custom-hijab-scarf-scarves-shawl-packaging-gift-box-wholesale\/","title":{"rendered":"Benutzerdefinierte Hijab Schal Schals Schal Verpackung Geschenk Box Gro\u00dfhandel"},"content":{"rendered":"<h2 id=\"-i-optimization-of-core-design-highlights-and-industry-verification-\"><strong>1. Optimierung der wichtigsten Design-Highlights und industrielle Verifizierung<\/strong><\/h2>\n<ol>\n<li><strong>Magnetischer Flip-Cover mit interaktivem Design<\/strong><\/li>\n<li>Das eingebettete magnetische Schnallensystem erm\u00f6glicht ein einh\u00e4ndiges \u00d6ffnen und Schlie\u00dfen durch magnetische Adsorption, was das Gef\u00fchl des Rituals beim Auspacken der Box verbessert und gleichzeitig das Risiko von mechanischem Verschlei\u00df verringert.<\/li>\n<li>Es wird empfohlen, die Innenseite des Deckels mit einem Pufferflanell zu versehen, um die Hochglanzdruckschicht zu sch\u00fctzen und die Lebensdauer zu verl\u00e4ngern.<\/li>\n<li><strong>Zusammenklappbare flache Struktur<\/strong><\/li>\n<li>Das Vorpr\u00e4geverfahren reduziert das gefaltete Volumen auf 1\/8, was dem Konzept der \"systematischen Logistikoptimierung\" sehr entgegenkommt. Es kann die grenz\u00fcberschreitenden Logistikkosten um mehr als 80% reduzieren.<\/li>\n<li>Im Hinblick auf das d\u00fcnne Flip-Top-Block-Design der magnetischen mobilen Powerbank von Tesla wird empfohlen, dass die Dicke nach dem Falten \u22642 cm betr\u00e4gt, was f\u00fcr Standard-Expressumschl\u00e4ge geeignet ist, um Transportverluste weiter zu reduzieren.<\/li>\n<\/ol>\n<h2 id=\"-ii-customized-process-and-material-innovation-\"><strong>2. Ma\u00dfgeschneiderte Prozess- und Materialinnovation<\/strong><\/h2>\n<ol>\n<li><strong>Druck und Oberfl\u00e4chenbehandlung<\/strong><\/li>\n<li><strong>Vier-Farben-Offsetdruck + UV-Lackierung<\/strong>: Das Hei\u00dfpr\u00e4geverfahren der Baisnat-Geschenkbox wird in Kombination mit lokaler UV-Strahlung verwendet, um das Markenlogo hervorzuheben und die genaue Wiederherstellung der Pantone-Schmuckfarben zu gew\u00e4hrleisten.<\/li>\n<li><strong>Dreidimensionales Touch-Design<\/strong>: Eine Lederpr\u00e4gung oder ein 3D-Relief wird empfohlen, um den \"Luxus-Ged\u00e4chtnispunkt\" des ersten Kontakts des Benutzers zu verbessern.<\/li>\n<li><strong>Umweltfreundliche Materialkombination<\/strong><\/li>\n<li><strong>Strukturelle Schicht<\/strong>: 1200 GSM Vollgraupappe + abbaubare feuchtigkeitsdichte Folie, Druckfestigkeit von 8,5KN\/m\u00b2, 30% h\u00f6her als traditionelle E-Wellpappkartons.<\/li>\n<li><strong>Oberfl\u00e4che Papierschicht<\/strong>: 157 GSM beschichtetes Papier mit mattem Film, Falten Widerstand von mehr als 5000 mal, geeignet f\u00fcr -20\u2103~60\u2103 Temperatur und Feuchtigkeit Umwelt.<\/li>\n<\/ol>\n<h2 id=\"-three-supply-chain-and-cost-optimization-strategy-\"><strong>3. Strategie zur Optimierung der Lieferkette und der Kosten<\/strong><\/h2>\n<ol>\n<li><strong>Flexible Produktion und Konformit\u00e4tsgarantie<\/strong><\/li>\n<li><strong>Schnelles Proofing<\/strong>: 3D-Renderings werden innerhalb von 48 Stunden zur Verf\u00fcgung gestellt, und die Produktion von Kleinserien wird unterst\u00fctzt (MOQ 500 oder mehr).<\/li>\n<li><strong>Kostenkontrolle<\/strong>: Die Materialien werden je nach Zielmarkt empfohlen, z. B. dunkle Hei\u00dfpr\u00e4gung + Acrylfenster f\u00fcr Kunden im Nahen Osten und minimalistische Pr\u00e4gung + recycelbare Graupappe f\u00fcr europ\u00e4ische Kunden.<\/li>\n<li><strong>Logistische L\u00f6sung<\/strong><\/li>\n<li>Durch den dreifachen Schutz \"Faltschachtel + feuchtigkeitsdichte Folie + Eckenschutz\" betr\u00e4gt die Bruchrate weniger als 0,3%, was 60% niedriger ist als bei der traditionellen L\u00f6sung.<\/li>\n<li>Empfehlen Sie die gr\u00fcne Logistiklinie von DHL, die die Kohlenstoffemissionen um 15% reduziert<\/li>\n<\/ol>\n<h2 id=\"-iv-application-scenarios-and-market-adaptation-\"><strong>4. Anwendungsszenarien und Marktanpassung<\/strong><\/h2>\n<ul>\n<li><strong>Kulturelles Fusionsdesign<\/strong>:<\/li>\n<li>Die Geschenkbox im ethnischen Stil mit Kopftuch kann mit nationalen Stilelementen versehen werden, und der Farbverlaufseffekt kann durch Siebdruck erzielt werden.<\/li>\n<\/ul>\n<h2 id=\"-v-industry-trends-and-data-reference-\"><strong>5. Branchentrends und Referenzdaten<\/strong><\/h2>\n<ul>\n<li><strong>Erfordernisse des Umweltschutzes<\/strong>85% der europ\u00e4ischen und amerikanischen Kunden bevorzugen recycelbare Materialien, und es wird empfohlen, FSC-zertifiziertes Papier als Option anzubieten.<\/li>\n<li><strong>Wirtschaft erleben<\/strong>: Das magnetische \u00d6ffnungs- und Verschlusssystem verk\u00fcrzt die Auspackzeit auf 3 Sekunden (70% mehr als bei herk\u00f6mmlichen Verpackungen), was der \"Instant Gratification\"-Konsumentenpsychologie der Generation Z entspricht.<\/li>\n<\/ul>","protected":false},"excerpt":{"rendered":"<p>\ud83c\udfc6 Aufwertung der Marke: Hochglanzoberfl\u00e4che und Metallic-Details erh\u00f6hen den wahrgenommenen Wert.<br \/>\n\ud83d\udecd\ufe0f Benutzerdefiniert bereit: Nahtlose Integration von Logos oder Kunstwerken f\u00fcr ein einheitliches Branding.<br \/>\n\ud83c\udf0d Effizienz in gro\u00dfen Mengen: Die robuste Konstruktion reduziert Transportsch\u00e4den f\u00fcr Gro\u00dfhandelskunden.<br \/>\n\ud83c\udf81 Vielseitige Verwendung: Ideal f\u00fcr Luxusgeschenke, Einzelhandelsauslagen oder Boutiquenkollektionen.<\/p>","protected":false},"featured_media":9293,"template":"","meta":[],"product_brand":[],"product_cat":[30,414,424,31],"product_tag":[1131,1132,1133],"class_list":{"0":"post-9292","1":"product","2":"type-product","3":"status-publish","4":"has-post-thumbnail","6":"product_cat-by-industry","7":"product_cat-custom-apparel-boxes","8":"product_cat-magnetic-closure-boxes","9":"product_cat-paper-box-style","10":"product_tag-hijab-packaging-box","11":"product_tag-scarf-gift-box","12":"product_tag-shawl-packaging-box","14":"first","15":"instock","16":"shipping-taxable","17":"product-type-simple"},"_links":{"self":[{"href":"https:\/\/zojopackaging.com\/de\/wp-json\/wp\/v2\/product\/9292","targetHints":{"allow":["GET"]}}],"collection":[{"href":"https:\/\/zojopackaging.com\/de\/wp-json\/wp\/v2\/product"}],"about":[{"href":"https:\/\/zojopackaging.com\/de\/wp-json\/wp\/v2\/types\/product"}],"version-history":[{"count":1,"href":"https:\/\/zojopackaging.com\/de\/wp-json\/wp\/v2\/product\/9292\/revisions"}],"predecessor-version":[{"id":9299,"href":"https:\/\/zojopackaging.com\/de\/wp-json\/wp\/v2\/product\/9292\/revisions\/9299"}],"wp:featuredmedia":[{"embeddable":true,"href":"https:\/\/zojopackaging.com\/de\/wp-json\/wp\/v2\/media\/9293"}],"wp:attachment":[{"href":"https:\/\/zojopackaging.com\/de\/wp-json\/wp\/v2\/media?parent=9292"}],"wp:term":[{"taxonomy":"product_brand","embeddable":true,"href":"https:\/\/zojopackaging.com\/de\/wp-json\/wp\/v2\/product_brand?post=9292"},{"taxonomy":"product_cat","embeddable":true,"href":"https:\/\/zojopackaging.com\/de\/wp-json\/wp\/v2\/product_cat?post=9292"},{"taxonomy":"product_tag","embeddable":true,"href":"https:\/\/zojopackaging.com\/de\/wp-json\/wp\/v2\/product_tag?post=9292"}],"curies":[{"name":"wp","href":"https:\/\/api.w.org\/{rel}","templated":true}]}}