{"id":9300,"date":"2025-04-01T20:03:57","date_gmt":"2025-04-01T12:03:57","guid":{"rendered":"https:\/\/zojopackaging.com\/?post_type=product&#038;p=9300"},"modified":"2025-04-01T20:15:53","modified_gmt":"2025-04-01T12:15:53","slug":"wholesale-tea-coffee-paper-tube-packaging-manufacturer","status":"publish","type":"product","link":"https:\/\/zojopackaging.com\/de\/product\/wholesale-tea-coffee-paper-tube-packaging-manufacturer\/","title":{"rendered":"Gro\u00dfhandel Tee Kaffee Papier Rohr Verpackung Hersteller"},"content":{"rendered":"<p>Als Verpackungshersteller mit 16 Jahren Berufserfahrung konzentrieren wir uns auf die Bereitstellung hochwertiger zylindrischer Papierh\u00fclsen-Verpackungsl\u00f6sungen f\u00fcr globale Kunden, die eine Vielzahl von Produktbereichen wie Tee, Kaffee, Gew\u00fcrze usw. abdecken. Im Folgenden finden Sie die wichtigsten Vorteile und Leistungsbeschreibungen des Produkts:<\/p>\n<h2 id=\"-core-design-features-of-the-product-\"><strong>Wesentliche Gestaltungsmerkmale des Produkts<\/strong><\/h2>\n<ol>\n<li><strong>Papierh\u00fclsen-Verpackungsschachtel-Struktur &amp; mehrfarbiges passendes Design<\/strong>\u00a0Die klassische zylindrische Kastenform, kombiniert mit einem mehrfarbigen Farbschema, durch\u00a0<strong>Vierfarbendruck + Mattfilmverfahren<\/strong>Mit der Heidelberger Druckmaschine wird eine pr\u00e4zise Ausgabe gew\u00e4hrleistet, um sicherzustellen, dass die Farbe des Musters hell und lebendig sowie verschlei\u00dffest und kratzfest ist. Die Oberfl\u00e4che kann mit Hei\u00dfpr\u00e4gung, UV, Pr\u00e4gung und anderen Verfahren angepasst werden, um die visuelle Schichtung und High-End-Textur der Verpackung zu verbessern.<\/li>\n<li><strong>Obere und untere geteilte Struktur, bequem und praktisch<\/strong>\u00a0Die Verpackung besteht aus\u00a0<strong>unabh\u00e4ngiger Geh\u00e4usedeckel und Geh\u00e4usek\u00f6rper<\/strong>. Das geteilte Design ist leicht zu \u00f6ffnen und zu schlie\u00dfen und wiederzuverwenden, w\u00e4hrend es die Abdichtung gew\u00e4hrleistet. Der Deckel der Schachtel kann beispielsweise mit einer magnetischen Schnalle oder einer Steckschnalle versehen werden, die stabil und feuchtigkeitsbest\u00e4ndig ist; der Innenraum des Schachtelk\u00f6rpers ist regelm\u00e4\u00dfig und eignet sich f\u00fcr verschiedene Produktformen wie Teedosen, Kaffeepulverbeutel und Gew\u00fcrzflaschen.<\/li>\n<li><strong>Multifunktionale Anwendungsszenarien<\/strong>\u00a0Das Produkt eignet sich f\u00fcr Tee, Kaffeebohnen, Gew\u00fcrze, Trockenfr\u00fcchte, Kosmetika und andere Kategorien, wobei sowohl Sch\u00f6nheit als auch Zweckm\u00e4\u00dfigkeit ber\u00fccksichtigt werden. Der Innenraum kann konfiguriert werden mit\u00a0<strong>EVA-Innenschale, PVC-Fenster oder geschichtete Trennwand<\/strong>die den Inhalt wirksam fixieren und St\u00f6\u00dfe und Druck verhindern k\u00f6nnen.<\/li>\n<li><strong>Hochgradig ma\u00dfgeschneiderter Service<\/strong>\u00a0Unterst\u00fctzung\u00a0<strong>vollst\u00e4ndige Prozessanpassung<\/strong>\u00a0von der Gr\u00f6\u00dfe \u00fcber die Farbe bis zum Druckverfahren:<\/li>\n<li><strong>Flexible Gr\u00f6\u00dfe<\/strong>: Freie Anpassung im Bereich von 2-32 mm im Durchmesser und 2-50 mm in der H\u00f6he, um unterschiedliche Kapazit\u00e4tsanforderungen zu erf\u00fcllen.<\/li>\n<li><strong>Vielf\u00e4ltige Designstile<\/strong>: Retro, Minimalismus, chinesischer Stil und andere Stilvorlagen stehen zur Verf\u00fcgung, und ein exklusives Design kann auch gem\u00e4\u00df der Marke VI erstellt werden.<\/li>\n<li><strong>Umweltfreundliche Materialien<\/strong>: Lebensmittelgerechtes Kraftpapier, Bambusfaserkarton und Aluminiumfolie werden verwendet, um die Feuchtigkeitsbest\u00e4ndigkeit zu erh\u00f6hen und die Umweltschutzstandards zu erf\u00fcllen.<\/li>\n<\/ol>\n<h2 id=\"-production-process-and-quality-assurance-\"><strong>Produktionsprozess und Qualit\u00e4tssicherung<\/strong><\/h2>\n<ul>\n<li><strong>Drucktechnik<\/strong>: Mit einer Heidelberger Druckmaschine wird ein hochpr\u00e4ziser Vierfarbendruck erzielt, und das Mattfolienverfahren wird \u00fcberlagert, um die Farbs\u00e4ttigung und Haltbarkeit zu verbessern.<\/li>\n<li><strong>Strukturelle Optimierung<\/strong>: Der Innenraum wird regelm\u00e4\u00dfig durch Stanzen unterteilt, was eine schichtweise, schubladenartige oder Schaufenstergestaltung erm\u00f6glicht, wobei die Funktionalit\u00e4t und der Pr\u00e4sentationseffekt ber\u00fccksichtigt werden.<\/li>\n<li><strong>Normen f\u00fcr die Qualit\u00e4tskontrolle<\/strong>: Die vollautomatische Produktion in Verbindung mit dem Infrarot-Detektionssystem gew\u00e4hrleistet eine Produktausbeute von mehr als 99%.<\/li>\n<\/ul>","protected":false},"excerpt":{"rendered":"<ul>\n<li><strong>Vollst\u00e4ndiger Service vom Entwurf bis zur Lieferung<\/strong>: Verpackungsdesign, Proofing, Serienproduktion, Qualit\u00e4tskontrolle und internationale Logistik.<\/li>\n<li><strong>Schnelle Reaktionsf\u00e4higkeit<\/strong>: Der Zyklus f\u00fcr die Anpassung von Mustern betr\u00e4gt 3-5 Tage, der Zyklus f\u00fcr die Gro\u00dfproduktion 7-14 Tage. Es unterst\u00fctzt die direkte Lieferung aus den wichtigsten Regionen der Welt (Europa, Nordamerika, S\u00fcdostasien, etc.).<\/li>\n<li><strong>Kostenvorteil<\/strong>: Dank der Gro\u00dfproduktion und der Integration der Lieferkette bietet es einen wettbewerbsf\u00e4higen Einstiegspreis (500 Einheiten) und unterst\u00fctzt den grenz\u00fcberschreitenden Export.<\/li>\n<\/ul>","protected":false},"featured_media":9301,"template":"","meta":[],"product_brand":[],"product_cat":[30,422,31,429],"product_tag":[1135,1136,1134],"class_list":{"0":"post-9300","1":"product","2":"type-product","3":"status-publish","4":"has-post-thumbnail","6":"product_cat-by-industry","7":"product_cat-custom-gourmet-boxes-by-industry","8":"product_cat-paper-box-style","9":"product_cat-paper-tube-boxes","10":"product_tag-coffee-paper-tube-packaging","11":"product_tag-custom-tea-coffee-manufacturer","12":"product_tag-tea-packaging","14":"first","15":"instock","16":"shipping-taxable","17":"product-type-simple"},"_links":{"self":[{"href":"https:\/\/zojopackaging.com\/de\/wp-json\/wp\/v2\/product\/9300","targetHints":{"allow":["GET"]}}],"collection":[{"href":"https:\/\/zojopackaging.com\/de\/wp-json\/wp\/v2\/product"}],"about":[{"href":"https:\/\/zojopackaging.com\/de\/wp-json\/wp\/v2\/types\/product"}],"version-history":[{"count":1,"href":"https:\/\/zojopackaging.com\/de\/wp-json\/wp\/v2\/product\/9300\/revisions"}],"predecessor-version":[{"id":9307,"href":"https:\/\/zojopackaging.com\/de\/wp-json\/wp\/v2\/product\/9300\/revisions\/9307"}],"wp:featuredmedia":[{"embeddable":true,"href":"https:\/\/zojopackaging.com\/de\/wp-json\/wp\/v2\/media\/9301"}],"wp:attachment":[{"href":"https:\/\/zojopackaging.com\/de\/wp-json\/wp\/v2\/media?parent=9300"}],"wp:term":[{"taxonomy":"product_brand","embeddable":true,"href":"https:\/\/zojopackaging.com\/de\/wp-json\/wp\/v2\/product_brand?post=9300"},{"taxonomy":"product_cat","embeddable":true,"href":"https:\/\/zojopackaging.com\/de\/wp-json\/wp\/v2\/product_cat?post=9300"},{"taxonomy":"product_tag","embeddable":true,"href":"https:\/\/zojopackaging.com\/de\/wp-json\/wp\/v2\/product_tag?post=9300"}],"curies":[{"name":"wp","href":"https:\/\/api.w.org\/{rel}","templated":true}]}}