{"id":9315,"date":"2025-04-01T20:20:26","date_gmt":"2025-04-01T12:20:26","guid":{"rendered":"https:\/\/zojopackaging.com\/?post_type=product&#038;p=9315"},"modified":"2025-04-01T20:39:53","modified_gmt":"2025-04-01T12:39:53","slug":"custom-logo-luxury-perfume-packaging-paper-cardboard-boxes-wholesale","status":"publish","type":"product","link":"https:\/\/zojopackaging.com\/de\/product\/custom-logo-luxury-perfume-packaging-paper-cardboard-boxes-wholesale\/","title":{"rendered":"Custom Logo Luxus Parf\u00fcm Verpackung Papier Karton Boxen Gro\u00dfhandel"},"content":{"rendered":"<h3 id=\"1-exclusive-customized-design-dual-expression-of-personality-and-quality-\">1.\u00a0<strong>Exklusives, individuelles Design: doppelter Ausdruck von Pers\u00f6nlichkeit und Qualit\u00e4t<\/strong><\/h3>\n<p>Unterst\u00fctzung der vollst\u00e4ndigen Anpassung von der Struktur der Kartenbox bis zum Futter: -\u00a0<strong>Anpassung der Kartenbox<\/strong>: Mit 350g-400g importiert wei\u00dfem Karton, 3D-Modellierung Technologie zu erreichen \u00b10,3mm Pr\u00e4zisionsanpassung zu gew\u00e4hrleisten nahtlose Passform mit dem Parf\u00fcm Flasche (wie 50ml Standard-Flasche); -\u00a0<strong>Liner-Upgrade<\/strong>: Bietet 5 Materialoptionen (Polyurethanschaum\/Aluminiumfolie, Verbundbaumwolle\/abbaubares Wabenpapier\/magnetisches Silikon\/Lasergravurplatte), erf\u00fcllt die ISTA 3A-Pr\u00fcfnorm und verbessert die Sto\u00df- und Druckfestigkeit durch 60%; -\u00a0<strong>Fallstudie<\/strong>: Eine kristallgemusterte Futterschachtel, die von einer Top-Luxusmarke angepasst wurde, erh\u00f6hte die Wiederkaufsrate um 28%.<\/p>\n<h3 id=\"2-touch-film-series-velvet-touch-and-matte-premium-experience-\">2.\u00a0<strong>Touch-Film-Serie: Samtige Ber\u00fchrung und mattes Premium-Erlebnis<\/strong><\/h3>\n<p>Die Pappschachtel-Touchfolienserie bietet Ihnen ein noch nie dagewesenes, einzigartiges Erlebnis. Die Samt-Touch-Folie f\u00fchlt sich an, als w\u00fcrden Ihre Fingerspitzen sanft \u00fcber zarten Samt streichen, und diese wunderbare Ber\u00fchrung wird auf der Pappschachtel wiedergegeben. Jede Ber\u00fchrung scheint von Raffinesse und Eleganz zu zeugen und verleiht der Pappschachtel ein unvergleichliches Gef\u00fchl von Luxus und verbessert die Produktqualit\u00e4t erheblich.<\/p>\n<h3 id=\"3-high-weight-white-card-material-balance-of-luxurious-texture-and-durability-\">3.\u00a0<strong>Hochwertiges wei\u00dfes Kartonmaterial: Gleichgewicht zwischen luxuri\u00f6ser Textur und Haltbarkeit<\/strong><\/h3>\n<p>Ausgew\u00e4hltes 350g-400g\/m\u00b2 importiertes wei\u00dfes Kartonpapier (z.B. Nordic White aus Schweden), mit einer Oberfl\u00e4chengl\u00e4tte von 85\u00b0 und einem seidigen Griff: -\u00a0<strong>Daten zur St\u00e4rke<\/strong>: Ringdruckfestigkeit \u22651200N\/m, 50% h\u00f6herer Druckwiderstand als gew\u00f6hnliches Kartonpapier; -\u00a0<strong>Umweltzertifizierung<\/strong>: FSC-Forstzertifizierung und ISO 22000-Normen f\u00fcr Lebensmittelsicherheit bestanden, der Feuchtigkeitsgehalt des Papiers ist stabil bei 5%\u00b11%; -\u00a0<strong>Touch-Upgrade<\/strong>: Mit einer 0,1 mm dicken, matten Folie \u00fcberzogen, die den Reflexionsgrad um 60% reduziert und eine hochwertige, matte Textur erzeugt.<\/p>\n<h3 id=\"4-international-printing-technology-the-ultimate-presentation-of-color-and-details-\">4.\u00a0<strong>Internationale Drucktechnologie: die ultimative Pr\u00e4sentation von Farbe und Details<\/strong><\/h3>\n<p>Einf\u00fchrung der Heidelberg CD102 Vierfarbdruckmaschine und f\u00fcnf Kerntechnologien: -\u00a0<strong>Farbmanagement<\/strong>: Mit Pantone-Farbdatenbank, Farbunterschied \u0394E\uff1c0,5, unterst\u00fctzt Pantone j\u00e4hrliche popul\u00e4re Farbanpassung; -\u00a0<strong>Detailverbesserung<\/strong>: Durch die \u00dcberlagerung von lokaler UV-Verglasung (Dicke 0,05 mm) und Pr\u00e4getechnik (Tiefe 0,1 mm) wird der dreidimensionale Eindruck des Musters um das Dreifache verst\u00e4rkt; -\u00a0<strong>Technologie zur Bek\u00e4mpfung von F\u00e4lschungen<\/strong>: Einbettung eines variablen QR-Codes und eines holografischen Laserlogos f\u00fcr eine eins-zu-eins-R\u00fcckverfolgbarkeit.<\/p>\n<h3 id=\"5-source-factory-strength-large-scale-production-and-quality-assurance-\">5.\u00a0<strong>St\u00e4rke der Quellfabrik: Gro\u00dfproduktion und Qualit\u00e4tssicherung<\/strong><\/h3>\n<p>Die 5.320\u33a1 intelligente Produktionsbasis ist mit drei wesentlichen Vorteilen ausgestattet: -\u00a0<strong>Kapazit\u00e4tsgarantie<\/strong>: 16 vollautomatische Produktionslinien mit einer durchschnittlichen Tageskapazit\u00e4t von 150.000+, die eine 7-t\u00e4gige Schnellg\u00e4rung erm\u00f6glichen; -\u00a0<strong>System der Qualit\u00e4tskontrolle<\/strong>: Zertifizierung nach ISO 9001, Stichprobenquote jeder Produktcharge \u226520%, Fehlerquote &lt;0,1%; -\u00a0<strong>Technisches Team<\/strong>: Ein 20-k\u00f6pfiges Forschungs- und Entwicklungsteam ist f\u00fcr das strukturelle Design verantwortlich und wurde mit dem Red Dot Packaging Design Award 2023 ausgezeichnet.<\/p>\n<h3 id=\"6-direct-supply-mode-from-the-source-ultra-high-cost-effective-competitive-advantage-\">6.\u00a0<strong>Direkte Versorgung von der Quelle aus: ein \u00e4u\u00dferst kosteneffizienter Wettbewerbsvorteil<\/strong><\/h3>\n<p>Senkung der Kosten durch den Eigenbetrieb der gesamten Industriekette: -\u00a0<strong>Optimierung der Lieferkette<\/strong>: Eliminieren Sie den Zwischenh\u00e4ndler Link, und der Ab-Werk-Preis ist 15%-20% niedriger als \u00e4hnliche Produkte auf dem Markt; -\u00a0<strong>Kosten kontrollierbar<\/strong>: Unterst\u00fctzung der Anpassung von Kleinserien (Mindestbestellmenge 500 St\u00fcck), und der Preis sinkt schrittweise; -\u00a0<strong>Kundennachweis<\/strong>: Eine neue Parf\u00fcmmarke konnte mit dieser L\u00f6sung ihre Verpackungskosten um 35% senken und im ersten Jahr einen Umsatz von \u00fcber 20 Millionen erzielen.<\/p>\n<h3 id=\"7-green-packaging-solution-environmental-responsibility-and-commercial-value-win-win-\">7.\u00a0<strong>Gr\u00fcne Verpackungsl\u00f6sung: Umweltverantwortung und wirtschaftlicher Nutzen - eine Win-Win-Situation<\/strong><\/h3>\n<p>Praktische Anwendung des Konzepts der nachhaltigen Entwicklung: -\u00a0<strong>Werkstoff-Innovation<\/strong>: Durch die Verwendung von FSC-zertifiziertem Zellstoff und den Druck mit Sojatinte werden die VOC-Emissionen um 70% reduziert; -\u00a0<strong>Kreisf\u00f6rmiges Design<\/strong>: Eine abnehmbare magnetische Ansaugstruktur, und die Recyclingrate der Auskleidung wird auf 85% erh\u00f6ht; -\u00a0<strong>Verfolgung des \u00f6kologischen Fu\u00dfabdrucks<\/strong>: Jede Produktcharge wird mit einem Zertifikat \u00fcber den CO2-Fu\u00dfabdruck versehen, und die CO2-Emissionen liegen 40% unter dem Industriestandard.<\/p>","protected":false},"excerpt":{"rendered":"<p>ZOJO Print hat sich das Motto \"Design st\u00e4rkt Marken, Technologie treibt das Wachstum voran\" auf die Fahnen geschrieben und bietet Parf\u00fcmmarken von der Laborforschung und -entwicklung bis hin zum Endverbraucher eine umfassende Verpackungsl\u00f6sung an. Die 5.320 Quadratmeter gro\u00dfe, intelligente Produktionsbasis und das Umweltzertifizierungssystem nach ISO 9001 erf\u00fcllen die individuellen Anforderungen von Start-up-Marken bis hin zu internationalen Marken und helfen den Kunden, differenzierte Markenbarrieren auf dem High-End-Markt aufzubauen.<\/p>","protected":false},"featured_media":9319,"template":"","meta":[],"product_brand":[],"product_cat":[30,417,430,31],"product_tag":[1140,1040,1139],"class_list":{"0":"post-9315","1":"product","2":"type-product","3":"status-publish","4":"has-post-thumbnail","6":"product_cat-by-industry","7":"product_cat-custom-perfume-boxes-by-industry","8":"product_cat-folding-cartons","9":"product_cat-paper-box-style","10":"product_tag-cardboard-boxes-wholesale","11":"product_tag-custom-logo-paper-box","12":"product_tag-paper-cardboard-boxes","14":"first","15":"instock","16":"shipping-taxable","17":"product-type-grouped"},"_links":{"self":[{"href":"https:\/\/zojopackaging.com\/de\/wp-json\/wp\/v2\/product\/9315","targetHints":{"allow":["GET"]}}],"collection":[{"href":"https:\/\/zojopackaging.com\/de\/wp-json\/wp\/v2\/product"}],"about":[{"href":"https:\/\/zojopackaging.com\/de\/wp-json\/wp\/v2\/types\/product"}],"version-history":[{"count":1,"href":"https:\/\/zojopackaging.com\/de\/wp-json\/wp\/v2\/product\/9315\/revisions"}],"predecessor-version":[{"id":9324,"href":"https:\/\/zojopackaging.com\/de\/wp-json\/wp\/v2\/product\/9315\/revisions\/9324"}],"wp:featuredmedia":[{"embeddable":true,"href":"https:\/\/zojopackaging.com\/de\/wp-json\/wp\/v2\/media\/9319"}],"wp:attachment":[{"href":"https:\/\/zojopackaging.com\/de\/wp-json\/wp\/v2\/media?parent=9315"}],"wp:term":[{"taxonomy":"product_brand","embeddable":true,"href":"https:\/\/zojopackaging.com\/de\/wp-json\/wp\/v2\/product_brand?post=9315"},{"taxonomy":"product_cat","embeddable":true,"href":"https:\/\/zojopackaging.com\/de\/wp-json\/wp\/v2\/product_cat?post=9315"},{"taxonomy":"product_tag","embeddable":true,"href":"https:\/\/zojopackaging.com\/de\/wp-json\/wp\/v2\/product_tag?post=9315"}],"curies":[{"name":"wp","href":"https:\/\/api.w.org\/{rel}","templated":true}]}}