{"id":9322,"date":"2025-04-01T20:29:07","date_gmt":"2025-04-01T12:29:07","guid":{"rendered":"https:\/\/zojopackaging.com\/?post_type=product&#038;p=9322"},"modified":"2025-04-01T20:52:21","modified_gmt":"2025-04-01T12:52:21","slug":"custom-cosmetic-skincare-makeup-remover-sliding-drawer-box","status":"publish","type":"product","link":"https:\/\/zojopackaging.com\/de\/product\/custom-cosmetic-skincare-makeup-remover-sliding-drawer-box\/","title":{"rendered":"Benutzerdefinierte Kosmetik Hautpflege Makeup Entferner Schiebeschublade Box"},"content":{"rendered":"<h2 id=\"-customized-makeup-removal-sliding-drawer-box-\"><strong>Ma\u00dfgeschneiderte Schubladenbox zum Abschminken<\/strong><\/h2>\n<h2 id=\"-1-convenient-pull-out-opening-and-closing-design-\"><strong>1. Bequeme Schublade Papier-Boxen \u00f6ffnen und schlie\u00dfen Design<\/strong><\/h2>\n<ul>\n<li>Dank der Pr\u00e4zisionsschienenstruktur l\u00e4sst sich die Schubladenbox leichtg\u00e4ngig \u00f6ffnen und schlie\u00dfen und kann mit einer Hand leicht geschoben und gezogen werden.<\/li>\n<li>Dank der werkzeuglosen Montage k\u00f6nnen die Benutzer das Ger\u00e4t sofort nach dem Auspacken verwenden, was die Benutzerfreundlichkeit und die Markengunst verbessert.<\/li>\n<\/ul>\n<h2 id=\"-2-hot-stamping-technology-enhances-visual-texture-\"><strong>2. Gold Hei\u00dfpr\u00e4gefolientechnologie verbessert die visuelle Textur<\/strong><\/h2>\n<ul>\n<li>Die Hei\u00dfpr\u00e4getechnik (wahlweise Gold, Silber, Farbgold oder Lasereffekt) wird auf der Oberfl\u00e4che eingesetzt, um einen metallischen Glanz auf dem LOGO oder dem Muster auf der Schachteloberfl\u00e4che zu erzeugen, was den Wiedererkennungswert und den Luxus der Marke deutlich erh\u00f6ht.<\/li>\n<li>Die Hei\u00dfpr\u00e4geschicht verf\u00fcgt \u00fcber eine starke Haftung, Verschlei\u00dffestigkeit und Kratzfestigkeit und bleibt auch nach langem Gebrauch gl\u00e4nzend und neu.<\/li>\n<\/ul>\n<h2 id=\"-3-creative-ribbon-decoration-details-\"><strong>3. Kreative Banddekoration Details<\/strong><\/h2>\n<ul>\n<li>Die Oberseite oder die Seite ist mit einem Satin-\/Strukturband versehen, das f\u00fcr eine elegante \u00d6ffnungszeremonie sorgt und als Handschlaufe verwendet werden kann, um die Tragbarkeit zu verbessern.<\/li>\n<li>Die Farbe des Bandes kann individuell angepasst werden, indem sie mit der Hauptfarbe des Schachtelk\u00f6rpers kontrastiert oder koordiniert wird, um das Gesamtdesign zu verbessern.<\/li>\n<\/ul>\n<h2 id=\"-4-eva-lining-for-all-round-protection-\"><strong>4. EVA-Futter f\u00fcr Rundumschutz<\/strong><\/h2>\n<ul>\n<li>Die Auskleidung besteht aus hochdichtem EVA-Schaum (kann beflockt werden), mit pr\u00e4ziser Form\u00f6ffnung zur Anpassung an die Produktform, hervorragender Polsterung und Sto\u00dffestigkeit sowie wirksamer Best\u00e4ndigkeit gegen Transportst\u00f6\u00dfe und Lagerdruck.<\/li>\n<li>Ungiftige und umweltfreundliche Materialien, die den Sicherheitsstandards f\u00fcr Kosmetikverpackungen entsprechen, recycelbar und abbaubar sind.<\/li>\n<\/ul>\n<h2 id=\"-5-high-stability-material-combination-\"><strong>5. Hochstabile Materialkombination<\/strong><\/h2>\n<ul>\n<li><strong>Strukturelle Schicht<\/strong>: 1200 GSM Graukartonboden, H\u00e4rte erreicht den h\u00f6chsten Standard der Industrie, starke Tragf\u00e4higkeit, die sicherstellt, dass sich die Box nicht verformt.<\/li>\n<li><strong>Oberfl\u00e4chenschicht<\/strong>: 157 GSM beschichtetes Papier, hohe Farbwiedergabe, unterst\u00fctzt den hochaufl\u00f6senden Druck von Markenmustern oder Farbverl\u00e4ufen.<\/li>\n<\/ul>\n<h2 id=\"-6-highly-flexible-customization-service-\"><strong>6. Hochflexibler Anpassungsservice<\/strong><\/h2>\n<ul>\n<li><strong>Gr\u00f6\u00dfe<\/strong>: Unterst\u00fctzt unbegrenzte Anpassung, geeignet f\u00fcr mehrere Kategorien wie Make-up-Entferner \u00d6l-Flaschen, Gesichtsmasken, Pinsel, etc.<\/li>\n<li><strong>Farbe<\/strong>: Bietet eine vollst\u00e4ndige Palette von Pantone-Farbkarten und unterst\u00fctzt Spezialeffekte wie Perlglanz- und Metallicfarben.<\/li>\n<li><strong>Druckverfahren<\/strong>: Optionale UV-Teilglanzoberfl\u00e4che, Pr\u00e4gung, Relief und andere Kombinationsverfahren zur Schaffung einer differenzierten visuellen Note.<\/li>\n<\/ul>\n<h2 id=\"-application-scenarios-\"><strong>Anwendungsszenarien<\/strong><\/h2>\n<ul>\n<li><strong>Hochwertige Hautpflegeprodukte<\/strong>: Exquisite Produkte in Flaschen wie Essenzen und Cremes.<\/li>\n<li><strong>Make-up-Sets<\/strong>: Mehrteilige Sets wie Lidschattenpaletten und Pinselsets.<\/li>\n<li><strong>Direktlieferung im elektronischen Gesch\u00e4ftsverkehr<\/strong>: Das erdbebensichere Design eignet sich f\u00fcr die Langstreckenlogistik, um die Bruchrate zu verringern.<\/li>\n<\/ul>\n<h3 id=\"-customization-process-\"><strong>Anpassungsprozess<\/strong><\/h3>\n<ol>\n<li><strong>Kommunikation nachfragen<\/strong>: Geben Sie Produktgr\u00f6\u00dfe, Designentwurf und Prozessanforderungen an.<\/li>\n<li><strong>3D-Proofing<\/strong>: Best\u00e4tigung des physischen Musterkastens innerhalb von 48 Stunden.<\/li>\n<li><strong>Massenproduktion<\/strong>: Die Mindestbestellmenge betr\u00e4gt 500 St\u00fcck und unterst\u00fctzt den weltweiten Logistikvertrieb.<\/li>\n<\/ol>","protected":false},"excerpt":{"rendered":"<ul>\n<li><strong>16 Jahre Berufserfahrung<\/strong>: Das Werk verf\u00fcgt \u00fcber eine ISO-Qualit\u00e4tsmanagement-Zertifizierung und ist mit vollautomatischen Stanzmaschinen, Hei\u00dfpr\u00e4gemaschinen und EVA-Pr\u00e4zisionsschneideger\u00e4ten ausgestattet, um eine pr\u00e4zise und effiziente Produktion zu gew\u00e4hrleisten.<\/li>\n<li><strong>Full-Link-Dienst<\/strong>: Von der Pr\u00fcfung des 3D-Strukturentwurfs \u00fcber die Auswahl des Materials und die Massenproduktion bis hin zur Qualit\u00e4tskontrolle und Verpackung - alles aus einer Hand. Das erste Muster kann innerhalb von 7 Tagen geliefert werden.<\/li>\n<\/ul>","protected":false},"featured_media":9265,"template":"","meta":[],"product_brand":[],"product_cat":[30,390,31,426],"product_tag":[1141,1143,1142],"class_list":{"0":"post-9322","1":"product","2":"type-product","3":"status-publish","4":"has-post-thumbnail","6":"product_cat-by-industry","7":"product_cat-custom-cosmetics-boxes","8":"product_cat-paper-box-style","9":"product_cat-paper-drawer-boxes","10":"product_tag-custom-cosmetic-box","11":"product_tag-makeup-remover-boxes","12":"product_tag-skincare-sliding-drawer-box","14":"first","15":"instock","16":"shipping-taxable","17":"product-type-simple"},"_links":{"self":[{"href":"https:\/\/zojopackaging.com\/de\/wp-json\/wp\/v2\/product\/9322","targetHints":{"allow":["GET"]}}],"collection":[{"href":"https:\/\/zojopackaging.com\/de\/wp-json\/wp\/v2\/product"}],"about":[{"href":"https:\/\/zojopackaging.com\/de\/wp-json\/wp\/v2\/types\/product"}],"version-history":[{"count":1,"href":"https:\/\/zojopackaging.com\/de\/wp-json\/wp\/v2\/product\/9322\/revisions"}],"predecessor-version":[{"id":9326,"href":"https:\/\/zojopackaging.com\/de\/wp-json\/wp\/v2\/product\/9322\/revisions\/9326"}],"wp:featuredmedia":[{"embeddable":true,"href":"https:\/\/zojopackaging.com\/de\/wp-json\/wp\/v2\/media\/9265"}],"wp:attachment":[{"href":"https:\/\/zojopackaging.com\/de\/wp-json\/wp\/v2\/media?parent=9322"}],"wp:term":[{"taxonomy":"product_brand","embeddable":true,"href":"https:\/\/zojopackaging.com\/de\/wp-json\/wp\/v2\/product_brand?post=9322"},{"taxonomy":"product_cat","embeddable":true,"href":"https:\/\/zojopackaging.com\/de\/wp-json\/wp\/v2\/product_cat?post=9322"},{"taxonomy":"product_tag","embeddable":true,"href":"https:\/\/zojopackaging.com\/de\/wp-json\/wp\/v2\/product_tag?post=9322"}],"curies":[{"name":"wp","href":"https:\/\/api.w.org\/{rel}","templated":true}]}}