{"id":9327,"date":"2025-04-01T20:52:50","date_gmt":"2025-04-01T12:52:50","guid":{"rendered":"https:\/\/zojopackaging.com\/?post_type=product&#038;p=9327"},"modified":"2025-04-01T21:09:19","modified_gmt":"2025-04-01T13:09:19","slug":"custom-electronic-parts-accessories-packaging-box-wholesale","status":"publish","type":"product","link":"https:\/\/zojopackaging.com\/de\/product\/custom-electronic-parts-accessories-packaging-box-wholesale\/","title":{"rendered":"Benutzerdefinierte elektronische Teile Zubeh\u00f6r Verpackung Box Gro\u00dfhandel"},"content":{"rendered":"<h2 id=\"-core-advantages-and-product-features-\"><strong>Hauptvorteile und Produktmerkmale<\/strong><\/h2>\n<ol>\n<li><strong>Getrennte Struktur der oberen und unteren Abdeckung<\/strong>\u00a0Der obere Deckel und der untere Deckel sind getrennt, was einfach zu bedienen ist und eine starke Abdichtung bietet, so dass elektronische Teile und Zubeh\u00f6r schnell entnommen werden k\u00f6nnen. Die Box hat eine stabile Struktur, die sowohl den Schutz als auch das reibungslose \u00d6ffnen und Schlie\u00dfen ber\u00fccksichtigt. Sie eignet sich f\u00fcr die hochfrequente Lagerung und den Bedarf an elektronischem Pr\u00e4zisionszubeh\u00f6r und unterst\u00fctzt die Stapellagerung zur Optimierung der Lagerraumnutzung.<\/li>\n<li><strong>Hei\u00dfpr\u00e4geverfahren und Farbabstimmung<\/strong>\u00a0Die Hauptfarbe ist klassisches Schwarz, mit Rot als Nebenfarbe. Das Hei\u00dfpr\u00e4geverfahren verst\u00e4rkt den visuellen Ausdruck und unterstreicht die hochwertige Positionierung des Produkts. Das Hei\u00dfpr\u00e4gemuster ist klar und dreidimensional, was den Wiedererkennungswert der Marke steigert. Es eignet sich f\u00fcr Display-Verpackungen oder Gesch\u00e4ftsgeschenke und erh\u00f6ht effektiv den Mehrwert der Kundenprodukte.<\/li>\n<li><strong>EVA-Futterschutzsystem<\/strong>\u00a0Die eingebaute EVA-Auskleidung mit hoher Dichte passt sich durch den Stanzprozess genau an die Form der Teile an, absorbiert St\u00f6\u00dfe und Vibrationen w\u00e4hrend des Transports und verhindert physische Sch\u00e4den wie Kratzer und Extrusion. Die Auskleidung kann je nach Gr\u00f6\u00dfe und Form des Zubeh\u00f6rs angepasst werden und unterst\u00fctzt die Bed\u00fcrfnisse der gemischten Beladung mehrerer Kategorien, um den unabh\u00e4ngigen Schutz der elektronischen Pr\u00e4zisionskomponenten zu gew\u00e4hrleisten.<\/li>\n<li><strong>Volldimensionaler kundenspezifischer Service<\/strong><\/li>\n<li><strong>Art und Gr\u00f6\u00dfe der Box<\/strong>: Unterst\u00fctzt verschiedene Strukturen wie obere und untere Abdeckungen, buchf\u00f6rmige K\u00e4sten, Fensterk\u00e4sten usw., die je nach Gr\u00f6\u00dfe des Zubeh\u00f6rs und den Transportanforderungen angepasst werden k\u00f6nnen, mit einem Volumenverh\u00e4ltnis von &gt;90%, wodurch \u00fcberfl\u00fcssiger Platz reduziert wird.<\/li>\n<li><strong>Material und Verfahren<\/strong>: Graupappe, Hartkarton, Spezialpapier und andere Tr\u00e4germaterialien, matte Folie auf der Oberfl\u00e4che, um die Textur zu verbessern, und Vierfarbendruck (Heidelberger Druckmaschine), um sicherzustellen, dass das Muster voller Farben ist und der \u00dcbergang nat\u00fcrlich ist.<\/li>\n<li><strong>Funktionserweiterung<\/strong>: Es kann eine antistatische Beschichtung, feuchtigkeitsdichte Dichtungsstreifen und andere Verfahren integrieren, um den besonderen Anforderungen an die Lagerung empfindlicher elektronischer Komponenten gerecht zu werden.<\/li>\n<li><strong>Professionelle Produktions- und Au\u00dfenhandelsunterst\u00fctzung<\/strong>\u00a016 Jahre direkter Versand von der Ausgangsfabrik, Zertifizierung nach ISO-Qualit\u00e4tsmanagementsystem und strenge Kontrolle des gesamten Prozesses von der Materialauswahl bis zur Inspektion des fertigen Produkts. Wir konzentrieren uns auf den Au\u00dfenhandelsmarkt und sind mit internationalen Logistikstandards (z. B. ISTA-Transportpr\u00fcfungen) vertraut. Wir bieten mehrsprachige Etiketten, Umweltzertifizierungen (z. B. FSC, ISO) und andere unterst\u00fctzende Dienstleistungen an, damit die Produkte in Europa, Amerika, S\u00fcdostasien und anderen M\u00e4rkten konform sind.<\/li>\n<\/ol>\n<h2 id=\"-technical-parameters-and-delivery-guarantee-\"><strong>Technische Parameter und Liefergarantie<\/strong><\/h2>\n<table>\n<thead>\n<tr>\n<th><strong>Projekt<\/strong><\/th>\n<th><strong>Spezifikationen<\/strong><\/th>\n<\/tr>\n<\/thead>\n<tbody>\n<tr>\n<td>Druckverfahren<\/td>\n<td>Vierfarbendruck + matte Folie\/gl\u00e4nzende Folie, Aufl\u00f6sung \u2265300dpi, Unterst\u00fctzung von Schmuckfarben, lokaler UV-Effekt<\/td>\n<\/tr>\n<tr>\n<td>Produktionszyklus<\/td>\n<td>3-5 Arbeitstage f\u00fcr den Korrekturabzug, 7-15 Tage f\u00fcr Serienauftr\u00e4ge (je nach Komplexit\u00e4t der Anpassungen)<\/td>\n<\/tr>\n<tr>\n<td>Mindestbestellmenge<\/td>\n<td>500 Chargen, Unterst\u00fctzung kleiner Chargen und flexible Anpassung<\/td>\n<\/tr>\n<tr>\n<td>Logistik-Verpackungen<\/td>\n<td>Exporttauglicher Wellpapp-Au\u00dfenkarton + feste Verpackungsfolie, Einzelkartonlast \u226515kg, Stapelschicht \u22655 Lagen<\/td>\n<\/tr>\n<\/tbody>\n<\/table>\n<p>&nbsp;<\/p>","protected":false},"excerpt":{"rendered":"<ul>\n<li><strong>Anwendungsbereiche<\/strong>Mobiltelefone, elektrische Bauteile, Pr\u00e4zisionsinstrumente, SMT-Patch-Materialien, Zubeh\u00f6r f\u00fcr Industrieanlagen usw.<\/li>\n<li><strong>Grundwert<\/strong>: Reduzieren Sie die Transportverlustrate um \uff1e30% durch professionelle Verpackung, verbessern Sie die Erfahrung beim Auspacken des Terminals; kundenspezifisches Design st\u00e4rkt das Markenimage und hilft Lieferanten von elektronischen Teilen, H\u00e4ndlern und OEM-Herstellern, den High-End-Markt zu erobern.<\/li>\n<\/ul>","protected":false},"featured_media":9328,"template":"","meta":[],"product_brand":[],"product_cat":[30,413,425,31],"product_tag":[1146,1144,1145],"class_list":{"0":"post-9327","1":"product","2":"type-product","3":"status-publish","4":"has-post-thumbnail","6":"product_cat-by-industry","7":"product_cat-consumer-electronics-boxes","8":"product_cat-lid-and-base-gift-box","9":"product_cat-paper-box-style","10":"product_tag-custom-electronic-packaging","11":"product_tag-custom-electronic-parts-packaging","12":"product_tag-electronic-accessories-packaging","14":"first","15":"instock","16":"shipping-taxable","17":"product-type-simple"},"_links":{"self":[{"href":"https:\/\/zojopackaging.com\/de\/wp-json\/wp\/v2\/product\/9327","targetHints":{"allow":["GET"]}}],"collection":[{"href":"https:\/\/zojopackaging.com\/de\/wp-json\/wp\/v2\/product"}],"about":[{"href":"https:\/\/zojopackaging.com\/de\/wp-json\/wp\/v2\/types\/product"}],"version-history":[{"count":1,"href":"https:\/\/zojopackaging.com\/de\/wp-json\/wp\/v2\/product\/9327\/revisions"}],"predecessor-version":[{"id":9334,"href":"https:\/\/zojopackaging.com\/de\/wp-json\/wp\/v2\/product\/9327\/revisions\/9334"}],"wp:featuredmedia":[{"embeddable":true,"href":"https:\/\/zojopackaging.com\/de\/wp-json\/wp\/v2\/media\/9328"}],"wp:attachment":[{"href":"https:\/\/zojopackaging.com\/de\/wp-json\/wp\/v2\/media?parent=9327"}],"wp:term":[{"taxonomy":"product_brand","embeddable":true,"href":"https:\/\/zojopackaging.com\/de\/wp-json\/wp\/v2\/product_brand?post=9327"},{"taxonomy":"product_cat","embeddable":true,"href":"https:\/\/zojopackaging.com\/de\/wp-json\/wp\/v2\/product_cat?post=9327"},{"taxonomy":"product_tag","embeddable":true,"href":"https:\/\/zojopackaging.com\/de\/wp-json\/wp\/v2\/product_tag?post=9327"}],"curies":[{"name":"wp","href":"https:\/\/api.w.org\/{rel}","templated":true}]}}