{"id":9335,"date":"2025-04-01T21:13:56","date_gmt":"2025-04-01T13:13:56","guid":{"rendered":"https:\/\/zojopackaging.com\/?post_type=product&#038;p=9335"},"modified":"2025-04-01T21:56:12","modified_gmt":"2025-04-01T13:56:12","slug":"custom-consumer-electronic-packaging-gift-boxes-wholesale","status":"publish","type":"product","link":"https:\/\/zojopackaging.com\/de\/product\/custom-consumer-electronic-packaging-gift-boxes-wholesale\/","title":{"rendered":"Benutzerdefinierte elektronische Verpackungen Geschenkboxen f\u00fcr Verbraucher Gro\u00dfhandel"},"content":{"rendered":"<h2 id=\"-core-functions-and-design-highlights-\"><strong>Kernfunktionen und Design-Highlights<\/strong><\/h2>\n<ol>\n<li><strong>Lebendige abstrakte Muster und individuelle Gestaltung der Marke<\/strong>\u00a0Das Oberfl\u00e4chenverfahren verwendet 157g C2S-beschichtetes Papier in Kombination mit der RISO-Drucktechnologie, um den abstrakten Kunsteffekt der zuf\u00e4lligen \u00dcberlagerung mehrerer Farben zu unterst\u00fctzen. Der lokale UV-Lackprozess passt die H\u00e4rte der Kollisionsfl\u00e4che durch eine Frequenz von 2000-3000 Hz an, um eine synergetische Verbesserung der taktilen R\u00fcckmeldung und des visuellen Glanzes zu erreichen; der Hei\u00dfpr\u00e4geprozess verwendet Kontaktmaterialien aus einer Silberlegierung, die die Korrosionsbest\u00e4ndigkeit um 50% erh\u00f6ht und die Integrit\u00e4t des Musters nach hochfrequentem \u00d6ffnen und Schlie\u00dfen gew\u00e4hrleistet. Unterst\u00fctzt den Pr\u00e4zisionssiebdruck mit 300 dpi, kann mehr als 95% der Farbskala der speziellen Pantone-Farbbibliothek wiederherstellen und passt sich an die Anpassung des VI-Systems der Marke an.<\/li>\n<li><strong>Volldimensionaler Anpassungsservice<\/strong><\/li>\n<li><strong>Innovation in Form einer Box<\/strong>: Unterst\u00fctzt die Entwicklung speziell geformter Schachteln, wie z. B. herzf\u00f6rmige\/abgerundete Ecken, nutzt die parametrische CAD-Modellierung f\u00fcr eine 1:1-Struktursimulation und verk\u00fcrzt den Proofing-Zyklus auf 72 Stunden.<\/li>\n<li><strong>Umweltfreundliche Materialien<\/strong>: Das Basismaterial besteht aus FSC-zertifiziertem Karton, der mit Sojatinte bedruckt ist,<\/li>\n<li><strong>Prozess-Kombination<\/strong>: Unterst\u00fctzt 3D-Relief- und Laserpr\u00e4geverfahren, um dynamische Licht- und Schatteneffekte zu erzielen.<\/li>\n<\/ol>\n<h2 id=\"-service-advantages-\"><strong>Vorteile der Dienstleistung<\/strong><\/h2>\n<ul>\n<li><strong>Grenz\u00fcberschreitende Compliance<\/strong>: Bereitstellung eines vollst\u00e4ndigen Satzes von RoHS-, CE- und FSC-Zertifizierungsdokumenten sowie Unterst\u00fctzung bei der intelligenten Vorausberechnung von Z\u00f6llen in China, den Vereinigten Staaten und Europa gem\u00e4\u00df den DDP-Bedingungen.<\/li>\n<li><strong>Kostenkontrolle<\/strong>: Erzielen Sie umfassende Kostenvorteile durch die Optimierung des Layouts der Magnetringanordnung und des Schachtel-Designs f\u00fcr Kartonstanzungen.<\/li>\n<\/ul>\n<h2 id=\"-customization-process-\"><strong>Anpassungsprozess<\/strong><\/h2>\n<ol>\n<li><strong>Nachfrage Digitalisierung<\/strong>: Reichen Sie 3D-Produktmodelle online ein, und KI-Algorithmen generieren automatisch L\u00f6sungen zur Optimierung der Pufferstruktur-Topologie.<\/li>\n<li><strong>Virtuelles Prototyping<\/strong>: Erstellen Sie innerhalb von 48 Stunden interaktive 3D-WebGL-Renderings und unterst\u00fctzen Sie das virtuelle Unboxing von AR.<\/li>\n<li><strong>Agile Produktion<\/strong>: Das MES-System ist mit dem ERP-System verbunden, und 500 St\u00fcck der Auftragschargen k\u00f6nnen innerhalb von 7 Tagen weltweit ausgeliefert werden.<\/li>\n<\/ol>","protected":false},"excerpt":{"rendered":"<p>1. Die Magnetverschlussbox \u00f6ffnet sich in Sekundenschnelle durch magnetische Adsorption, ohne komplizierte Werkzeuge oder festgelegte Schritte, was Zeit spart<br \/>\n2. Diese lebendige abstrakte Muster Verpackung Box kann die unboxing Erfahrung Ihrer Marke zu verbessern<br \/>\n3. Speziell f\u00fcr die Unterhaltungselektronik entwickelt, kombiniert es k\u00fchne Sch\u00f6nheit mit leistungsstarkem Schutz<br \/>\n4. Die Form, die Gr\u00f6\u00dfe, die Farbe, das Material und der Oberfl\u00e4chendruckeffekt der Schachtel k\u00f6nnen in hohem Ma\u00dfe an die Verpackung Ihrer Unterhaltungselektronik angepasst werden.<\/p>","protected":false},"featured_media":9336,"template":"","meta":[],"product_brand":[],"product_cat":[30,413,424,31],"product_tag":[1151,1149,1150],"class_list":{"0":"post-9335","1":"product","2":"type-product","3":"status-publish","4":"has-post-thumbnail","6":"product_cat-by-industry","7":"product_cat-consumer-electronics-boxes","8":"product_cat-magnetic-closure-boxes","9":"product_cat-paper-box-style","10":"product_tag-consumer-electronic-boxes-wholesale","11":"product_tag-consumer-electronic-packaging","12":"product_tag-electronic-packaging-gift-boxes","14":"first","15":"instock","16":"shipping-taxable","17":"product-type-simple"},"_links":{"self":[{"href":"https:\/\/zojopackaging.com\/de\/wp-json\/wp\/v2\/product\/9335","targetHints":{"allow":["GET"]}}],"collection":[{"href":"https:\/\/zojopackaging.com\/de\/wp-json\/wp\/v2\/product"}],"about":[{"href":"https:\/\/zojopackaging.com\/de\/wp-json\/wp\/v2\/types\/product"}],"version-history":[{"count":1,"href":"https:\/\/zojopackaging.com\/de\/wp-json\/wp\/v2\/product\/9335\/revisions"}],"predecessor-version":[{"id":9348,"href":"https:\/\/zojopackaging.com\/de\/wp-json\/wp\/v2\/product\/9335\/revisions\/9348"}],"wp:featuredmedia":[{"embeddable":true,"href":"https:\/\/zojopackaging.com\/de\/wp-json\/wp\/v2\/media\/9336"}],"wp:attachment":[{"href":"https:\/\/zojopackaging.com\/de\/wp-json\/wp\/v2\/media?parent=9335"}],"wp:term":[{"taxonomy":"product_brand","embeddable":true,"href":"https:\/\/zojopackaging.com\/de\/wp-json\/wp\/v2\/product_brand?post=9335"},{"taxonomy":"product_cat","embeddable":true,"href":"https:\/\/zojopackaging.com\/de\/wp-json\/wp\/v2\/product_cat?post=9335"},{"taxonomy":"product_tag","embeddable":true,"href":"https:\/\/zojopackaging.com\/de\/wp-json\/wp\/v2\/product_tag?post=9335"}],"curies":[{"name":"wp","href":"https:\/\/api.w.org\/{rel}","templated":true}]}}