{"id":9349,"date":"2025-04-01T21:56:20","date_gmt":"2025-04-01T13:56:20","guid":{"rendered":"https:\/\/zojopackaging.com\/?post_type=product&#038;p=9349"},"modified":"2025-04-01T22:27:11","modified_gmt":"2025-04-01T14:27:11","slug":"custom-pet-dog-leash-collar-product-packaging-box-wholesale","status":"publish","type":"product","link":"https:\/\/zojopackaging.com\/de\/product\/custom-pet-dog-leash-collar-product-packaging-box-wholesale\/","title":{"rendered":"Benutzerdefinierte Haustier Hund Leine Halsband Produkt Verpackung Box Gro\u00dfhandel"},"content":{"rendered":"<h2 id=\"-i-core-product-advantages-\"><strong>1. Die wichtigsten Produktvorteile<\/strong><\/h2>\n<h3 id=\"1-high-quality-environmentally-friendly-materials-\">1.\u00a0<strong>Hochwertige umweltfreundliche Materialien<\/strong><\/h3>\n<ul>\n<li><strong>Material<\/strong>: Hergestellt aus umweltfreundlichem Karton mit hoher Dichte (FSC-zertifiziert), mit einer optionalen Dicke von 1,5-3 mm und einer Druckfestigkeit von 10-15 kg, die die Widerstandsf\u00e4higkeit gegen St\u00fcrze und Verformungen w\u00e4hrend des Transports gew\u00e4hrleistet.<\/li>\n<li><strong>Schutz der Umwelt<\/strong>: Entspricht den EU-ReACH-Normen, 100% recycelbar, geeignet f\u00fcr den grenz\u00fcberschreitenden E-Commerce und die M\u00e4rkte f\u00fcr hochwertige Heimtiermarken.<\/li>\n<\/ul>\n<h3 id=\"2-waterproof-matte-coating-technology-\">2.\u00a0<strong>Wasserdichte, matte Beschichtungstechnologie<\/strong><\/h3>\n<ul>\n<li><strong>Oberfl\u00e4chenbehandlung<\/strong>: Die \u00e4u\u00dfere Schicht ist mit einer matten, wasserdichten Beschichtung versehen, die feuchtigkeits- und f\u00e4ulnisbest\u00e4ndig ist und extremen Temperaturen und Luftfeuchtigkeit von -20\u00b0C bis 60\u00b0C standh\u00e4lt. Sie sch\u00fctzt die inneren Produkte (wie z. B. Polyesterkragen und Nylontraktionsseile) vor Besch\u00e4digungen bei Lagerung und Transport.<\/li>\n<li><strong>Matte Textur<\/strong>: Ein zarter Touch, der das hochwertige Image der Marke unterstreicht.<\/li>\n<\/ul>\n<h3 id=\"3-customized-design-solutions-\">3.\u00a0<strong>Ma\u00dfgeschneiderte Designl\u00f6sungen<\/strong><\/h3>\n<ul>\n<li><strong>Entwurf von Mustern<\/strong>: Unterst\u00fctzt Vollfarb-UV-Druck, Hei\u00dfpr\u00e4gung\/Silber und Pr\u00e4getechnik. Es kann Elemente von Haustieren (z. B. Pfotenabdr\u00fccke, Knochen, Cartoon-Hunde) oder Marken-IP einbinden und eignet sich f\u00fcr Marktpr\u00e4ferenzen wie den europ\u00e4ischen und amerikanischen minimalistischen Stil sowie den japanischen und koreanischen niedlichen Stil.<\/li>\n<li><strong>Farbliche Anpassung<\/strong>: Bietet eine genaue Farbabstimmung mit Pantone-Farbkarten, unterst\u00fctzt Farbverl\u00e4ufe und lokale Lackeffekte.<\/li>\n<\/ul>\n<h3 id=\"4-multifunctional-internal-structure-\">4.\u00a0<strong>Multifunktionale interne Struktur<\/strong><\/h3>\n<ul>\n<li><strong>Version der Erweiterung<\/strong>: Unterst\u00fctzt das Design der Schichtentrennung, kompatibel mit kleinem Zubeh\u00f6r (wie Kotbeutel, Snackbeutel).<\/li>\n<li><strong>Gestaltung des Puffers<\/strong>: Wahlweise mit EVA-Auskleidung oder Waben-Papierschale, sto\u00dffest und schlagfest.<\/li>\n<\/ul>\n<h3 id=\"5-highly-flexible-customized-service-\">5.\u00a0<strong>Hochflexibler ma\u00dfgeschneiderter Service<\/strong><\/h3>\n<ul>\n<li><strong>Auswahl des Boxentyps<\/strong>: Oberer und unterer Deckel, Schublade, faltbare Mailer Box, geeignet f\u00fcr verschiedene Produktlinien (z. B. Geschenkboxen f\u00fcr einzelne Produkte, Set-Kombinationen).<\/li>\n<li><strong>Oberfl\u00e4chentechnik<\/strong>: Hei\u00dfpr\u00e4gung\/Silber, Pr\u00e4gung, Laseraush\u00f6hlung, unterst\u00fctzt Marken-LOGO Siebdruck oder 3D-Stereodruck.<\/li>\n<li><strong>Zus\u00e4tzliche Funktionen<\/strong>: QR-Code-Etiketten, f\u00e4lschungssichere Aufkleber und Geschenkkartenf\u00e4cher k\u00f6nnen integriert werden, um die Interaktion mit dem Kunden zu verbessern.<\/li>\n<\/ul>\n<h2 id=\"-ii-cooperation-process-and-support-policy-\"><strong>2. Kooperationsprozess und F\u00f6rderpolitik<\/strong><\/h2>\n<p id=\"1-free-design-service-provide-ai-design-template-library-and-professional-art-team-and-complete-the-first-draft-confirmation-within-3-working-days-\">1.\u00a0<strong>Kostenloser Entwurfsservice<\/strong>: Wir stellen eine Bibliothek mit AI-Designvorlagen und ein professionelles Grafikteam zur Verf\u00fcgung und erstellen die erste Entwurfsbest\u00e4tigung innerhalb von 3 Arbeitstagen.<\/p>\n<p id=\"2-logistics-guarantee-provide-fba-labels-neutral-packaging-or-branded-color-boxes-support-global-direct-mail-and-consignment-\">2.\u00a0<strong>Logistik-Garantie<\/strong>: Bereitstellung von FBA-Etiketten, neutralen Verpackungen oder farbigen Markenkartons, Unterst\u00fctzung des globalen Direktversands und des Versands.<\/p>\n<p id=\"3-after-sales-commitment-free-reprinting-for-quality-problems-provide-1-year-warranty-and-warehousing-and-custody-services-\">3.\u00a0<strong>Engagement nach dem Verkauf<\/strong>: Kostenloser Nachdruck bei Qualit\u00e4tsproblemen, 1-Jahres-Garantie sowie Lager- und Aufbewahrungsdienste.<\/p>","protected":false},"excerpt":{"rendered":"<ul>\n<li>E-Commerce-Plattform: Passen Sie sich dem \"Unboxing Experience Marketing\" der gro\u00dfen E-Commerce-Plattformen an und locken Sie junge Tierhalter mit speziell geformten Boxen.<\/li>\n<li>Offline-Einzelhandel: Um den Anforderungen von Zoohandlungen gerecht zu werden, kann das optionale transparente Fensterdesign verwendet werden, um Produkte intuitiv zu pr\u00e4sentieren.<\/li>\n<\/ul>","protected":false},"featured_media":9350,"template":"","meta":[],"product_brand":[],"product_cat":[30,423,31,433],"product_tag":[1154,1153,1152],"class_list":{"0":"post-9349","1":"product","2":"type-product","3":"status-publish","4":"has-post-thumbnail","6":"product_cat-by-industry","7":"product_cat-custom-presentation-boxes-by-industry","8":"product_cat-paper-box-style","9":"product_cat-shipping-mailer-boxes","10":"product_tag-custom-pet-dog-leash-box-wholesale","11":"product_tag-dog-collar-packaging","12":"product_tag-pet-leash-packaging-box","14":"first","15":"instock","16":"shipping-taxable","17":"product-type-simple"},"_links":{"self":[{"href":"https:\/\/zojopackaging.com\/de\/wp-json\/wp\/v2\/product\/9349","targetHints":{"allow":["GET"]}}],"collection":[{"href":"https:\/\/zojopackaging.com\/de\/wp-json\/wp\/v2\/product"}],"about":[{"href":"https:\/\/zojopackaging.com\/de\/wp-json\/wp\/v2\/types\/product"}],"version-history":[{"count":1,"href":"https:\/\/zojopackaging.com\/de\/wp-json\/wp\/v2\/product\/9349\/revisions"}],"predecessor-version":[{"id":9357,"href":"https:\/\/zojopackaging.com\/de\/wp-json\/wp\/v2\/product\/9349\/revisions\/9357"}],"wp:featuredmedia":[{"embeddable":true,"href":"https:\/\/zojopackaging.com\/de\/wp-json\/wp\/v2\/media\/9350"}],"wp:attachment":[{"href":"https:\/\/zojopackaging.com\/de\/wp-json\/wp\/v2\/media?parent=9349"}],"wp:term":[{"taxonomy":"product_brand","embeddable":true,"href":"https:\/\/zojopackaging.com\/de\/wp-json\/wp\/v2\/product_brand?post=9349"},{"taxonomy":"product_cat","embeddable":true,"href":"https:\/\/zojopackaging.com\/de\/wp-json\/wp\/v2\/product_cat?post=9349"},{"taxonomy":"product_tag","embeddable":true,"href":"https:\/\/zojopackaging.com\/de\/wp-json\/wp\/v2\/product_tag?post=9349"}],"curies":[{"name":"wp","href":"https:\/\/api.w.org\/{rel}","templated":true}]}}