{"id":9358,"date":"2025-04-01T22:27:43","date_gmt":"2025-04-01T14:27:43","guid":{"rendered":"https:\/\/zojopackaging.com\/?post_type=product&#038;p=9358"},"modified":"2025-04-02T10:05:52","modified_gmt":"2025-04-02T02:05:52","slug":"luxury-premium-hair-wig-extension-gift-boxes-manufacturer","status":"publish","type":"product","link":"https:\/\/zojopackaging.com\/de\/product\/luxury-premium-hair-wig-extension-gift-boxes-manufacturer\/","title":{"rendered":"Luxus Premium Haar Per\u00fccke Verl\u00e4ngerung Geschenk-Boxen Hersteller"},"content":{"rendered":"<h2>Luxus Premium Haar Per\u00fccke Verl\u00e4ngerung Geschenk-Boxen Hersteller<\/h2>\n<h3 id=\"1-selected-materials-\">1.\u00a0<strong>Ausgew\u00e4hlte Materialien<\/strong><\/h3>\n<ul>\n<li><strong>Grundstoffkombination<\/strong>: 157g C2S gestrichenes Kunstdruckpapier und 1200g fester Karton werden verwendet, mit einer glatten und zarten Oberfl\u00e4che und einer hohen Farbwiedergabe, die sicherstellt, dass das gedruckte Muster klar und hell ist, und der Griff ist hochwertig.<\/li>\n<li><strong>\u00d6kologische Eigenschaften<\/strong>: Das Papiermaterial entspricht dem Konzept der Nachhaltigkeit, ist recycelbar und abbaubar und steht im Einklang mit dem Umweltschutzgedanken der Marke.<\/li>\n<\/ul>\n<h3 id=\"2-hot-stamping-process-\">2.\u00a0<strong>Hei\u00dfpr\u00e4geverfahren<\/strong><\/h3>\n<ul>\n<li>Durch die dreidimensionale Hei\u00dfpr\u00e4getechnik erh\u00e4lt die Oberfl\u00e4che der Schachtel eine gepr\u00e4gte Textur und einen metallischen Glanz, was die visuelle Schichtung deutlich verbessert und die Aufmerksamkeit der Verbraucher auf sich zieht. Sie eignet sich f\u00fcr Markenlogos, Muster oder kundenspezifische Muster.<\/li>\n<\/ul>\n<h2 id=\"-appearance-and-structural-design-\"><strong>Erscheinungsbild und strukturelle Gestaltung<\/strong><\/h2>\n<h3 id=\"1-color-and-emotional-expression-\">1.\u00a0<strong>Farbe und emotionaler Ausdruck<\/strong><\/h3>\n<ul>\n<li><strong>Klassisch braun<\/strong>: Die Schachtel ist in einem warmen Braun gehalten, das warme und nostalgische Gef\u00fchle vermittelt. Sie eignet sich f\u00fcr Markenbilder, die nat\u00fcrliche, handgefertigte oder umweltfreundliche Konzepte betonen, und verst\u00e4rkt die emotionale Resonanz der Verbraucher.<\/li>\n<\/ul>\n<h3 id=\"2-foldable-function-\">2.\u00a0<strong>Zusammenklappbare Funktion<\/strong><\/h3>\n<ul>\n<li>Nach dem Falten reduziert sich das Volumen um 50%, was die Lager- und Transportkosten senkt und sich besonders f\u00fcr den grenz\u00fcberschreitenden E-Commerce-Massenexport eignet.<\/li>\n<li>Die Struktur ist nach dem Entfalten stabil und nahtlos, um die Sicherheit des Produkts beim Transport zu gew\u00e4hrleisten.<\/li>\n<\/ul>\n<h3 id=\"3-functional-size-optimization-\">3.\u00a0<strong>Optimierung der Funktionsgr\u00f6\u00dfe<\/strong><\/h3>\n<ul>\n<li>Der Innenraum ist auf die Eigenschaften von Per\u00fcckenverl\u00e4ngerungsprodukten abgestimmt und kann Per\u00fccken, Haarsets und Zubeh\u00f6r (z. B. Haarnetze, Pflegeprodukte) aufnehmen und ist mit einer Vielzahl von Spezifikationen kompatibel (z. B. 8-30 Zoll Per\u00fcckenl\u00e4nge).<\/li>\n<\/ul>\n<h2 id=\"-customized-service-\"><strong>Ma\u00dfgeschneiderter Service<\/strong><\/h2>\n<h3 id=\"1-flexible-customization-options-\">1.\u00a0<strong>Flexible Anpassungsm\u00f6glichkeiten<\/strong><\/h3>\n<ul>\n<li><strong>Art und Gr\u00f6\u00dfe der Box<\/strong>: Unterst\u00fctzt eine Vielzahl von Strukturen, wie z.B. quadratische, schubladenf\u00f6rmige, buchf\u00f6rmige Boxen, usw., und die Gr\u00f6\u00dfe wird genau nach Kundenwunsch angepasst.<\/li>\n<li><strong>Druckeffekt<\/strong>: Matte, gl\u00e4nzende, partielle UV-Behandlungen, Pr\u00e4gungen und andere Oberfl\u00e4chenbehandlungen k\u00f6nnen zur Anpassung an das visuelle System der Marke angeboten werden.<\/li>\n<\/ul>\n<h3 id=\"2-one-stop-support-\">2.\u00a0<strong>Unterst\u00fctzung aus einer Hand<\/strong><\/h3>\n<ul>\n<li><strong>Freie Gestaltung<\/strong>: Ein professionelles Team bietet Designdienstleistungen vom Konzept bis zum Entwurf an und formuliert L\u00f6sungen, die sich an den aktuellen Trends der Branche orientieren (z. B. europ\u00e4ischer und amerikanischer Minimalismus, afrikanische Farb\u00e4sthetik).<\/li>\n<li><strong>Kostenlose Proben<\/strong>: Der Musterzyklus betr\u00e4gt 3-5 Tage, um sicherzustellen, dass die Kunden den tats\u00e4chlichen Effekt vor der Massenproduktion best\u00e4tigen.<\/li>\n<\/ul>\n<h2 id=\"-production-and-quality-assurance-\"><strong>Produktion und Qualit\u00e4tssicherung<\/strong><\/h2>\n<h3 id=\"1-source-factory-advantages-\">1.\u00a0<strong>Vorteile der Quellenfabrik<\/strong><\/h3>\n<ul>\n<li><strong>16 Jahre Erfahrung<\/strong>: Direkte Lieferung von Chinas f\u00fchrender Verpackungsfabrik, mit ausgereifter Lieferkette und gro\u00dfen Produktionskapazit\u00e4ten, kontrollierbaren Kosten und flexiblen Mindestbestellmengen (Unterst\u00fctzung von Probebestellungen in kleinen Mengen).<\/li>\n<li><strong>Strenge Qualit\u00e4tskontrolle<\/strong>: ISO-zertifiziert, wird jede Charge von Produkten Druck-, Verschlei\u00dffestigkeits- und Feuchtigkeitstests unterzogen, um Transportvertr\u00e4glichkeit und langfristige Lagerstabilit\u00e4t zu gew\u00e4hrleisten.<\/li>\n<\/ul>\n<h3 id=\"2-price-and-service-\">2.\u00a0<strong>Preis und Service<\/strong><\/h3>\n<ul>\n<li><strong>Niedriger Industriepreis<\/strong>: Fabrik direkt Betrieb ohne Zwischenh\u00e4ndler, der Preis ist 20% niedriger als der Markt bei gleicher Qualit\u00e4t.<\/li>\n<li><strong>Rundum sorglos nach dem Verkauf<\/strong>: Unterst\u00fctzung bei der Ersatzbeschaffung f\u00fcr besch\u00e4digte Waren und bei dringenden Bestellungen, um den dynamischen Anforderungen des grenz\u00fcberschreitenden elektronischen Handels und der Gro\u00dfh\u00e4ndler gerecht zu werden.<\/li>\n<\/ul>\n<h2 id=\"-applicable-scenarios-\"><strong>Anwendbare Szenarien<\/strong><\/h2>\n<ul>\n<li><strong>Hochwertige Per\u00fcckenmarken<\/strong>: Wie echte Echthaarverl\u00e4ngerungsprodukte, die die nat\u00fcrliche Textur hervorheben.<\/li>\n<li><strong>Festival-Geschenkboxen<\/strong>: Kombiniert mit Halloween- und Weihnachtsper\u00fccken, um die Attraktivit\u00e4t des Weihnachtsmarketings zu erh\u00f6hen.<\/li>\n<li><strong>Grenz\u00fcberschreitend exklusiv<\/strong>: Anpassung an Plattformen wie Amazon und unabh\u00e4ngige Sender und Eroberung des europ\u00e4ischen, amerikanischen und afrikanischen Marktes durch eine differenzierte Verpackung.<\/li>\n<\/ul>","protected":false},"excerpt":{"rendered":"<p>Dieses Produkt wurde speziell f\u00fcr den Markt der hochwertigen Per\u00fcckenverl\u00e4ngerung entwickelt. Mit Umweltschutz und luxuri\u00f6ser Textur als Kern, kombiniert mit 16 Jahren Erfahrung in Verpackung und Druck, bietet es ma\u00dfgeschneiderte L\u00f6sungen, die sowohl funktional als auch k\u00fcnstlerisch sind. Das Design der Geschenkbox kombiniert Retro-Feeling mit moderner Handwerkskunst und eignet sich f\u00fcr Per\u00fcckenmarken, Sch\u00f6nheitssalons, grenz\u00fcberschreitenden E-Commerce und andere Szenarien und hilft Marken, den Mehrwert zu erh\u00f6hen.<\/p>","protected":false},"featured_media":9377,"template":"","meta":[],"product_brand":[],"product_cat":[30,421,424,31],"product_tag":[879,1160,1161],"class_list":{"0":"post-9358","1":"product","2":"type-product","3":"status-publish","4":"has-post-thumbnail","6":"product_cat-by-industry","7":"product_cat-custom-hair-extension-boxes","8":"product_cat-magnetic-closure-boxes","9":"product_cat-paper-box-style","10":"product_tag-hair-extension-boxes-wholesale","11":"product_tag-hair-wig-gift-boxes","12":"product_tag-luxury-hair-wig-extension-gift-boxes","14":"first","15":"instock","16":"shipping-taxable","17":"product-type-simple"},"_links":{"self":[{"href":"https:\/\/zojopackaging.com\/de\/wp-json\/wp\/v2\/product\/9358","targetHints":{"allow":["GET"]}}],"collection":[{"href":"https:\/\/zojopackaging.com\/de\/wp-json\/wp\/v2\/product"}],"about":[{"href":"https:\/\/zojopackaging.com\/de\/wp-json\/wp\/v2\/types\/product"}],"version-history":[{"count":2,"href":"https:\/\/zojopackaging.com\/de\/wp-json\/wp\/v2\/product\/9358\/revisions"}],"predecessor-version":[{"id":9384,"href":"https:\/\/zojopackaging.com\/de\/wp-json\/wp\/v2\/product\/9358\/revisions\/9384"}],"wp:featuredmedia":[{"embeddable":true,"href":"https:\/\/zojopackaging.com\/de\/wp-json\/wp\/v2\/media\/9377"}],"wp:attachment":[{"href":"https:\/\/zojopackaging.com\/de\/wp-json\/wp\/v2\/media?parent=9358"}],"wp:term":[{"taxonomy":"product_brand","embeddable":true,"href":"https:\/\/zojopackaging.com\/de\/wp-json\/wp\/v2\/product_brand?post=9358"},{"taxonomy":"product_cat","embeddable":true,"href":"https:\/\/zojopackaging.com\/de\/wp-json\/wp\/v2\/product_cat?post=9358"},{"taxonomy":"product_tag","embeddable":true,"href":"https:\/\/zojopackaging.com\/de\/wp-json\/wp\/v2\/product_tag?post=9358"}],"curies":[{"name":"wp","href":"https:\/\/api.w.org\/{rel}","templated":true}]}}