{"id":9359,"date":"2025-04-02T01:24:34","date_gmt":"2025-04-01T17:24:34","guid":{"rendered":"https:\/\/zojopackaging.com\/?post_type=product&#038;p=9359"},"modified":"2025-04-02T01:49:14","modified_gmt":"2025-04-01T17:49:14","slug":"customized-luxury-recyclable-packaging-box-for-perfume-supplier","status":"publish","type":"product","link":"https:\/\/zojopackaging.com\/de\/product\/customized-luxury-recyclable-packaging-box-for-perfume-supplier\/","title":{"rendered":"Ma\u00dfgeschneiderte luxuri\u00f6se wiederverwertbare Verpackungsbox f\u00fcr Parf\u00fcmlieferant"},"content":{"rendered":"<p>&nbsp;<\/p>\n<ol>\n<li><strong>Hochwertiges Kartonmaterial, starke Haltbarkeit<\/strong>\u00a0Hergestellt aus hochwertigem Karton, durch Pr\u00e4zisionsschneiden und Falten Prozesse, sicherzustellen, dass die Box Struktur ist stabil und hat starke Druckfestigkeit. Der Karton selbst ist leicht und flexibel, und hat eine gute Polsterung Leistung, die effektiv die Parf\u00fcmflasche sch\u00fctzen kann.<\/li>\n<li><strong>Ultrafeines Druckverfahren, hervorragende optische Wirkung<\/strong>\u00a0Durch den Einsatz digitaler Drucktechnik zur Erzielung ultrafeiner Linien und hochpr\u00e4ziser Farbwiedergabe von Mustern in Kombination mit der Technologie der Mattfolienlaminierung ist der Griff zart und der Glanz weich, was eine hochwertige, matte Textur ergibt. In einigen F\u00e4llen wird zum Beispiel die Hei\u00dfpr\u00e4getechnik eingesetzt, um goldene Linien zu skizzieren und den visuellen Luxus zu erh\u00f6hen.<\/li>\n<li><strong>Umweltfreundliches und recycelbares Design, das den internationalen Standards entspricht<\/strong>\u00a0Das Material der Verpackungsboxen besteht aus FSC-zertifiziertem Holz oder recycelbarem PET-Material, und der Einsatz von Klebstoff wird durch ein mechanisches Montageverfahren reduziert, um die Recyclingf\u00e4higkeit zu verbessern. F\u00fcr die sto\u00dfd\u00e4mpfende Innenauskleidung werden abbaubare Materialien auf Maisst\u00e4rkebasis verwendet, um die Umwelt w\u00e4hrend des gesamten Prozesses zu sch\u00fctzen.<\/li>\n<li><strong>Top-Ausstattung und strenges Qualit\u00e4tskontrollsystem<\/strong>\u00a0Die Fabrik ist mit einer 5.320 Quadratmeter gro\u00dfen, standardisierten Produktionsst\u00e4tte ausgestattet, die mehrere Qualit\u00e4tskontrollen durchl\u00e4uft, wie z. B. einen Falltest aus einem Meter H\u00f6he und einen Alterungstest, um sicherzustellen, dass die Produkte den hohen Standards der Parf\u00fcmindustrie entsprechen. Das professionelle Team verfolgt den Produktionsfortschritt in Echtzeit, um die Stabilit\u00e4t der Lieferung zu gew\u00e4hrleisten.<\/li>\n<li><strong>Trendiges Designteam, ma\u00dfgeschneiderter Service<\/strong>\u00a0Das Designteam bietet umfassende Dienstleistungen von der Entwicklung von Markenkonzepten bis hin zu 3D-Renderings, unterst\u00fctzt LOGO-Pr\u00e4gungen, UV-Lackierungen und andere Verfahren und kann schnell auf Markttrends reagieren. So wurden beispielsweise innovative Strukturen wie Zweikomponenten-Kristallstreamer-Abdeckungen f\u00fcr Kosmetikmarken angepasst.<\/li>\n<li><strong>Skalierte Produktion und schnelle Lieferung<\/strong>\u00a0Die durchschnittliche t\u00e4gliche Produktionskapazit\u00e4t erreicht mehrere zehntausend St\u00fcck, unterst\u00fctzt die flexible Anpassung von 500 Mindestbestellmengen und erm\u00f6glicht durch standardisierte Prozesse ein 24-Stunden-Proofing und eine 13-t\u00e4gige Auslieferung der Chargen, um den schnellen Reaktionsanforderungen der Parf\u00fcmindustrie gerecht zu werden.<\/li>\n<\/ol>","protected":false},"excerpt":{"rendered":"<p>Die luxuri\u00f6se, recycelbare Parf\u00fcmverpackung, die f\u00fcr ZOJO Print Paper Box Store ma\u00dfgeschneidert wurde, kombiniert Umweltschutzkonzepte mit hochwertiger Handwerkskunst, um Marken L\u00f6sungen zu bieten, die Luxus und Nachhaltigkeit vereinen<\/p>","protected":false},"featured_media":9364,"template":"","meta":[],"product_brand":[],"product_cat":[30,417,430,31],"product_tag":[1157,1155,1156],"class_list":{"0":"post-9359","1":"product","2":"type-product","3":"status-publish","4":"has-post-thumbnail","6":"product_cat-by-industry","7":"product_cat-custom-perfume-boxes-by-industry","8":"product_cat-folding-cartons","9":"product_cat-paper-box-style","10":"product_tag-box-for-perfume-supplier","11":"product_tag-customized-packaging-box","12":"product_tag-packaging-box-for-perfume","14":"first","15":"instock","16":"shipping-taxable","17":"product-type-grouped"},"_links":{"self":[{"href":"https:\/\/zojopackaging.com\/de\/wp-json\/wp\/v2\/product\/9359","targetHints":{"allow":["GET"]}}],"collection":[{"href":"https:\/\/zojopackaging.com\/de\/wp-json\/wp\/v2\/product"}],"about":[{"href":"https:\/\/zojopackaging.com\/de\/wp-json\/wp\/v2\/types\/product"}],"version-history":[{"count":1,"href":"https:\/\/zojopackaging.com\/de\/wp-json\/wp\/v2\/product\/9359\/revisions"}],"predecessor-version":[{"id":9367,"href":"https:\/\/zojopackaging.com\/de\/wp-json\/wp\/v2\/product\/9359\/revisions\/9367"}],"wp:featuredmedia":[{"embeddable":true,"href":"https:\/\/zojopackaging.com\/de\/wp-json\/wp\/v2\/media\/9364"}],"wp:attachment":[{"href":"https:\/\/zojopackaging.com\/de\/wp-json\/wp\/v2\/media?parent=9359"}],"wp:term":[{"taxonomy":"product_brand","embeddable":true,"href":"https:\/\/zojopackaging.com\/de\/wp-json\/wp\/v2\/product_brand?post=9359"},{"taxonomy":"product_cat","embeddable":true,"href":"https:\/\/zojopackaging.com\/de\/wp-json\/wp\/v2\/product_cat?post=9359"},{"taxonomy":"product_tag","embeddable":true,"href":"https:\/\/zojopackaging.com\/de\/wp-json\/wp\/v2\/product_tag?post=9359"}],"curies":[{"name":"wp","href":"https:\/\/api.w.org\/{rel}","templated":true}]}}