{"id":9403,"date":"2025-04-02T10:56:05","date_gmt":"2025-04-02T02:56:05","guid":{"rendered":"https:\/\/zojopackaging.com\/?post_type=product&#038;p=9403"},"modified":"2025-04-02T14:35:01","modified_gmt":"2025-04-02T06:35:01","slug":"custom-printed-press-on-nail-polish-oil-packaging-wholesale","status":"publish","type":"product","link":"https:\/\/zojopackaging.com\/de\/product\/custom-printed-press-on-nail-polish-oil-packaging-wholesale\/","title":{"rendered":"Individuell bedruckte Press-On-Nagellack-\u00d6l-Verpackungen im Gro\u00dfhandel"},"content":{"rendered":"<h2 id=\"-i-embedded-magnetic-design-simple-aesthetics-and-practical-innovation-\"><strong>1. Eingebettetes magnetisches Design: einfache \u00c4sthetik und praktische Innovation<\/strong><\/h2>\n<ul>\n<li><strong>Versteckte Magnetstruktur<\/strong>: Die eingebettete Magnettechnologie wird verwendet, und der Magnet ist vollst\u00e4ndig im Inneren des Geh\u00e4uses eingekapselt, wodurch das Problem der leichten Abnutzung und Oxidation herk\u00f6mmlicher freiliegender Magnetbleche vermieden und die Lebensdauer verbessert wird. Die Saugkraft ist gleichm\u00e4\u00dfig, wenn der Deckel geschlossen ist, und das \u00d6ffnen und Schlie\u00dfen f\u00fchlt sich sanft an, was das optische Erscheinungsbild einfacher und fortschrittlicher macht.<\/li>\n<li><strong>Garantie f\u00fcr Pr\u00e4zisionsprozesse<\/strong>: Das magnetische Modul wird durch Spritzguss pr\u00e4zise eingebettet, um eine nahtlose Anpassung an den Geh\u00e4usek\u00f6rper zu gew\u00e4hrleisten. Es entspricht den RoHS-Umweltschutznormen der EU, und es besteht kein Risiko einer Schwermetallbelastung.<\/li>\n<\/ul>\n<h2 id=\"-ii-all-black-box-body-customized-logo-to-enhance-brand-recognition-\"><strong>2. Ganz schwarzes Geh\u00e4use + kundenspezifisches LOGO zur Verbesserung der Markenerkennung<\/strong><\/h2>\n<ul>\n<li><strong>Minimalistische visuelle Pr\u00e4sentation<\/strong>: Das Geh\u00e4use ist ganz in Schwarz gehalten, und das Markenlogo wird durch die\u00a0<strong>UV-Tiefdruck\/Hei\u00dfpr\u00e4geverfahren<\/strong>und der Kontrast wird um 300% erh\u00f6ht. Unterst\u00fctzt Spezialeffekte wie Pr\u00e4gung, Laser und lokale Lackierung, um einen visuellen Effekt wie \"Leuchten in dunkler Nacht\" zu erzielen.<\/li>\n<li><strong>Szenen\u00fcbergreifende Anpassung<\/strong>: Das schwarze Tr\u00e4germaterial kann mit LOGO-L\u00f6sungen wie Metallic- und Fluoreszenzfarben kombiniert werden, was f\u00fcr Luxus-, leichte Luxus- und Massenprodukte geeignet ist. Alle Kategorien der Positionierung.<\/li>\n<\/ul>\n<h2 id=\"-iii-intelligent-window-design-intuitive-display-and-upgraded-consumer-experience-\"><strong>3. Intelligentes Fensterdesign: intuitive Anzeige und verbessertes Kundenerlebnis<\/strong><\/h2>\n<ul>\n<li><strong>Hochtransparentes Acrylfenster<\/strong>: Die Fensterfl\u00e4che besteht aus 3 mm dickem, lebensmittelechtem Acryl, mit einer Lichtdurchl\u00e4ssigkeit von \u226592% und einer um 50% erh\u00f6hten Schlagfestigkeit. Es unterst\u00fctzt speziell geformte Schnitte (kreisf\u00f6rmig, bogenf\u00f6rmig, rautenf\u00f6rmig), die die Kurve der Nagellackflasche oder die Farbe des Nailart-Musters genau darstellen.<\/li>\n<li><strong>Staubdichte Dichtungstechnik<\/strong>: Der Rand des Fensters ist mit weichem TPU-Kleber ummantelt, kombiniert mit einer Nano-Beschichtung gegen Fingerabdr\u00fccke, um eine langfristige Nutzung ohne Kratzer und Beschlag zu gew\u00e4hrleisten.<\/li>\n<\/ul>\n<h2 id=\"-iv-functional-internal-grid-system-safety-protection-and-space-management-\"><strong>4. Funktionales internes Netzsystem: Sicherheitsschutz und Raummanagement<\/strong><\/h2>\n<ul>\n<li><strong>EVA-Gitterfutter<\/strong>: Ma\u00dfgeschneiderter EVA-Schwamm mit hoher Dichte (Dichte 25-90g\/cm\u00b3) je nach Flaschentyp, mit einer Rastergenauigkeit von \u00b10,5mm, um eine unabh\u00e4ngige Positionierung einer einzelnen Flasche zu erreichen. Die Erdbebensicherheitspr\u00fcfung hat ergeben, dass sie einem vertikalen Druck von 10 kg und einem Aufprall von 1,5 m standhalten kann.<\/li>\n<li><strong>Modulare Kombination<\/strong>Unterst\u00fctzt \"Hauptflasche + Zubeh\u00f6r\" geschichtet Layout (wie Nagellack Flasche, Pinsel, dekorative Aufkleber Partition), Futter kann zerlegt und neu organisiert werden, geeignet f\u00fcr Urlaub Limited Edition Multi-Produkt-Sets.<\/li>\n<\/ul>\n<h2 id=\"-v-full-dimensional-customization-service-a-one-stop-solution-from-design-to-mass-production-\"><strong>5. Volldimensionaler Anpassungsservice: eine L\u00f6sung aus einer Hand vom Entwurf bis zur Massenproduktion<\/strong><\/h2>\n<h3 id=\"1-flexible-matching-of-size-and-material-\">1.\u00a0<strong>Flexible Anpassung von Gr\u00f6\u00dfe und Material<\/strong><\/h3>\n<ul>\n<li>Die Packungsgr\u00f6\u00dfe reicht von der 5-ml-Miniflasche bis zur 50-ml-Familienpackung und unterst\u00fctzt nicht standardisierte Anpassungen (Fehler \u2264 0,2 mm).<\/li>\n<\/ul>\n<h3 id=\"2-surface-treatment-process-library-\">2.\u00a0<strong>Bibliothek der Oberfl\u00e4chenbehandlungsverfahren<\/strong><\/h3>\n<table>\n<thead>\n<tr>\n<th>Prozess-Typ<\/th>\n<th>Beispiel f\u00fcr die Wirkung<\/th>\n<th>Anwendbare Szenarien<\/th>\n<\/tr>\n<\/thead>\n<tbody>\n<tr>\n<td>Siebdruck + partielle UV-Pr\u00e4gung<\/td>\n<td>LOGO touch dreidimensional<\/td>\n<td>Hochwertiges Markenlogo<\/td>\n<\/tr>\n<tr>\n<td>Verfahren Hei\u00dfsilber\/Hei\u00dfschwarz<\/td>\n<td>Streamer mit dunklem Muster und Farbverlauf<\/td>\n<td>Limitierte Urlaubsverpackung<\/td>\n<\/tr>\n<tr>\n<td>Digitaler Tintenstrahldruck<\/td>\n<td>Hochaufl\u00f6sende Restaurierung komplexer Muster<\/td>\n<td>Gemeinsame Modelle, Serie K\u00fcnstlerkooperationen<\/td>\n<\/tr>\n<\/tbody>\n<\/table>\n<h3 id=\"3-intelligent-production-system-\">3.\u00a0<strong>Intelligentes Produktionssystem<\/strong><\/h3>\n<ul>\n<li><strong>48-Stunden-Kontrolle<\/strong>: Mit einer 7-Farben-UV-Drucklinie von Heidelberg, einer vollautomatischen Stanzmaschine und anderen Ger\u00e4ten betr\u00e4gt die Mindestbestellmenge nur 100 St\u00fcck.<\/li>\n<li><strong>Dreifache Qualit\u00e4tskontrolle<\/strong>: Eingangskontrolle des Rohmaterials (SGS-Zertifizierung) + AI-Kontrolle des Produktionsprozesses (Fehlererkennungsrate 99,9%) + 48 Stunden konstante Temperatur- und Feuchtigkeitspr\u00fcfung vor dem Versand.<\/li>\n<\/ul>","protected":false},"excerpt":{"rendered":"<ul>\n<li><strong>Keine Preisdifferenz zwischen Zwischenh\u00e4ndlern<\/strong>: Eigene 50.000\u33a1 Produktionsbasis, t\u00e4gliche Produktionskapazit\u00e4t von 2 Millionen St\u00fcck, der Preis f\u00fcr dieselbe Qualit\u00e4t ist 30% niedriger als der Markt.<\/li>\n<li><strong>Kostenloser Mehrwertdienst<\/strong>:<\/li>\n<li><strong>3D-Modellierung vor der Pr\u00e4sentation<\/strong>: Bereitstellung von Verpackungs-Renderings, strukturellen Explosionsdiagrammen und Materialmusterb\u00fcchern.<\/li>\n<li><strong>Weltweite logistische Unterst\u00fctzung<\/strong>: Europa\/Nordamerika Standleitungslogistik, Integration der DDP-Zollabfertigung.<\/li>\n<\/ul>","protected":false},"featured_media":9415,"template":"","meta":[],"product_brand":[],"product_cat":[30,390,424,31],"product_tag":[1168,1167,639],"class_list":{"0":"post-9403","1":"product","2":"type-product","3":"status-publish","4":"has-post-thumbnail","6":"product_cat-by-industry","7":"product_cat-custom-cosmetics-boxes","8":"product_cat-magnetic-closure-boxes","9":"product_cat-paper-box-style","10":"product_tag-custom-press-on-nail-packaging-wholesale","11":"product_tag-nail-polish-oil-packaging","12":"product_tag-press-on-nail-packaging","14":"first","15":"instock","16":"shipping-taxable","17":"product-type-simple"},"_links":{"self":[{"href":"https:\/\/zojopackaging.com\/de\/wp-json\/wp\/v2\/product\/9403","targetHints":{"allow":["GET"]}}],"collection":[{"href":"https:\/\/zojopackaging.com\/de\/wp-json\/wp\/v2\/product"}],"about":[{"href":"https:\/\/zojopackaging.com\/de\/wp-json\/wp\/v2\/types\/product"}],"version-history":[{"count":1,"href":"https:\/\/zojopackaging.com\/de\/wp-json\/wp\/v2\/product\/9403\/revisions"}],"predecessor-version":[{"id":9418,"href":"https:\/\/zojopackaging.com\/de\/wp-json\/wp\/v2\/product\/9403\/revisions\/9418"}],"wp:featuredmedia":[{"embeddable":true,"href":"https:\/\/zojopackaging.com\/de\/wp-json\/wp\/v2\/media\/9415"}],"wp:attachment":[{"href":"https:\/\/zojopackaging.com\/de\/wp-json\/wp\/v2\/media?parent=9403"}],"wp:term":[{"taxonomy":"product_brand","embeddable":true,"href":"https:\/\/zojopackaging.com\/de\/wp-json\/wp\/v2\/product_brand?post=9403"},{"taxonomy":"product_cat","embeddable":true,"href":"https:\/\/zojopackaging.com\/de\/wp-json\/wp\/v2\/product_cat?post=9403"},{"taxonomy":"product_tag","embeddable":true,"href":"https:\/\/zojopackaging.com\/de\/wp-json\/wp\/v2\/product_tag?post=9403"}],"curies":[{"name":"wp","href":"https:\/\/api.w.org\/{rel}","templated":true}]}}