{"id":9419,"date":"2025-04-02T14:35:15","date_gmt":"2025-04-02T06:35:15","guid":{"rendered":"https:\/\/zojopackaging.com\/?post_type=product&#038;p=9419"},"modified":"2025-04-02T15:05:38","modified_gmt":"2025-04-02T07:05:38","slug":"luxury-gourmet-chocolate-cookie-macaron-packaging-gift-boxes","status":"publish","type":"product","link":"https:\/\/zojopackaging.com\/de\/product\/luxury-gourmet-chocolate-cookie-macaron-packaging-gift-boxes\/","title":{"rendered":"Luxuri\u00f6se Gourmet-Schokoladenkekse-Macaron-Verpackungen Geschenkboxen"},"content":{"rendered":"<h2 id=\"-1-pink-flip-box-design-a-soft-and-luxurious-visual-presentation-\"><strong>1. Rosa Clamshell Geschenkbox Design: eine weiche und luxuri\u00f6se visuelle Pr\u00e4sentation<\/strong><\/h2>\n<p>Als Hauptfarbe wird das hochges\u00e4ttigte Rosa verwendet, und die Flip-Struktur ist so abgestimmt, dass die Verpackungsschachtel ein weiches und warmes visuelles Erlebnis bietet und gleichzeitig die Vorz\u00fcglichkeit und modische Tonalit\u00e4t des Produkts hervorhebt. Die Oberfl\u00e4che der Schachtel kann aus mattem oder perlmuttartigem Material bestehen, um die Haptik und die subtilen Helligkeitsver\u00e4nderungen unter Lichteinwirkung zu verbessern und sicherzustellen, dass die Schachtel im Regal auff\u00e4llt. Das Design zum \u00d6ffnen und Schlie\u00dfen der Box ist nicht nur praktisch, sondern verst\u00e4rkt auch den Sinn f\u00fcr Zeremonien durch die versteckte magnetische Schnalle auf der Innenseite des Boxendeckels, die zur Positionierung von hochwertigen Geschenken passt.<\/p>\n<h2 id=\"-2-ribbon-accessories-the-finishing-touch-of-artistic-beauty-\"><strong>2. Band-Accessoires: der letzte Schliff f\u00fcr k\u00fcnstlerische Sch\u00f6nheit<\/strong><\/h2>\n<p>Die Oberseite der Verpackungsschachtel ist mit einem gleichfarbigen Satinband versehen, und die Form der Schleife oder Quaste unterstreicht das Niveau und die Kunstfertigkeit. Das Band kann aus umweltfreundlichen, recycelten Materialien hergestellt werden und unterst\u00fctzt Hei\u00dfpr\u00e4gung, gepr\u00e4gten Text und andere Verfahren, die Markenlogos oder Segensw\u00fcnsche integrieren und Eleganz und Sorgfalt vermitteln. Das Band kann auch als Griff f\u00fcr eine Geschenkschachtel verwendet werden, die sowohl funktional als auch dekorativ ist und den Bed\u00fcrfnissen von Weihnachtsgeschenken oder allt\u00e4glichen Verbrauchsszenarien entspricht.<\/p>\n<h2 id=\"-3-impact-resistant-plastic-inner-tray-practical-and-environmentally-friendly-\"><strong>3. Innenschale aus schlagfestem Kunststoff: praktisch und umweltfreundlich<\/strong><\/h2>\n<p>Die innere Schale besteht aus lebensmittelechtem PET-Blistermaterial, das eine ausgezeichnete Sto\u00dffestigkeit und Transparenz aufweist. Sie kann jeden Macaron oder Schokoladenkeks fest fixieren, um Kollisionssch\u00e4den beim Transport zu vermeiden. Die Innenschale ist wiederverwendbar und kann in eine Aufbewahrungsbox oder Schmuckschatulle umgewandelt werden, um den Lebenszyklus der Verpackung zu verl\u00e4ngern und dem Konzept der Nachhaltigkeit zu entsprechen. Die Form des Innenfutters kann individuell angepasst werden, z. B. herzf\u00f6rmig, kreisf\u00f6rmig oder schichtweise, so dass es perfekt zu Produkten unterschiedlicher Gr\u00f6\u00dfe und Form passt.<\/p>\n<h2 id=\"-4-double-sided-printing-two-way-interaction-between-brand-and-user-\"><strong>4. Beidseitiger Druck: wechselseitige Interaktion zwischen Marke und Nutzer<\/strong><\/h2>\n<p>Der Verpackungskarton ist beidseitig bedruckt. Die Vorderseite zeigt das Produkt in einer Illustration oder einem minimalistischen Stil, wie z. B. ein handgemaltes Macaron-Farbmuster oder eine Szene aus der Markengeschichte; die R\u00fcckseite ist mit einer Zutatenliste, Essensempfehlungen und Informationen zur Markenkultur bedruckt, um das Vertrauen der Verbraucher in die Qualit\u00e4t zu st\u00e4rken. Die R\u00fcckseiten der Macarons erh\u00f6hen die Klebrigkeit des Produkts. Das Druckverfahren unterst\u00fctzt Offsetdruck, lokale UV-Lasur, Hei\u00dfpr\u00e4gung und andere Effekte, um sicherzustellen, dass die Grafiken klar und verschlei\u00dffest sind.<\/p>\n<h2 id=\"-5-highly-customized-meet-diverse-needs-\"><strong>5. Hochgradig individuell: Erf\u00fcllung unterschiedlicher Bed\u00fcrfnisse<\/strong><\/h2>\n<ul>\n<li><strong>Gr\u00f6\u00dfe und Struktur<\/strong>: bieten eine Vielzahl von Schachteltypen wie Schubladen, Deckel, Fenster, etc., unterst\u00fctzen Spezifikationen wie 5 bis 12 St\u00fcck, geeignet f\u00fcr Einzelhandel und Geschenk-Box-Szenarien.<\/li>\n<li><strong>Auswahl des Materials<\/strong>: Neben wei\u00dfem Grundkarton k\u00f6nnen auch umweltfreundliches Kraftpapier, mattes Spezialpapier oder Verbundmaterial mit Metallstruktur gew\u00e4hlt werden, um die Verpackungsqualit\u00e4t zu verbessern.<\/li>\n<li><strong>Oberfl\u00e4chentechnik<\/strong>: Unterst\u00fctzung von Pr\u00e4gung, Relief, Perlglanzlaminierung und anderen Effekten, wie z. B. rosa Schachteloberfl\u00e4che, \u00fcberlagert mit Hei\u00dfpr\u00e4gung des LOGO, um den Wiedererkennungswert zu erh\u00f6hen.<\/li>\n<li><strong>Farbliche Anpassung<\/strong>Pantone-Farbdruck zur exakten Wiederherstellung des Markenfarbsystems und zur Unterst\u00fctzung von Farbverl\u00e4ufen oder Macaron-Farbkombinationen.<\/li>\n<\/ul>","protected":false},"excerpt":{"rendered":"<ul>\n<li><strong>Kostenlose Proben<\/strong>: Holen Sie sich Muster, bevor Sie eine Bestellung aufgeben, um das Material und die Handwerkskunst intuitiv zu erleben.<\/li>\n<li><strong>Freie Gestaltung<\/strong>: Das Designerteam passt Illustrationen, Layouts und Strukturen an die Produkteigenschaften an, um ein Gleichgewicht zwischen \u00c4sthetik und Funktionalit\u00e4t zu gew\u00e4hrleisten.<\/li>\n<li><strong>Hohe Kostenleistung<\/strong>: Die Gro\u00dfserienproduktion senkt die St\u00fcckpreise bei einer Mindestbestellmenge von 500 St\u00fcck und unterst\u00fctzt den Eilversand.<\/li>\n<li><strong>Sicherung der Qualit\u00e4t<\/strong>: Die Sicherheitszertifizierung in Lebensmittelqualit\u00e4t gew\u00e4hrleistet, dass die Verpackungsbox ungiftig und geruchsneutral ist und den internationalen Transportstandards entspricht.<\/li>\n<\/ul>","protected":false},"featured_media":9425,"template":"","meta":[],"product_brand":[],"product_cat":[30,422,424,31],"product_tag":[1170,1169,1171],"class_list":{"0":"post-9419","1":"product","2":"type-product","3":"status-publish","4":"has-post-thumbnail","6":"product_cat-by-industry","7":"product_cat-custom-gourmet-boxes-by-industry","8":"product_cat-magnetic-closure-boxes","9":"product_cat-paper-box-style","10":"product_tag-chocolate-cookie-gift-boxes","11":"product_tag-gourmet-packaging-boxes","12":"product_tag-macaron-packaging-gift-boxes","14":"first","15":"instock","16":"shipping-taxable","17":"product-type-simple"},"_links":{"self":[{"href":"https:\/\/zojopackaging.com\/de\/wp-json\/wp\/v2\/product\/9419","targetHints":{"allow":["GET"]}}],"collection":[{"href":"https:\/\/zojopackaging.com\/de\/wp-json\/wp\/v2\/product"}],"about":[{"href":"https:\/\/zojopackaging.com\/de\/wp-json\/wp\/v2\/types\/product"}],"version-history":[{"count":2,"href":"https:\/\/zojopackaging.com\/de\/wp-json\/wp\/v2\/product\/9419\/revisions"}],"predecessor-version":[{"id":9427,"href":"https:\/\/zojopackaging.com\/de\/wp-json\/wp\/v2\/product\/9419\/revisions\/9427"}],"wp:featuredmedia":[{"embeddable":true,"href":"https:\/\/zojopackaging.com\/de\/wp-json\/wp\/v2\/media\/9425"}],"wp:attachment":[{"href":"https:\/\/zojopackaging.com\/de\/wp-json\/wp\/v2\/media?parent=9419"}],"wp:term":[{"taxonomy":"product_brand","embeddable":true,"href":"https:\/\/zojopackaging.com\/de\/wp-json\/wp\/v2\/product_brand?post=9419"},{"taxonomy":"product_cat","embeddable":true,"href":"https:\/\/zojopackaging.com\/de\/wp-json\/wp\/v2\/product_cat?post=9419"},{"taxonomy":"product_tag","embeddable":true,"href":"https:\/\/zojopackaging.com\/de\/wp-json\/wp\/v2\/product_tag?post=9419"}],"curies":[{"name":"wp","href":"https:\/\/api.w.org\/{rel}","templated":true}]}}