{"id":9428,"date":"2025-04-02T15:05:47","date_gmt":"2025-04-02T07:05:47","guid":{"rendered":"https:\/\/zojopackaging.com\/?post_type=product&#038;p=9428"},"modified":"2025-04-02T15:30:57","modified_gmt":"2025-04-02T07:30:57","slug":"custom-apparel-t-shirt-clothing-paper-tube-packaging-factory","status":"publish","type":"product","link":"https:\/\/zojopackaging.com\/de\/product\/custom-apparel-t-shirt-clothing-paper-tube-packaging-factory\/","title":{"rendered":"Custom Apparel T-Shirt Kleidung Papierrohr Verpackung Fabrik"},"content":{"rendered":"<h2 id=\"-1-innovative-structural-design-upper-and-lower-split-cylindrical-box-one-handed-opening-and-closing-is-more-convenient-\"><strong>1. Innovatives strukturelles Design: obere und untere geteilte zylindrische Box, einh\u00e4ndiges \u00d6ffnen und Schlie\u00dfen ist bequemer<\/strong><\/h2>\n<ol>\n<li><strong>Patentierte geteilte Struktur<\/strong>: Das obere und untere geteilte zylindrische Design, kombiniert mit pr\u00e4zisen F\u00fchrungsnuten und Befestigungsmechanismen, l\u00e4sst sich leicht mit einer Hand \u00f6ffnen und schlie\u00dfen, wodurch die umst\u00e4ndliche Bedienung herk\u00f6mmlicher Verpackungen entf\u00e4llt und das Auspacken f\u00fcr die Verbraucher erleichtert wird.<\/li>\n<li><strong>Starke Anpassungsf\u00e4higkeit<\/strong>: Der Innenraum kann flexibel an eine Vielzahl von Kleidungsst\u00fccken angepasst werden, wie z. B. kurz\u00e4rmelige Kleidungsst\u00fccke, Jacken, Pullover, R\u00f6cke usw., und die geschichtete oder gefaltete Aufbewahrung sorgt daf\u00fcr, dass die Kleidung flach und faltenfrei liegt.<\/li>\n<li><strong>Detailoptimierung<\/strong>: Die Kante des Schachtelk\u00f6rpers ist mit einer hochpr\u00e4zisen Schneidetechnik versehen, die glatt und gratfrei ist, kombiniert mit einer matten Folie, die sich zart anf\u00fchlt und die hochwertige Textur der Marke vermittelt.<\/li>\n<\/ol>\n<h2 id=\"-2-printing-and-technology-professional-equipment-customized-technology-double-improvement-of-quality-and-visual-\"><strong>2. Druck und Technologie: professionelle Ausr\u00fcstung + ma\u00dfgeschneiderte Technologie, doppelte Verbesserung der Qualit\u00e4t und visuelle<\/strong><\/h2>\n<ol>\n<li><strong>Vierfarbendruck + matte Folientechnologie<\/strong>: Vierfarbdruckmaschine von Heidelberg, CMYK-Farbwiederherstellung, \u00fcberlagerte Mattfilm-Behandlung, erh\u00f6hte Farbs\u00e4ttigung durch 30% und Anti-Kratz- und Anti-Fingerprint-Eigenschaften.<\/li>\n<li><strong>Erweiterte Prozessoptionen<\/strong>:<\/li>\n<li><strong>Hei\u00dfpr\u00e4gung\/Silberpr\u00e4gung<\/strong>: geeignet f\u00fcr Markenlogo oder Muster, um die visuelle Wirkung zu verst\u00e4rken (z. B. Hochglanz-Effekt).<\/li>\n<li><strong>Gepr\u00e4gt\/gepresst<\/strong>: Hervorhebung von Designdetails durch dreidimensionale Pr\u00e4getechnik, mit unterschiedlichen Ber\u00fchrungsebenen, geeignet f\u00fcr die Positionierung hochwertiger Marken.<\/li>\n<li><strong>Umweltzertifizierung<\/strong>: Das Papier besteht aus 230g Doppelkupferpapier oder recyceltem Kraftpapier, hat internationale Umweltzertifizierungen wie SGS und BV bestanden und ber\u00fccksichtigt sowohl die Textur als auch die Nachhaltigkeit.<\/li>\n<\/ol>\n<h2 id=\"-iii-design-service-diverse-styles-precise-matching-of-brand-tone-\"><strong>3. Design-Service: verschiedene Stile, pr\u00e4zise Anpassung an den Markenton<\/strong><\/h2>\n<ol>\n<li><strong>Vollst\u00e4ndige Unterst\u00fctzung des Geh\u00e4usedesigns<\/strong>: Bereitstellung von CDR-, AI- und anderen Quelldateien, die eine Vielzahl von Stilen abdecken, wie z. B. Schlichtheit, nationale Trends, Minimalismus, Business usw., und Anpassung exklusiver visueller Elemente in Kombination mit den Merkmalen von Bekleidungsprodukten (z. B. leuchtende Farben f\u00fcr T-Shirts, elegante Texturen f\u00fcr Pullover).<\/li>\n<li><strong>Kulturelle Erm\u00e4chtigung<\/strong>: Sie k\u00f6nnen Markengeschichten, regionale Elemente oder gemeinsame IP-Designs wie Stickereimuster im nationalen Stil, trendige Illustrationen usw. integrieren, um die emotionale Resonanz zu erh\u00f6hen.<\/li>\n<li><strong>Intelligentes Proofing<\/strong>: Stellen Sie innerhalb von 48 Stunden 3D-Renderings und physische Muster zur Verf\u00fcgung, um sicherzustellen, dass der Restaurierungsgrad des Designs mehr als 98% erreicht.<\/li>\n<\/ol>\n<h2 id=\"-iv-production-and-delivery-16-years-of-foreign-trade-experience-one-stop-worry-free-service-\"><strong>4. Produktion und Lieferung: 16 Jahre Erfahrung im Au\u00dfenhandel, sorgenfreier Service aus einer Hand<\/strong><\/h2>\n<ol>\n<li><strong>Vollst\u00e4ndige Prozesskontrolle<\/strong>: Vom Design \u00fcber die Materialauswahl und die Produktion bis hin zur Logistik wird der gesamte Prozess durch das ISO-Qualit\u00e4tsmanagementsystem \u00fcberwacht. Die Mindestbestellmenge liegt bei 3.000 St\u00fcck, und auch die Anpassung von Kleinserien ist m\u00f6glich.<\/li>\n<li><strong>Kompetenz im Au\u00dfenhandel<\/strong>: Wir sind mit den Marktstandards in Europa, Amerika, S\u00fcdostasien usw. vertraut und bieten exporttaugliche Verpackungsl\u00f6sungen wie FSC-Zertifizierung und feuchtigkeitsbest\u00e4ndige Behandlung mit einer j\u00e4hrlichen Produktionskapazit\u00e4t von \u00fcber 5 Millionen St\u00fcck.<\/li>\n<li><strong>Effiziente Lieferung<\/strong>: Normale Bestellungen k\u00f6nnen in 7-10 Tagen abgewickelt werden, dringende Bestellungen k\u00f6nnen innerhalb von 5 Tagen bearbeitet werden, und wir unterst\u00fctzen den weltweiten Direktversand\/Lufttransport.<\/li>\n<\/ol>\n<h2 id=\"-v-case-and-value-core-partner-to-enhance-brand-added-value-\"><strong>5. Fall und Wert: Kernpartner zur Steigerung des Markenmehrwerts<\/strong><\/h2>\n<ul>\n<li><strong>Fallbeispiel<\/strong>: Ma\u00dfgeschneiderte, faltbare und umweltfreundliche Papierr\u00f6hrenverpackungen f\u00fcr eine internationale Fast-Fashion-Marke, wodurch die Logistikkosten um 20% gesenkt und die Wiederkaufsrate durch die Hei\u00dfpr\u00e4getechnik um 15% erh\u00f6ht werden konnten.<\/li>\n<li><strong>Erweiterung der Werte<\/strong>: Die Verpackungskartons k\u00f6nnen als Aufbewahrungs- und Ausstellungsst\u00fccke wiederverwendet werden, um den Expositionszyklus der Marke zu verl\u00e4ngern.<\/li>\n<\/ul>","protected":false},"excerpt":{"rendered":"<p>1. Yuantong Verpackung Box nimmt eine geteilte Struktur, die ge\u00f6ffnet und geschlossen werden kann mit einer Hand, die bequem f\u00fcr die Aufnahme und die Verbesserung der unboxing Erfahrung ist<br \/>\n2. Geeignet f\u00fcr verschiedene Arten von Kleidungsst\u00fccken, wie z.B. kurz\u00e4rmelige Hemden, Jacken, Pullover, R\u00f6cke, etc.<br \/>\n3. Vier-Farben-Druck + matte Folie, Heidelberg Druckmaschine Druck, helle und lebendige Farben<br \/>\n4. Verschiedene Design-Stile k\u00f6nnen je nach Anforderung angepasst werden, um Ihre Kleidung Produkte perfekt passen<\/p>","protected":false},"featured_media":9429,"template":"","meta":[],"product_brand":[],"product_cat":[30,414,31,429],"product_tag":[1174,1172,1173],"class_list":{"0":"post-9428","1":"product","2":"type-product","3":"status-publish","4":"has-post-thumbnail","6":"product_cat-by-industry","7":"product_cat-custom-apparel-boxes","8":"product_cat-paper-box-style","9":"product_cat-paper-tube-boxes","10":"product_tag-clothing-packaging-boxes-factory","11":"product_tag-custom-apparel-packaging","12":"product_tag-t-shirt-paper-tube-packaging","14":"first","15":"instock","16":"shipping-taxable","17":"product-type-simple"},"_links":{"self":[{"href":"https:\/\/zojopackaging.com\/de\/wp-json\/wp\/v2\/product\/9428","targetHints":{"allow":["GET"]}}],"collection":[{"href":"https:\/\/zojopackaging.com\/de\/wp-json\/wp\/v2\/product"}],"about":[{"href":"https:\/\/zojopackaging.com\/de\/wp-json\/wp\/v2\/types\/product"}],"version-history":[{"count":1,"href":"https:\/\/zojopackaging.com\/de\/wp-json\/wp\/v2\/product\/9428\/revisions"}],"predecessor-version":[{"id":9435,"href":"https:\/\/zojopackaging.com\/de\/wp-json\/wp\/v2\/product\/9428\/revisions\/9435"}],"wp:featuredmedia":[{"embeddable":true,"href":"https:\/\/zojopackaging.com\/de\/wp-json\/wp\/v2\/media\/9429"}],"wp:attachment":[{"href":"https:\/\/zojopackaging.com\/de\/wp-json\/wp\/v2\/media?parent=9428"}],"wp:term":[{"taxonomy":"product_brand","embeddable":true,"href":"https:\/\/zojopackaging.com\/de\/wp-json\/wp\/v2\/product_brand?post=9428"},{"taxonomy":"product_cat","embeddable":true,"href":"https:\/\/zojopackaging.com\/de\/wp-json\/wp\/v2\/product_cat?post=9428"},{"taxonomy":"product_tag","embeddable":true,"href":"https:\/\/zojopackaging.com\/de\/wp-json\/wp\/v2\/product_tag?post=9428"}],"curies":[{"name":"wp","href":"https:\/\/api.w.org\/{rel}","templated":true}]}}