{"id":9436,"date":"2025-04-02T15:31:14","date_gmt":"2025-04-02T07:31:14","guid":{"rendered":"https:\/\/zojopackaging.com\/?post_type=product&#038;p=9436"},"modified":"2025-04-02T15:56:36","modified_gmt":"2025-04-02T07:56:36","slug":"luxury-pink-cosmetic-makeup-kit-rigid-gift-box-manufacturer","status":"publish","type":"product","link":"https:\/\/zojopackaging.com\/de\/product\/luxury-pink-cosmetic-makeup-kit-rigid-gift-box-manufacturer\/","title":{"rendered":"Luxus Rosa Kosmetik Makeup Kit Starre Geschenkbox Hersteller"},"content":{"rendered":"<h2 id=\"-i-magnetic-box-design-a-fusion-of-sophistication-and-convenience-\"><strong>1. Magnetverschluss-Box-Design: eine Verschmelzung von Raffinesse und Komfort<\/strong><\/h2>\n<ul>\n<li><strong>Automatische magnetische Adsorptionstechnologie<\/strong>: Die patentierte magnetische Struktur erm\u00f6glicht es, den Deckel mit einer leichten Ber\u00fchrung zu schlie\u00dfen und ihn mit einer Hand zu \u00f6ffnen und zu schlie\u00dfen, wobei ein versehentliches \u00d6ffnen verhindert wird.<\/li>\n<li><strong>Ergonomische Optimierung<\/strong>: Die innovative Struktur des L-f\u00f6rmigen Deckels und des dreieckigen Kastenk\u00f6rpers ist voller Schichtung, und der \u00d6ffnungsvorgang ist voller Rituale.<\/li>\n<li><strong>Auswahl des Materials<\/strong>: Individuell gestaltbare Boxen aus Leder oder umweltfreundlichen Hartmaterialien, mit zarter Samt- oder Mattbeschichtung auf der Oberfl\u00e4che, hochwertig im Griff und verschlei\u00dffest.<\/li>\n<\/ul>\n<h2 id=\"-ii-abstract-art-printing-conveying-the-deep-concept-of-the-brand-\"><strong>2. Abstrakter Kunstdruck: Vermittlung des tiefen Konzepts der Marke<\/strong><\/h2>\n<ul>\n<li><strong>Symbolischer Musterentwurf<\/strong>: Durch die Metapher abstrakter Linien, geometrischer Texturen oder nat\u00fcrlicher Elemente (wie Polarlicht, Wellen) wird das Kernkonzept der Marke (wie nat\u00fcrliche, technologische oder orientalische \u00c4sthetik) interpretiert.<\/li>\n<li><strong>Mehrfarbiges Druckverfahren<\/strong>: Die hochpr\u00e4zise UV-Drucktechnologie stellt sicher, dass die Farbe des Musters ges\u00e4ttigt und geschichtet ist und der rosa Farbverlauf auf die Basis abgestimmt ist, um ein heilsames visuelles Erlebnis zu schaffen.<\/li>\n<li><strong>Beidseitiger Druckfunktion<\/strong>: Auf der Vorderseite sind das Markenlogo und abstrakte Elemente aufgedruckt, auf der R\u00fcckseite werden Gebrauchsanweisungen oder Umweltschutzlogos mit Hei\u00dfpr\u00e4ge-\/Hei\u00dfsilbertechnik deutlich dargestellt, wobei sowohl Sch\u00f6nheit als auch Zweckm\u00e4\u00dfigkeit ber\u00fccksichtigt werden.<\/li>\n<\/ul>\n<h2 id=\"-three-color-and-craftsmanship-high-end-texture-details-presentation-\"><strong>3. Farbe und Handwerkskunst: High-End-Textur Details Pr\u00e4sentation<\/strong><\/h2>\n<ul>\n<li><strong>Rosa Schema mit geringer S\u00e4ttigung<\/strong>: Auf der Grundlage der Farbpsychologie wurden Farbt\u00f6ne mit geringer visueller Erm\u00fcdung wie zarter Pudernebel und Korallenrosa ausgew\u00e4hlt, die mit einer matten Textur kombiniert werden, um eine sanfte und luxuri\u00f6se Markentonalit\u00e4t zu vermitteln.<\/li>\n<li><strong>Hei\u00dfpr\u00e4gung\/Hei\u00dfsilbertechnik<\/strong>: Die dreidimensionale Hei\u00dfpr\u00e4gung wird auf den Rand des Schachteldeckels, das LOGO oder den Textteil aufgebracht, um kleine Schriftarten deutlich zu zeigen und die hochwertige Positionierung zu verst\u00e4rken.<\/li>\n<li><strong>Oberfl\u00e4chenbehandlung<\/strong>: Optionale Perlglanz-, Mattierungs-, 3D-Pr\u00e4ge- und andere Effekte zur Verbesserung des dreidimensionalen Tastsinns und des Sehverm\u00f6gens.<\/li>\n<\/ul>\n<h2 id=\"-four-highly-customized-services-full-link-support-from-design-to-production-\"><strong>4. Hochgradig ma\u00dfgeschneiderte Dienstleistungen: umfassende Unterst\u00fctzung vom Entwurf bis zur Produktion<\/strong><\/h2>\n<ul>\n<li><strong>Flexible Anpassungsma\u00dfe<\/strong>: Unterst\u00fctzung der On-Demand-Anpassung von Gr\u00f6\u00dfe, Material, Farbe (pr\u00e4zise Anpassung von Pantone-Farbkarten) und Oberfl\u00e4chentechnologie (z. B. Laser, lokale UV).<\/li>\n<li><strong>L\u00f6sung aus einer Hand<\/strong>: Direkter Versand von der Fabrik in Shenzhen, keine Zwischenh\u00e4ndler, geringere Kommunikations- und Zeitkosten; kostenlose Muster und Best\u00e4tigung des 3D-Designs, um sicherzustellen, dass keine Fehler zwischen dem fertigen und dem erwarteten Produkt auftreten.<\/li>\n<li><strong>Umweltschutz und Wirtschaft<\/strong>: Verwendung von recycelbaren Materialien und beidseitiger Drucktechnik, um die Ressourcenverschwendung zu reduzieren und internationale Umweltstandards zu erf\u00fcllen.<\/li>\n<\/ul>\n<h2 id=\"-v-brand-cooperation-cases-and-added-value-\"><strong>5. F\u00e4lle von Markenkooperationen und zus\u00e4tzlicher Nutzen<\/strong><\/h2>\n<ul>\n<li><strong>Erfolgreiche F\u00e4lle<\/strong>: Entworfene Geschenkboxen f\u00fcr viele internationale Sch\u00f6nheitsmarken, wie z.B. magnetische Schmuckbox, Anti-Aging-Creme-Geschenkbox (Samt-Au\u00dfenbox + Hei\u00dfpr\u00e4gung LOGO), abstraktes Tinten-Stil-Essenz-Set (doppelseitiger Druck + Holz-Innenschale), etc.<\/li>\n<li><strong>Mehrwertige Dienstleistungen<\/strong>: Es k\u00f6nnen sensorische Elemente wie Duftkarten und Ger\u00e4uscheffekte beim \u00d6ffnen der Magnetbox integriert werden, um das Ritual des Auspackens und die Erinnerungspunkte der Marke zu verbessern.<\/li>\n<\/ul>","protected":false},"excerpt":{"rendered":"<p>1. Magnetische Verschlussbox Magnetische automatische Ausrichtung Adsorption Einfaches \u00d6ffnen und Schlie\u00dfen, einfach mit einer Hand zu bedienen, die Verbesserung der Exquisitheit und Mode Sinn des Produkts<br \/>\n2. Abstrakte Druckelemente haben einen hohen Symbolgehalt und k\u00f6nnen durch Metaphern tiefgreifende Ideen vermitteln, um die Aufmerksamkeit der Verbraucher zu gewinnen.<br \/>\n3. Rosa reduziert die visuelle Erm\u00fcdung und schafft eine entspannende und heilende Atmosph\u00e4re, die der Fantasie von Kosmetikverpackungen entgegenkommt<br \/>\n4. Gold-Hei\u00dfpr\u00e4gefolienverfahren kann kleine Texte deutlich anzeigen, geeignet f\u00fcr High-End-Marken<\/p>","protected":false},"featured_media":9437,"template":"","meta":[],"product_brand":[],"product_cat":[30,390,424,31],"product_tag":[1175,1177,1176],"class_list":{"0":"post-9436","1":"product","2":"type-product","3":"status-publish","4":"has-post-thumbnail","6":"product_cat-by-industry","7":"product_cat-custom-cosmetics-boxes","8":"product_cat-magnetic-closure-boxes","9":"product_cat-paper-box-style","10":"product_tag-cosmetic-gift-box","11":"product_tag-luxury-cosmetic-box-manufacturer","12":"product_tag-makeup-kit-rigid-box","14":"first","15":"instock","16":"shipping-taxable","17":"product-type-simple"},"_links":{"self":[{"href":"https:\/\/zojopackaging.com\/de\/wp-json\/wp\/v2\/product\/9436","targetHints":{"allow":["GET"]}}],"collection":[{"href":"https:\/\/zojopackaging.com\/de\/wp-json\/wp\/v2\/product"}],"about":[{"href":"https:\/\/zojopackaging.com\/de\/wp-json\/wp\/v2\/types\/product"}],"version-history":[{"count":2,"href":"https:\/\/zojopackaging.com\/de\/wp-json\/wp\/v2\/product\/9436\/revisions"}],"predecessor-version":[{"id":9446,"href":"https:\/\/zojopackaging.com\/de\/wp-json\/wp\/v2\/product\/9436\/revisions\/9446"}],"wp:featuredmedia":[{"embeddable":true,"href":"https:\/\/zojopackaging.com\/de\/wp-json\/wp\/v2\/media\/9437"}],"wp:attachment":[{"href":"https:\/\/zojopackaging.com\/de\/wp-json\/wp\/v2\/media?parent=9436"}],"wp:term":[{"taxonomy":"product_brand","embeddable":true,"href":"https:\/\/zojopackaging.com\/de\/wp-json\/wp\/v2\/product_brand?post=9436"},{"taxonomy":"product_cat","embeddable":true,"href":"https:\/\/zojopackaging.com\/de\/wp-json\/wp\/v2\/product_cat?post=9436"},{"taxonomy":"product_tag","embeddable":true,"href":"https:\/\/zojopackaging.com\/de\/wp-json\/wp\/v2\/product_tag?post=9436"}],"curies":[{"name":"wp","href":"https:\/\/api.w.org\/{rel}","templated":true}]}}