{"id":9447,"date":"2025-04-02T15:56:50","date_gmt":"2025-04-02T07:56:50","guid":{"rendered":"https:\/\/zojopackaging.com\/?post_type=product&#038;p=9447"},"modified":"2025-04-02T16:20:38","modified_gmt":"2025-04-02T08:20:38","slug":"luxury-wedding-garment-clothing-dress-gown-packaging-box","status":"publish","type":"product","link":"https:\/\/zojopackaging.com\/de\/product\/luxury-wedding-garment-clothing-dress-gown-packaging-box\/","title":{"rendered":"Luxus Hochzeit Kleidung Kleidung Kleid Kleid Verpackung Box"},"content":{"rendered":"<h2 id=\"-1-pull-out-box-design-sliding-opening-and-closing-to-enhance-the-sense-of-unboxing-ceremony-\"><strong>1. Schublade Box Design: gleitende \u00d6ffnung und Schlie\u00dfung, um das Gef\u00fchl der unboxing Zeremonie zu verbessern<\/strong><\/h2>\n<p>Die gleitende, ausziehbare \u00d6ffnungs- und Schlie\u00dfstruktur ist einfach und reibungslos zu bedienen. Die Benutzer k\u00f6nnen die Box leicht \u00f6ffnen und direkt die zarte Struktur des Hochzeitskleides im Inneren sehen (z. B. transparentes Fenster oder geschichtetes Display-Design). Dieses Design sch\u00fctzt nicht nur die Kleidung aus gequetscht werden, sondern erh\u00f6ht auch die \u00dcberraschung der unboxing Erfahrung durch progressive Anzeige, die die romantische Atmosph\u00e4re der Hochzeitsszene passt.<\/p>\n<h2 id=\"-3-soft-pink-box-body-and-brand-logo-\"><strong>2. Weiche rosa Box K\u00f6rper und Markenlogo<\/strong><\/h2>\n<p>Der Schachtelk\u00f6rper hat ein rosa Farbverlaufsdesign und pr\u00e4sentiert eine weiche Farbschicht durch das \u00fcberlagerte Druckverfahren von 157g C2S gestrichenem Papier, mit mattem oder partiellem Hei\u00dfpr\u00e4geeffekt, was ein warmes und romantisches visuelles Erlebnis schafft. Das Markenlogo wird an einer auff\u00e4lligen Stelle auf die Oberfl\u00e4che der Schachtel gedruckt, kombiniert mit Pr\u00e4gung oder UV-Technologie, um den Erinnerungspunkt der Marke zu st\u00e4rken und das Markenkonzept der hochwertigen Anpassung zu vermitteln.<\/p>\n<h2 id=\"-5-highly-customized-service-\"><strong>3. \u00c4u\u00dferst individueller Service<\/strong><\/h2>\n<p>Von der Art der Schachtel \u00fcber die Gr\u00f6\u00dfe bis hin zur Oberfl\u00e4chentechnik (z. B. Goldfolien-Hei\u00dfpr\u00e4gung, gepr\u00e4gte Textur) kann sie je nach Bedarf angepasst werden. Zum Beispiel: herzf\u00f6rmige Box mit hohlen Schnitzereien, oder buchf\u00f6rmige Flip-Box mit transparentem Fenster Design, genau angepasst an verschiedene Stile wie langschw\u00e4nzige Hochzeitskleider und schlanke Kleider. Unterst\u00fctzung von Pantone-Spot-Farbdruck, um die Konsistenz der Markenfarbe zu gew\u00e4hrleisten.<\/p>\n<h2 id=\"-6-international-level-printing-technology-perfect-details-\"><strong>4. Internationale Ebene Drucktechnik, perfekte Details<\/strong><\/h2>\n<p>Durch den Einsatz deutscher Heidelberg Druckmaschinen in Kombination mit digitaler UV-Inkjet-Technologie weist das Muster eine hohe Farbs\u00e4ttigung und klare Linien auf. Spezielle Verfahren wie partieller Laserdruck und 3D-Pr\u00e4gung k\u00f6nnen die luxuri\u00f6se Positionierung der Brautkleidmarke hervorheben. Zum Beispiel wird der Siebdruck auf dem Logo-Teil \u00fcberlagert, um die Haptik und den dreidimensionalen Eindruck zu verbessern.<\/p>\n<h2 id=\"-7-16-year-source-factory-full-process-escort-\"><strong>5. 16-Jahres-Quellfabrik, Vollprozessbegleitung<\/strong><\/h2>\n<p>Als Verpackungshersteller mit 16 Jahren Erfahrung bietet das Unternehmen alles aus einer Hand, vom 3D-Rendering-Design \u00fcber die Materialauswahl und die Best\u00e4tigung des Proofs bis hin zur Massenproduktion. Das professionelle Team kontrolliert den Produktionszyklus streng und unterst\u00fctzt die 1-Tage-Muster- und 7-Tage-Massenproduktion, um eine p\u00fcnktliche Lieferung zu gew\u00e4hrleisten. Der Kundendienst bietet Vorschl\u00e4ge f\u00fcr die Verpackungslagerung, um die Lebensdauer der Geschenkbox zu verl\u00e4ngern.<\/p>","protected":false},"excerpt":{"rendered":"<ul>\n<li><strong>Branchenf\u00fchrende Anpassungsm\u00f6glichkeiten<\/strong>: Mit 16 Jahren Erfahrung auf dem Gebiet der Verpackung von Brautkleidern haben wir f\u00fcr mehr als 500 Marken individuelle L\u00f6sungen entwickelt, die sich flexibel an die verschiedenen Gr\u00f6\u00dfen und Stile von Brautkleidern anpassen lassen.<\/li>\n<li><strong>Umweltfreundlich und hochwertig<\/strong>: Wir verwenden FSC-zertifiziertes Papier und Tinte auf Wasserbasis, die den europ\u00e4ischen und amerikanischen Umweltstandards entsprechen, und bestehen Drucktests, um die Transportsicherheit zu gew\u00e4hrleisten.<\/li>\n<li><strong>Geschlossener Kreislauf<\/strong>: Vom Design bis zum Kundendienst haben wir engagierte Mitarbeiter, die sich w\u00e4hrend des gesamten Prozesses mit Ihnen in Verbindung setzen, die OEM\/ODM-Zusammenarbeit unterst\u00fctzen und Marken helfen, eine differenzierte Wettbewerbsf\u00e4higkeit zu schaffen.<\/li>\n<\/ul>","protected":false},"featured_media":9449,"template":"","meta":[],"product_brand":[],"product_cat":[30,414,31,426],"product_tag":[1180,1179,1178],"class_list":{"0":"post-9447","1":"product","2":"type-product","3":"status-publish","4":"has-post-thumbnail","6":"product_cat-by-industry","7":"product_cat-custom-apparel-boxes","8":"product_cat-paper-box-style","9":"product_cat-paper-drawer-boxes","10":"product_tag-clothing-dress-gown-packaging","11":"product_tag-garment-packaging-box","12":"product_tag-luxury-wedding-packaging","14":"first","15":"instock","16":"shipping-taxable","17":"product-type-simple"},"_links":{"self":[{"href":"https:\/\/zojopackaging.com\/de\/wp-json\/wp\/v2\/product\/9447","targetHints":{"allow":["GET"]}}],"collection":[{"href":"https:\/\/zojopackaging.com\/de\/wp-json\/wp\/v2\/product"}],"about":[{"href":"https:\/\/zojopackaging.com\/de\/wp-json\/wp\/v2\/types\/product"}],"version-history":[{"count":1,"href":"https:\/\/zojopackaging.com\/de\/wp-json\/wp\/v2\/product\/9447\/revisions"}],"predecessor-version":[{"id":9461,"href":"https:\/\/zojopackaging.com\/de\/wp-json\/wp\/v2\/product\/9447\/revisions\/9461"}],"wp:featuredmedia":[{"embeddable":true,"href":"https:\/\/zojopackaging.com\/de\/wp-json\/wp\/v2\/media\/9449"}],"wp:attachment":[{"href":"https:\/\/zojopackaging.com\/de\/wp-json\/wp\/v2\/media?parent=9447"}],"wp:term":[{"taxonomy":"product_brand","embeddable":true,"href":"https:\/\/zojopackaging.com\/de\/wp-json\/wp\/v2\/product_brand?post=9447"},{"taxonomy":"product_cat","embeddable":true,"href":"https:\/\/zojopackaging.com\/de\/wp-json\/wp\/v2\/product_cat?post=9447"},{"taxonomy":"product_tag","embeddable":true,"href":"https:\/\/zojopackaging.com\/de\/wp-json\/wp\/v2\/product_tag?post=9447"}],"curies":[{"name":"wp","href":"https:\/\/api.w.org\/{rel}","templated":true}]}}