{"id":9454,"date":"2025-04-02T15:59:16","date_gmt":"2025-04-02T07:59:16","guid":{"rendered":"https:\/\/zojopackaging.com\/?post_type=product&#038;p=9454"},"modified":"2025-04-02T16:20:50","modified_gmt":"2025-04-02T08:20:50","slug":"custom-soft-touch-cardboard-folding-carton-perfume-box-supplier","status":"publish","type":"product","link":"https:\/\/zojopackaging.com\/de\/product\/custom-soft-touch-cardboard-folding-carton-perfume-box-supplier\/","title":{"rendered":"Benutzerdefinierte Soft-Touch-Karton Faltschachtel Parf\u00fcm Box Lieferant"},"content":{"rendered":"<h3 id=\"-1-black-card-box-lamination-process-and-touch-upgrade-\"><strong>1. Schwarze Kartenbox: Laminierungsprozess und Touch-Upgrade<\/strong><\/h3>\n<p>Die schwarze Kartenbox verwendet\u00a0<strong>400g schweres Kunstdruckpapier<\/strong>\u00a0als Basismaterial und durch die\u00a0<strong>umweltfreundliches PVC-Laminierungsverfahren<\/strong>\u00a0(siehe Laminierung von Spiegelkarton) verleiht der Papierschachtel einen zarten und seidenmatten Griff und verbessert gleichzeitig die Feuchtigkeits- und Verschlei\u00dffestigkeit. Die Dicke der Laminierschicht wird auf 15-25 Mikrometer kontrolliert, wodurch nicht nur die nat\u00fcrliche Textur des Papiers erhalten bleibt, sondern auch die visuelle Schichtung verbessert wird. Die warme Textur vermittelt sofort die High-End-Positionierung der Marke.<\/p>\n<h3 id=\"-2-hot-stamping-technology-luxurious-expression-of-light-and-shadow-interweaving-\"><strong>2. Hei\u00dfpr\u00e4getechnik: luxuri\u00f6ser Ausdruck der Verflechtung von Licht und Schatten<\/strong><\/h3>\n<p>Die Kombination von Kalt- und Hei\u00dfpr\u00e4getechnik<strong>\u00a0pr\u00e4sentiert extrem feine goldene Linien mit einer Breite von 0,1 mm auf der Oberfl\u00e4che des schwarzen Kartons. Durch die pr\u00e4zise Positionierung der deutschen Heidelberg Sechs-Farben-Druckmaschine<\/strong>Die goldenen Linien bilden einen starken Kontrast zum schwarzen Hintergrund, und das Markenlogo ist dreidimensional gepr\u00e4gt, was die visuelle Wirkung um mehr als 60% erh\u00f6ht (siehe die Anwendung der Hei\u00dfpr\u00e4getechnik bei Luxusverpackungen). Ein spezielles Verfahren sorgt daf\u00fcr, dass die Goldoberfl\u00e4che glatt und gratfrei ist und auch nach l\u00e4ngerem Gebrauch nicht verblasst.<\/p>\n<h3 id=\"-3-printing-accuracy-digital-management-and-color-reproduction-\"><strong>3. Druckgenauigkeit: Digitales Management und Farbwiedergabe<\/strong><\/h3>\n<p>Die Einf\u00fchrung des GMG-Farbmanagementsystems<strong>\u00a0und die Pantone-zertifizierte Tinte<\/strong>\u00a0erreicht eine hochpr\u00e4zise Farbwiedergabe von \u0394E\u22641,5. F\u00fcr komplexe Muster wie Farbverl\u00e4ufe und Blumen auf Parf\u00fcmdosen,\u00a0<strong>Hochaufl\u00f6sender Druck mit 1200dpi<\/strong>\u00a0angenommen wird, kombiniert mit dem\u00a0<strong>lokale UV-Verglasung<\/strong>\u00a0Prozess (siehe L\u00f6sung zur Glanzsteigerung), so dass das Muster deutlich geschichtet ist und die Farbs\u00e4ttigung durch 30% erh\u00f6ht wird. Jede Charge wird getestet durch\u00a0<strong>Spektralphotometer<\/strong>\u00a0vor dem Druck, um die Farbkonsistenz zu gew\u00e4hrleisten.<\/p>\n<h3 id=\"-4-smart-factory-full-link-quality-control-system-\"><strong>4. Intelligente Fabrik: Vollst\u00e4ndig vernetztes Qualit\u00e4tskontrollsystem<\/strong><\/h3>\n<p>-\u00a0<strong>Technisches Team<\/strong>: Ingenieure mit mehr als 10 Jahren Erfahrung in der Prozessoptimierung und im Einsatz\u00a0<strong>AI-Sichtpr\u00fcfungssystem<\/strong>\u00a0zur \u00dcberwachung der Produktionsparameter in Echtzeit (siehe intelligente Qualit\u00e4tsinspektionen) und zur Kontrolle der Fehlerquote unter 0,3%. -\u00a0<strong>Prozess-Spezifikation<\/strong>: Digitales Management vom Designentwurf bis zum fertigen Produkt, vollst\u00e4ndige Pr\u00fcfung innerhalb von 36 Stunden und Verk\u00fcrzung des Lieferzyklus f\u00fcr die Massenproduktion auf 7-9 Tage.<\/p>\n<h3 id=\"-5-creative-design-trend-insight-and-customization-service-\"><strong>5. Kreatives Design: Trend Insight und Anpassungsservice<\/strong><\/h3>\n<p>Das Designteam besteht aus\u00a0<strong>3 leitende Verpackungsdesigner<\/strong>und untersucht eingehend die Verpackungstrends f\u00fcr Sch\u00f6nheit im Jahr 2025: -\u00a0<strong>Nachhaltiges Design<\/strong>: Die Verwendung von FSC-zertifiziertem Recyclingpapier und die strukturelle Gestaltung reduzieren den Einsatz von Klebstoff um 30%. -\u00a0<strong>Schnelle Iteration<\/strong>: Bereitstellung von\u00a0<strong>3D-Modellierungsvorschau<\/strong>\u00a0Service k\u00f6nnen Kunden Details in Echtzeit anpassen und die Anpassung von Kleinserien unterst\u00fctzen (Mindestbestellmenge 500 St\u00fcck).<\/p>\n<h3 id=\"-6-scale-advantage-flexible-production-and-agile-response-\"><strong>6. Gr\u00f6\u00dfenvorteil: flexible Produktion und agile Reaktion<\/strong><\/h3>\n<p>-\u00a0<strong>Produktionsbasis<\/strong>: Eine moderne Fabrik mit einer Fl\u00e4che von 5.320 Quadratmetern, aufgeteilt in drei unabh\u00e4ngige Werkst\u00e4tten f\u00fcr Druck, Stanzung und Verpackung, ausgestattet mit 4 vollautomatischen Produktionslinien. -\u00a0<strong>Konfiguration der Kapazit\u00e4t<\/strong>: Die t\u00e4gliche Produktionskapazit\u00e4t erreicht 100.000 St\u00fcck und unterst\u00fctzt\u00a0<strong>8-st\u00fcndiges beschleunigtes Proofing<\/strong>\u00a0(bezieht sich auf kleine und mittlere Serienfertigung). -\u00a0<strong>Verwaltung der Best\u00e4nde<\/strong>200 Kartongewichte und Oberfl\u00e4chenbehandlungsl\u00f6sungen sind immer verf\u00fcgbar, und dringende Bestellungen werden innerhalb von 48 Stunden geliefert.<\/p>\n<h3 id=\"-7-quality-commitment-exceeding-industry-standards-\"><strong>7. Verpflichtung zur Qualit\u00e4t: \u00dcbertreffen der Industriestandards<\/strong><\/h3>\n<p>-\u00a0<strong>Dreifaches Pr\u00fcfsystem<\/strong>: \u2460\u00a0<strong>Pr\u00fcfung von Rohstoffen<\/strong>: Jede Charge Papier wird von der SGS gepr\u00fcft, um den Wei\u00dfgrad \u226592% und die Zugfestigkeit \u226515kN\/m zu gew\u00e4hrleisten. \u2461\u00a0<strong>Prozess\u00fcberwachung<\/strong>: St\u00fcndliche Abtastung zur Pr\u00fcfung der Passergenauigkeit (Fehler \u22640,3 mm) und der Tintenhaftung (kein Abfallen im 3M-Tape-Test). \u2462\u00a0<strong>Vollst\u00e4ndige Inspektion des Fertigerzeugnisses<\/strong>: Verwenden Sie\u00a0<strong>automatische visuelle Sortiermaschine<\/strong>\u00a0um Erscheinungsfehler zu \u00fcberpr\u00fcfen, und die manuelle Wiederholungspr\u00fcfung betr\u00e4gt 100%. -\u00a0<strong>Garantie der Zertifizierung<\/strong>: Qualit\u00e4tsmanagementsystem nach ISO 9001, FDA-Zertifizierung f\u00fcr lebensmittelechte Kontaktmaterialien, Berstfestigkeit der Verpackung von mehr als 300 N.<\/p>","protected":false},"excerpt":{"rendered":"<p>In der Luxus- und High-End-Sch\u00f6nheitsindustrie ist die Verpackung nicht nur das \"zweite Gesicht\" des Produkts, sondern auch ein stiller \u00dcbermittler des Markenwerts. ZOJO Print hat sich intensiv mit der individuellen Gestaltung von Parf\u00fcmverpackungen befasst, mit\u00a0<strong>Soft-Touch-Faltschachteln aus Karton<\/strong> als Kernprodukt, das modernste Technologie mit strenger Qualit\u00e4tskontrolle kombiniert, um Verpackungsl\u00f6sungen f\u00fcr Marken zu schaffen, die sowohl k\u00fcnstlerisch als auch funktional sind.<\/p>","protected":false},"featured_media":9456,"template":"","meta":[],"product_brand":[],"product_cat":[30,417,430,31],"product_tag":[1181,329,913],"class_list":{"0":"post-9454","1":"product","2":"type-product","3":"status-publish","4":"has-post-thumbnail","6":"product_cat-by-industry","7":"product_cat-custom-perfume-boxes-by-industry","8":"product_cat-folding-cartons","9":"product_cat-paper-box-style","10":"product_tag-cardboard-folding-carton-perfume","11":"product_tag-custom-perfume-box","12":"product_tag-perfume-box-supplier","14":"first","15":"instock","16":"shipping-taxable","17":"product-type-grouped"},"_links":{"self":[{"href":"https:\/\/zojopackaging.com\/de\/wp-json\/wp\/v2\/product\/9454","targetHints":{"allow":["GET"]}}],"collection":[{"href":"https:\/\/zojopackaging.com\/de\/wp-json\/wp\/v2\/product"}],"about":[{"href":"https:\/\/zojopackaging.com\/de\/wp-json\/wp\/v2\/types\/product"}],"version-history":[{"count":1,"href":"https:\/\/zojopackaging.com\/de\/wp-json\/wp\/v2\/product\/9454\/revisions"}],"predecessor-version":[{"id":9462,"href":"https:\/\/zojopackaging.com\/de\/wp-json\/wp\/v2\/product\/9454\/revisions\/9462"}],"wp:featuredmedia":[{"embeddable":true,"href":"https:\/\/zojopackaging.com\/de\/wp-json\/wp\/v2\/media\/9456"}],"wp:attachment":[{"href":"https:\/\/zojopackaging.com\/de\/wp-json\/wp\/v2\/media?parent=9454"}],"wp:term":[{"taxonomy":"product_brand","embeddable":true,"href":"https:\/\/zojopackaging.com\/de\/wp-json\/wp\/v2\/product_brand?post=9454"},{"taxonomy":"product_cat","embeddable":true,"href":"https:\/\/zojopackaging.com\/de\/wp-json\/wp\/v2\/product_cat?post=9454"},{"taxonomy":"product_tag","embeddable":true,"href":"https:\/\/zojopackaging.com\/de\/wp-json\/wp\/v2\/product_tag?post=9454"}],"curies":[{"name":"wp","href":"https:\/\/api.w.org\/{rel}","templated":true}]}}