{"id":9463,"date":"2025-04-02T16:20:54","date_gmt":"2025-04-02T08:20:54","guid":{"rendered":"https:\/\/zojopackaging.com\/?post_type=product&#038;p=9463"},"modified":"2025-04-02T16:55:28","modified_gmt":"2025-04-02T08:55:28","slug":"custom-necklace-earring-ring-jewelry-gift-boxes-manufacturer","status":"publish","type":"product","link":"https:\/\/zojopackaging.com\/de\/product\/custom-necklace-earring-ring-jewelry-gift-boxes-manufacturer\/","title":{"rendered":"Benutzerdefinierte Halskette Ohrring Ring Schmuck Geschenkboxen Hersteller"},"content":{"rendered":"<h2 id=\"-1-box-type-structure-of-top-and-bottom-lid-precise-closure-to-protect-jewelry-safety-\"><strong>1. Box-Typ-Struktur der oberen und unteren Box: pr\u00e4zise Schlie\u00dfung zu sch\u00fctzen Schmuck Sicherheit<\/strong><\/h2>\n<ul>\n<li><strong>Pr\u00e4zises Design der Gr\u00f6\u00dfe<\/strong>: Durch den Einsatz hochpr\u00e4ziser Formschneidetechnik passen der obere und der untere Deckel fest zusammen, wenn sie geschlossen sind, wodurch \u00e4u\u00dfere St\u00f6\u00dfe und Extrusion wirksam verhindert werden. Die einzigartige \"quadratische Au\u00dfenseite und spezielle Form im Inneren\" patentierte Struktur (wie die \u00e4u\u00dfere Box ist quadratisch f\u00fcr einfaches Stapeln, und der innere Hohlraum ist herzf\u00f6rmig, um den Schmuck Umriss passen) reduziert das Risiko des Sch\u00fcttelns w\u00e4hrend des Transports und gibt ein Gef\u00fchl von Ritual beim \u00d6ffnen der Box.<\/li>\n<\/ul>\n<h2 id=\"-2-1200g-rigid-cardboard-high-load-bearing-and-anti-deformation-guarantee-\"><strong>2. 1200g Starrer Karton: hohe Belastbarkeit und Anti-Verformungs-Garantie<\/strong><\/h2>\n<ul>\n<li><strong>Materieller Vorteil<\/strong>:\u00a0<strong>1200g hochdichter, fester Karton<\/strong>\u00a0ausgew\u00e4hlt wird, die Folgendes tragen kann\u00a0<strong>mehr als 5kg<\/strong>\u00a0Schmuckgewicht nach der Druckpr\u00fcfung, um sicherzustellen, dass\u00a0<strong>Nullverformung<\/strong>\u00a0w\u00e4hrend eines Langstreckentransports oder einer Lagerung.<\/li>\n<li><strong>Umweltzertifizierung<\/strong>: Das Material entspricht der FSC-Forstzertifizierung und den EU-REACH-Umweltnormen, wobei die Konzepte der Haltbarkeit und der nachhaltigen Entwicklung ber\u00fccksichtigt werden.<\/li>\n<\/ul>\n<h2 id=\"-three-romantic-pink-design-visual-impact-and-brand-premium-\"><strong>3. Romantisches rosa Design: visuelle Wirkung und Markenpr\u00e4mie<\/strong><\/h2>\n<ul>\n<li><strong>Anwendung der Farbpsychologie<\/strong>: Verwenden Sie T\u00f6ne mit hoher S\u00e4ttigung wie\u00a0<strong>Morandi rosa<\/strong>\u00a0oder\u00a0<strong>Ros\u00e9gold<\/strong>in Kombination mit der Hei\u00dfpr\u00e4getechnik, um ein Gef\u00fchl von Romantik und Luxus zu vermitteln. So erh\u00f6ht zum Beispiel das rosa Vollrindleder-Schmuckk\u00e4stchen der franz\u00f6sischen Marke le tanneur durch die Kombination von Farbe und Material den Produktaufschlag um mehr als 30%.<\/li>\n<li><strong>Kundenspezifische Farbanpassung<\/strong>: Unterst\u00fctzt die genaue Wiederherstellung von Pantone-Farbnummern, um die Anforderungen an die Einheitlichkeit des Markensystems zu erf\u00fcllen.<\/li>\n<\/ul>\n<h2 id=\"-four-heart-shaped-box-type-dual-innovation-in-shape-and-function-\"><strong>4. Herzf\u00f6rmiger Kasten: doppelte Innovation in Form und Funktion<\/strong><\/h2>\n<ul>\n<li><strong>Patentierte Struktur<\/strong>: Zum Beispiel, die \"Feiertag ma\u00dfgeschneiderte herzf\u00f6rmige Geschenk-Box\" Technologie, die \u00e4u\u00dfere Box ist quadratisch f\u00fcr einfache Stapelung, und der innere Hohlraum ist herzf\u00f6rmig, um Halsketten, Ohrringe und andere spezielle Form Schmuck, die sowohl sch\u00f6n und praktisch ist anzupassen.<\/li>\n<li><strong>Funktionale Partition<\/strong>: Das Innendesign verf\u00fcgt \u00fcber abnehmbare F\u00e4cher und Haken, um sich an unterschiedliche Schmuckgr\u00f6\u00dfen anzupassen und die Raumnutzung zu verbessern.<\/li>\n<\/ul>\n<h2 id=\"-v-replaceable-lining-system-flexible-protection-solution-\"><strong>5. Auswechselbares Auskleidungssystem: flexible Schutzl\u00f6sung<\/strong><\/h2>\n<ul>\n<li><strong>Modularer Aufbau<\/strong>Samt, Schwamm, EVA-Rillen und andere Auskleidungsmaterialien sind vorgesehen, und\u00a0<strong>Ersatz auf Abruf<\/strong>\u00a0unterst\u00fctzt wird. So verf\u00fcgt der Halskettenbereich \u00fcber rutschfeste Samtrillen und der Ohrringbereich ist mit unabh\u00e4ngigen Stiftpositionen ausgestattet.<\/li>\n<\/ul>\n<h2 id=\"-vi-box-type-development-capabilities-full-process-support-from-concept-to-mass-production-\"><strong>6. F\u00e4higkeiten zur Entwicklung von Box-Typen: vollst\u00e4ndige Prozessunterst\u00fctzung vom Konzept bis zur Massenproduktion<\/strong><\/h2>\n<ul>\n<li><strong>Entwurfsdienstleistung<\/strong>: Das professionelle Team bietet 3D-Modellierung und Musterpr\u00fcfung und unterst\u00fctzt\u00a0<strong>Anpassung von Zeichnungsmustern<\/strong>\u00a0oder originelle Entwicklung. Die f\u00fcr eine Schmuckmarke entworfene \"buchf\u00f6rmige magnetische Saugdose\" kombiniert beispielsweise das Markenlogo mit Pr\u00e4gemustern und wird so zu einer beliebten Verpackung.<\/li>\n<li><strong>Schnelle Iteration<\/strong>: Es dauert nur 7<strong>-14 Tage<\/strong>\u00a0von der Best\u00e4tigung des Entwurfs bis zur Auslieferung der Massenproduktion und Anpassung an die rasanten Marktver\u00e4nderungen.<\/li>\n<\/ul>\n<h2 id=\"-vii-china-s-source-factory-efficient-delivery-and-cost-advantages-\"><strong>7. Chinas Ausgangsfabrik: effiziente Lieferung und Kostenvorteile<\/strong><\/h2>\n<ul>\n<li><strong>Integration der Lieferkette<\/strong>: In den Industrieg\u00fcrteln des Perlflussdeltas und des Jangtse-Deltas gelegen, unterst\u00fctzt das Unternehmen mit seiner eigenen Fabrik und einem kooperativen Lieferkettenmodell\u00a0<strong>500 S\u00e4tze von Auftr\u00e4gen<\/strong>und der St\u00fcckpreis ist 40% niedriger als der von Herstellern in \u00dcbersee.<\/li>\n<li><strong>Schnelle Antwort<\/strong>: 7<em>24-Stunden-Kundendienst und lokale Lagerhaltung gew\u00e4hrleisten die Lieferung von Mustern innerhalb von 3 Tagen<\/em> und Massenproduktion innerhalb von 7-14 Tagen, was Marken hilft, Marktchancen zu nutzen.<\/li>\n<\/ul>","protected":false},"excerpt":{"rendered":"<p>Wir sind nicht nur ein Verpackungshersteller, sondern auch ein\u00a0<strong>Markenwertsch\u00f6pfer<\/strong>. \u00dcber\u00a0<strong>Deckel- und Bodenstruktur<\/strong>,\u00a0<strong>schweres Material<\/strong>,\u00a0<strong>\u00e4sthetisches Design in Herzform<\/strong>\u00a0und\u00a0<strong>flexibles Auskleidungssystem<\/strong>helfen wir unseren Kunden, sich auf dem hart umk\u00e4mpften Schmuckmarkt zu behaupten. Wir haben mehr als 500 Unternehmen beliefert, und unsere Produkte werden in mehr als 30 L\u00e4nder exportiert, darunter Europa, Amerika und S\u00fcdostasien.<\/p>","protected":false},"featured_media":9466,"template":"","meta":[],"product_brand":[],"product_cat":[30,415,425,31],"product_tag":[1185,1186,1187],"class_list":{"0":"post-9463","1":"product","2":"type-product","3":"status-publish","4":"has-post-thumbnail","6":"product_cat-by-industry","7":"product_cat-custom-jewelry-boxes-by-industry","8":"product_cat-lid-and-base-gift-box","9":"product_cat-paper-box-style","10":"product_tag-custom-necklace-gift-boxes","11":"product_tag-earring-ring-gift-boxes","12":"product_tag-jewelry-gift-boxes-manufacturer","14":"first","15":"instock","16":"shipping-taxable","17":"product-type-simple"},"_links":{"self":[{"href":"https:\/\/zojopackaging.com\/de\/wp-json\/wp\/v2\/product\/9463","targetHints":{"allow":["GET"]}}],"collection":[{"href":"https:\/\/zojopackaging.com\/de\/wp-json\/wp\/v2\/product"}],"about":[{"href":"https:\/\/zojopackaging.com\/de\/wp-json\/wp\/v2\/types\/product"}],"version-history":[{"count":2,"href":"https:\/\/zojopackaging.com\/de\/wp-json\/wp\/v2\/product\/9463\/revisions"}],"predecessor-version":[{"id":9479,"href":"https:\/\/zojopackaging.com\/de\/wp-json\/wp\/v2\/product\/9463\/revisions\/9479"}],"wp:featuredmedia":[{"embeddable":true,"href":"https:\/\/zojopackaging.com\/de\/wp-json\/wp\/v2\/media\/9466"}],"wp:attachment":[{"href":"https:\/\/zojopackaging.com\/de\/wp-json\/wp\/v2\/media?parent=9463"}],"wp:term":[{"taxonomy":"product_brand","embeddable":true,"href":"https:\/\/zojopackaging.com\/de\/wp-json\/wp\/v2\/product_brand?post=9463"},{"taxonomy":"product_cat","embeddable":true,"href":"https:\/\/zojopackaging.com\/de\/wp-json\/wp\/v2\/product_cat?post=9463"},{"taxonomy":"product_tag","embeddable":true,"href":"https:\/\/zojopackaging.com\/de\/wp-json\/wp\/v2\/product_tag?post=9463"}],"curies":[{"name":"wp","href":"https:\/\/api.w.org\/{rel}","templated":true}]}}