{"id":9464,"date":"2025-04-02T16:20:58","date_gmt":"2025-04-02T08:20:58","guid":{"rendered":"https:\/\/zojopackaging.com\/?post_type=product&#038;p=9464"},"modified":"2025-04-02T16:49:06","modified_gmt":"2025-04-02T08:49:06","slug":"custom-print-parfum-box-folding-carton-boxes-supplier-from-china","status":"publish","type":"product","link":"https:\/\/zojopackaging.com\/de\/product\/custom-print-parfum-box-folding-carton-boxes-supplier-from-china\/","title":{"rendered":"Kundenspezifischer Druck Parfum Box Faltkarton Boxen Lieferant aus China"},"content":{"rendered":"<h3 id=\"-1-environmentally-friendly-materials-sustainable-choice-of-brand-white-card-and-kraft-paper-\"><strong>1. Umweltfreundliche Materialien: nachhaltige Auswahl von wei\u00dfem Markenkarton und Kraftpapier<\/strong><\/h3>\n<p>Vorrangig behandeln wir\u00a0<strong>FSC-zertifiziertes wei\u00dfes Kartonpapier<\/strong>\u00a0(wie die Serien \"Xiangsi\" und \"Bowang\" von Asia Pacific Senbo) und\u00a0<strong>recyceltes Kraftpapier<\/strong>die sowohl stark als auch umweltfreundlich sind. Das Gewicht von wei\u00dfem Kartonpapier betr\u00e4gt 200-400g, und die Faserverflechtung wird verwendet, um Kompressions- und Verformungsbest\u00e4ndigkeit zu erreichen, und die Tragf\u00e4higkeit betr\u00e4gt mehr als 5kg; Kraftpapier verwendet eine Leimungstechnologie auf Wasserbasis, und die feuchtigkeitsabweisende Leistung ist um 40% verbessert, und es ist 100% abbaubar (siehe die Umweltschutzmerkmale von wei\u00dfem Kartonpapier). Der Schachteltyp nimmt an\u00a0<strong>Schlitz- und Zapfenkonstruktion<\/strong>\u00a0oder\u00a0<strong>Faltdesign<\/strong>\u00a0um die Klebstoffmenge zu reduzieren und die REACH-Normen der EU zu erf\u00fcllen.<\/p>\n<h3 id=\"-2-gradient-printing-and-matte-film-technology-dual-upgrade-of-vision-and-touch-\"><strong>2. Gradient Druck und matte Film-Technologie: Dual Upgrade von Vision und Touch<\/strong><\/h3>\n<p>Wir stellen vor:\u00a0<strong>Pantone-Farbmanagement-System<\/strong>\u00a0und\u00a0<strong>Heidelberg Sechsfarben-Druckmaschine<\/strong>Dadurch wird ein Gradienten\u00fcbergang mit einer Genauigkeit von 0,1 mm erreicht (z. B. der Gradienteneffekt von Champagnergold zu mattem Schwarz). Die Oberfl\u00e4chenbehandlung erfolgt durch\u00a0<strong>umweltfreundliche, matte Folie<\/strong>\u00a0(Dicke 12-18\u03bcm), wodurch der Reflexionsgrad um 60% verringert und eine hochwertige matte Textur erzeugt wird; die teilweise Kombination von\u00a0<strong>UV-Pr\u00e4getechnik<\/strong>\u00a0sorgt daf\u00fcr, dass sich das LOGO so zart wie Seide anf\u00fchlt (siehe die Anwendung der UV-Technologie bei Luxusverpackungen). Nach Tests kann diese Kombination die visuelle Attraktivit\u00e4t des Regals um 50% erh\u00f6hen.<\/p>\n<h3 id=\"-3-flexible-customization-full-size-coverage-from-micro-perfume-to-limited-gift-box-\"><strong>3. Flexible Anpassung: Full-Size-Abdeckung von Mikro-Parf\u00fcm zu begrenzten Geschenk-Box<\/strong><\/h3>\n<p>-\u00a0<strong>Flexibilit\u00e4t der Gr\u00f6\u00dfe<\/strong>Die Gr\u00f6\u00dfe der Schachtel betr\u00e4gt mindestens 5 cm x 5 cm (Mini-Parf\u00fcm) und maximal 30 cm x 20 cm (Luxus-Schachtel), die Dicke kann um 0,5 bis 3 cm angepasst werden. -\u00a0<strong>Strukturelle Anpassung<\/strong>: Mehr als 20 verschiedene Schachtelarten wie Deckel und Boden, Schublade, Magnetsauger usw., kompatibel mit speziell geformten Innenschalen (z. B. Bl\u00fctenform, geometrischer Schnitt). -\u00a0<strong>Schnelle Antwort<\/strong>: Abschluss der 3D-Modellierung und des Proofings innerhalb von 8 Stunden und Verk\u00fcrzung des Massenproduktionszyklus auf 7-9 Tage<\/p>\n<h3 id=\"-4-double-insert-card-box-design-balance-between-ritual-sense-and-practicality-\"><strong>4. Design der Kartenbox mit doppeltem Einschub: Gleichgewicht zwischen rituellem Sinn und Praktikabilit\u00e4t<\/strong><\/h3>\n<p>Durch die Verwendung der international patentierten doppelschichtigen Parf\u00fcmbox-Struktur haben wir das Produkt optimiert und auf den Markt gebracht.\u00a0<strong>Karteikasten mit doppeltem Einschub<\/strong>: -\u00a0<strong>Innovative \u00d6ffnungsmethode<\/strong>: Synchrone Schiebe\u00f6ffnung auf beiden Seiten, mit Wellpapier-Innenkarte, und die Sto\u00dffestigkeit ist um das 2-fache verbessert. -\u00a0<strong>Raumausnutzung<\/strong>: Sparen Sie 30% an Verpackungsvolumen durch den Faltmechanismus und reduzieren Sie die Transportkosten um 25%. -\u00a0<strong>Benutzererfahrung<\/strong>: Eingebaut\u00a0<strong>NFC-Chip<\/strong>\u00a0(optional), ber\u00fchren, um die Markengeschichte abzuspielen (siehe Trend zu intelligenten Verpackungen).<\/p>\n<h3 id=\"-5-unique-design-empowerment-creative-escort-from-concept-to-mass-production-\"><strong>5. Einzigartige Designkompetenz: kreative Begleitung vom Konzept bis zur Massenproduktion<\/strong><\/h3>\n<p>-\u00a0<strong>Grenz\u00fcberschreitendes Designteam<\/strong>: bestehend aus 5 leitenden Verpackungsdesignern, die die\u00a0<strong>nationale Trennelemente<\/strong>\u00a0(z. B. Tintenklecks, Emaille-Farbhandwerk) und\u00a0<strong>minimalistisch<\/strong>\u00a0Stil. -\u00a0<strong>3D-Vorschau-System<\/strong>Kunden k\u00f6nnen die AR-Technologie nutzen, um den Entfaltungseffekt des Kofferaufbaus in Echtzeit zu sehen.\u00a0<strong>360\u00b0 Detailanpassung<\/strong>\u00a0(z. B. Hei\u00dfpr\u00e4geposition, Texturdichte). -\u00a0<strong>Patentschutz<\/strong>: Wir bieten einen Service zur Anmeldung von Erscheinungsbildern an, um die Exklusivit\u00e4t des Designs zu gew\u00e4hrleisten (siehe den Patentfall der Parf\u00fcmdose).<\/p>\n<h3 id=\"-6-flat-shipping-design-logistics-innovation-to-reduce-costs-and-increase-efficiency-\"><strong>6. Flaches Versanddesign: Logistikinnovation zur Kostensenkung und Effizienzsteigerung<\/strong><\/h3>\n<p>-\u00a0<strong>Folding Prozess<\/strong>: Verwendung von\u00a0<strong>Vorfalten + Lufts\u00e4ulenpuffer<\/strong>\u00a0Technologie ist das Volumen nach dem Falten nur noch 1\/5 des ungefalteten Zustands, was 40% an Fracht einspart. -\u00a0<strong>Tragbare Struktur<\/strong>: eingebaut\u00a0<strong>abnehmbarer Griff<\/strong>\u00a0(belastbar 2kg) und\u00a0<strong>Anti-Diebstahl-Schloss-Schnalle<\/strong>f\u00fcr die Direktlieferung im E-Commerce und f\u00fcr Reisen geeignet. -\u00a0<strong>Einzelheiten zum Umweltschutz<\/strong>: Der Deckel und das Geh\u00e4use sind mit einem\u00a0<strong>zungenf\u00f6rmige Verbindung<\/strong>Sie k\u00f6nnen auch nach dem Auspacken noch vollst\u00e4ndig recycelt werden (siehe Standards f\u00fcr nachhaltige Verpackungen).<\/p>\n<h3 id=\"-7-one-stop-smart-manufacturing-vertical-integration-capabilities-of-the-5320-super-factory-\"><strong>7. Intelligente Fertigung aus einer Hand: Vertikale Integrationsm\u00f6glichkeiten der Superfabrik 5320\u33a1<\/strong><\/h3>\n<p>-\u00a0<strong>Vollst\u00e4ndige Prozesskontrolle<\/strong>: Von der Papierauswahl \u00fcber den Druck bis hin zum Stanzen von Verpackungen,\u00a0<strong>digitale R\u00fcckverfolgbarkeit<\/strong>\u00a0erreicht (QR-Code ist mit jeder Produktcharge verbunden). -\u00a0<strong>Dienstumfang<\/strong>: Unterst\u00fctzung von Kleinserien (Mindestbestellmenge 500 St\u00fcck) bis hin zur Massenproduktion in Millionenh\u00f6he und 48-Stunden-Sofortlieferung bei dringenden Bestellungen.<\/p>","protected":false},"excerpt":{"rendered":"<p>Im Zuge des Strebens nach Individualit\u00e4t und nachhaltiger Entwicklung auf dem globalen Sch\u00f6nheitsmarkt wird die chinesische Verpackungsindustrie mit ihrer innovativen Technologie und den Vorteilen der gesamten Industriekette zum bevorzugten Partner internationaler Marken. Als chinesischer Anbieter, der sich intensiv mit der Individualisierung von Parf\u00fcmverpackungen besch\u00e4ftigt, nimmt ZOJO Print\u00a0<strong>umweltfreundliche Materialien, intelligente Prozesse und flexible Produktion<\/strong>\u00a0um den Kunden weltweit hochwertige Parf\u00fcmschachtell\u00f6sungen zu bieten, die sowohl \u00e4sthetisch als auch funktional sind.<\/p>","protected":false},"featured_media":9472,"template":"","meta":[],"product_brand":[],"product_cat":[30,417,430,31],"product_tag":[1184,1182,1183],"class_list":{"0":"post-9464","1":"product","2":"type-product","3":"status-publish","4":"has-post-thumbnail","6":"product_cat-by-industry","7":"product_cat-custom-perfume-boxes-by-industry","8":"product_cat-folding-cartons","9":"product_cat-paper-box-style","10":"product_tag-carton-boxes-supplier","11":"product_tag-custom-print-parfum-box","12":"product_tag-folding-carton-boxes","14":"first","15":"instock","16":"shipping-taxable","17":"product-type-grouped"},"_links":{"self":[{"href":"https:\/\/zojopackaging.com\/de\/wp-json\/wp\/v2\/product\/9464","targetHints":{"allow":["GET"]}}],"collection":[{"href":"https:\/\/zojopackaging.com\/de\/wp-json\/wp\/v2\/product"}],"about":[{"href":"https:\/\/zojopackaging.com\/de\/wp-json\/wp\/v2\/types\/product"}],"version-history":[{"count":1,"href":"https:\/\/zojopackaging.com\/de\/wp-json\/wp\/v2\/product\/9464\/revisions"}],"predecessor-version":[{"id":9477,"href":"https:\/\/zojopackaging.com\/de\/wp-json\/wp\/v2\/product\/9464\/revisions\/9477"}],"wp:featuredmedia":[{"embeddable":true,"href":"https:\/\/zojopackaging.com\/de\/wp-json\/wp\/v2\/media\/9472"}],"wp:attachment":[{"href":"https:\/\/zojopackaging.com\/de\/wp-json\/wp\/v2\/media?parent=9464"}],"wp:term":[{"taxonomy":"product_brand","embeddable":true,"href":"https:\/\/zojopackaging.com\/de\/wp-json\/wp\/v2\/product_brand?post=9464"},{"taxonomy":"product_cat","embeddable":true,"href":"https:\/\/zojopackaging.com\/de\/wp-json\/wp\/v2\/product_cat?post=9464"},{"taxonomy":"product_tag","embeddable":true,"href":"https:\/\/zojopackaging.com\/de\/wp-json\/wp\/v2\/product_tag?post=9464"}],"curies":[{"name":"wp","href":"https:\/\/api.w.org\/{rel}","templated":true}]}}