{"id":9480,"date":"2025-04-02T16:57:45","date_gmt":"2025-04-02T08:57:45","guid":{"rendered":"https:\/\/zojopackaging.com\/?post_type=product&#038;p=9480"},"modified":"2025-04-02T18:20:12","modified_gmt":"2025-04-02T10:20:12","slug":"new-style-double-open-door-bracelet-necklace-ring-gift-boxes","status":"publish","type":"product","link":"https:\/\/zojopackaging.com\/de\/product\/new-style-double-open-door-bracelet-necklace-ring-gift-boxes\/","title":{"rendered":"New Style Double Open Door Armband Halskette Ring Geschenkboxen"},"content":{"rendered":"<h2 id=\"1-innovative-structure-and-design-highlights-\">1.\u00a0<strong>Innovative Struktur und Design-Highlights<\/strong><\/h2>\n<ol>\n<li><strong>Doppelt\u00fcriger Hebekastentyp<\/strong>\u00a0Dank der patentierten Hebevorrichtung hebt sich das eingebaute Tablett beim \u00d6ffnen der Box langsam mit dem T\u00fcrblatt an, so dass ein b\u00fchnenartiger Ausstellungseffekt entsteht. Das Doppelt\u00fcrdesign mit einem weiten \u00d6ffnungs- und Schlie\u00dfwinkel (bis zu 180\u00b0) verst\u00e4rkt nicht nur die visuelle Wirkung, sondern erleichtert es den Kunden auch, die Details des Schmucks in alle Richtungen zu betrachten. Die Kante des T\u00fcrblatts ist mit Magnetverschl\u00fcssen versehen, um einen stabilen Verschluss und ein reibungsloses \u00d6ffnen und Schlie\u00dfen zu gew\u00e4hrleisten.<\/li>\n<\/ol>\n<h2 id=\"2-high-strength-material-and-load-bearing-performance-\">2.\u00a0<strong>Hochfestes Material und hohe Tragf\u00e4higkeit<\/strong><\/h2>\n<ol>\n<li><strong>Zusammengesetzte Papierstruktur<\/strong>\u00a0Die \u00e4u\u00dfere Schicht besteht aus 157g C2S-beschichtetem Kunstdruckpapier (matte Textur mit Anti-Fingerprint-Effekt), und die innere Schicht ist mit 1200g Hartkarton kombiniert, um eine druckfeste \"Sandwich\"-Struktur zu bilden. Laut Labortests kann der leere Karton bis zu 15 kg tragen und h\u00e4lt bei voller Beladung mehr als 30 St\u00fcrze aus 1,5 Metern H\u00f6he aus, was den Anforderungen des grenz\u00fcberschreitenden Transports entspricht.<\/li>\n<li><strong>Garantie der Umweltzertifizierung<\/strong>\u00a0Das Material hat die FSC-Forstzertifizierung bestanden, und f\u00fcr die Kartonschicht werden Klebstoffe auf Wasserbasis verwendet, die den EU-Umweltschutznormen REACH entsprechen und 100% recycelt und abgebaut werden k\u00f6nnen.<\/li>\n<\/ol>\n<h2 id=\"3-precision-protection-system-\">3.\u00a0<strong>Pr\u00e4zisionsschutzsystem<\/strong><\/h2>\n<ol>\n<li><strong>Individuelles EVA-Futter<\/strong>\u00a0Mithilfe der 3D-Lasergravurtechnik wird die sto\u00dffeste EVA-Auskleidung genau auf die Gr\u00f6\u00dfe des Schmucks zugeschnitten. Die Dichte des Futters betr\u00e4gt 45\u00b15 Shore C, was sowohl weiche Polsterung als auch Unterst\u00fctzung bietet und 0,5 mm d\u00fcnnen Kettenschmuck fixieren kann, um ein Verheddern zu verhindern. Die Innenfl\u00e4che ist mit einer 0,2 mm dicken Beflockungsschicht versehen, um Kratzer auf dem Metall zu vermeiden.<\/li>\n<li><strong>Mehrstufiges Trennwanddesign<\/strong>\u00a0Unterst\u00fctzt modulare Kombinationen:<\/li>\n<li><strong>Ringfl\u00e4che<\/strong>: Einstellbarer Kartenschlitz aus Silikon mit einem Durchmesser von 12-25 mm<\/li>\n<li><strong>Bereich Halskette<\/strong>: U-f\u00f6rmige Anti-Rutsch-Rille + magnetische Befestigungsschnalle<\/li>\n<li><strong>Armb\u00e4nder Bereich<\/strong>: teleskopische Trennwand, geeignet f\u00fcr 14-22cm Handgelenkumfang<\/li>\n<\/ol>\n<h2 id=\"iv-visual-aesthetics-and-customization-scheme-\">4. <strong>Visuelle \u00c4sthetik und Anpassungsschema<\/strong><\/h2>\n<ol>\n<li><strong>Farbe und Texturdesign<\/strong>\u00a0Die Hauptfarbe ist #8B4513 braun, mit imitierter Holzmaserung und Pr\u00e4getechnik, die ein nat\u00fcrliches und einfaches Gef\u00fchl vermittelt. Optional Hei\u00dfpr\u00e4gung\/Hei\u00dfsilbertechnologie (wie Blattadertextur, geometrische Linien) oder lokale UV-Lackaufhellung.<\/li>\n<li><strong>Ausf\u00fchrlicher Anpassungsservice<\/strong><\/li>\n<li><strong>Flexible Gr\u00f6\u00dfe<\/strong>: Basismodell 18\u00d712\u00d78cm, unterst\u00fctzt \u00b15cm Bereichseinstellung<\/li>\n<li><strong>Druckverfahren<\/strong>: Erm\u00f6glicht 12 Effekte wie Kaltpr\u00e4gung, Siebdruck, Pr\u00e4gung und Pr\u00e4gung<\/li>\n<li><strong>Funktionserweiterung<\/strong>: Kann mit LED-Lichtleiste ausgestattet werden (72 Stunden Batterielebensdauer), NFC-Chip R\u00fcckverfolgungsetikett<\/li>\n<\/ol>\n<h2 id=\"v-production-strength-and-quality-assurance-\">5. <strong>Produktionsst\u00e4rke und Qualit\u00e4tssicherung<\/strong><\/h2>\n<ol>\n<li><strong>Skaliertes intelligentes Fertigungssystem<\/strong>\u00a0Mit einer 5320\u33a1 automatisierten Fabrik, die mit einer Heidelberg CD102-8+L Offsetdruckmaschine und einer vollautomatischen Stanzlinie ausgestattet ist, erreicht die t\u00e4gliche Produktionskapazit\u00e4t 30.000 Kartons. Das Unternehmen ist nach dem Qualit\u00e4tsmanagementsystem ISO9001 zertifiziert, die Fehlerquote liegt unter 0,3%.<\/li>\n<li><strong>Grenz\u00fcberschreitende Dienstleistungserfahrung<\/strong>\u00a0Bietet \"Design-Produktions-Logistik\"-Vollverbindungsl\u00f6sungen f\u00fcr Kan\u00e4le wie Amazon und unabh\u00e4ngige Sender, unterst\u00fctzt DDP\/DDU-Handelsbedingungen und hat mehr als 200 europ\u00e4ische und amerikanische Schmuckmarken bedient.<\/li>\n<\/ol>\n<h2 id=\"-technical-parameters-\"><strong>Technische Parameter<\/strong><\/h2>\n<table>\n<thead>\n<tr>\n<th>Projekt<\/th>\n<th>Spezifikationen<\/th>\n<\/tr>\n<\/thead>\n<tbody>\n<tr>\n<td>Grundlegende Gr\u00f6\u00dfe<\/td>\n<td>Anpassbar<\/td>\n<\/tr>\n<tr>\n<td>Tragf\u00e4higkeit<\/td>\n<td>\u226415kg (statisch)<\/td>\n<\/tr>\n<tr>\n<td>\u00d6ffnungs- und Schlie\u00dfzeiten<\/td>\n<td>\u22655000 Zyklen ohne Ausfall getestet<\/td>\n<\/tr>\n<tr>\n<td>Mindestbestellmenge<\/td>\n<td>500 St\u00fcck (unterst\u00fctzt gemischte Farben und Stile)<\/td>\n<\/tr>\n<tr>\n<td>Lieferzyklus<\/td>\n<td>7-10 Arbeitstage (innerhalb von 3000 St\u00fcck)<\/td>\n<\/tr>\n<\/tbody>\n<\/table>","protected":false},"excerpt":{"rendered":"<p>1. Doppelt\u00fcrige Liftbox, spezielles Box-Design, neu und einzigartig, kann die Aufmerksamkeit der Kunden auf sich ziehen<br \/>\n2. 157g C2S beschichtetes Kunstdruckpapier + 1200g starre Pappe gibt der Doppelt\u00fcr-Liftbox Tragf\u00e4higkeit, kann Armb\u00e4nder, Halsketten und Ringe tragen, kann langfristigen Transport ohne Verformung gew\u00e4hrleisten<br \/>\n3. EVA-Futter kann entsprechend der Gr\u00f6\u00dfe Ihrer Armb\u00e4nder, Halsketten und Ringe geschnitten werden, um die Gr\u00f6\u00dfe vollst\u00e4ndig anzupassen, null Bewegung zu gew\u00e4hrleisten und Ihre Armb\u00e4nder, Halsketten und Ringe vor Kratzern beim Transport zu sch\u00fctzen<\/p>","protected":false},"featured_media":9481,"template":"","meta":[],"product_brand":[],"product_cat":[30,415,428,31],"product_tag":[1193,1191,1192],"class_list":{"0":"post-9480","1":"product","2":"type-product","3":"status-publish","4":"has-post-thumbnail","6":"product_cat-by-industry","7":"product_cat-custom-jewelry-boxes-by-industry","8":"product_cat-irregular-shaped-gift-boxes","9":"product_cat-paper-box-style","10":"product_tag-bracelet-gift-boxes","11":"product_tag-double-open-door-bracelet-gift-boxes","12":"product_tag-necklace-ring-gift-boxes","14":"first","15":"instock","16":"shipping-taxable","17":"product-type-grouped"},"_links":{"self":[{"href":"https:\/\/zojopackaging.com\/de\/wp-json\/wp\/v2\/product\/9480","targetHints":{"allow":["GET"]}}],"collection":[{"href":"https:\/\/zojopackaging.com\/de\/wp-json\/wp\/v2\/product"}],"about":[{"href":"https:\/\/zojopackaging.com\/de\/wp-json\/wp\/v2\/types\/product"}],"version-history":[{"count":1,"href":"https:\/\/zojopackaging.com\/de\/wp-json\/wp\/v2\/product\/9480\/revisions"}],"predecessor-version":[{"id":9487,"href":"https:\/\/zojopackaging.com\/de\/wp-json\/wp\/v2\/product\/9480\/revisions\/9487"}],"wp:featuredmedia":[{"embeddable":true,"href":"https:\/\/zojopackaging.com\/de\/wp-json\/wp\/v2\/media\/9481"}],"wp:attachment":[{"href":"https:\/\/zojopackaging.com\/de\/wp-json\/wp\/v2\/media?parent=9480"}],"wp:term":[{"taxonomy":"product_brand","embeddable":true,"href":"https:\/\/zojopackaging.com\/de\/wp-json\/wp\/v2\/product_brand?post=9480"},{"taxonomy":"product_cat","embeddable":true,"href":"https:\/\/zojopackaging.com\/de\/wp-json\/wp\/v2\/product_cat?post=9480"},{"taxonomy":"product_tag","embeddable":true,"href":"https:\/\/zojopackaging.com\/de\/wp-json\/wp\/v2\/product_tag?post=9480"}],"curies":[{"name":"wp","href":"https:\/\/api.w.org\/{rel}","templated":true}]}}