{"id":9488,"date":"2025-04-02T17:39:29","date_gmt":"2025-04-02T09:39:29","guid":{"rendered":"https:\/\/zojopackaging.com\/?post_type=product&#038;p=9488"},"modified":"2025-04-02T18:18:37","modified_gmt":"2025-04-02T10:18:37","slug":"luxury-velvet-jewelry-necklace-box-wholesale-with-logo","status":"publish","type":"product","link":"https:\/\/zojopackaging.com\/de\/product\/luxury-velvet-jewelry-necklace-box-wholesale-with-logo\/","title":{"rendered":"Luxus Samt Schmuck Halskette Box Gro\u00dfhandel mit Logo"},"content":{"rendered":"<h2 id=\"1-magnetic-opening-and-closing-system-\">1.\u00a0<strong>Magnetisches \u00d6ffnungs- und Schlie\u00dfsystem<\/strong><\/h2>\n<p>Die hochpr\u00e4zise magnetische Ansaugung wird f\u00fcr die automatische Ausrichtung und Adsorption verwendet. Der magnetische Hub wird mit 0,3-0,5 mm gesteuert, und das \u00d6ffnen und Schlie\u00dfen kann mit einer einzigen Ber\u00fchrung abgeschlossen werden. Der Betrieb ist reibungslos und die taktile R\u00fcckmeldung ist klar, was dem Produkt ein hochwertiges Gef\u00fchl von Technologie und Ritual verleiht.<\/p>\n<h2 id=\"2-zero-color-difference-printing-process-\">2.\u00a0<strong>Null-Farbunterschied-Druckverfahren<\/strong><\/h2>\n<p>Durch den Einsatz von hochpr\u00e4zisen Offsetdruckmaschinen und standardisierten Farbmanagementprozessen wird umweltfreundliche Tinte auf Wasserbasis verwendet, um sicherzustellen, dass das gedruckte Muster klar ist und keine Farbunterschiede aufweist. Die Farbabweichung wird durch ein Echtzeit-Online-\u00dcberwachungssystem kalibriert, und der Fehler wird innerhalb von \u00b11% kontrolliert, wodurch das Markenlogo und die Designdetails perfekt dargestellt werden, was die visuelle Wiedererkennung und das Vertrauen der Benutzer erh\u00f6ht.<\/p>\n<h2 id=\"3-calming-pink-tone-design-\">3.\u00a0<strong>Beruhigendes Design in Rosat\u00f6nen<\/strong><\/h2>\n<p>Das Innenfutter aus rosafarbenem Samt von Morandi senkt nachweislich die Herzfrequenz um 8%-12% und wirkt angstl\u00f6send. Die Oberfl\u00e4che ist mit einer matten Beflockung versehen, die sich weich und zart anf\u00fchlt, \u00e4sthetischen Wert und emotionale Heilungsfunktion vereint und zum eleganten Ton von hochwertigem Schmuck passt.<\/p>\n<h2 id=\"-customized-production-system-\"><strong>Ma\u00dfgeschneidertes Produktionssystem<\/strong><\/h2>\n<ul>\n<li><strong>Art und Gr\u00f6\u00dfe der Box<\/strong>: Unterst\u00fctzt die Anpassung von quadratischen, runden, herzf\u00f6rmigen und anderen speziell geformten Boxen, mit einer Gr\u00f6\u00dfe von 5\u00d75cm bis 30\u00d730cm, geeignet f\u00fcr Halsketten, Anh\u00e4nger, Armb\u00e4nder und andere Schmuckarten.<\/li>\n<li><strong>Material und Oberfl\u00e4chenbeschaffenheit<\/strong>: Optional Samt, Samt oder umweltfreundliches recyceltes Leder, die Oberfl\u00e4che unterst\u00fctzt Hei\u00dfpr\u00e4gung, Pr\u00e4gung, UV-Pr\u00e4gung und andere Kunsthandwerke, um den Tastsinn und die visuelle Hierarchie zu verbessern.<\/li>\n<li><strong>Struktur der Innenverkleidung<\/strong>: Ma\u00dfgeschneiderte F\u00e4cherauskleidung je nach Gr\u00f6\u00dfe des Schmucks, mit Memory-Schaum oder Flockkissen, mit verstellbaren Schnallen, um die Stabilit\u00e4t w\u00e4hrend des Transports und der Pr\u00e4sentation zu gew\u00e4hrleisten.<\/li>\n<\/ul>","protected":false},"excerpt":{"rendered":"<p>1. Die Magnetverschlussbox richtet sich automatisch aus und saugt sich fest. Es ist leicht zu \u00f6ffnen und zu schlie\u00dfen, und einfach mit einer Hand zu bedienen, die die Exquisitit\u00e4t und Mode Sinn des Produkts erh\u00f6ht.<br \/>\n2. Rosa hat eine deutlich beruhigende Wirkung, die die Herzfrequenz und den Blutdruck senken, \u00c4ngste und aggressive Gef\u00fchle lindern kann.<br \/>\n3. Die Box Art, Gr\u00f6\u00dfe, Farbe, Material und Oberfl\u00e4che Druckeffekt kann sehr individuell sein, um Ihren Schmuck Halskette Verpackung passen<\/p>","protected":false},"featured_media":9489,"template":"","meta":[],"product_brand":[],"product_cat":[30,415,424,31],"product_tag":[1188,1189,1190],"class_list":{"0":"post-9488","1":"product","2":"type-product","3":"status-publish","4":"has-post-thumbnail","6":"product_cat-by-industry","7":"product_cat-custom-jewelry-boxes-by-industry","8":"product_cat-magnetic-closure-boxes","9":"product_cat-paper-box-style","10":"product_tag-luxury-jewelry-box","11":"product_tag-necklace-box-wholesale","12":"product_tag-velvet-jewelry-necklace-packaging-box","14":"first","15":"instock","16":"shipping-taxable","17":"product-type-grouped"},"_links":{"self":[{"href":"https:\/\/zojopackaging.com\/de\/wp-json\/wp\/v2\/product\/9488","targetHints":{"allow":["GET"]}}],"collection":[{"href":"https:\/\/zojopackaging.com\/de\/wp-json\/wp\/v2\/product"}],"about":[{"href":"https:\/\/zojopackaging.com\/de\/wp-json\/wp\/v2\/types\/product"}],"version-history":[{"count":1,"href":"https:\/\/zojopackaging.com\/de\/wp-json\/wp\/v2\/product\/9488\/revisions"}],"predecessor-version":[{"id":9496,"href":"https:\/\/zojopackaging.com\/de\/wp-json\/wp\/v2\/product\/9488\/revisions\/9496"}],"wp:featuredmedia":[{"embeddable":true,"href":"https:\/\/zojopackaging.com\/de\/wp-json\/wp\/v2\/media\/9489"}],"wp:attachment":[{"href":"https:\/\/zojopackaging.com\/de\/wp-json\/wp\/v2\/media?parent=9488"}],"wp:term":[{"taxonomy":"product_brand","embeddable":true,"href":"https:\/\/zojopackaging.com\/de\/wp-json\/wp\/v2\/product_brand?post=9488"},{"taxonomy":"product_cat","embeddable":true,"href":"https:\/\/zojopackaging.com\/de\/wp-json\/wp\/v2\/product_cat?post=9488"},{"taxonomy":"product_tag","embeddable":true,"href":"https:\/\/zojopackaging.com\/de\/wp-json\/wp\/v2\/product_tag?post=9488"}],"curies":[{"name":"wp","href":"https:\/\/api.w.org\/{rel}","templated":true}]}}