{"id":9495,"date":"2025-04-02T18:06:32","date_gmt":"2025-04-02T10:06:32","guid":{"rendered":"https:\/\/zojopackaging.com\/?post_type=product&#038;p=9495"},"modified":"2025-04-02T18:27:39","modified_gmt":"2025-04-02T10:27:39","slug":"minimalist-perfume-folding-box-custom-branding-cardboard-manufacturer","status":"publish","type":"product","link":"https:\/\/zojopackaging.com\/de\/product\/minimalist-perfume-folding-box-custom-branding-cardboard-manufacturer\/","title":{"rendered":"Minimalistische Parf\u00fcm-Faltschachtel Custom Branding Karton Hersteller"},"content":{"rendered":"<h3 id=\"-1-material-revolution-environmental-philosophy-of-fsc-certified-cardboard-\"><strong>1. Revolution des Materials: Die Umweltphilosophie des FSC-zertifizierten Kartons<\/strong><\/h3>\n<p>Wir w\u00e4hlen\u00a0<strong>350g wei\u00dfer Karton mit hoher Dichte<\/strong>\u00a0und\u00a0<strong>recyceltes Kraftpapier<\/strong>die die FSC-Forstzertifizierung und die Doppelzertifizierung des Qualit\u00e4tsmanagementsystems ISO 9001 erhalten haben. Wei\u00dfer Karton verwendet\u00a0<strong>Original-Holzstoff-Faser<\/strong>\u00a0Webtechnik, mit einer Druckfestigkeit von 5,2 kN\/m\u00b2 und einer Tragf\u00e4higkeit von 5 kg ohne Verformung; Kraftpapier wird mit\u00a0<strong>Nanobeschichtung auf Wasserbasis<\/strong>und seine Feuchtigkeitsbest\u00e4ndigkeit ist um 40% erh\u00f6ht, und es ist 100% kompostierbar und abbaubar (siehe die Umweltschutzmerkmale von hochwertigem Kraftkarton).<\/p>\n<h3 id=\"-2-printing-aesthetics-micron-level-precision-and-color-management-\"><strong>2. Druck\u00e4sthetik: Pr\u00e4zision im Mikrometerbereich und Farbmanagement<\/strong><\/h3>\n<p>Wir stellen vor:\u00a0<strong>Heidelberg CD102 Sechsfarbendruckmaschine<\/strong>\u00a0und\u00a0<strong>GMG-Farbmanagement-System<\/strong>und erreicht eine ultrapr\u00e4zise Farbwiedergabe von \u0394E\u22641.2. Gezielt auf minimalistische Designanforderungen: -\u00a0<strong>Kontrolle der Leitung<\/strong>: 0,05 mm feiner Liniendruck, um scharfe Kanten des LOGOs ohne Grate zu gew\u00e4hrleisten; -\u00a0<strong>Schrittweiser \u00dcbergang<\/strong>: Pantone-Farbverlauf + mehrfarbiges \u00dcberdrucken zur Erzielung eines gleichm\u00e4\u00dfigen Verlaufs von 0-100% Transparenz; -\u00a0<strong>Besondere Effekte<\/strong>: Lokales\u00a0<strong>mattes UV<\/strong>\u00a0und\u00a0<strong>wei\u00dfe Perlglanztinte<\/strong>\u00a0werden \u00fcberlagert, um eine hochwertige, matte Textur zu erzeugen.<\/p>\n<h3 id=\"-3-matt-film-process-dual-dimensional-enhancement-of-touch-and-vision-\"><strong>3. Mattfilmverfahren: Zweidimensionale Verbesserung von Tastsinn und Sehverm\u00f6gen<\/strong><\/h3>\n<p>\u00dcbernahme von\u00a0<strong>Deutsche Henkel XL800-Mattfolie<\/strong>mit einer Dicke von 18\u03bcm und einer Tr\u00fcbung von 85% wird das Reflexionsverm\u00f6gen auf weniger als 12% reduziert. Durch\u00a0<strong>Plasmavorbehandlungstechnologie<\/strong>\u00a0zur Verbesserung der Adh\u00e4sion der Folienschicht, kombiniert mit\u00a0<strong>Kalt-Hei\u00dfpr\u00e4getechnik<\/strong>\u00a0(siehe Hei\u00dfpr\u00e4getechnik) zeigen die goldenen Linien einen dreidimensionalen Pr\u00e4geeffekt von 0,3 mm auf dem matten Untergrund, der sich so zart wie Seide anf\u00fchlt.<\/p>\n<h3 id=\"-4-hot-stamping-philosophy-luxurious-expression-in-restraint-\"><strong>4. Philosophie des Hei\u00dfpr\u00e4gens: luxuri\u00f6ser Ausdruck in Zur\u00fcckhaltung<\/strong><\/h3>\n<p>Nach dem minimalistischen Prinzip \"weniger ist mehr\" setzen wir auf innovative Weise\u00a0<strong>Nano-Mikro-Hei\u00dfpr\u00e4gung<\/strong>\u00a0Technologie: -\u00a0<strong>Kontrolle der Schichtdicke<\/strong>: Die Dicke der Goldfolie ist nur 3\u03bcm, wodurch 0,08mm ultrafeine Linie Hei\u00dfpr\u00e4gung; -\u00a0<strong>Ortungsgenauigkeit<\/strong>: Der Fehler bei der Herstellung der Laserplatte betr\u00e4gt \u22640,02 mm, wodurch sichergestellt wird, dass das LOGO perfekt an der Kante des Kartons ausgerichtet ist; -\u00a0<strong>Farbmanagement<\/strong>: Adoptieren Sie\u00a0<strong>Ros\u00e9gold\/Champagnergold<\/strong>\u00a0kundenspezifische Farbkarte, Farbunterschied \u0394E\u22640,8 (siehe Normen f\u00fcr Hei\u00dfpr\u00e4geverfahren).<\/p>\n<h3 id=\"-5-smart-manufacturing-matrix-industrial-4-0-production-system-\"><strong>5. Matrix f\u00fcr intelligente Fertigung: Industrie 4.0 Produktionssystem<\/strong><\/h3>\n<p>-\u00a0<strong>Ausr\u00fcstung Cluster<\/strong>: Ausgestattet mit 23 intelligenten Ger\u00e4ten wie z.B. einer deutschen BOBST-Stanzmaschine und einer italienischen Sacmi-Pr\u00e4gemaschine, die 0,1 mm genaues Schneiden von Sonderformen unterst\u00fctzt; -\u00a0<strong>Digitales Zentrum<\/strong>: Das MES-System \u00fcberwacht Temperatur und Feuchtigkeit (\u00b11,5%), Druck (\u00b10,02MPa) und andere Parameter in Echtzeit, und die Fehlerrate wird auf unter 0,2% kontrolliert; -\u00a0<strong>Schnelle Antwort<\/strong>: 3D-Modellierung und Proofing sind in 8 Stunden abgeschlossen, und der Zyklus der Massenproduktion verk\u00fcrzt sich auf 7-9 Tage.<\/p>\n<h3 id=\"-6-design-empowerment-infinite-possibilities-of-minimalist-aesthetics-\"><strong>6. Design Empowerment: Unendliche M\u00f6glichkeiten der minimalistischen \u00c4sthetik<\/strong><\/h3>\n<p>Das von drei internationalen Preistr\u00e4gern f\u00fcr Verpackungsdesign geleitete Team bietet drei wichtige Designstrategien: -\u00a0<strong>Strukturelle Einfachheit<\/strong>: Entwicklung von 12 patentierten Faltstrukturen (z. B. magnetische Ober- und Unterteile) zur Reduzierung \u00fcberfl\u00fcssiger Teile; -\u00a0<strong>Visuelle Subtraktion<\/strong>: Reduzieren Sie die Informationsdichte mit Hilfe von Leerzeichen und negativem Raumdesign um 40%; -\u00a0<strong>Interaktive Innovation<\/strong>: NFC-Chip einbetten (optional), den Code scannen, um die Duftgeschichte und die AR-Szene der Marke zu erhalten (siehe Trends bei intelligenten Verpackungen).<\/p>\n<h3 id=\"-7-industrial-cornerstone-vertical-integration-of-the-5-320-super-factory-\"><strong>7. Industrieller Eckpfeiler: vertikale Integration der 5.320\u33a1 Superfabrik<\/strong><\/h3>\n<p>-\u00a0<strong>R\u00e4umliche Anordnung<\/strong>Die Anlage ist in drei intelligente Werkst\u00e4tten f\u00fcr Druck, Stanzung und Verpackung unterteilt, die mit einem unbemannten AGV-System ausgestattet sind.\u00a0<strong>Konfiguration der Kapazit\u00e4t<\/strong>Die t\u00e4gliche Produktionskapazit\u00e4t betr\u00e4gt 200.000 St\u00fcck, wobei Auftr\u00e4ge von 500 St\u00fcck bis hin zur Millionenproduktion unterst\u00fctzt werden, und die Lieferung von Eilauftr\u00e4gen erfolgt rund um die Uhr; -\u00a0<strong>System der Qualit\u00e4tskontrolle<\/strong>: ISO 9001\/BSCI-zertifiziert, jede Produktpartie wird 12 zerst\u00f6renden Tests unterzogen (Druckbest\u00e4ndigkeit\/Sturzfestigkeit\/Hoch- und Tieftemperatur).<\/p>","protected":false},"excerpt":{"rendered":"<p>Heute, da der Trend zum Minimalismus den globalen Sch\u00f6nheitsmarkt erobert, sind Parf\u00fcmverpackungen l\u00e4ngst \u00fcber funktionale Beh\u00e4ltnisse hinausgewachsen und zu einem k\u00fcnstlerischen Tr\u00e4ger f\u00fcr die Kommunikation von Marken mit den Verbrauchern geworden. Als Referenzunternehmen im Bereich der hochwertigen Papierindividualisierung in China nimmt ZOJO Print\u00a0<strong>minimalistisches Design, h\u00f6chste Handwerkskunst und h\u00f6chste Qualit\u00e4t<\/strong>\u00a0Das Unternehmen bietet seinen Kunden weltweit L\u00f6sungen f\u00fcr Parf\u00fcmfaltschachteln an, die bahnbrechende \u00c4sthetik und praktischen Nutzen miteinander verbinden.<\/p>","protected":false},"featured_media":9500,"template":"","meta":[],"product_brand":[],"product_cat":[30,417,430,31],"product_tag":[1196,1195,1194],"class_list":{"0":"post-9495","1":"product","2":"type-product","3":"status-publish","4":"has-post-thumbnail","6":"product_cat-by-industry","7":"product_cat-custom-perfume-boxes-by-industry","8":"product_cat-folding-cartons","9":"product_cat-paper-box-style","10":"product_tag-cardboard-manufacturer","11":"product_tag-folding-box-custom","12":"product_tag-minimalist-perfume-folding-box","14":"first","15":"instock","16":"shipping-taxable","17":"product-type-grouped"},"_links":{"self":[{"href":"https:\/\/zojopackaging.com\/de\/wp-json\/wp\/v2\/product\/9495","targetHints":{"allow":["GET"]}}],"collection":[{"href":"https:\/\/zojopackaging.com\/de\/wp-json\/wp\/v2\/product"}],"about":[{"href":"https:\/\/zojopackaging.com\/de\/wp-json\/wp\/v2\/types\/product"}],"version-history":[{"count":1,"href":"https:\/\/zojopackaging.com\/de\/wp-json\/wp\/v2\/product\/9495\/revisions"}],"predecessor-version":[{"id":9510,"href":"https:\/\/zojopackaging.com\/de\/wp-json\/wp\/v2\/product\/9495\/revisions\/9510"}],"wp:featuredmedia":[{"embeddable":true,"href":"https:\/\/zojopackaging.com\/de\/wp-json\/wp\/v2\/media\/9500"}],"wp:attachment":[{"href":"https:\/\/zojopackaging.com\/de\/wp-json\/wp\/v2\/media?parent=9495"}],"wp:term":[{"taxonomy":"product_brand","embeddable":true,"href":"https:\/\/zojopackaging.com\/de\/wp-json\/wp\/v2\/product_brand?post=9495"},{"taxonomy":"product_cat","embeddable":true,"href":"https:\/\/zojopackaging.com\/de\/wp-json\/wp\/v2\/product_cat?post=9495"},{"taxonomy":"product_tag","embeddable":true,"href":"https:\/\/zojopackaging.com\/de\/wp-json\/wp\/v2\/product_tag?post=9495"}],"curies":[{"name":"wp","href":"https:\/\/api.w.org\/{rel}","templated":true}]}}