{"id":9503,"date":"2025-04-02T18:21:04","date_gmt":"2025-04-02T10:21:04","guid":{"rendered":"https:\/\/zojopackaging.com\/?post_type=product&#038;p=9503"},"modified":"2025-04-02T18:44:27","modified_gmt":"2025-04-02T10:44:27","slug":"marble-texture-pattern-jewelry-necklace-bracelet-gift-boxes","status":"publish","type":"product","link":"https:\/\/zojopackaging.com\/de\/product\/marble-texture-pattern-jewelry-necklace-bracelet-gift-boxes\/","title":{"rendered":"Marmor Textur Muster Schmuck Halskette Armband Geschenk Boxen"},"content":{"rendered":"<h2 id=\"1-marble-texture-design-with-both-natural-art-and-practical-functions-\">1.\u00a0<strong>Design mit Marmorstruktur, das sowohl nat\u00fcrliche Kunst als auch praktische Funktionen bietet<\/strong><\/h2>\n<p>Diese Geschenkbox verwendet fortschrittliche bionische Technologie, um die nat\u00fcrliche Marmorstruktur mit wei\u00dfem Grund und rosa oder goldenen stromlinienf\u00f6rmigen Linien zu reproduzieren, die nicht nur die flie\u00dfende Sch\u00f6nheit des Natursteins pr\u00e4sentiert, sondern durch spezielle Beschichtungsmaterialien auch verschlei\u00dffeste und bewuchshemmende Funktionen erf\u00fcllt. Das Design der Textur ist von den klassischen dekorativen Elementen des Bulgari Hotels in Italien inspiriert. Die ineinander verschlungenen hellen und dunklen Linien verleihen der Verpackung eine dynamische visuelle Spannung und durchbrechen die Monotonie traditioneller Schmuckschatullen, so dass die Kunden schon beim \u00d6ffnen der Schachtel von ihrer einzigartigen Textur angezogen werden.<\/p>\n<h2 id=\"2-magnetic-box-structure-efficient-space-and-convenient-operation-\">2.\u00a0<strong>Box mit Magnetverschluss: platzsparend und bequem zu bedienen<\/strong><\/h2>\n<p>Die Box verf\u00fcgt \u00fcber ein magnetisches \u00d6ffnungs- und Schlie\u00dfsystem, das durch die pr\u00e4zise Anordnung der Magnete das elegante Erlebnis des \"One-Touch-\u00d6ffnens\" erm\u00f6glicht und die Schichtung des Innenraums optimiert:<\/p>\n<ul>\n<li><strong>Mehrschichtige Speicherung<\/strong>: Eingebaute verstellbare Trennw\u00e4nde, geeignet f\u00fcr verschiedene Schmuckformen wie Halsketten, Armb\u00e4nder, Ohrringe usw., und k\u00f6nnen durch magnetische Module frei kombiniert werden, um die Raumnutzung durch 30% zu erh\u00f6hen.<\/li>\n<li><strong>Tragbar und sturzsicher<\/strong>: Nach dem Schlie\u00dfen des Deckels wird dieser durch Magnetismus fest verschlossen, um ein versehentliches \u00d6ffnen w\u00e4hrend des Transports zu verhindern. Es ist mit leichten Materialien abgestimmt, unter Ber\u00fccksichtigung der Haltbarkeit und Portabilit\u00e4t.<\/li>\n<\/ul>\n<h2 id=\"3-hot-stamping-technology-creates-a-luxurious-visual-effect-\">3. Gold h<strong>ot Pr\u00e4gefolientechnik erzeugt einen luxuri\u00f6sen visuellen Effekt<\/strong><\/h2>\n<p>Die Oberfl\u00e4che des Geschenkkartons wird in einem doppelten Verbundverfahren hergestellt:<\/p>\n<p id=\"1-embossed-hot-stamping-0-1mm-gold-foil-is-applied-to-the-logo-and-edge-lines-of-the-lid-which-presents-a-gradient-metallic-luster-under-light-and-has-a-three-dimensional-and-delicate-touch-strengthening-the-high-end-positioning-of-the-brand-\">1.\u00a0<strong>Gepr\u00e4gte Hei\u00dfpr\u00e4gung<\/strong>: Auf dem LOGO und den Randlinien des Deckels ist 0,1 mm Goldfolie aufgebracht, die im Licht einen abgestuften Metallglanz aufweist und einen dreidimensionalen und zarten Touch hat, der die hochwertige Positionierung der Marke unterstreicht.<\/p>\n<p id=\"2-laser-light-effect-local-superposition-of-laser-hot-stamping-technology-dynamic-refraction-of-multi-angle-light-and-shadow-creating-a-jewelry-level-visual-impact-which-meets-the-needs-of-holiday-gifts-or-luxury-packaging-\">2.\u00a0<strong>Laser-Licht-Effekt<\/strong>: Lokale \u00dcberlagerung der Laser-Hei\u00dfpr\u00e4getechnik, dynamische Brechung von Licht und Schatten in verschiedenen Winkeln, wodurch eine visuelle Wirkung auf \"Schmuckniveau\" entsteht, die den Anforderungen von Weihnachtsgeschenken oder Luxusverpackungen entspricht.<\/p>\n<h2 id=\"4-eva-flocking-lining-all-round-protection-system-\">4.\u00a0<strong>EVA-Flocking-Futter: Rundum-Schutzsystem<\/strong><\/h2>\n<p>Das Innenfutter besteht aus einer ma\u00dfgeschneiderten EVA-Beflockungstechnologie:<\/p>\n<ul>\n<li><strong>Leistung der Pufferung<\/strong>: Der 5 mm dicke EVA-Schaum kann mehr als 80% der Aufprallkraft absorbieren. Der Simulationstest zeigt, dass bei einem Sturz aus 1,5 Metern H\u00f6he keine Sch\u00e4den am Schmuck entstehen.<\/li>\n<li><strong>Druck- und Kratzfestigkeit<\/strong>: Die Beflockung der Oberfl\u00e4che erreicht eine Dichte von 1200 g\/m\u00b2, die sich so glatt wie Seide anf\u00fchlt und Kratzer durch die Reibung zwischen Metallschmuck und Futter vermeidet.<\/li>\n<li><strong>Kundenspezifische Rillen<\/strong>: Lasergravur exklusiver Rillen entsprechend der Form des Schmucks, um sicherzustellen, dass empfindliche Teile wie Halskettenverschl\u00fcsse und Armbandketten fest eingebettet sind.<\/li>\n<\/ul>\n<h2 id=\"5-diversified-outer-packaging-customization-solutions-\">5.\u00a0<strong>Vielf\u00e4ltige L\u00f6sungen f\u00fcr die individuelle Gestaltung von Umverpackungen<\/strong><\/h2>\n<p>Um den Anforderungen verschiedener Szenarien gerecht zu werden, sind drei Anpassungsdimensionen vorgesehen:<\/p>\n<p id=\"1-specification-adaptation-from-9-9-3cm-mini-box-to-25-5-21-9cm-gift-box-set-covering-the-packaging-needs-of-single-jewelry-to-multi-piece-sets-supporting-the-development-of-special-shaped-boxes-such-as-heart-shaped-hexagonal-\">1.\u00a0<strong>Anpassung der Spezifikation<\/strong>: Von der 9\u00d79\u00d73 cm gro\u00dfen Minischachtel bis zum 25,5\u00d721\u00d79 cm gro\u00dfen Geschenkschachtel-Set, das den Verpackungsbedarf von einzelnen Schmuckst\u00fccken bis hin zu mehrteiligen Sets abdeckt und die Entwicklung von Schachteln mit besonderen Formen (z. B. herzf\u00f6rmig, sechseckig) unterst\u00fctzt.<\/p>\n<p id=\"2-style-expansion-you-can-choose-minimalist-solid-color-embossed-pattern-or-joint-illustration-design-support-personalized-elements-such-as-hot-stamping-hot-silver-logo-ribbon-decoration-etc-\">2.\u00a0<strong>Erweiterung des Stils<\/strong>: Sie k\u00f6nnen zwischen minimalistischen Unifarben, gepr\u00e4gten Mustern oder gemeinsamen Illustrationen w\u00e4hlen und personalisierte Elemente wie Hei\u00dfpr\u00e4gung\/hei\u00dfes Silber-LOGO, Banddekoration usw. unterst\u00fctzen.<\/p>\n<p id=\"3-environmental-upgrade-provide-fsc-certified-recycled-cardboard-and-degradable-eva-material-options-in-line-with-the-trend-of-green-consumption-\">3.\u00a0<strong>Aufwertung der Umwelt<\/strong>: Bieten Sie FSC-zertifizierten Recyclingkarton und abbaubares EVA-Material an, um dem Trend zum umweltfreundlichen Konsum gerecht zu werden.<\/p>\n<h2 id=\"vi-professional-design-team-and-factory-strength-guarantee-\">6. <strong>Professionelles Designteam und Fabrikst\u00e4rke garantieren<\/strong><\/h2>\n<ul>\n<li><strong>Kreative Gestaltung<\/strong>: Das Team besteht aus Verpackungsdesignern und Beratern f\u00fcr Schmuckmarken mit mehr als 10 Jahren Erfahrung. Sie sind gut darin, Markenkultur in eine visuelle Sprache zu verwandeln und haben beliebte Online-L\u00f6sungen f\u00fcr viele leichte Luxus-Schmuckmarken geschaffen.<\/li>\n<li><strong>Produktionsgarantie<\/strong>: Die 5.320\u33a1 gro\u00dfe Fabrik ist mit vollautomatischen Hei\u00dfpr\u00e4gemaschinen, EVA-CNC-Schneidemaschinen und anderen Ger\u00e4ten ausgestattet. Mit 16 Jahren Produktionserfahrung kann es eine 72-Stunden-Pr\u00fcfung und eine 15-Tage-Batch-Lieferung erreichen. Das Unternehmen ist nach dem ISO-Qualit\u00e4tsmanagementsystem zertifiziert und die Produktqualifikationsrate liegt bei 99,6%.<\/li>\n<li><strong>Engagement f\u00fcr den Umweltschutz<\/strong>: Der Druck mit Tinte auf Wasserbasis und die staubfreie Beflockungstechnologie gew\u00e4hrleisten, dass der Produktionsprozess den REACH-Umweltschutznormen entspricht.<\/li>\n<\/ul>","protected":false},"excerpt":{"rendered":"<p>Diese Geschenkschachtel nutzt die Marmorstruktur als \u00e4sthetischen Kern und kombiniert die magnetische Ansaugstruktur, die Hei\u00dfpr\u00e4getechnik und die EVA-Schutzauskleidung, um die dreifache Aufwertung von \"visuellem Reiz - funktionaler Zweckm\u00e4\u00dfigkeit - Markenwert\" zu erreichen. Dank ausgereifter Lieferketten und kundenspezifischer Dienstleistungen kann sie sich effizient an den Bedarf an hochwertigen Verpackungen f\u00fcr verschiedene Kategorien wie Schmuck, Uhren und Luxusg\u00fcter anpassen und wird so zur idealen Wahl f\u00fcr die Verbesserung von Produktqualit\u00e4t und Kundenerlebnis.<\/p>","protected":false},"featured_media":9504,"template":"","meta":[],"product_brand":[],"product_cat":[30,415,424,31],"product_tag":[1193,663,1197],"class_list":{"0":"post-9503","1":"product","2":"type-product","3":"status-publish","4":"has-post-thumbnail","6":"product_cat-by-industry","7":"product_cat-custom-jewelry-boxes-by-industry","8":"product_cat-magnetic-closure-boxes","9":"product_cat-paper-box-style","10":"product_tag-bracelet-gift-boxes","11":"product_tag-jewelry-gift-boxes","12":"product_tag-necklace-gift-boxes","14":"first","15":"instock","16":"shipping-taxable","17":"product-type-grouped"},"_links":{"self":[{"href":"https:\/\/zojopackaging.com\/de\/wp-json\/wp\/v2\/product\/9503","targetHints":{"allow":["GET"]}}],"collection":[{"href":"https:\/\/zojopackaging.com\/de\/wp-json\/wp\/v2\/product"}],"about":[{"href":"https:\/\/zojopackaging.com\/de\/wp-json\/wp\/v2\/types\/product"}],"version-history":[{"count":1,"href":"https:\/\/zojopackaging.com\/de\/wp-json\/wp\/v2\/product\/9503\/revisions"}],"predecessor-version":[{"id":9511,"href":"https:\/\/zojopackaging.com\/de\/wp-json\/wp\/v2\/product\/9503\/revisions\/9511"}],"wp:featuredmedia":[{"embeddable":true,"href":"https:\/\/zojopackaging.com\/de\/wp-json\/wp\/v2\/media\/9504"}],"wp:attachment":[{"href":"https:\/\/zojopackaging.com\/de\/wp-json\/wp\/v2\/media?parent=9503"}],"wp:term":[{"taxonomy":"product_brand","embeddable":true,"href":"https:\/\/zojopackaging.com\/de\/wp-json\/wp\/v2\/product_brand?post=9503"},{"taxonomy":"product_cat","embeddable":true,"href":"https:\/\/zojopackaging.com\/de\/wp-json\/wp\/v2\/product_cat?post=9503"},{"taxonomy":"product_tag","embeddable":true,"href":"https:\/\/zojopackaging.com\/de\/wp-json\/wp\/v2\/product_tag?post=9503"}],"curies":[{"name":"wp","href":"https:\/\/api.w.org\/{rel}","templated":true}]}}