{"id":9512,"date":"2025-04-02T18:44:59","date_gmt":"2025-04-02T10:44:59","guid":{"rendered":"https:\/\/zojopackaging.com\/?post_type=product&#038;p=9512"},"modified":"2025-04-02T19:05:41","modified_gmt":"2025-04-02T11:05:41","slug":"custom-printed-luxury-christmas-valentines-day-set-gift-box","status":"publish","type":"product","link":"https:\/\/zojopackaging.com\/de\/product\/custom-printed-luxury-christmas-valentines-day-set-gift-box\/","title":{"rendered":"Individuell bedruckte Luxus-Weihnachts-Valentine's Day Set Geschenkbox"},"content":{"rendered":"<h2 id=\"-1-box-design-with-top-and-bottom-lid-one-handed-opening-and-closing-with-both-a-sense-of-ceremony-and-convenience-\"><strong>1. Box Design mit oberen und unteren Deckel: Einhand-\u00d6ffnen und Schlie\u00dfen, mit einem Gef\u00fchl der Zeremonie und Komfort<\/strong><\/h2>\n<p>Die klassische Schachtelstruktur mit geteiltem Deckel und geteilter Bodenschachtel (Bodenschachtel). Der obere und der untere Deckel sind pr\u00e4zise geknickt und bieten einen starken Schutz sowie ein reibungsloses \u00d6ffnen und Schlie\u00dfen. Durch die Optimierung des \u00d6ffnungswinkels und der Boxgr\u00f6\u00dfe l\u00e4sst sich die Box leicht mit einer Hand \u00f6ffnen, was das Gef\u00fchl der Entpackungszeremonie und die Benutzererfahrung verbessert. Wahlweise mit offenem oder geschlossenem Deckel, was den Bedienungskomfort weiter verbessert, da L\u00fccken oder schr\u00e4ge Strukturen vermieden werden.<\/p>\n<h2 id=\"-2-pink-healing-visual-scheme-creating-a-romantic-holiday-atmosphere-\"><strong>2. Visuelles Schema der rosa Heilung: Schaffung einer romantischen Urlaubsatmosph\u00e4re<\/strong><\/h2>\n<p>Mit zartem Kirschbl\u00fctenrosa und Morandi-Rosa als Hauptfarben, kombiniert mit Farbverlauf, Hei\u00dfpr\u00e4gung oder UV-Technologie, vermittelt es ein Gef\u00fchl von S\u00fc\u00dfe und Heilung. Die Oberfl\u00e4che kann mit einer matten Folie oder einem Spezialpapier mit Samtkontakt \u00fcberzogen werden, kombiniert mit radialen geometrischen Mustern oder Kirschbl\u00fctenelementen, um das visuelle Niveau und die Urlaubsfantasie zu steigern. Das Futter besteht aus hellrosa Schwamm oder EVA-Material, das nicht nur die Geschenke sch\u00fctzt, sondern auch die Einheit des Gesamtfarbtons fortsetzt.<\/p>\n<h2 id=\"-3-ribbon-accessories-the-finishing-touch-to-enhance-display-value-\"><strong>3. Farbbandzubeh\u00f6r: der letzte Schliff zur Aufwertung des Displays<\/strong><\/h2>\n<p>Kundenspezifische B\u00e4nder sind Standard, mit Samt, Satin, gewebt und anderen Materialien zur Auswahl, und unterst\u00fctzen Hei\u00dfpr\u00e4gung LOGO oder gepr\u00e4gte Muster drucken. Es kann mit Schleifen, Quasten oder Metallschnallen kombiniert werden, um verschiedenen Stilanforderungen gerecht zu werden (wie Retro-Samt mit Perlen, minimalistisches Band mit hei\u00dfem Silber). Das lange Band unterstreicht die Eleganz der Geschenkbox, eignet sich f\u00fcr Weihnachtsgeschenke und l\u00e4sst sich leicht aufh\u00e4ngen.<\/p>\n<h2 id=\"-4-innovative-design-team-personalized-solutions-empower-brand-value-\"><strong>4. Innovatives Designteam: Personalisierte L\u00f6sungen st\u00e4rken den Markenwert<\/strong><\/h2>\n<p>Wir st\u00fctzen uns auf ein erfahrenes Planungsteam, das aus Bauingenieuren und visuellen Designern besteht und einen umfassenden Service von der Kreativit\u00e4t bis zur Umsetzung bietet. Zum Beispiel:<\/p>\n<ul>\n<li><strong>Interaktive Gestaltung<\/strong>: Kombinieren Sie rotierende Strukturen, mehrschichtige Illustrationen oder Lichteffekte, um den \u00d6ffnungsvorgang \u00fcberraschend zu gestalten (z. B. rotierende Mechanismen, um versteckte Liebesworte anzuzeigen).<\/li>\n<li><strong>Intelligente Technologie<\/strong>: Integrieren Sie die AR-Technologie zum Scannen von Codes, um dynamische Segnungen zu pr\u00e4sentieren, oder verwenden Sie RFID-Tags, um die R\u00fcckverfolgbarkeit von F\u00e4lschungen zu gew\u00e4hrleisten.<\/li>\n<\/ul>\n<h2 id=\"-5-highly-customized-options-adapt-to-diverse-needs-\"><strong>5. Hochgradig individuelle Optionen: Anpassung an unterschiedliche Bed\u00fcrfnisse<\/strong><\/h2>\n<ul>\n<li><strong>Box-Typ<\/strong>: Unterst\u00fctzt die Anpassung an runde, polygonale, speziell geformte Formen usw., um kreative Darstellungsanforderungen zu erf\u00fcllen.<\/li>\n<li><strong>Material<\/strong>: Wahlweise umweltfreundliches Graukartonpapier, abbaubarer Zuckerrohrzellstoff, Bambusfaserpapier usw., unter Ber\u00fccksichtigung von Beschaffenheit und Nachhaltigkeit.<\/li>\n<li><strong>Kunsthandwerk<\/strong>: Oberfl\u00e4chenbehandlungen wie Hei\u00dfpr\u00e4gung\/Silber, Pr\u00e4gung, UV-Licht, Siebdruck usw. sind m\u00f6glich.<\/li>\n<li><strong>Gr\u00f6\u00dfe<\/strong>: Flexible Anpassung der inneren Tr\u00e4gerstruktur an verschiedene Kategorien wie Schokolade, Schmuck, Kosmetika usw.<\/li>\n<\/ul>\n<h2 id=\"-6-strict-control-of-quality-and-environmental-protection-commitment-create-a-trusted-choice-\"><strong>6. Strenge Qualit\u00e4tskontrolle und Engagement f\u00fcr den Umweltschutz: eine vertrauensw\u00fcrdige Wahl schaffen<\/strong><\/h2>\n<ul>\n<li><strong>Verwaltung der Produktion<\/strong>: ISO-Zertifizierung des Qualit\u00e4tsmanagementsystems, 16 Qualit\u00e4tskontrollverfahren, die den gesamten Prozess von den Rohstoffen \u00fcber den Druck und die Stanzung bis hin zur Montage abdecken.<\/li>\n<li><strong>Normen f\u00fcr den Umweltschutz<\/strong>: Verwendung von FSC-zertifiziertem Papier, Tinte auf Wasserbasis und leimfreier Verschlussstruktur, um den Einsatz von Kunststoffen zu reduzieren und Recycling und Kompostierung zu unterst\u00fctzen.<\/li>\n<li><strong>Handwerkliches K\u00f6nnen<\/strong>: Ausgestattet mit einer vollautomatischen Stanzmaschine und einem Laminierger\u00e4t, um sicherzustellen, dass die Kante des Kartons flach ist und fest sitzt.<\/li>\n<\/ul>\n<h2 id=\"-7-strength-of-large-scale-factories-efficient-delivery-and-cost-advantages-\"><strong>7. St\u00e4rke von Gro\u00dfbetrieben: effiziente Lieferung und Kostenvorteile<\/strong><\/h2>\n<p>Die Druckerei mit 16 Jahren Branchenerfahrung erstreckt sich \u00fcber eine Fl\u00e4che von 5.320 Quadratmetern und ist mit einer intelligenten Lagerhaltung und flexiblen Produktionslinien ausgestattet, die sowohl f\u00fcr Kleinserien als auch f\u00fcr Gro\u00dfauftr\u00e4ge geeignet sind. Mit dem \"Design-Proofing-Production\"-Service aus einer Hand liefert sie innerhalb von 7-15 Tagen und genie\u00dft in \u00dcberseem\u00e4rkten wie Europa, Amerika und S\u00fcdostasien einen guten Ruf mit hoher Kostenleistung.<\/p>","protected":false},"excerpt":{"rendered":"<ol>\n<li><strong>Best\u00e4tigung verlangen<\/strong>: Teilen Sie uns die Gr\u00f6\u00dfe, den Stil und die funktionalen Anforderungen des Produkts mit und stellen Sie eine 3D-Vorschau zur Verf\u00fcgung.<\/li>\n<li><strong>Verifizierung des Nachweises<\/strong>: Senden Sie uns innerhalb von 3 Arbeitstagen physische Muster, um Struktur, Farbe und Verfahren anzupassen.<\/li>\n<li><strong>Massenproduktion<\/strong>: Nutzung des ERP-Systems zur Verfolgung des Fortschritts, um die Konsistenz des Lieferzyklus und der Qualit\u00e4t zu gew\u00e4hrleisten.<\/li>\n<li><strong>Garantie nach dem Verkauf<\/strong>: Wir beraten Sie beim Ersatz von besch\u00e4digten Teilen und bei der Behandlung von Umweltsch\u00e4den und bieten Ihnen w\u00e4hrend des gesamten Prozesses einen sorgenfreien Service.<\/li>\n<\/ol>","protected":false},"featured_media":9514,"template":"","meta":[],"product_brand":[],"product_cat":[30,423,425,31],"product_tag":[1198,809,1199],"class_list":{"0":"post-9512","1":"product","2":"type-product","3":"status-publish","4":"has-post-thumbnail","6":"product_cat-by-industry","7":"product_cat-custom-presentation-boxes-by-industry","8":"product_cat-lid-and-base-gift-box","9":"product_cat-paper-box-style","10":"product_tag-christmas-gift-box","11":"product_tag-custom-valentines-day-gift-box","12":"product_tag-valentines-day-set-gift-box","14":"first","15":"instock","16":"shipping-taxable","17":"product-type-grouped"},"_links":{"self":[{"href":"https:\/\/zojopackaging.com\/de\/wp-json\/wp\/v2\/product\/9512","targetHints":{"allow":["GET"]}}],"collection":[{"href":"https:\/\/zojopackaging.com\/de\/wp-json\/wp\/v2\/product"}],"about":[{"href":"https:\/\/zojopackaging.com\/de\/wp-json\/wp\/v2\/types\/product"}],"version-history":[{"count":1,"href":"https:\/\/zojopackaging.com\/de\/wp-json\/wp\/v2\/product\/9512\/revisions"}],"predecessor-version":[{"id":9519,"href":"https:\/\/zojopackaging.com\/de\/wp-json\/wp\/v2\/product\/9512\/revisions\/9519"}],"wp:featuredmedia":[{"embeddable":true,"href":"https:\/\/zojopackaging.com\/de\/wp-json\/wp\/v2\/media\/9514"}],"wp:attachment":[{"href":"https:\/\/zojopackaging.com\/de\/wp-json\/wp\/v2\/media?parent=9512"}],"wp:term":[{"taxonomy":"product_brand","embeddable":true,"href":"https:\/\/zojopackaging.com\/de\/wp-json\/wp\/v2\/product_brand?post=9512"},{"taxonomy":"product_cat","embeddable":true,"href":"https:\/\/zojopackaging.com\/de\/wp-json\/wp\/v2\/product_cat?post=9512"},{"taxonomy":"product_tag","embeddable":true,"href":"https:\/\/zojopackaging.com\/de\/wp-json\/wp\/v2\/product_tag?post=9512"}],"curies":[{"name":"wp","href":"https:\/\/api.w.org\/{rel}","templated":true}]}}