{"id":9520,"date":"2025-04-02T19:05:51","date_gmt":"2025-04-02T11:05:51","guid":{"rendered":"https:\/\/zojopackaging.com\/?post_type=product&#038;p=9520"},"modified":"2025-04-02T19:39:56","modified_gmt":"2025-04-02T11:39:56","slug":"flower-chocolate-heart-shaped-paper-gift-boxes-wholesale","status":"publish","type":"product","link":"https:\/\/zojopackaging.com\/de\/product\/flower-chocolate-heart-shaped-paper-gift-boxes-wholesale\/","title":{"rendered":"Blume Schokolade Herz geformt Papier Geschenk Boxen Gro\u00dfhandel"},"content":{"rendered":"<h2 id=\"-i-product-structure-and-process-advantages-\"><strong>1. Produktstruktur und Verfahrensvorteile<\/strong><\/h2>\n<h3 id=\"1-top-and-bottom-cover-design-\">1.\u00a0<strong>Design der oberen und unteren Abdeckung<\/strong>:<\/h3>\n<p>Die Geschenkschachtel hat eine oben und unten geteilte Deckelstruktur, ohne komplexe Schnallen- oder Scharnierkonstruktion, was den \u00d6ffnungs- und Schlie\u00dfvorgang vereinfacht. Die Struktur ist durch eine pr\u00e4zise Musteranordnung optimiert, und die Materialausnutzung kann mehr als 82% erreichen, was die Produktionskosten erheblich senkt und den Ausschuss reduziert. Der Produktionsprozess besteht haupts\u00e4chlich aus Stanzen und Pr\u00e4gen, ohne komplexe Montageschritte, geeignet f\u00fcr die Massenproduktion, und die t\u00e4gliche Produktionskapazit\u00e4t kann 5.000-10.000 St\u00fcck erreichen (abh\u00e4ngig von der Anpassung der Spezifikation).<\/p>\n<h3 id=\"2-heart-shaped-box-emotional-communication-\">2.\u00a0<strong>Herzf\u00f6rmige Schachtel emotionale Kommunikation<\/strong>:<\/h3>\n<p>Die einzigartige Herzform vermittelt durch ihre geometrische \u00c4sthetik direkt eine romantische Atmosph\u00e4re, die sich f\u00fcr den Valentinstag (45% des j\u00e4hrlichen Auftragsvolumens), Hochzeiten (30%), Jahrestage (20%) und andere Anl\u00e4sse eignet. Der Schachtelk\u00f6rper hat glatte Linien, und die Kanten sind abgerundet, um Kratzer zu vermeiden. Sie ist mit mattem\/perlmuttfarbenem Spezialpapier ausgestattet, um die Haptik zu verbessern. Der Geschenkkarton aus Perlglanzpapier hat zum Beispiel einen Farbverlaufseffekt im Licht, der den optischen Reiz erh\u00f6ht.<\/p>\n<h2 id=\"-2-multifunctional-adaptation-and-protection-design-\"><strong>2. Multifunktionale Anpassung und Schutzgestaltung<\/strong><\/h2>\n<h3 id=\"3-multi-category-compatibility-\">1. <strong>Kompatibilit\u00e4t mit mehreren Kategorien<\/strong>:<\/h3>\n<p>Der Innenraum der Geschenkbox kann flexibel an Blumen (H\u00f6he \u2264 15 cm), Pralinen (Standardraster: 6\/12\/18 Raster), Bonbons (Kapazit\u00e4t eines einzelnen Rasters 50-100 g), Seifenblumen usw. angepasst werden, und \"eine Box f\u00fcr mehrere Zwecke\" kann durch modulare Anpassung der Auskleidung erreicht werden. Ein Beispiel: eine 18-Raster-Schokoladen-Geschenkbox kann durch eine Kombination von Blumen + Seifenblumen ersetzt werden, um den Bed\u00fcrfnissen verschiedener Feste gerecht zu werden.<\/p>\n<h3 id=\"4-creative-ribbon-matching-scheme-\">2. <strong>Kreatives Schema zur Abstimmung der B\u00e4nder<\/strong>:<\/h3>\n<p>Standard 3cm breites Satinband (optional rot\/rosa\/gold\/silber, etc. 12 Farben), Unterst\u00fctzung kundenspezifischer Hei\u00dfpr\u00e4gung Logo, gepr\u00e4gtes Muster oder zweifarbiges gewebtes Design. Bieten Sie 6 Anleitungen zum Binden von Schleifen und Rosenknoten. Zum Beispiel k\u00f6nnen doppellagige Schleifen den dreidimensionalen Eindruck verst\u00e4rken, und Metallschilder (wie z. B. gravierte Namensschilder) k\u00f6nnen das Gef\u00fchl von Luxus verst\u00e4rken.<\/p>\n<h2 id=\"-iii-precision-customization-and-safety-guarantee-\"><strong>3. Pr\u00e4zisionsanpassung und Sicherheitsgarantie<\/strong><\/h2>\n<h3 id=\"5-precision-protection-system-for-lining-\">1. <strong>Pr\u00e4zisionsschutzsystem f\u00fcr Futter<\/strong>:<\/h3>\n<p>Durch die Verwendung von EVA-Schaum oder Wellpappe als Auskleidung wird mit Hilfe der UV-Laserschneidetechnik eine Fehlerkontrolle von \u00b10,1 mm erreicht, die sich f\u00fcr besonders geformte Produkte (z. B. unregelm\u00e4\u00dfige Schokoladenformen) eignet. Die Dicke der Auskleidung kann von 3-10 mm gew\u00e4hlt werden, und die Druckfestigkeit betr\u00e4gt bis zu 50 kg\/m\u00b2. In simulierten Transporttests wurde nachgewiesen, dass sie logistischen St\u00f6\u00dfen standhalten kann.<\/p>\n<h3 id=\"6-full-dimensional-customization-service-\">2. <strong>Volldimensionaler Anpassungsservice<\/strong>:<\/h3>\n<ul>\n<li><strong>Gr\u00f6\u00dfe<\/strong>: Unterst\u00fctzt jede Spezifikationsanpassung im Bereich von 8-50cm im Durchmesser und 5-70cm in der H\u00f6he. Spezielle \u00fcbergro\u00dfe Gr\u00f6\u00dfen (wie z. B. 60 cm Durchmesser Hochzeit Haupt Geschenk-Boxen) erfordern zus\u00e4tzliche Formen.<\/li>\n<li><strong>Material<\/strong>: Wei\u00dfe Pappe (250-400 g), Kunstdruckpapier (Kunstleder\/Holzmaserung), umweltfreundliches Bambuszellstoffpapier (abbaubar) und andere Optionen, wobei die Kosten f\u00fcr Bambuszellstoffpapier 15% niedriger sind als die der herk\u00f6mmlichen Materialien.<\/li>\n<li><strong>Druckverfahren<\/strong>Optional: Hei\u00dfpr\u00e4gung\/Silber, UV-Lack, 3D-Reliefdruck, z. B. Valentinstag-Geschenkbox mit dreidimensionalem Rosenmuster + Hei\u00dfpr\u00e4gung als Textkombination.<\/li>\n<\/ul>\n<h2 id=\"-fourth-source-factory-service-and-cost-advantage-\"><strong>4. Werksservice und Kostenvorteil<\/strong><\/h2>\n<h3 id=\"7-one-stop-supply-chain-support-\">1. <strong>Unterst\u00fctzung der Lieferkette aus einer Hand<\/strong>:<\/h3>\n<ul>\n<li><strong>Kostenlose Proben<\/strong>: Bereitstellung von 3 Mustern f\u00fcr die Grundversion (einschlie\u00dflich der standardm\u00e4\u00dfigen herzf\u00f6rmigen\/6-Raster\/12-Raster-Box), die innerhalb von 48 Stunden versandt werden.<\/li>\n<li><strong>Entwurfsdienstleistung<\/strong>: Ein professionelles Team unterst\u00fctzt die intelligente AI-Layout-Optimierung und liefert innerhalb von 3 Arbeitstagen 3 Designl\u00f6sungen (einschlie\u00dflich 3D-Renderings).<\/li>\n<\/ul>","protected":false},"excerpt":{"rendered":"<ol>\n<li><strong>Best\u00e4tigung verlangen<\/strong>: Geben Sie grundlegende Informationen an, z. B. Produktgr\u00f6\u00dfe, erwartete Szene, Designstil usw.<\/li>\n<li><strong>Entwurf des Schemas<\/strong>: R\u00fcckmeldung 3D-Modell und Angebot innerhalb von 48 Stunden.<\/li>\n<li><strong>Muster der Best\u00e4tigung<\/strong>: Kostenloser Korrekturabzug (1-3 Arbeitstage)<\/li>\n<li><strong>Massenproduktion<\/strong>: 5.000.000 Standardbestellungen werden innerhalb von 7-10 Tagen ausgeliefert, und es wird ein Eildienst angeboten.<\/li>\n<\/ol>","protected":false},"featured_media":9537,"template":"","meta":[],"product_brand":[],"product_cat":[30,423,425,31],"product_tag":[728,1201,1200],"class_list":{"0":"post-9520","1":"product","2":"type-product","3":"status-publish","4":"has-post-thumbnail","6":"product_cat-by-industry","7":"product_cat-custom-presentation-boxes-by-industry","8":"product_cat-lid-and-base-gift-box","9":"product_cat-paper-box-style","10":"product_tag-chocolate-gift-boxes","11":"product_tag-flower-gift-boxes-wholesale","12":"product_tag-heart-shaped-gift-boxes","14":"first","15":"instock","16":"shipping-taxable","17":"product-type-grouped"},"_links":{"self":[{"href":"https:\/\/zojopackaging.com\/de\/wp-json\/wp\/v2\/product\/9520","targetHints":{"allow":["GET"]}}],"collection":[{"href":"https:\/\/zojopackaging.com\/de\/wp-json\/wp\/v2\/product"}],"about":[{"href":"https:\/\/zojopackaging.com\/de\/wp-json\/wp\/v2\/types\/product"}],"version-history":[{"count":1,"href":"https:\/\/zojopackaging.com\/de\/wp-json\/wp\/v2\/product\/9520\/revisions"}],"predecessor-version":[{"id":9538,"href":"https:\/\/zojopackaging.com\/de\/wp-json\/wp\/v2\/product\/9520\/revisions\/9538"}],"wp:featuredmedia":[{"embeddable":true,"href":"https:\/\/zojopackaging.com\/de\/wp-json\/wp\/v2\/media\/9537"}],"wp:attachment":[{"href":"https:\/\/zojopackaging.com\/de\/wp-json\/wp\/v2\/media?parent=9520"}],"wp:term":[{"taxonomy":"product_brand","embeddable":true,"href":"https:\/\/zojopackaging.com\/de\/wp-json\/wp\/v2\/product_brand?post=9520"},{"taxonomy":"product_cat","embeddable":true,"href":"https:\/\/zojopackaging.com\/de\/wp-json\/wp\/v2\/product_cat?post=9520"},{"taxonomy":"product_tag","embeddable":true,"href":"https:\/\/zojopackaging.com\/de\/wp-json\/wp\/v2\/product_tag?post=9520"}],"curies":[{"name":"wp","href":"https:\/\/api.w.org\/{rel}","templated":true}]}}