{"id":9539,"date":"2025-04-02T19:40:09","date_gmt":"2025-04-02T11:40:09","guid":{"rendered":"https:\/\/zojopackaging.com\/?post_type=product&#038;p=9539"},"modified":"2025-04-02T20:05:05","modified_gmt":"2025-04-02T12:05:05","slug":"necklace-earrings-bracelet-ring-packaging-boxes-wholesale","status":"publish","type":"product","link":"https:\/\/zojopackaging.com\/de\/product\/necklace-earrings-bracelet-ring-packaging-boxes-wholesale\/","title":{"rendered":"Halskette Ohrringe Armband Ring Verpackung Boxen Gro\u00dfhandel"},"content":{"rendered":"<h2 id=\"-1-luxurious-appearance-design-highlighting-the-high-end-sense-of-jewelry-\"><strong>1. Luxuri\u00f6ses Aussehen Design, Hervorhebung der High-End-Sinn des Schmucks<\/strong><\/h2>\n<ul>\n<li><strong>Klassisches Schwarz und Gold passend zur Farbe<\/strong>: Die Schachtel besteht aus mattschwarzem Hartkarton mit 24K-Hei\u00dfpr\u00e4gung f\u00fcr dekorative Linien oder Markenlogos, und das Innenfutter besteht aus hochdichtem goldenem Samt oder beflocktem Karton, um visuelle Wirkung und haptischen Luxus zu erzeugen.<\/li>\n<li><strong>Besondere Kastenstruktur<\/strong>: Anpassbare Flip-Top, Schublade-Typ, buchf\u00f6rmige \u00d6ffnung und Schlie\u00dfung oder geschichteten Display-Boxen, durch dreidimensionale Raum Design, um den Schmuck Display-Effekt, wie Halskette h\u00e4ngen Klammern, Ring Rillen, Ohrring Schlitze, etc. zu verbessern, um die Attraktivit\u00e4t des Produkts.<\/li>\n<\/ul>\n<h2 id=\"-2-highly-customized-service-precise-adaptation-needs-\"><strong>2. Hochgradig kundenorientierter Service, pr\u00e4zise Anpassung an den Bedarf<\/strong><\/h2>\n<ul>\n<li><strong>Flexibles internes Layout<\/strong>: Je nach Gr\u00f6\u00dfe des Schmucks, wie Halsketten, Ohrringe, Armb\u00e4nder, Ringe usw., bieten Sie verstellbare Trennw\u00e4nde, innere Schwammst\u00fctzen oder magnetische Befestigungsstrukturen, um sicherzustellen, dass das Produkt stabil und intuitiv zu pr\u00e4sentieren ist.<\/li>\n<li><strong>Rundum personalisierte Anpassung<\/strong>:<\/li>\n<li><strong>Gr\u00f6\u00dfe und Kartontyp<\/strong>: Unterst\u00fctzt eine Vielzahl von Spezifikationen von 5 cm\u00d75 cm bis 30 cm\u00d730 cm, die den Bed\u00fcrfnissen von Einzelproduktverpackungen oder Geschenkboxen entsprechen.<\/li>\n<li><strong>Material und Handwerkskunst<\/strong>: Optional umweltfreundliches EVA, Wellpappe, Kunstdruckpapier und andere Substrate, mit matter\/heller Maske, Pr\u00e4gung, UV-Pr\u00e4gung und anderen Verfahren auf der Oberfl\u00e4che.<\/li>\n<li><strong>Druck und Dekoration<\/strong>: Unterst\u00fctzt Hei\u00dfpr\u00e4gung\/Silber, Siebdruck, Lasergravur und andere Verfahren und kann das Markenlogo, das Muster und das exklusive Farbschema anpassen.<\/li>\n<\/ul>\n<h2 id=\"-3-hot-stamping-technology-to-enhance-the-high-end-image-of-the-brand-\"><strong>3. Gold Hei\u00dfpr\u00e4gung Folie Technologie, um das High-End-Image der Marke zu verbessern<\/strong><\/h2>\n<ul>\n<li>Verwenden Sie importierte Hei\u00dfpr\u00e4gefolie und Pr\u00e4zisionsformen, um zarte Metallglanzstrukturen auf dem Deckel, dem Rand oder dem Innenfutter der Schachtel zu erzeugen, die Verpackungsstruktur zu verbessern, die Aufmerksamkeit der Verbraucher auf den ersten Blick zu erregen und die Markenwiedererkennung zu verbessern.<\/li>\n<\/ul>\n<h2 id=\"-4-environmental-protection-and-sustainable-concept-\"><strong>4. Umweltschutz und nachhaltiges Konzept<\/strong><\/h2>\n<ul>\n<li>Alle Rohstoffe sind FSC-zertifiziert, erf\u00fcllen die EU-ReACH-Umweltschutznormen, sind ungiftig und unsch\u00e4dlich, wiederverwertbar und abbaubar und tragen dazu bei, dass die Marke einen gr\u00fcnen, hochwertigen Wert vermittelt.<\/li>\n<\/ul>\n<h2 id=\"-production-and-delivery-guarantee-\"><strong>Produktions- und Liefergarantie<\/strong><\/h2>\n<ul>\n<li><strong>Intelligente Produktion<\/strong>: Vollautomatische Stanz-, Montage- und Hei\u00dfpr\u00e4geanlagen sorgen f\u00fcr Prozesskonsistenz mit einer Fehlerquote von weniger als 0,1%, und Serienauftr\u00e4ge werden in 7-15 Tagen geliefert.<\/li>\n<li><strong>Strenge Qualit\u00e4tskontrolle<\/strong>: Von der Lagerung des Rohmaterials bis zur Auslieferung des fertigen Produkts werden 6 Qualit\u00e4tskontrollen durchgef\u00fchrt, um sicherzustellen, dass der Verpackungskarton keine Kratzer, Verf\u00e4rbungen, Verformungen oder andere Probleme aufweist.<\/li>\n<\/ul>\n<h2 id=\"-cooperation-process-\"><strong>Prozess der Zusammenarbeit<\/strong><\/h2>\n<ol>\n<li><strong>Kommunikation nachfragen<\/strong>: Stellen Sie Designentw\u00fcrfe zur Verf\u00fcgung oder lassen Sie ein professionelles Team kostenlose Muster anfertigen;<\/li>\n<li><strong>Best\u00e4tigung der Regelung<\/strong>: Erstellen Sie innerhalb von 3 Arbeitstagen 3D-Renderings und ein detailliertes Angebot;<\/li>\n<li><strong>Lieferung der Produktion<\/strong>: Organisieren Sie die Produktion so bald wie m\u00f6glich nach der Vertragsunterzeichnung und verfolgen Sie den logistischen Fortschritt w\u00e4hrend des gesamten Prozesses.<\/li>\n<\/ol>","protected":false},"excerpt":{"rendered":"<p>\u2728 Luxuri\u00f6ses Unboxing-Erlebnis - Beeindrucken Sie Ihre Kunden mit einer hochwertigen Pr\u00e4sentation.<br \/>\n\ud83d\udee1\ufe0f Schmuckschutz - Die sto\u00dffeste Struktur h\u00e4lt die Gegenst\u00e4nde sicher.<br \/>\n\ud83c\udfa8 Markenst\u00e4rkung - Individuell gestaltbare Au\u00dfenbereiche erh\u00f6hen den Wiedererkennungswert der Marke.<br \/>\n\ud83d\udce6 Kosteneffiziente Skalierung - Massenpreise reduzieren die Kosten pro Einheit um 40%.<br \/>\n\ud83c\udf31 Umweltfreundlich - Recycelbare Materialien stehen im Einklang mit nachhaltigen Werten.<\/p>","protected":false},"featured_media":9541,"template":"","meta":[],"product_brand":[],"product_cat":[30,415,428,31],"product_tag":[1203,1202,1025],"class_list":{"0":"post-9539","1":"product","2":"type-product","3":"status-publish","4":"has-post-thumbnail","6":"product_cat-by-industry","7":"product_cat-custom-jewelry-boxes-by-industry","8":"product_cat-irregular-shaped-gift-boxes","9":"product_cat-paper-box-style","10":"product_tag-earrings-boxes-wholesale","11":"product_tag-necklace-bracelet-boxes-wholesale","12":"product_tag-ring-packaging-boxes","14":"first","15":"instock","16":"shipping-taxable","17":"product-type-grouped"},"_links":{"self":[{"href":"https:\/\/zojopackaging.com\/de\/wp-json\/wp\/v2\/product\/9539","targetHints":{"allow":["GET"]}}],"collection":[{"href":"https:\/\/zojopackaging.com\/de\/wp-json\/wp\/v2\/product"}],"about":[{"href":"https:\/\/zojopackaging.com\/de\/wp-json\/wp\/v2\/types\/product"}],"version-history":[{"count":1,"href":"https:\/\/zojopackaging.com\/de\/wp-json\/wp\/v2\/product\/9539\/revisions"}],"predecessor-version":[{"id":9547,"href":"https:\/\/zojopackaging.com\/de\/wp-json\/wp\/v2\/product\/9539\/revisions\/9547"}],"wp:featuredmedia":[{"embeddable":true,"href":"https:\/\/zojopackaging.com\/de\/wp-json\/wp\/v2\/media\/9541"}],"wp:attachment":[{"href":"https:\/\/zojopackaging.com\/de\/wp-json\/wp\/v2\/media?parent=9539"}],"wp:term":[{"taxonomy":"product_brand","embeddable":true,"href":"https:\/\/zojopackaging.com\/de\/wp-json\/wp\/v2\/product_brand?post=9539"},{"taxonomy":"product_cat","embeddable":true,"href":"https:\/\/zojopackaging.com\/de\/wp-json\/wp\/v2\/product_cat?post=9539"},{"taxonomy":"product_tag","embeddable":true,"href":"https:\/\/zojopackaging.com\/de\/wp-json\/wp\/v2\/product_tag?post=9539"}],"curies":[{"name":"wp","href":"https:\/\/api.w.org\/{rel}","templated":true}]}}