{"id":9548,"date":"2025-04-02T20:05:47","date_gmt":"2025-04-02T12:05:47","guid":{"rendered":"https:\/\/zojopackaging.com\/?post_type=product&#038;p=9548"},"modified":"2025-04-02T20:52:05","modified_gmt":"2025-04-02T12:52:05","slug":"jewelry-necklace-ring-bracelet-earring-packaging-box-supplier","status":"publish","type":"product","link":"https:\/\/zojopackaging.com\/de\/product\/jewelry-necklace-ring-bracelet-earring-packaging-box-supplier\/","title":{"rendered":"Schmuck Halskette Ring Armband Ohrring Verpackung Box Lieferant"},"content":{"rendered":"<h2 id=\"-1-convenient-pull-out-box-design-\"><strong>1. Bequemes Design der Ausziehbox<\/strong><\/h2>\n<ul>\n<li><strong>Schiebbare Struktur zum \u00d6ffnen und Schlie\u00dfen<\/strong>: Das Geh\u00e4use des Ausziehkastens besteht aus Pr\u00e4zisionsformen, die sich leichtg\u00e4ngig \u00f6ffnen und schlie\u00dfen lassen und von den Nutzern mit einer Hand leicht bedient werden k\u00f6nnen,\u00a0<strong>Einsparung von mehr als 50% der \u00d6ffnungszeit<\/strong>und das Gef\u00fchl der Zeremonie und des Komforts beim Auspacken zu verst\u00e4rken.<\/li>\n<li><strong>Langlebigkeit und Stabilit\u00e4t<\/strong>: Der Korpus der Schachtel besteht aus einer Kombination aus schwerem Karton und einer Verst\u00e4rkungstechnologie, um sicherzustellen, dass er sich auch nach mehrmaligem \u00d6ffnen und Schlie\u00dfen nicht verformt, und ist f\u00fcr die langfristige Verwendung von Schmuckgeschenkschachteln geeignet.<\/li>\n<\/ul>\n<h2 id=\"-2-brand-customized-design-service-\"><strong>2. Kundenspezifischer Markendesign-Service<\/strong><\/h2>\n<ul>\n<li><strong>Box-Typ und visuelle Anpassung<\/strong>: Eine Vielzahl von Schachtelarten wie Schubladenboxen, buchf\u00f6rmige Boxen und Deckel, St\u00fctzen\u00a0<strong>exklusive Gr\u00f6\u00dfe, Kr\u00fcmmung, Fenster<\/strong>\u00a0und andere personalisierte Designs, die genau dem Markenton entsprechen.<\/li>\n<li><strong>Upgrade des Oberfl\u00e4chenprozesses<\/strong>: Optionale Hei\u00dfpr\u00e4gung\/Silber, Pr\u00e4gung, UV-Lackierung, Siebdruck und andere Verfahren, kombiniert mit Pantone-Schmuckfarbendruck, zur Verbesserung des Markenlogos und der visuellen Wirkung.<\/li>\n<\/ul>\n<h2 id=\"-3-eva-flocking-anti-seismic-lining-\"><strong>3. EVA Beflockung anti-seismische Auskleidung<\/strong><\/h2>\n<ul>\n<li><strong>Allseitiger Schutz<\/strong>: Das hochdichte EVA-Futter passt sich der Kontur des Schmucks an, und die Oberfl\u00e4chenbeflockung ist zart und weich,\u00a0<strong>wirksame Absorption von Transportvibrationen und Fallst\u00f6\u00dfen<\/strong>und verhindern, dass das Produkt zerkratzt oder verschoben wird.<\/li>\n<li><strong>Optische und taktile Aufwertung<\/strong>: Die Beflockung sorgt f\u00fcr matte\/gl\u00e4nzende Effekte, und es stehen luxuri\u00f6se Farben wie Schwarz, Wei\u00df, Gold und Burgunderrot zur Verf\u00fcgung, die sowohl dem Schutz als auch der Sch\u00f6nheit des Displays Rechnung tragen.<\/li>\n<\/ul>\n<h2 id=\"-4-ribbon-accessories-and-detailed-design-\"><strong>4. Farbbandzubeh\u00f6r und detaillierte Gestaltung<\/strong><\/h2>\n<ul>\n<li><strong>Hochwertige dekorative Elemente<\/strong>: Eingebaute individuelle B\u00e4nder (Chiffon-, Satin- und Samtmaterialien sind optional), gepaart mit Markenlogo-Anh\u00e4ngern oder dekorativen Metallschnallen, um das Gef\u00fchl der Unboxing-Zeremonie zu verbessern.<\/li>\n<li><strong>Kombination von Funktion und \u00c4sthetik<\/strong>: Das Design der Schleife ber\u00fccksichtigt die Praktikabilit\u00e4t der Ausziehschachtel und unterstreicht gleichzeitig die Exquisitheit und den Geschenkcharakter der Verpackung,\u00a0<strong>Erh\u00f6hung des Mehrwerts des Produkts um 20%+<\/strong>.<\/li>\n<\/ul>\n<h2 id=\"-5-flexible-customization-system-\"><strong>5. Flexibles System zur Anpassung<\/strong><\/h2>\n<ul>\n<li><strong>Volldimensionale Anpassung<\/strong>: Von der Schachtelstruktur \u00fcber die Inneneinteilung bis hin zu den Zubeh\u00f6rdetails unterst\u00fctzt es die 1:1-Anpassung an die verschiedenen Schmuckkategorien (Halsketten, Ohrringe, Armb\u00e4nder usw.) und erf\u00fcllt so die unterschiedlichen Anforderungen an die Positionierung, wie z. B. hochwertige Luxusg\u00fcter, leichte Luxusmode usw.<\/li>\n<li><strong>Umweltfreundliche Materialoptionen<\/strong>: Bereitstellung von umweltfreundlichen Materialien wie FSC-zertifiziertem Papier, abbaubarem EVA und recycelter Seide, um Marken bei der Umsetzung des Konzepts der nachhaltigen Entwicklung zu unterst\u00fctzen.<\/li>\n<\/ul>\n<h2 id=\"-6-intelligent-lining-partition-system-\"><strong>6. Intelligentes Trennwandsystem<\/strong><\/h2>\n<ul>\n<li><strong>Pr\u00e4zise Produktfixierung<\/strong>: Entwerfen Sie unabh\u00e4ngige Kartenschlitze, Rillen oder elastische B\u00e4nder je nach Gr\u00f6\u00dfe des Schmucks, um sicherzustellen, dass w\u00e4hrend des Transports nichts wackelt, und gleichzeitig eine geordnete Pr\u00e4sentation auf der Ausstellungsebene zu erreichen.<\/li>\n<li><strong>Multifunktionale Schichtung<\/strong>: Unterst\u00fctzt abnehmbare Lagenstruktur, passt sich an mehrteilige Schmuckkombinationen an, verbessert die Verpackungspraktikabilit\u00e4t und Kundenzufriedenheit.<\/li>\n<\/ul>\n<h2 id=\"-production-and-service-guarantee-\"><strong>Produktions- und Servicegarantie<\/strong><\/h2>\n<ul>\n<li><strong>Qualit\u00e4tskontrolle im gesamten Prozess<\/strong>: Von der Entwurfspr\u00fcfung bis zur Massenproduktion wird ein Qualit\u00e4tsmanagementsystem nach ISO 9001 eingef\u00fchrt, um die Konsistenz von Farbe, Material, Verfahren und Zeichnungen zu gew\u00e4hrleisten. 100%<\/li>\n<li><strong>Schnelle Lieferung<\/strong>: Die Herstellung von Prototypen ist innerhalb von 15 Tagen abgeschlossen, so dass auch Bestellungen von Kleinserien (Mindestbestellmenge 500 St\u00fcck) m\u00f6glich sind, und der Lieferzyklus von Gro\u00dfserien verk\u00fcrzt sich auf 7-14 Tage.<\/li>\n<li><strong>Globale Transportunterst\u00fctzung<\/strong>: Wir bieten feuchtigkeits- und sto\u00dfsichere Logistikl\u00f6sungen und k\u00f6nnen in Ihrem Auftrag internationale Transportetiketten anbringen, um sicherzustellen, dass die Verpackung unversehrt ist und direkt zum Terminal gelangt.<\/li>\n<\/ul>","protected":false},"excerpt":{"rendered":"<p>\u2705\u00a0<strong>Verbesserung der Markenpr\u00e4mie<\/strong>: St\u00e4rkung der Wettbewerbsf\u00e4higkeit auf dem Markt durch differenziertes Verpackungsdesign;<br \/>\n\u2705\u00a0<strong>Verpflichtung zu einer Schadensquote von Null<\/strong>: Reduzieren Sie die Kosten f\u00fcr den Kundendienst mit professionellen Schutzl\u00f6sungen;<br \/>\n\u2705\u00a0<strong>Service aus einer Hand<\/strong>: Sorgenfrei vom Design bis zur Lieferung, damit sich Marken auf ihr Kerngesch\u00e4ft konzentrieren k\u00f6nnen.<\/p>","protected":false},"featured_media":9554,"template":"","meta":[],"product_brand":[],"product_cat":[30,415,31,426],"product_tag":[1205,1206,1204],"class_list":{"0":"post-9548","1":"product","2":"type-product","3":"status-publish","4":"has-post-thumbnail","6":"product_cat-by-industry","7":"product_cat-custom-jewelry-boxes-by-industry","8":"product_cat-paper-box-style","9":"product_cat-paper-drawer-boxes","10":"product_tag-custom-necklace-ring-boxes","11":"product_tag-earring-packaging-box-supplier","12":"product_tag-jewelry-packaging-box","14":"first","15":"instock","16":"shipping-taxable","17":"product-type-grouped"},"_links":{"self":[{"href":"https:\/\/zojopackaging.com\/de\/wp-json\/wp\/v2\/product\/9548","targetHints":{"allow":["GET"]}}],"collection":[{"href":"https:\/\/zojopackaging.com\/de\/wp-json\/wp\/v2\/product"}],"about":[{"href":"https:\/\/zojopackaging.com\/de\/wp-json\/wp\/v2\/types\/product"}],"version-history":[{"count":1,"href":"https:\/\/zojopackaging.com\/de\/wp-json\/wp\/v2\/product\/9548\/revisions"}],"predecessor-version":[{"id":9555,"href":"https:\/\/zojopackaging.com\/de\/wp-json\/wp\/v2\/product\/9548\/revisions\/9555"}],"wp:featuredmedia":[{"embeddable":true,"href":"https:\/\/zojopackaging.com\/de\/wp-json\/wp\/v2\/media\/9554"}],"wp:attachment":[{"href":"https:\/\/zojopackaging.com\/de\/wp-json\/wp\/v2\/media?parent=9548"}],"wp:term":[{"taxonomy":"product_brand","embeddable":true,"href":"https:\/\/zojopackaging.com\/de\/wp-json\/wp\/v2\/product_brand?post=9548"},{"taxonomy":"product_cat","embeddable":true,"href":"https:\/\/zojopackaging.com\/de\/wp-json\/wp\/v2\/product_cat?post=9548"},{"taxonomy":"product_tag","embeddable":true,"href":"https:\/\/zojopackaging.com\/de\/wp-json\/wp\/v2\/product_tag?post=9548"}],"curies":[{"name":"wp","href":"https:\/\/api.w.org\/{rel}","templated":true}]}}