{"id":9556,"date":"2025-04-02T20:52:14","date_gmt":"2025-04-02T12:52:14","guid":{"rendered":"https:\/\/zojopackaging.com\/?post_type=product&#038;p=9556"},"modified":"2025-04-02T21:12:26","modified_gmt":"2025-04-02T13:12:26","slug":"weave-extension-wig-virgin-hair-box-manufacturer-with-ribbon","status":"publish","type":"product","link":"https:\/\/zojopackaging.com\/de\/product\/weave-extension-wig-virgin-hair-box-manufacturer-with-ribbon\/","title":{"rendered":"Weave Verl\u00e4ngerung Per\u00fccke Virgin Haar Box Hersteller mit Band"},"content":{"rendered":"<h2 id=\"-1-convenient-flip-cover-design-optimized-unboxing-experience-\"><strong>1. Bequemes Flip-Cover-Design, optimierte Unboxing-Erfahrung<\/strong><\/h2>\n<ul>\n<li><strong>Magnetische One-Touch-Flip-Cover-Box<\/strong>: Dank der magnetischen Pr\u00e4zisionsschnalle l\u00e4sst sie sich mit einem einzigen Druck \u00f6ffnen und schlie\u00dfen, ohne komplizierte Bedienvorg\u00e4nge, was den Kunden ein reibungsloses Auspacken erm\u00f6glicht.<\/li>\n<li><strong>Verst\u00e4rkte Kantenstruktur<\/strong>: 1200 g Hartkarton bilden den Kartonk\u00f6rper, der druck- und verformungsbest\u00e4ndig ist und somit Transportsicherheit und Wiederverwendbarkeit gew\u00e4hrleistet.<\/li>\n<\/ul>\n<h2 id=\"-2-green-ribbon-decoration-to-create-a-gift-level-elegance-\"><strong>2. Gr\u00fcnes Band als Dekoration f\u00fcr die Eleganz eines Geschenks<\/strong><\/h2>\n<ul>\n<li><strong>Individuelles dunkelgr\u00fcnes Band<\/strong>: Die Oberseite des Deckels ist mit einem mattgr\u00fcnen Band versehen, das mit einem Markenlogo versehen werden kann, um die Attraktivit\u00e4t des Verkaufsdisplays zu erh\u00f6hen und das Produkt im Regal hervorzuheben.<\/li>\n<li><strong>Multifunktionales Farbbanddesign<\/strong>: Er kann nicht nur den Deckel der Schachtel befestigen, sondern auch als Griff oder Dekorationselement verwendet werden, geeignet f\u00fcr Weihnachtsgeschenk-Szenen.<\/li>\n<\/ul>\n<h2 id=\"-3-luxurious-silk-lining-gives-the-product-a-sense-of-refinement-\"><strong>3. Luxuri\u00f6ses Seidenfutter verleiht dem Produkt ein Gef\u00fchl von Raffinesse<\/strong><\/h2>\n<ul>\n<li><strong>Umweltfreundliches Seidenfutter<\/strong>: Die Box besteht aus FSC-zertifiziertem, recyceltem Seidenstoff (dunkelgr\u00fcn), der sich weich und zart anf\u00fchlt. Es kann nicht nur die Per\u00fccke polstern und sch\u00fctzen, sondern auch die visuelle Ebene durch Farbkontrast verbessern.<\/li>\n<li><strong>Lebendiges \u00e4sthetisches Konzept<\/strong>: Gr\u00fcn symbolisiert die Natur und die Erneuerung, was das \"Erneuerungs\"-Konzept der Per\u00fcckenprodukte widerspiegelt und die emotionale Resonanz der Verbraucher anregt.<\/li>\n<\/ul>\n<h2 id=\"-4-double-sided-brand-printing-to-enhance-communication-effect-\"><strong>4. Beidseitiger Markendruck zur Verbesserung der Kommunikationswirkung<\/strong><\/h2>\n<ul>\n<li><strong>\u00c4u\u00dfere Gestaltung<\/strong>: Wei\u00dfe, matte Bodenschachtel mit dem Hauptmotiv der Marke (Hei\u00dfpr\u00e4gung\/UV-Verfahren) hebt die hochwertige Positionierung hervor;<\/li>\n<li><strong>Innere Klugheit<\/strong>: Nach dem \u00d6ffnen des Covers ist auf der Innenseite ein QR-Code f\u00fcr soziale Medien (Instagram\/YouTube\/TikTok) aufgedruckt, der die Kunden dazu anregt, den Code zu scannen, um zu interagieren und die Verbindung zur Marke zu erweitern.<\/li>\n<\/ul>\n<h2 id=\"-5-high-end-material-combination-taking-into-account-durability-and-beauty-\"><strong>5. Hochwertige Materialkombination unter Ber\u00fccksichtigung von Haltbarkeit und Sch\u00f6nheit<\/strong><\/h2>\n<ul>\n<li><strong>Technologie der Verbundwerkstoffstruktur<\/strong>:<\/li>\n<li>\u00c4u\u00dfere Schicht: 157g C2S-beschichtetes Papier (doppelseitige matte Folie), kratzfest, Anti-Fingerabdruck, mit zartem Glanz;<\/li>\n<li>Innere Schicht: 1200g harter Karton, starke Sto\u00dffestigkeit, geeignet f\u00fcr Langstreckentransporte.<\/li>\n<\/ul>\n<h2 id=\"-6-flexible-customization-service-to-meet-diverse-needs-\"><strong>6. Flexibler Anpassungsservice f\u00fcr unterschiedliche Bed\u00fcrfnisse<\/strong><\/h2>\n<ul>\n<li><strong>Volldimensionale Anpassung<\/strong>:<\/li>\n<li><strong>Box-Typ<\/strong>: Klappbox, Schubladenbox, Buchbox, usw.;<\/li>\n<li><strong>Gr\u00f6\u00dfe<\/strong>Unterst\u00fctzt die Anpassung der Per\u00fcckenl\u00e4nge von 12\u2033-24\u2033 und entspricht genau dem Produktvolumen;<\/li>\n<li><strong>Druckverfahren<\/strong>Hei\u00dfpr\u00e4gung, Pr\u00e4gung, lokale UV-Bestrahlung, Pr\u00e4geeffekte usw., um den Anforderungen der Markendifferenzierung gerecht zu werden.<\/li>\n<\/ul>\n<h2 id=\"-7-environmental-commitment-practice-sustainable-development-\"><strong>7. Engagement f\u00fcr die Umwelt, Praxis der nachhaltigen Entwicklung<\/strong><\/h2>\n<ul>\n<li><strong>Gr\u00fcne Produktionsstandards<\/strong>:<\/li>\n<li>Rohmaterialien: 100% FSC-zertifizierter umweltfreundlicher Karton, abbaubar und recycelbar;<\/li>\n<li>Druckverfahren: pflanzliche Sojabohnen-Tinte, ungiftig und schadstoffarm, in \u00dcbereinstimmung mit den EU-Umweltstandards REACH;<\/li>\n<li>Produktionsprozess: Zertifizierung des Umweltmanagementsystems nach ISO 14001 zur Verringerung des \u00f6kologischen Fu\u00dfabdrucks.<\/li>\n<\/ul>","protected":false},"excerpt":{"rendered":"<ul>\n<li><strong>Verpackungsl\u00f6sung aus einer Hand<\/strong>: Vom Entwurf bis zur Massenproduktion, professionelle Unterst\u00fctzung durch ein Team w\u00e4hrend des gesamten Prozesses;<\/li>\n<li><strong>Schnelle Reaktion beim Proofing<\/strong>: Stellen Sie innerhalb von 3-5 Arbeitstagen physische Muster zur Verf\u00fcgung, um die genaue Umsetzung des Entwurfs zu gew\u00e4hrleisten;<\/li>\n<li><strong>Globale Lieferkettengarantie<\/strong>: Unterst\u00fctzung der flexiblen Produktion von kleinen und mittleren Serien unter Ber\u00fccksichtigung der Kosten- und Liefereffizienz.<\/li>\n<\/ul>","protected":false},"featured_media":9557,"template":"","meta":[],"product_brand":[],"product_cat":[30,421,424,31],"product_tag":[1209,1207,1208],"class_list":{"0":"post-9556","1":"product","2":"type-product","3":"status-publish","4":"has-post-thumbnail","6":"product_cat-by-industry","7":"product_cat-custom-hair-extension-boxes","8":"product_cat-magnetic-closure-boxes","9":"product_cat-paper-box-style","10":"product_tag-custom-wig-hair-box-manufacturer","11":"product_tag-weave-extension-box","12":"product_tag-wig-virgin-hair-box","14":"first","15":"instock","16":"shipping-taxable","17":"product-type-grouped"},"_links":{"self":[{"href":"https:\/\/zojopackaging.com\/de\/wp-json\/wp\/v2\/product\/9556","targetHints":{"allow":["GET"]}}],"collection":[{"href":"https:\/\/zojopackaging.com\/de\/wp-json\/wp\/v2\/product"}],"about":[{"href":"https:\/\/zojopackaging.com\/de\/wp-json\/wp\/v2\/types\/product"}],"version-history":[{"count":1,"href":"https:\/\/zojopackaging.com\/de\/wp-json\/wp\/v2\/product\/9556\/revisions"}],"predecessor-version":[{"id":9563,"href":"https:\/\/zojopackaging.com\/de\/wp-json\/wp\/v2\/product\/9556\/revisions\/9563"}],"wp:featuredmedia":[{"embeddable":true,"href":"https:\/\/zojopackaging.com\/de\/wp-json\/wp\/v2\/media\/9557"}],"wp:attachment":[{"href":"https:\/\/zojopackaging.com\/de\/wp-json\/wp\/v2\/media?parent=9556"}],"wp:term":[{"taxonomy":"product_brand","embeddable":true,"href":"https:\/\/zojopackaging.com\/de\/wp-json\/wp\/v2\/product_brand?post=9556"},{"taxonomy":"product_cat","embeddable":true,"href":"https:\/\/zojopackaging.com\/de\/wp-json\/wp\/v2\/product_cat?post=9556"},{"taxonomy":"product_tag","embeddable":true,"href":"https:\/\/zojopackaging.com\/de\/wp-json\/wp\/v2\/product_tag?post=9556"}],"curies":[{"name":"wp","href":"https:\/\/api.w.org\/{rel}","templated":true}]}}