{"id":9564,"date":"2025-04-02T21:12:46","date_gmt":"2025-04-02T13:12:46","guid":{"rendered":"https:\/\/zojopackaging.com\/?post_type=product&#038;p=9564"},"modified":"2025-04-02T21:30:59","modified_gmt":"2025-04-02T13:30:59","slug":"eco-friendly-cosmetic-set-face-cream-paper-tube-packaging","status":"publish","type":"product","link":"https:\/\/zojopackaging.com\/de\/product\/eco-friendly-cosmetic-set-face-cream-paper-tube-packaging\/","title":{"rendered":"Umweltfreundliches Kosmetikset Gesichtscreme Papierr\u00f6hre Verpackung"},"content":{"rendered":"<h2 id=\"-1-aesthetic-design-highlighting-the-brand-s-elegant-style-\"><strong>1. \u00c4sthetisches Design: Hervorhebung des eleganten Stils der Marke<\/strong><\/h2>\n<h3 id=\"-soft-visual-presentation-\">-\u00a0<strong>Sanfte visuelle Pr\u00e4sentation<\/strong><\/h3>\n<p>Die runde Kosmetikschachtel ist in einem sanften Rosaton gehalten und weist ein pr\u00e4zise gestaltetes geometrisches Reliefmuster auf, das moderne Kunst mit klassischem Luxus verbindet und den Wiedererkennungswert der Marke perfekt steigert. Die Kombination aus matter Textur und partieller Hei\u00dfpr\u00e4gung\/UV-Technologie verleiht der Verpackung ein zur\u00fcckhaltendes und exquisites High-End-Erlebnis.<\/p>\n<h3 id=\"-customized-artistic-expression-\">-\u00a0<strong>Ma\u00dfgeschneiderter k\u00fcnstlerischer Ausdruck<\/strong><\/h3>\n<p>Unterst\u00fctzt die vollst\u00e4ndige Anpassung von Schachtelart, -gr\u00f6\u00dfe und -muster und kann Farbe (Pantone-Farbnummer), Textur und Oberfl\u00e4cheneffekte (z. B. Touch-Folie, Pr\u00e4gung, partielle Lackierung) entsprechend dem VI-System der Marke anpassen, um sicherzustellen, dass Verpackung und Produkttonalit\u00e4t in hohem Ma\u00dfe einheitlich sind.<\/p>\n<h2 id=\"-2-both-environmental-protection-and-protective-performance-\"><strong>2. Sowohl Umweltschutz als auch Schutzleistung<\/strong><\/h2>\n<h3 id=\"-sustainable-material-selection-\">-\u00a0<strong>Nachhaltige Materialauswahl<\/strong><\/h3>\n<ul>\n<li><strong>Kernmaterial<\/strong>: Es wird FSC-zertifizierter Qualit\u00e4tskarton verwendet, dessen Dicke variabel ist (1,5-3 mm), und die Innenauskleidung kann mit recycelter Watte oder Zuckerrohr-Bagasse-Zellstoff erg\u00e4nzt werden, um eine plastikreduzierte Verpackung zu erreichen.<\/li>\n<li><strong>Umweltfreundliche Upgrade-Optionen<\/strong>Bambusfaserkarton, abbaubare matte Folie und umweltfreundliche Druckfarben auf Wasserbasis sind verf\u00fcgbar, um internationale Umweltstandards wie EU REACH und FDA zu erf\u00fcllen.<\/li>\n<\/ul>\n<h3 id=\"-all-round-protection-design-\">-\u00a0<strong>Rundumschutz-Design<\/strong><\/h3>\n<ul>\n<li><strong>Kompressions- und kratzfeste Struktur<\/strong>: Der Kartonk\u00f6rper ist aus verst\u00e4rkter Wellpappe laminiert und mit einer kratzfesten, matten Folienoberfl\u00e4che versehen, die der Reibung beim Transport und den Feuchtigkeitsschwankungen standh\u00e4lt und sicherstellt, dass das Produkt unversehrt am Terminal ankommt.<\/li>\n<li><strong>Pr\u00e4zise Futteranpassung<\/strong>: EVA\/Papier-Innenschalen k\u00f6nnen je nach Produktform, wie z. B. Cremeflaschen und Pulver, angepasst werden, um das Produkt zu fixieren und das Sch\u00fctteln zu reduzieren.<\/li>\n<\/ul>\n<h2 id=\"-3-flexible-and-efficient-production-services-\"><strong>3. Flexible und effiziente Produktionsdienstleistungen<\/strong><\/h2>\n<h3 id=\"-quick-response-and-delivery-\">-\u00a0<strong>Schnelle Reaktion und Lieferung<\/strong><\/h3>\n<ul>\n<li>Wir unterst\u00fctzen Probebestellungen in kleinen Chargen (MOQ 500 St\u00fcck oder mehr), bei Massenproduktionsauftr\u00e4gen wird die Produktion abgeschlossen und die internationale Logistik innerhalb von 7-14 Tagen organisiert, und dringende Bestellungen k\u00f6nnen innerhalb von 5 Tagen bearbeitet werden.<\/li>\n<li>Service aus einer Hand: Entwurfspr\u00fcfung - Produktion - Qualit\u00e4tskontrolle - Ausfuhrerkl\u00e4rung und digitale Fortschrittsverfolgung w\u00e4hrend des gesamten Prozesses.<\/li>\n<\/ul>\n<h3 id=\"-global-export-guarantee-\">-\u00a0<strong>Globale Exportgarantie<\/strong><\/h3>\n<ul>\n<li>Wir haben uns intensiv mit dem Export von Kosmetikverpackungen besch\u00e4ftigt und sind mit den Zollabfertigungsanforderungen von M\u00e4rkten wie Europa, Amerika und S\u00fcdostasien vertraut. Wir bieten Verpackungsl\u00f6sungen an, die den ISTA 3A-Transportteststandards entsprechen, um die Risiken beim grenz\u00fcberschreitenden Transport zu verringern.<\/li>\n<li>Unterst\u00fctzung f\u00fcr mehrsprachige Bedienungsanleitungen, f\u00e4lschungssichere Etiketten und ma\u00dfgeschneiderte Verpackungen f\u00fcr den grenz\u00fcberschreitenden E-Commerce (z. B. integrierte Expressbox).<\/li>\n<\/ul>\n<h2 id=\"-4-value-added-services-empowering-brand-value-enhancement-\"><strong>4. Mehrwertdienste: St\u00e4rkung des Markenwerts<\/strong><\/h2>\n<h3 id=\"-scenario-based-packaging-extension-\">-\u00a0<strong>Szenariobasierte Erweiterung der Verpackung<\/strong><\/h3>\n<ul>\n<li>Kann die gleiche Serie von Geschenkt\u00fcten, B\u00e4ndern und bepflanzbaren Gru\u00dfkarten (mit Pflanzensamen) entwickeln, um das Umweltschutzkonzept und den Sinn f\u00fcr Rituale der Marke zu st\u00e4rken.<\/li>\n<li>Unterst\u00fctzt die Implantation von RFID-Chips, interaktiven AR-QR-Codes und anderen intelligenten Verpackungstechnologien zur Verbesserung der Verbrauchererfahrung.<\/li>\n<\/ul>\n<h3 id=\"-cost-optimization-strategy-\">-\u00a0<strong>Strategie zur Kostenoptimierung<\/strong><\/h3>\n<ul>\n<li>Reduzieren Sie die Kosten f\u00fcr die Form\u00f6ffnung durch ein modulares Boxendesign, bieten Sie einen gestaffelten Preisplan an, und profitieren Sie von einem Staffelrabatt von 8-15% f\u00fcr Gro\u00dfbestellungen.<\/li>\n<\/ul>","protected":false},"excerpt":{"rendered":"<p>\u2705\u00a0<strong>Gleichgewicht zwischen Umweltschutz und Luxus<\/strong>-Verwendung nachhaltiger Materialien f\u00fcr einen hochwertigen visuellen Ausdruck<br \/>\n\u2705\u00a0<strong>Globale Liefergarantie<\/strong>--10 Jahre Exporterfahrung, Logistik-Kooperationsnetz mit einer Verz\u00f6gerungsrate von 0<br \/>\n\u2705\u00a0<strong>Gro\u00dfe Freiheit bei der Anpassung<\/strong>-Vom Konzept bis zum fertigen Produkt, exklusive Teamunterst\u00fctzung w\u00e4hrend des gesamten Prozesses<\/p>","protected":false},"featured_media":9565,"template":"","meta":[],"product_brand":[],"product_cat":[30,390,31,429],"product_tag":[1210,1212,1211],"class_list":{"0":"post-9564","1":"product","2":"type-product","3":"status-publish","4":"has-post-thumbnail","6":"product_cat-by-industry","7":"product_cat-custom-cosmetics-boxes","8":"product_cat-paper-box-style","9":"product_cat-paper-tube-boxes","10":"product_tag-cosmetic-paper-tube-packaging","11":"product_tag-eco-friendly-paper-tube-packaging","12":"product_tag-face-cream-paper-tube","14":"first","15":"instock","16":"shipping-taxable","17":"product-type-grouped"},"_links":{"self":[{"href":"https:\/\/zojopackaging.com\/de\/wp-json\/wp\/v2\/product\/9564","targetHints":{"allow":["GET"]}}],"collection":[{"href":"https:\/\/zojopackaging.com\/de\/wp-json\/wp\/v2\/product"}],"about":[{"href":"https:\/\/zojopackaging.com\/de\/wp-json\/wp\/v2\/types\/product"}],"version-history":[{"count":2,"href":"https:\/\/zojopackaging.com\/de\/wp-json\/wp\/v2\/product\/9564\/revisions"}],"predecessor-version":[{"id":9572,"href":"https:\/\/zojopackaging.com\/de\/wp-json\/wp\/v2\/product\/9564\/revisions\/9572"}],"wp:featuredmedia":[{"embeddable":true,"href":"https:\/\/zojopackaging.com\/de\/wp-json\/wp\/v2\/media\/9565"}],"wp:attachment":[{"href":"https:\/\/zojopackaging.com\/de\/wp-json\/wp\/v2\/media?parent=9564"}],"wp:term":[{"taxonomy":"product_brand","embeddable":true,"href":"https:\/\/zojopackaging.com\/de\/wp-json\/wp\/v2\/product_brand?post=9564"},{"taxonomy":"product_cat","embeddable":true,"href":"https:\/\/zojopackaging.com\/de\/wp-json\/wp\/v2\/product_cat?post=9564"},{"taxonomy":"product_tag","embeddable":true,"href":"https:\/\/zojopackaging.com\/de\/wp-json\/wp\/v2\/product_tag?post=9564"}],"curies":[{"name":"wp","href":"https:\/\/api.w.org\/{rel}","templated":true}]}}