{"id":9573,"date":"2025-04-02T21:32:07","date_gmt":"2025-04-02T13:32:07","guid":{"rendered":"https:\/\/zojopackaging.com\/?post_type=product&#038;p=9573"},"modified":"2025-04-03T01:41:07","modified_gmt":"2025-04-02T17:41:07","slug":"custom-decorate-chocolate-cookie-tea-candy-gift-box-factory","status":"publish","type":"product","link":"https:\/\/zojopackaging.com\/de\/product\/custom-decorate-chocolate-cookie-tea-candy-gift-box-factory\/","title":{"rendered":"Benutzerdefinierte dekorieren Schokolade Keks Tee S\u00fc\u00dfigkeiten Geschenk Box Fabrik"},"content":{"rendered":"<h2 id=\"-i-magnetic-intelligent-structure-design-\"><strong>1. Magnetische intelligente Struktur Design<\/strong><\/h2>\n<p>Die Geschenkbox nimmt\u00a0<strong>eingebautes magnetisches \u00d6ffnungs- und Schlie\u00dfsystem<\/strong>und realisiert durch die pr\u00e4zise angeordneten Neodym-Eisen-Bor-Magnete eine nahtlose Verbindung zwischen dem Geh\u00e4usedeckel und dem Geh\u00e4usek\u00f6rper.<\/p>\n<ul>\n<li><strong>Tarnung<\/strong>: Die Magnete sind in den Geh\u00e4usedeckel und den Geh\u00e4usek\u00f6rper eingebettet, ohne freiliegende Struktur, wodurch das Aussehen einfach und elegant bleibt.<\/li>\n<li><strong>Bequemlichkeit<\/strong>: Er kann mit einem einzigen Handgriff ge\u00f6ffnet und geschlossen werden, und der magnetische Hub wird mit 0,3-0,5 mm gesteuert, mit deutlicher taktiler R\u00fcckmeldung.<\/li>\n<li><strong>Dauerhaftigkeit<\/strong>: Die magnetische Struktur wurde 5000-mal beim \u00d6ffnen und Schlie\u00dfen getestet, und die Stabilit\u00e4t betr\u00e4gt mehr als 98%.<\/li>\n<\/ul>\n<h2 id=\"-ii-fresh-and-elegant-visual-style-\"><strong>2. Frischer und eleganter visueller Stil<\/strong><\/h2>\n<p><strong>Farbliche Anpassung<\/strong>:<\/p>\n<ul>\n<li><strong>Externes Design<\/strong>: Der hellgr\u00fcne Hintergrund ist auf das Schwanenrelief abgestimmt, und das matte, umweltfreundliche Material sorgt f\u00fcr einen ruhigen und nat\u00fcrlichen visuellen Eindruck.<\/li>\n<li><strong>Internes Design<\/strong>: Das tiefblaue Innenfutter bildet einen scharfen Kontrast zur \u00e4u\u00dferen Schachtel und unterstreicht den Sinn f\u00fcr Hierarchie; das wei\u00dfe Trennfach unterstreicht Funktionalit\u00e4t und Raffinesse.\u00a0<strong>Technologie der Muster<\/strong>:<\/li>\n<li><strong>Schwan-Hei\u00dfpr\u00e4gung<\/strong>: Das Schwanenmuster auf der Schachtel wird mit 24-kar\u00e4tigem Goldfolien-Hei\u00dfpr\u00e4geverfahren mit einer Kantengenauigkeit von 0,1 mm aufgebracht und zeigt im Licht einen dynamischen, schillernden Effekt.<\/li>\n<li><strong>Markenlogo<\/strong>: Unterst\u00fctzt kundenspezifische LOGO-Hei\u00dfpr\u00e4gung\/Lasertechnologie zur Verbesserung der Markenerkennung und des Mehrwerts.<\/li>\n<\/ul>\n<h2 id=\"-three-environmentally-friendly-materials-and-sustainable-design-\"><strong>3. Umweltvertr\u00e4gliche Materialien und nachhaltiges Design<\/strong><\/h2>\n<ul>\n<li><strong>Hauptmaterial<\/strong>: Es wird FSC-zertifizierter wei\u00dfer Karton oder umweltfreundlicher Bambuszellstoffkarton mit einer abbaubaren, matten Folie auf der Oberfl\u00e4che gew\u00e4hlt, der das Umweltzertifikat ISO14001 erhalten hat.<\/li>\n<li><strong>Strukturelle Optimierung<\/strong>: Der Kastendeckel und der Kastenk\u00f6rper werden in einem St\u00fcck gegossen, der Nahtfehler ist \u22640,2 mm, und die Druckfestigkeit betr\u00e4gt mehr als 50 kg, was f\u00fcr den Langstreckentransport geeignet ist.<\/li>\n<li><strong>Oberfl\u00e4chenbehandlung<\/strong>: Umweltfreundlicher Tintendruck auf Wasserbasis, kombiniert mit UV-H\u00e4rtungstechnologie, um sicherzustellen, dass die Farbe lange h\u00e4lt und nicht verblasst (Reibungswiderstandstest erreicht Stufe 4 oder h\u00f6her).<\/li>\n<\/ul>\n<h2 id=\"-fourth-value-added-services-and-customization-advantages-\"><strong>4. Mehrwertdienste und Anpassungsvorteile<\/strong><\/h2>\n<p>Als Ausgangswerk in China bieten wir umfassende Unterst\u00fctzung:<\/p>\n<h3 id=\"1-free-samples-\">1.\u00a0<strong>Kostenlose Proben<\/strong>:<\/h3>\n<p>Physische Muster werden innerhalb von 3 Arbeitstagen versandt, einschlie\u00dflich Testst\u00fccke f\u00fcr die magnetische Struktur und Filme zur Demonstration des Hei\u00dfpr\u00e4geverfahrens.<\/p>\n<h3 id=\"2-personalized-design-\">2.\u00a0<strong>Personalisiertes Design<\/strong>:<\/h3>\n<p>Das professionelle Team unterst\u00fctzt die Anpassung von Mustern, Gr\u00f6\u00dfen und Futterstrukturen mit einer Reaktionszeit von \u226448 Stunden und einer unbegrenzten Anzahl von \u00c4nderungen am Designentwurf.<\/p>\n<h3 id=\"3-cost-advantage-\">3.\u00a0<strong>Kostenvorteil<\/strong>:<\/h3>\n<p>Gro\u00dfe Produktion in Verbindung mit einer eigenen Rohstofflieferkette, das Angebot ist 20%-30% niedriger als der durchschnittliche Marktpreis.<\/p>\n<h3 id=\"4-certification-guarantee-\">4.\u00a0<strong>Garantie der Zertifizierung<\/strong>:<\/h3>\n<p>Das Werk hat die ISO9001- und FSC-Zertifizierung erhalten und stellt Qualit\u00e4tspr\u00fcfungsberichte und Umweltqualifikationsdokumente zur Verf\u00fcgung.<\/p>","protected":false},"excerpt":{"rendered":"<ul>\n<li><strong>Hochwertige Lebensmittel<\/strong>Schokolade, Kekse, Tee und andere Souvenir-Verpackungen, um die Produktpr\u00e4mie zu erh\u00f6hen (die Hei\u00dfpr\u00e4getechnik erh\u00f6ht den Endpreis um 15%-20%).<\/li>\n<li><strong>Markenmarketing<\/strong>: Limitierte Editionen f\u00fcr die Feiertage, individuelle Gestaltung mit Co-Branding und magnetische \u00d6ffnungs- und Verschlusstechniken, um die Interaktion mit dem Benutzer und die Erinnerungswerte zu verbessern.<\/li>\n<li><strong>Nachhaltiges Image<\/strong>Umweltfreundliche Materialien und wiederverwendbares Design (z. B. Aufbewahrungsboxen zur Zweitverwendung)<\/li>\n<\/ul>","protected":false},"featured_media":9574,"template":"","meta":[],"product_brand":[],"product_cat":[30,422,424,31],"product_tag":[],"class_list":{"0":"post-9573","1":"product","2":"type-product","3":"status-publish","4":"has-post-thumbnail","6":"product_cat-by-industry","7":"product_cat-custom-gourmet-boxes-by-industry","8":"product_cat-magnetic-closure-boxes","9":"product_cat-paper-box-style","11":"first","12":"instock","13":"shipping-taxable","14":"product-type-grouped"},"_links":{"self":[{"href":"https:\/\/zojopackaging.com\/de\/wp-json\/wp\/v2\/product\/9573","targetHints":{"allow":["GET"]}}],"collection":[{"href":"https:\/\/zojopackaging.com\/de\/wp-json\/wp\/v2\/product"}],"about":[{"href":"https:\/\/zojopackaging.com\/de\/wp-json\/wp\/v2\/types\/product"}],"version-history":[{"count":2,"href":"https:\/\/zojopackaging.com\/de\/wp-json\/wp\/v2\/product\/9573\/revisions"}],"predecessor-version":[{"id":9632,"href":"https:\/\/zojopackaging.com\/de\/wp-json\/wp\/v2\/product\/9573\/revisions\/9632"}],"wp:featuredmedia":[{"embeddable":true,"href":"https:\/\/zojopackaging.com\/de\/wp-json\/wp\/v2\/media\/9574"}],"wp:attachment":[{"href":"https:\/\/zojopackaging.com\/de\/wp-json\/wp\/v2\/media?parent=9573"}],"wp:term":[{"taxonomy":"product_brand","embeddable":true,"href":"https:\/\/zojopackaging.com\/de\/wp-json\/wp\/v2\/product_brand?post=9573"},{"taxonomy":"product_cat","embeddable":true,"href":"https:\/\/zojopackaging.com\/de\/wp-json\/wp\/v2\/product_cat?post=9573"},{"taxonomy":"product_tag","embeddable":true,"href":"https:\/\/zojopackaging.com\/de\/wp-json\/wp\/v2\/product_tag?post=9573"}],"curies":[{"name":"wp","href":"https:\/\/api.w.org\/{rel}","templated":true}]}}