{"id":9581,"date":"2025-04-02T23:41:30","date_gmt":"2025-04-02T15:41:30","guid":{"rendered":"https:\/\/zojopackaging.com\/?post_type=product&#038;p=9581"},"modified":"2025-04-02T23:58:02","modified_gmt":"2025-04-02T15:58:02","slug":"custom-pre-roll-boxes-eco-friendly-packaging-small-slide-out-box-wholesale","status":"publish","type":"product","link":"https:\/\/zojopackaging.com\/de\/product\/custom-pre-roll-boxes-eco-friendly-packaging-small-slide-out-box-wholesale\/","title":{"rendered":"Benutzerdefinierte Pre-Roll Boxen Umweltfreundliche Verpackung Kleine Slide Out Box Gro\u00dfhandel"},"content":{"rendered":"<h3 id=\"1-environmentally-friendly-materials-adaptable-to-multiple-scenarios-\">1.\u00a0<strong>Umweltfreundliche Materialien, anpassungsf\u00e4hig an verschiedene Szenarien<\/strong><\/h3>\n<p>annehmen.\u00a0<strong>157g gestrichenes Papier + 1200g Graukarton<\/strong>\u00a0Verbundstruktur, mit hoher Festigkeit und umweltschonenden Eigenschaften. Die Oberfl\u00e4che des beschichteten Papiers ist empfindlich und kann exquisite Druckeffekte erzielen; die Graukartonschicht bietet einen stabilen Halt, um Druck- und Sto\u00dffestigkeit beim Transport zu gew\u00e4hrleisten. Das Material entspricht internationalen Umweltstandards, ist recycelbar und abbaubar und steht im Einklang mit dem Konzept der nachhaltigen Entwicklung der Marke.<\/p>\n<h3 id=\"2-pull-out-design-to-enhance-user-experience-\">2. Dia<strong>-Design zur Verbesserung der Benutzerfreundlichkeit<\/strong><\/h3>\n<p>Das Original\u00a0<strong>Einmaliges Ziehen und Nehmen<\/strong>\u00a0Die Slide-Out-Struktur erm\u00f6glicht eine einfache Entnahme der Pre-Rolls ohne komplizierte Vorg\u00e4nge. Der Entnahmevorgang verl\u00e4uft reibungslos und ger\u00e4uschlos und vermittelt ein Gef\u00fchl von Ritual und Spa\u00df, was die Wahrnehmung der Produktqualit\u00e4t durch den Verbraucher verbessert. Das patentierte Design verhindert ein versehentliches \u00d6ffnen und gew\u00e4hrleistet Privatsph\u00e4re und Stabilit\u00e4t.<\/p>\n<h3 id=\"3-exclusive-for-adults-accurately-positioned-in-the-high-end-market-\">3.\u00a0<strong>Exklusiv f\u00fcr Erwachsene, genau positioniert auf dem High-End-Markt<\/strong><\/h3>\n<p>Es ist nicht mit einer Kinderschutzfunktion ausgestattet und f\u00fcr Erwachsenenszenen konzipiert. Er ist geeignet f\u00fcr\u00a0<strong>Hochwertiger Tabak, feiner Tee, Sammlerzigarren<\/strong>\u00a0und andere Produkte, die Stil zeigen m\u00fcssen. Sie vermittelt den Markenton durch ein einfaches und luxuri\u00f6ses Erscheinungsbild und erf\u00fcllt die Erwartungen von High-End-Nutzern an exquisite Verpackungen.<\/p>\n<h3 id=\"4-internal-cardboard-orderly-storage-\">4.\u00a0<strong>Interner Karton, geordnete Lagerung<\/strong><\/h3>\n<p>Die Box ist ausgestattet mit\u00a0<strong>ma\u00dfgeschneiderte Trennw\u00e4nde aus Karton<\/strong>\u00a0zum Trennen und Fixieren der 5 Pre-Rolls, um Ersch\u00fctterungen und Kollisionen w\u00e4hrend des Transports zu vermeiden. Die Trennw\u00e4nde k\u00f6nnen mit Markenlogos oder dekorativen Mustern bedruckt werden und beim \u00d6ffnen der Schachtel ordentlich pr\u00e4sentiert werden, was das High-End-Gef\u00fchl des Produkts und die Zufriedenheit des Benutzers beim Auspacken steigert.<\/p>\n<h3 id=\"5-full-dimensional-customization-empowering-brand-creativity-\">5.\u00a0<strong>Volldimensionale Anpassung, die die Kreativit\u00e4t der Marke st\u00e4rkt<\/strong><\/h3>\n<p>Unterst\u00fctzung\u00a0<strong>Full-Customization-Service innen und au\u00dfen<\/strong>: -\u00a0<strong>Erscheinungsbild<\/strong>: Die Oberfl\u00e4che des beschichteten Papiers kann mit hochpr\u00e4zisen Mustern, Farbverl\u00e4ufen und der Hei\u00dfpr\u00e4ge-\/Hei\u00dfsilbertechnologie bedruckt werden und eignet sich f\u00fcr das Marken-VI-System.\u00a0<strong>Struktur<\/strong>: Die Gr\u00f6\u00dfe und Anordnung der Auszugsschiene und der Trennwand kann an die Anforderungen der verschiedenen Vorrollenspezifikationen angepasst werden.\u00a0<strong>Funktion<\/strong>: F\u00fcgen Sie wertsteigernde Elemente wie QR-Codes zur Markengeschichte und f\u00e4lschungssichere Etiketten hinzu, um die Interaktivit\u00e4t und Sicherheit zu erh\u00f6hen.<\/p>\n<h3 id=\"6-flexible-production-efficient-delivery-\">6.\u00a0<strong>Flexible Produktion, effiziente Lieferung<\/strong><\/h3>\n<p>-\u00a0<strong>Anpassung von Kleinserien<\/strong>: Unterst\u00fctzt eine Mindestbestellmenge von 500 St\u00fcck, schnelles Proofing und Lieferung innerhalb von 10 Arbeitstagen, geeignet f\u00fcr neue Produkttests oder begrenzte Verk\u00e4ufe; -\u00a0<strong>Gro\u00df angelegte Massenproduktion<\/strong>: Dank der automatisierten Produktionslinien erreicht die Produktionskapazit\u00e4t f\u00fcr eine Charge 100.000 St\u00fcck, was Preisvorteile und Lieferstabilit\u00e4t gew\u00e4hrleistet.<\/p>\n<h3 id=\"7-owned-factory-quality-assurance-\">7.\u00a0<strong>Eigene Fabrik, Qualit\u00e4tssicherung<\/strong><\/h3>\n<p>Wir haben eine\u00a0<strong>5320\u33a1 moderne Produktionsbasis<\/strong>Wir verf\u00fcgen \u00fcber fortschrittliche Ausr\u00fcstung wie Heidelberger Druckmaschinen und vollautomatische Stanzmaschinen sowie \u00fcber eine Qualit\u00e4tskontrolle vom Entwurf bis zur Produktion. Wir halten uns strikt an das ISO-Qualit\u00e4tsmanagementsystem, um sicherzustellen, dass jedes Glied den internationalen Verpackungsstandards entspricht.<\/p>","protected":false},"excerpt":{"rendered":"<p><strong>\u00a0 \u00a0Warum ZOJO Print w\u00e4hlen?<\/strong><\/p>\n<ul>\n<li><strong>Umweltschutz an erster Stelle<\/strong>: Die Materialien sind r\u00fcckverfolgbar, und es werden Berichte \u00fcber den CO2-Fu\u00dfabdruck vorgelegt;<\/li>\n<li><strong>Designorientiert<\/strong>: 30+ Senior-Designer-Teams, die originelle L\u00f6sungen entwickeln;<\/li>\n<li><strong>Sorgenfreier Service<\/strong>: pers\u00f6nliche Betreuung der Kunden, Unterst\u00fctzung der globalen Logistik und des Vertriebs.<\/li>\n<\/ul>\n<p><strong>Anwendungsszenarien<\/strong>: Hochwertige Tabakgeschenkboxen, Teedegustations-Sets, Zigarrenkisten in limitierter Auflage und Verpackungen f\u00fcr Tabakzubeh\u00f6r auf Sammelniveau.<\/p>","protected":false},"featured_media":9586,"template":"","meta":[],"product_brand":[],"product_cat":[30,420,31,426],"product_tag":[1213,1215,1214],"class_list":{"0":"post-9581","1":"product","2":"type-product","3":"status-publish","4":"has-post-thumbnail","6":"product_cat-by-industry","7":"product_cat-custom-cannabis-boxes","8":"product_cat-paper-box-style","9":"product_cat-paper-drawer-boxes","10":"product_tag-custom-pre-roll-boxes","11":"product_tag-eco-friendly-packaging","12":"product_tag-slide-out-box-wholesale","14":"first","15":"instock","16":"shipping-taxable","17":"product-type-simple"},"_links":{"self":[{"href":"https:\/\/zojopackaging.com\/de\/wp-json\/wp\/v2\/product\/9581","targetHints":{"allow":["GET"]}}],"collection":[{"href":"https:\/\/zojopackaging.com\/de\/wp-json\/wp\/v2\/product"}],"about":[{"href":"https:\/\/zojopackaging.com\/de\/wp-json\/wp\/v2\/types\/product"}],"version-history":[{"count":2,"href":"https:\/\/zojopackaging.com\/de\/wp-json\/wp\/v2\/product\/9581\/revisions"}],"predecessor-version":[{"id":9589,"href":"https:\/\/zojopackaging.com\/de\/wp-json\/wp\/v2\/product\/9581\/revisions\/9589"}],"wp:featuredmedia":[{"embeddable":true,"href":"https:\/\/zojopackaging.com\/de\/wp-json\/wp\/v2\/media\/9586"}],"wp:attachment":[{"href":"https:\/\/zojopackaging.com\/de\/wp-json\/wp\/v2\/media?parent=9581"}],"wp:term":[{"taxonomy":"product_brand","embeddable":true,"href":"https:\/\/zojopackaging.com\/de\/wp-json\/wp\/v2\/product_brand?post=9581"},{"taxonomy":"product_cat","embeddable":true,"href":"https:\/\/zojopackaging.com\/de\/wp-json\/wp\/v2\/product_cat?post=9581"},{"taxonomy":"product_tag","embeddable":true,"href":"https:\/\/zojopackaging.com\/de\/wp-json\/wp\/v2\/product_tag?post=9581"}],"curies":[{"name":"wp","href":"https:\/\/api.w.org\/{rel}","templated":true}]}}