{"id":9590,"date":"2025-04-02T23:58:37","date_gmt":"2025-04-02T15:58:37","guid":{"rendered":"https:\/\/zojopackaging.com\/?post_type=product&#038;p=9590"},"modified":"2025-04-03T00:06:35","modified_gmt":"2025-04-02T16:06:35","slug":"customized-pre-roll-drawer-box-vaping-packaging-manufacturer","status":"publish","type":"product","link":"https:\/\/zojopackaging.com\/de\/product\/customized-pre-roll-drawer-box-vaping-packaging-manufacturer\/","title":{"rendered":"Customized Pre-Roll Schublade Box- Vaping Verpackung Hersteller"},"content":{"rendered":"<h3 id=\"1-intelligent-child-proof-lock-design-guarding-the-bottom-line-of-safety-\">1.\u00a0<strong>Intelligentes Design der Kindersicherung, das die Sicherheit unterm Strich gew\u00e4hrleistet<\/strong><\/h3>\n<p>Die Ausziehbox hat einen eingebauten\u00a0<strong>Kindersicherung, die der internationalen Norm ISO 8317 entspricht<\/strong>. Durch die doppelte Versicherungsstruktur von internen und externen Schnallen (wie die Kombination von externen Schnallen und Keilbl\u00f6cken), wird sichergestellt, dass Kinder unter 5 Jahren es nicht \u00f6ffnen k\u00f6nnen, w\u00e4hrend Erwachsene es leicht bedienen k\u00f6nnen. Das Entriegeln erfordert drei aufeinanderfolgende und schnelle Z\u00fcge innerhalb von 2 Sekunden, was das Risiko einer versehentlichen Ber\u00fchrung effektiv reduziert und die Anforderungen der \"E-Zigarette Mandatory National Standard\" vollst\u00e4ndig erf\u00fcllt.<\/p>\n<h3 id=\"2-environmentally-friendly-materials-sturdy-and-durable-\">2.\u00a0<strong>Umweltfreundliche Materialien, robust und langlebig<\/strong><\/h3>\n<p>\u00dcbernahme von\u00a0<strong>157g gestrichenes Papier + 1200g Graukarton<\/strong>\u00a0Die Oberfl\u00e4che des beschichteten Papiers ist empfindlich und unterst\u00fctzt einen hochaufl\u00f6senden Druck, und die Graukartonschicht bietet Druck- und Sto\u00dfschutz, um sicherzustellen, dass die Vorratsrolle w\u00e4hrend des Transports stabil und unversehrt ist. Das Material hat die RoHS-Umweltzertifizierung bestanden, ist recycelbar und abbaubar und steht im Einklang mit den nachhaltigen Entwicklungszielen der Marke.<\/p>\n<h3 id=\"3-four-color-printing-laminating-process-visual-and-texture-coexist-\">3.\u00a0<strong>Vierfarbendruck + Laminierverfahren, Optik und Textur koexistieren<\/strong><\/h3>\n<p>-\u00a0<strong>Vierfarbiger Druck<\/strong>: Die hochpr\u00e4zise \u00dcberdrucktechnologie f\u00fcr Cyan, Magenta, Gelb und Schwarz (CMYK) erm\u00f6glicht eine Farbwiedergabe von mehr als 95% und unterst\u00fctzt komplexe Effekte wie Farbverl\u00e4ufe und Schmuckfarben; -\u00a0<strong>Laminierverfahren<\/strong>: Optionale matte\/gl\u00e4nzende Laminierung zur Verbesserung der Feuchtigkeits- und Verschlei\u00dffestigkeit bei gleichzeitiger Verbesserung der Haptik und Optik, wodurch die Verpackung noch hochwertiger und exquisiter wird.<\/p>\n<h3 id=\"4-modular-cardboard-design-orderly-storage-\">4.\u00a0<strong>Modularer Kartonaufbau, geordnete Lagerung<\/strong><\/h3>\n<p>Die Box ist ausgestattet mit\u00a0<strong>ma\u00dfgeschneiderte Trennw\u00e4nde aus Karton<\/strong>die flexibel 5 Pre-Rolls trennen kann, um Ersch\u00fctterungen und Kollisionen w\u00e4hrend des Transports zu vermeiden. Die Partition unterst\u00fctzt den Druck von Markenlogos, Produktinformationen oder dekorativen Mustern, und die saubere Anzeige kann gesehen werden, wenn die Box ge\u00f6ffnet wird, die die Benutzererfahrung und Produkt Premium verbessert.<\/p>\n<h3 id=\"5-full-dimensional-customization-service-unleashing-brand-creativity-\">5.\u00a0<strong>Volldimensionaler Anpassungsservice, der die Kreativit\u00e4t der Marke freisetzt<\/strong><\/h3>\n<p>-\u00a0<strong>Anpassung des Erscheinungsbildes<\/strong>: Die Oberfl\u00e4che des gestrichenen Papiers kann mit hochpr\u00e4zisen Mustern, Hei\u00dfpr\u00e4gung\/Hei\u00dfsilber, UV-Pr\u00e4gung und anderen Verfahren bedruckt werden, die an das System der Marke VI angepasst sind; -\u00a0<strong>Anpassung der Funktionen<\/strong>: Unterst\u00fctzt das Hinzuf\u00fcgen von f\u00e4lschungssicheren Etiketten, QR-Code-R\u00fcckverfolgbarkeit, herausnehmbarem Futter und anderen wertsteigernden Designs; -\u00a0<strong>Strukturanpassung<\/strong>: Die L\u00e4nge der Auszugsschiene, die Gr\u00f6\u00dfe der Trennwand und das Layout lassen sich an die verschiedenen Spezifikationen der Vorratsrolle anpassen.<\/p>\n<h3 id=\"6-fully-automated-production-line-efficient-and-worry-free-delivery-\">6.\u00a0<strong>Vollautomatische Produktionslinie, effiziente und sorgenfreie Lieferung<\/strong><\/h3>\n<p>Verlassen Sie sich auf\u00a0<strong>vollautomatische Stanzmaschinen, Hochgeschwindigkeitsdrucklinien<\/strong>\u00a0und anderen fortschrittlichen Ausr\u00fcstungen wird ein nahtloser \u00dcbergang vom Entwurf zur Massenproduktion erreicht: -\u00a0<strong>Anpassung von Kleinserien<\/strong>: 500 St\u00fcck Mindestbestellmenge, Lieferung innerhalb von 10 Arbeitstagen, Unterst\u00fctzung von schnellen Korrekturen und flexibler \u00dcberarbeitung; -\u00a0<strong>Gro\u00df angelegte Massenproduktion<\/strong>Die Produktionskapazit\u00e4t einer einzigen Charge betr\u00e4gt mehr als 100.000 St\u00fcck, die Lieferzeiten sind stabil und die Kosten kontrollierbar.<\/p>\n<h3 id=\"7-16-years-of-industry-experience-one-stop-service-guarantee-\">7.\u00a0<strong>16 Jahre Erfahrung in der Branche, Garantie f\u00fcr Service aus einer Hand<\/strong><\/h3>\n<p>Als f\u00fchrender Hersteller mit\u00a0<strong>16 Jahre Erfahrung in der Herstellung von Auszugsk\u00e4sten<\/strong>ZOJO Print bietet: -\u00a0<strong>Unterst\u00fctzung bei der Gestaltung<\/strong>: Ein professionelles Team von 30 Mitarbeitern sorgt f\u00fcr eine umfassende Planung, wie z. B. 3D-Modellierung und strukturelle Optimierung; -\u00a0<strong>System der Qualit\u00e4tskontrolle<\/strong>: ISO 9001-Zertifizierung, Qualit\u00e4tskontrolle w\u00e4hrend des gesamten Prozesses, um eine fehlerfreie Lieferung zu gew\u00e4hrleisten; -\u00a0<strong>Globale Logistik<\/strong>: Eigene Lagerhaltung + kooperatives Logistiknetz, das \u00fcber 50 L\u00e4nder abdeckt und DDP\/DDU-Bedingungen unterst\u00fctzt.<\/p>","protected":false},"excerpt":{"rendered":"<p><strong> Warum ZOJO Print w\u00e4hlen?\u00a0<\/strong><\/p>\n<p>-\u00a0<strong>Sicherheit und Einhaltung der Vorschriften<\/strong>: Internationale Zertifizierungen wie CE und FCC wurden bestanden, und es wurden Pr\u00fcfberichte zur Kindersicherung vorgelegt;<\/p>\n<p>-<strong>\u00a0Engagement f\u00fcr die Umwelt:<\/strong> Die Materialien sind r\u00fcckverfolgbar und unterst\u00fctzen klimaneutrale Verpackungsl\u00f6sungen;<\/p>\n<p><strong>- Agile Antwort:<\/strong> 24-Stunden-Online-Kundendienst, 48-Stunden-Sofortproduktion f\u00fcr dringende Bestellungen.<\/p>","protected":false},"featured_media":9596,"template":"","meta":[],"product_brand":[],"product_cat":[30,420,31,426],"product_tag":[1216,1217,1218],"class_list":{"0":"post-9590","1":"product","2":"type-product","3":"status-publish","4":"has-post-thumbnail","6":"product_cat-by-industry","7":"product_cat-custom-cannabis-boxes","8":"product_cat-paper-box-style","9":"product_cat-paper-drawer-boxes","10":"product_tag-customized-pre-roll-drawer-box","11":"product_tag-pre-roll-drawer-box","12":"product_tag-vaping-packaging","14":"first","15":"instock","16":"shipping-taxable","17":"product-type-simple"},"_links":{"self":[{"href":"https:\/\/zojopackaging.com\/de\/wp-json\/wp\/v2\/product\/9590","targetHints":{"allow":["GET"]}}],"collection":[{"href":"https:\/\/zojopackaging.com\/de\/wp-json\/wp\/v2\/product"}],"about":[{"href":"https:\/\/zojopackaging.com\/de\/wp-json\/wp\/v2\/types\/product"}],"version-history":[{"count":1,"href":"https:\/\/zojopackaging.com\/de\/wp-json\/wp\/v2\/product\/9590\/revisions"}],"predecessor-version":[{"id":9597,"href":"https:\/\/zojopackaging.com\/de\/wp-json\/wp\/v2\/product\/9590\/revisions\/9597"}],"wp:featuredmedia":[{"embeddable":true,"href":"https:\/\/zojopackaging.com\/de\/wp-json\/wp\/v2\/media\/9596"}],"wp:attachment":[{"href":"https:\/\/zojopackaging.com\/de\/wp-json\/wp\/v2\/media?parent=9590"}],"wp:term":[{"taxonomy":"product_brand","embeddable":true,"href":"https:\/\/zojopackaging.com\/de\/wp-json\/wp\/v2\/product_brand?post=9590"},{"taxonomy":"product_cat","embeddable":true,"href":"https:\/\/zojopackaging.com\/de\/wp-json\/wp\/v2\/product_cat?post=9590"},{"taxonomy":"product_tag","embeddable":true,"href":"https:\/\/zojopackaging.com\/de\/wp-json\/wp\/v2\/product_tag?post=9590"}],"curies":[{"name":"wp","href":"https:\/\/api.w.org\/{rel}","templated":true}]}}