{"id":9598,"date":"2025-04-03T00:07:05","date_gmt":"2025-04-02T16:07:05","guid":{"rendered":"https:\/\/zojopackaging.com\/?post_type=product&#038;p=9598"},"modified":"2025-04-03T00:17:29","modified_gmt":"2025-04-02T16:17:29","slug":"custom-paper-pre-roll-slider-box-packaging-manufacturer-in-china","status":"publish","type":"product","link":"https:\/\/zojopackaging.com\/de\/product\/custom-paper-pre-roll-slider-box-packaging-manufacturer-in-china\/","title":{"rendered":"Benutzerdefinierte Papier Pre-Roll Slider Box Verpackung Hersteller in China"},"content":{"rendered":"<h3 id=\"1-environmentally-friendly-materials-texture-and-sustainability-are-equally-important-\">1.\u00a0<strong>Umweltfreundliche Materialien, Beschaffenheit und Nachhaltigkeit sind gleicherma\u00dfen wichtig<\/strong><\/h3>\n<p>Die Ausziehbox nimmt eine\u00a0<strong>157g gestrichenes Papier + 1200g Graukarton<\/strong>\u00a0Verbundstruktur. Die feine Oberfl\u00e4che des gestrichenen Papiers unterst\u00fctzt den hochaufl\u00f6senden Druck, und die Graupappe bietet Druck- und Sto\u00dfschutz, um sicherzustellen, dass die Vorrolle w\u00e4hrend des Transports stabil und intakt ist. Das Material hat bestanden\u00a0<strong>FSC-Waldzertifizierung<\/strong>\u00a0und\u00a0<strong>RoHS-Umweltschutznormen<\/strong>und kann vollst\u00e4ndig recycelt und abgebaut werden, was im Einklang mit Chinas \"Plastikverbot\" und dem weltweiten Trend zur Reduzierung von Plastik steht.<\/p>\n<h3 id=\"2-ergonomic-design-balance-of-portability-and-aesthetics-\">2.\u00a0<strong>Ergonomisches Design, Ausgewogenheit von Tragbarkeit und \u00c4sthetik<\/strong><\/h3>\n<p>Die Ausziehbox nimmt eine\u00a0<strong>rechteckige Struktur mit goldenem Schnitt<\/strong>Mit einer Dicke von weniger als 2,5 cm und einem Gewicht von nur 150 g l\u00e4sst er sich leicht in einer Tasche oder einem Handgep\u00e4ck verstauen. Die Oberfl\u00e4che verwendet\u00a0<strong>Vierfarbendruck + partielle UV-Pr\u00e4gung<\/strong>\u00a0Technologie unterst\u00fctzt komplexe Effekte wie Farbverl\u00e4ufe und Hei\u00dfpr\u00e4gungen und zeigt beim \u00d6ffnen und Schlie\u00dfen sofort die visuelle Spannung der Marke, was den ersten Eindruck der Verbraucher verbessert.<\/p>\n<h3 id=\"3-convenient-access-system-optimize-user-experience-\">3.\u00a0<strong>Bequemes Zugangssystem, optimierte Benutzererfahrung<\/strong><\/h3>\n<p>-\u00a0<strong>B\u00e4nderzug und -auszug<\/strong>: Eingebautes Nylonband mit hoher Dichte, der Gleitwiderstand ist um 60% reduziert, und die Mini-Pre-Rolls k\u00f6nnen schnell mit einer Hand herausgenommen werden; -\u00a0<strong>Individuelles Innenfach<\/strong>: Die Trennw\u00e4nde aus lebensmittelechtem PP-Material k\u00f6nnen 5-10 Pre-Rolls voneinander trennen, um Ersch\u00fctterungen und Kollisionen w\u00e4hrend des Transports zu vermeiden, und sie werden ordentlich angezeigt, wenn die Box ge\u00f6ffnet wird.<\/p>\n<h3 id=\"4-full-dimensional-customization-empowering-brand-differentiation-\">4.\u00a0<strong>Volldimensionale Individualisierung, die die Markendifferenzierung f\u00f6rdert<\/strong><\/h3>\n<p>-\u00a0<strong>Gr\u00f6\u00dfenanpassung<\/strong>: Unterst\u00fctzt Spezifikationen von mindestens 5 cm x 3 cm bis maximal 12 cm x 8 cm und passt sich an verschiedene Vorrollendurchmesser und -mengen an.\u00a0<strong>Anpassung der Funktionen<\/strong>: Hinzuf\u00fcgen von Mehrwertdesigns wie f\u00e4lschungssichere Etiketten, NFC-Chips und abnehmbare Verkleidungen; -\u00a0<strong>Kulturelle Erm\u00e4chtigung<\/strong>: Einbindung von Elementen wie chinesischer Tinte und Mustern des immateriellen Kulturerbes in den Druck, um gemeinsame Modelle des kulturellen geistigen Eigentums zu schaffen.<\/p>\n<h3 id=\"5-16-years-of-manufacturing-experience-quality-control-system-\">5.\u00a0<strong>16 Jahre Erfahrung in der Fertigung, Qualit\u00e4tskontrollsystem<\/strong><\/h3>\n<p>Seit seiner Gr\u00fcndung im Jahr 2009 hat ZOJO Print mehr als 20 Millionen Ausziehboxen produziert und\u00a0<strong>Qualit\u00e4tsmanagementsystem nach ISO 9001<\/strong>. Von der Pr\u00fcfung des Rohmaterials bis zur Probenahme des fertigen Produkts sind 23 Prozesse vollst\u00e4ndig r\u00fcckverfolgbar. Die Wiederkaufsrate der Kunden liegt bei 82%, und die R\u00fcckgabequote betr\u00e4gt weniger als 0,3%.<\/p>\n<h3 id=\"6-smart-equipment-cluster-efficiency-and-precision-guarantee-\">6.\u00a0<strong>Intelligente Ausr\u00fcstungscluster, die Effizienz und Pr\u00e4zision garantieren<\/strong><\/h3>\n<p>Die Fabrik ist ausgestattet mit\u00a0<strong>Deutsche Druckmaschine Heidelberg CD102-8<\/strong>\u00a0(Genauigkeit \u00b10,02 mm),\u00a0<strong>vollautomatische Stanzmaschine<\/strong>\u00a0(Geschwindigkeit 12.000 Blatt\/Stunde) und\u00a0<strong>Laser-Gravur-Maschine<\/strong>die das Schneiden von Sonderformen mit hoher Dichte und die Bearbeitung von Mikrol\u00f6chern mit einer Mindest\u00f6ffnung von 0,5 mm unterst\u00fctzt und den Anforderungen von Luxusverpackungen gerecht wird.<\/p>\n<h3 id=\"7-one-stop-service-full-link-solution-\">7.\u00a0<strong>Service aus einer Hand, Full-Link-L\u00f6sung<\/strong><\/h3>\n<p>Von\u00a0<strong>Konzeptentwurf<\/strong>\u00a0(Bereitstellung von 3D-Modellierung und Proofing) bis\u00a0<strong>Lieferung in Massenproduktion<\/strong>\u00a0(f\u00fcr eine Mindestbestellmenge von 500 St\u00fcck, 15-t\u00e4giger Schnellabgleich), Unterst\u00fctzung\u00a0<strong>Logistik und Lagerhaltung<\/strong>\u00a0(5.000 Quadratmeter eigene Lagerhallen) und\u00a0<strong>grenz\u00fcberschreitende Zollabfertigung<\/strong>\u00a0Dienstleistungen, die das chinesische Festland, Hongkong, Macao, Taiwan und die s\u00fcdostasiatischen M\u00e4rkte abdecken.<\/p>","protected":false},"excerpt":{"rendered":"<p><strong>Warum ZOJO Print w\u00e4hlen?\u00a0<\/strong><\/p>\n<p>-\u00a0<strong>Zertifizierung der Konformit\u00e4t<\/strong>: FDA-Pr\u00fcfung f\u00fcr Materialien, die mit Lebensmitteln in Ber\u00fchrung kommen, und CE-Zertifizierung f\u00fcr Verpackungssicherheit bestanden;<\/p>\n<p>-\u00a0<strong>Kostenvorteil<\/strong>: Die zentralisierte Produktion senkt die Logistikkosten um 30% und unterst\u00fctzt die Anpassung von Kleinserien.<\/p>","protected":false},"featured_media":9600,"template":"","meta":[],"product_brand":[],"product_cat":[30,420,31,426],"product_tag":[1220,1219,1221],"class_list":{"0":"post-9598","1":"product","2":"type-product","3":"status-publish","4":"has-post-thumbnail","6":"product_cat-by-industry","7":"product_cat-custom-cannabis-boxes","8":"product_cat-paper-box-style","9":"product_cat-paper-drawer-boxes","10":"product_tag-custom-paper-pre-roll-slider-box","11":"product_tag-packaging-manufacturer","12":"product_tag-pre-roll-slider-box","14":"first","15":"instock","16":"shipping-taxable","17":"product-type-simple"},"_links":{"self":[{"href":"https:\/\/zojopackaging.com\/de\/wp-json\/wp\/v2\/product\/9598","targetHints":{"allow":["GET"]}}],"collection":[{"href":"https:\/\/zojopackaging.com\/de\/wp-json\/wp\/v2\/product"}],"about":[{"href":"https:\/\/zojopackaging.com\/de\/wp-json\/wp\/v2\/types\/product"}],"version-history":[{"count":1,"href":"https:\/\/zojopackaging.com\/de\/wp-json\/wp\/v2\/product\/9598\/revisions"}],"predecessor-version":[{"id":9605,"href":"https:\/\/zojopackaging.com\/de\/wp-json\/wp\/v2\/product\/9598\/revisions\/9605"}],"wp:featuredmedia":[{"embeddable":true,"href":"https:\/\/zojopackaging.com\/de\/wp-json\/wp\/v2\/media\/9600"}],"wp:attachment":[{"href":"https:\/\/zojopackaging.com\/de\/wp-json\/wp\/v2\/media?parent=9598"}],"wp:term":[{"taxonomy":"product_brand","embeddable":true,"href":"https:\/\/zojopackaging.com\/de\/wp-json\/wp\/v2\/product_brand?post=9598"},{"taxonomy":"product_cat","embeddable":true,"href":"https:\/\/zojopackaging.com\/de\/wp-json\/wp\/v2\/product_cat?post=9598"},{"taxonomy":"product_tag","embeddable":true,"href":"https:\/\/zojopackaging.com\/de\/wp-json\/wp\/v2\/product_tag?post=9598"}],"curies":[{"name":"wp","href":"https:\/\/api.w.org\/{rel}","templated":true}]}}